{"id":20580,"date":"2023-11-15T16:41:05","date_gmt":"2023-11-15T21:41:05","guid":{"rendered":"http:\/\/nonamepublicidad.com\/?post_type=product&#038;p=20580"},"modified":"2025-08-15T01:02:23","modified_gmt":"2025-08-15T06:02:23","slug":"fase-sleep","status":"publish","type":"product","link":"https:\/\/nonamepublicidad.com\/en\/product\/fase-sleep\/","title":{"rendered":"Fase Sleep"},"content":{"rendered":"<p style=\"text-align: center;\"><iframe title=\"YouTube video player\" src=\"https:\/\/www.youtube.com\/embed\/ofTNxao4Hmw\" width=\"560\" height=\"315\" frameborder=\"0\" allowfullscreen=\"allowfullscreen\"><\/iframe><\/p>","protected":false},"excerpt":{"rendered":"<p>Da la bienvenida al descanso con Fase Sleep, tus gomitas m\u00e1gicas para un sue\u00f1o reparador. Descubre la tranquilidad de una noche profunda y renueva tu bienestar. Con nueces, manzanilla, magnesio, vitamina B6 y B12, este es tu boleto hacia un mundo de sue\u00f1os pl\u00e1cidos y una vida m\u00e1s saludable.<\/p>\n<p>Beneficios:<\/p>\n<ul>\n<li>Te sumerge en un sue\u00f1o profundo y reparador, ayud\u00e1ndote a que te despiertes renovado y lleno de energ\u00eda.<\/li>\n<li>Te ayuda a calmar tu mente y relaja tus sentidos, proporcion\u00e1ndote una sensaci\u00f3n de tranquilidad antes de acostarte.<\/li>\n<li>Te contribuyen a mantener un equilibrio mental y emocional.<\/li>\n<\/ul>\n<p>Prep\u00e1rate para abrazar el sue\u00f1o de tus sue\u00f1os con Fase Sleep. Descubre el poder de un descanso reparador y una mente en paz.<\/p>\n<p>Facebook: <a href=\"https:\/\/www.facebook.com\/profile.php?id=100085971403074\" target=\"_blank\" rel=\"noopener\">FaseGlobal of<\/a><\/p>\n<p>Instagram: <a href=\"https:\/\/www.instagram.com\/faseglobaloficial\/\" target=\"_blank\" rel=\"noopener\">faseglobaloficial<\/a><\/p>\n<p>TikTok: <a href=\"https:\/\/www.tiktok.com\/@faseglobaloficial\" target=\"_blank\" rel=\"noopener\">faseglobaloficial<\/a><\/p>\n<p>Correo: <a href=\"mailto:faseglobal2022@gmail.com\">faseglobal2022@gmail.com<\/a><\/p>\n<p>Pedidos al: <a href=\"tel:51998006992\">(+51) 998006992<\/a><\/p>\n<p>Contacto: Alon Melamed<\/p>\n<div class=\"nta_wa_button\" data-id=\"22753\" data-info=\"{&quot;name&quot;:&quot;Alon Melamed&quot;,&quot;info&quot;:{&quot;number&quot;:&quot;+51998006992&quot;,&quot;title&quot;:&quot;Alon Melamed | Tienda&quot;,&quot;predefinedText&quot;:&quot;Hola Alon Melamed. Me gustar\\u00eda m\\u00e1s informaci\\u00f3n de [njwa_page_title] Este es el link [njwa_page_url]&quot;,&quot;willBeBackText&quot;:&quot;I will be back in [njwa_time_work]&quot;,&quot;dayOffsText&quot;:&quot;I will be back soon&quot;,&quot;isAlwaysAvailable&quot;:&quot;ON&quot;,&quot;daysOfWeekWorking&quot;:{&quot;sunday&quot;:{&quot;isWorkingOnDay&quot;:&quot;OFF&quot;,&quot;workHours&quot;:[{&quot;startTime&quot;:&quot;08:00&quot;,&quot;endTime&quot;:&quot;17:30&quot;}]},&quot;monday&quot;:{&quot;isWorkingOnDay&quot;:&quot;OFF&quot;,&quot;workHours&quot;:[{&quot;startTime&quot;:&quot;08:00&quot;,&quot;endTime&quot;:&quot;17:30&quot;}]},&quot;tuesday&quot;:{&quot;isWorkingOnDay&quot;:&quot;OFF&quot;,&quot;workHours&quot;:[{&quot;startTime&quot;:&quot;08:00&quot;,&quot;endTime&quot;:&quot;17:30&quot;}]},&quot;wednesday&quot;:{&quot;isWorkingOnDay&quot;:&quot;OFF&quot;,&quot;workHours&quot;:[{&quot;startTime&quot;:&quot;08:00&quot;,&quot;endTime&quot;:&quot;17:30&quot;}]},&quot;thursday&quot;:{&quot;isWorkingOnDay&quot;:&quot;OFF&quot;,&quot;workHours&quot;:[{&quot;startTime&quot;:&quot;08:00&quot;,&quot;endTime&quot;:&quot;17:30&quot;}]},&quot;friday&quot;:{&quot;isWorkingOnDay&quot;:&quot;OFF&quot;,&quot;workHours&quot;:[{&quot;startTime&quot;:&quot;08:00&quot;,&quot;endTime&quot;:&quot;17:30&quot;}]},&quot;saturday&quot;:{&quot;isWorkingOnDay&quot;:&quot;OFF&quot;,&quot;workHours&quot;:[{&quot;startTime&quot;:&quot;08:00&quot;,&quot;endTime&quot;:&quot;17:30&quot;}]}}},&quot;styles&quot;:{&quot;type&quot;:&quot;round&quot;,&quot;backgroundColor&quot;:&quot;#2DB742&quot;,&quot;textColor&quot;:&quot;#fff&quot;,&quot;label&quot;:&quot;Necesitas ayuda? Hablemos&quot;,&quot;width&quot;:300,&quot;height&quot;:64},&quot;avatar&quot;:&quot;https:\\\/\\\/nonamepublicidad.com\\\/wp-content\\\/uploads\\\/2023\\\/04\\\/retrato_alon_melamed_fase_global_150x150.webp&quot;,&quot;options&quot;:{&quot;display&quot;:{&quot;displayCondition&quot;:&quot;showAllPage&quot;,&quot;includePages&quot;:[],&quot;excludePages&quot;:[],&quot;includePosts&quot;:[],&quot;showOnDesktop&quot;:&quot;ON&quot;,&quot;showOnMobile&quot;:&quot;ON&quot;,&quot;time_symbols&quot;:&quot;h:m&quot;},&quot;styles&quot;:{&quot;title&quot;:&quot;Start a Conversation&quot;,&quot;responseText&quot;:&quot;The team typically replies in a few minutes.&quot;,&quot;description&quot;:&quot;Hi! Click one of our member below to chat on &lt;strong&gt;WhatsApp&lt;\\\/strong&gt;&quot;,&quot;backgroundColor&quot;:&quot;#2db742&quot;,&quot;textColor&quot;:&quot;#fff&quot;,&quot;scrollHeight&quot;:500,&quot;isShowScroll&quot;:&quot;OFF&quot;,&quot;isShowResponseText&quot;:&quot;ON&quot;,&quot;isShowPoweredBy&quot;:&quot;ON&quot;,&quot;btnLabel&quot;:&quot;Need Help? &lt;strong&gt;Chat with us&lt;\\\/strong&gt;&quot;,&quot;btnLabelWidth&quot;:156,&quot;btnPosition&quot;:&quot;right&quot;,&quot;btnLeftDistance&quot;:30,&quot;btnRightDistance&quot;:30,&quot;btnBottomDistance&quot;:30,&quot;isShowBtnLabel&quot;:&quot;ON&quot;,&quot;isShowGDPR&quot;:&quot;OFF&quot;,&quot;gdprContent&quot;:&quot;Please accept our &lt;a href=\\&quot;https:\\\/\\\/ninjateam.org\\\/privacy-policy\\\/\\&quot;&gt;privacy policy&lt;\\\/a&gt; first to start a conversation.&quot;,&quot;widgetType&quot;:&quot;expandable&quot;},&quot;analytics&quot;:{&quot;enabledGoogle&quot;:&quot;OFF&quot;,&quot;enabledFacebook&quot;:&quot;OFF&quot;,&quot;enabledGoogleGA4&quot;:&quot;OFF&quot;}},&quot;gdprStatus&quot;:false,&quot;defaultAvatar&quot;:&quot;https:\\\/\\\/nonamepublicidad.com\\\/wp-content\\\/plugins\\\/whatsapp-for-wordpress\\\/assets\\\/img\\\/whatsapp_logo.svg&quot;}\"><\/div>\n<div style=\"visibility: hidden;\">gomitas, vitaminas, pastilla de goma, gummies, gomitas masticables<\/div>\n","protected":false},"featured_media":20570,"comment_status":"open","ping_status":"closed","template":"","meta":[],"product_brand":[],"product_cat":[193,186],"product_tag":[5071,5074,5073,5072,2242],"class_list":{"0":"post-20580","1":"product","2":"type-product","3":"status-publish","4":"has-post-thumbnail","6":"product_cat-farmacia","7":"product_cat-salud-y-belleza","8":"product_tag-gomitas","9":"product_tag-gomitas-masticables","10":"product_tag-gummies","11":"product_tag-pastilla-de-goma","12":"product_tag-vitaminas","14":"first","15":"instock","16":"virtual","17":"taxable","18":"product-type-simple"},"_links":{"self":[{"href":"https:\/\/nonamepublicidad.com\/en\/wp-json\/wp\/v2\/product\/20580","targetHints":{"allow":["GET"]}}],"collection":[{"href":"https:\/\/nonamepublicidad.com\/en\/wp-json\/wp\/v2\/product"}],"about":[{"href":"https:\/\/nonamepublicidad.com\/en\/wp-json\/wp\/v2\/types\/product"}],"replies":[{"embeddable":true,"href":"https:\/\/nonamepublicidad.com\/en\/wp-json\/wp\/v2\/comments?post=20580"}],"version-history":[{"count":0,"href":"https:\/\/nonamepublicidad.com\/en\/wp-json\/wp\/v2\/product\/20580\/revisions"}],"wp:featuredmedia":[{"embeddable":true,"href":"https:\/\/nonamepublicidad.com\/en\/wp-json\/wp\/v2\/media\/20570"}],"wp:attachment":[{"href":"https:\/\/nonamepublicidad.com\/en\/wp-json\/wp\/v2\/media?parent=20580"}],"wp:term":[{"taxonomy":"product_brand","embeddable":true,"href":"https:\/\/nonamepublicidad.com\/en\/wp-json\/wp\/v2\/product_brand?post=20580"},{"taxonomy":"product_cat","embeddable":true,"href":"https:\/\/nonamepublicidad.com\/en\/wp-json\/wp\/v2\/product_cat?post=20580"},{"taxonomy":"product_tag","embeddable":true,"href":"https:\/\/nonamepublicidad.com\/en\/wp-json\/wp\/v2\/product_tag?post=20580"}],"curies":[{"name":"wp","href":"https:\/\/api.w.org\/{rel}","templated":true}]}}