{"id":20939,"date":"2024-04-25T22:48:04","date_gmt":"2024-04-26T03:48:04","guid":{"rendered":"http:\/\/nonamepublicidad.com\/?post_type=product&#038;p=20939"},"modified":"2024-12-02T08:50:17","modified_gmt":"2024-12-02T13:50:17","slug":"makaha-cafe","status":"publish","type":"product","link":"https:\/\/nonamepublicidad.com\/en\/product\/makaha-cafe\/","title":{"rendered":"Makaha Caf\u00e9"},"content":{"rendered":"<p style=\"text-align: center;\">Ubicaci\u00f3n 1:<\/p>\n<p style=\"text-align: center;\"><iframe style=\"border: 0;\" src=\"https:\/\/www.google.com\/maps\/embed?pb=!1m14!1m8!1m3!1d15603.040451179188!2d-77.0330581!3d-12.1285591!3m2!1i1024!2i768!4f13.1!3m3!1m2!1s0x9105c93465a4ac4f%3A0xad5e76d3b948f673!2sMakaha%20Cafe!5e0!3m2!1ses-419!2spe!4v1713931600313!5m2!1ses-419!2spe\" width=\"600\" height=\"450\" allowfullscreen=\"allowfullscreen\"><\/iframe><\/p>\n<p style=\"text-align: center;\">Ubicaci\u00f3n 2:<\/p>\n<p style=\"text-align: center;\"><iframe style=\"border: 0;\" src=\"https:\/\/www.google.com\/maps\/embed?pb=!1m18!1m12!1m3!1d3901.3867087090243!2d-77.0414849261041!3d-12.085657242623704!2m3!1f0!2f0!3f0!3m2!1i1024!2i768!4f13.1!3m3!1m2!1s0x9105c9006b0e341d%3A0x7e52b2410d247276!2sMakaha%20Cafe!5e0!3m2!1ses-419!2spe!4v1717994124667!5m2!1ses-419!2spe\" width=\"600\" height=\"450\" allowfullscreen=\"allowfullscreen\"><\/iframe><\/p>","protected":false},"excerpt":{"rendered":"<p>Somos una cafeter\u00eda de especialidad al paso.<\/p>\n<p>Ubicaci\u00f3n 1: <a href=\"https:\/\/maps.app.goo.gl\/m9dUZbxgdJTuPrcs8\">Calle Juan Fanning, 230, Miraflores, Lima 15074<\/a><\/p>\n<p>Ubicaci\u00f3n 2: <a href=\"https:\/\/maps.app.goo.gl\/L1kPVJiwzaCq8ZKi7\">Jr. Almte. Martin Guisse 2042, Lince<\/a><\/p>\n<p>Instagram: <a href=\"https:\/\/www.instagram.com\/makahacafe.lima\/\" target=\"_blank\" rel=\"noopener\">makahacafe.lima<\/a><\/p>\n<p>TikTok: <a href=\"https:\/\/www.tiktok.com\/@makaha.cafe\" target=\"_blank\" rel=\"noopener\">makaha.cafe<\/a><\/p>\n<p>Horario:<\/p>\n<p>Lunes a Viernes 7:30 a.m. \u2013 7:30 p.m.<\/p>\n<p>S\u00e1bado y Domingo 8:30 a.m. \u2013 8:30 p.m.<\/p>\n<ul>\n<li>Caf\u00e9 100% peruano<\/li>\n<\/ul>\n<p>Pedidos al: <a href=\"tel:51981244610\">(+51) 981244610<\/a><\/p>\n<div class=\"nta_wa_button\" data-id=\"20941\" data-info=\"{&quot;name&quot;:&quot;Makaha Caf\\u00e9&quot;,&quot;info&quot;:{&quot;number&quot;:&quot;+51981244610&quot;,&quot;title&quot;:&quot;Makaha Caf\\u00e9 | Tienda&quot;,&quot;predefinedText&quot;:&quot;Hola Makaha. Me gustar\\u00eda m\\u00e1s informaci\\u00f3n de [njwa_page_title] Este es el link [njwa_page_url]&quot;,&quot;willBeBackText&quot;:&quot;I will be back in [njwa_time_work]&quot;,&quot;dayOffsText&quot;:&quot;I will be back soon&quot;,&quot;isAlwaysAvailable&quot;:&quot;ON&quot;,&quot;daysOfWeekWorking&quot;:{&quot;sunday&quot;:{&quot;isWorkingOnDay&quot;:&quot;OFF&quot;,&quot;workHours&quot;:[{&quot;startTime&quot;:&quot;08:00&quot;,&quot;endTime&quot;:&quot;17:30&quot;}]},&quot;monday&quot;:{&quot;isWorkingOnDay&quot;:&quot;OFF&quot;,&quot;workHours&quot;:[{&quot;startTime&quot;:&quot;08:00&quot;,&quot;endTime&quot;:&quot;17:30&quot;}]},&quot;tuesday&quot;:{&quot;isWorkingOnDay&quot;:&quot;OFF&quot;,&quot;workHours&quot;:[{&quot;startTime&quot;:&quot;08:00&quot;,&quot;endTime&quot;:&quot;17:30&quot;}]},&quot;wednesday&quot;:{&quot;isWorkingOnDay&quot;:&quot;OFF&quot;,&quot;workHours&quot;:[{&quot;startTime&quot;:&quot;08:00&quot;,&quot;endTime&quot;:&quot;17:30&quot;}]},&quot;thursday&quot;:{&quot;isWorkingOnDay&quot;:&quot;OFF&quot;,&quot;workHours&quot;:[{&quot;startTime&quot;:&quot;08:00&quot;,&quot;endTime&quot;:&quot;17:30&quot;}]},&quot;friday&quot;:{&quot;isWorkingOnDay&quot;:&quot;OFF&quot;,&quot;workHours&quot;:[{&quot;startTime&quot;:&quot;08:00&quot;,&quot;endTime&quot;:&quot;17:30&quot;}]},&quot;saturday&quot;:{&quot;isWorkingOnDay&quot;:&quot;OFF&quot;,&quot;workHours&quot;:[{&quot;startTime&quot;:&quot;08:00&quot;,&quot;endTime&quot;:&quot;17:30&quot;}]}}},&quot;styles&quot;:{&quot;type&quot;:&quot;round&quot;,&quot;backgroundColor&quot;:&quot;#2DB742&quot;,&quot;textColor&quot;:&quot;#fff&quot;,&quot;label&quot;:&quot;Necesitas ayuda? Hablemos&quot;,&quot;width&quot;:300,&quot;height&quot;:64},&quot;avatar&quot;:&quot;https:\\\/\\\/nonamepublicidad.com\\\/wp-content\\\/uploads\\\/2024\\\/04\\\/makaha_cafe_logo.webp&quot;,&quot;options&quot;:{&quot;display&quot;:{&quot;displayCondition&quot;:&quot;showAllPage&quot;,&quot;includePages&quot;:[],&quot;excludePages&quot;:[],&quot;includePosts&quot;:[],&quot;showOnDesktop&quot;:&quot;ON&quot;,&quot;showOnMobile&quot;:&quot;ON&quot;,&quot;time_symbols&quot;:&quot;h:m&quot;},&quot;styles&quot;:{&quot;title&quot;:&quot;Start a Conversation&quot;,&quot;responseText&quot;:&quot;The team typically replies in a few minutes.&quot;,&quot;description&quot;:&quot;Hi! Click one of our member below to chat on &lt;strong&gt;WhatsApp&lt;\\\/strong&gt;&quot;,&quot;backgroundColor&quot;:&quot;#2db742&quot;,&quot;textColor&quot;:&quot;#fff&quot;,&quot;scrollHeight&quot;:500,&quot;isShowScroll&quot;:&quot;OFF&quot;,&quot;isShowResponseText&quot;:&quot;ON&quot;,&quot;isShowPoweredBy&quot;:&quot;ON&quot;,&quot;btnLabel&quot;:&quot;Need Help? &lt;strong&gt;Chat with us&lt;\\\/strong&gt;&quot;,&quot;btnLabelWidth&quot;:156,&quot;btnPosition&quot;:&quot;right&quot;,&quot;btnLeftDistance&quot;:30,&quot;btnRightDistance&quot;:30,&quot;btnBottomDistance&quot;:30,&quot;isShowBtnLabel&quot;:&quot;ON&quot;,&quot;isShowGDPR&quot;:&quot;OFF&quot;,&quot;gdprContent&quot;:&quot;Please accept our &lt;a href=\\&quot;https:\\\/\\\/ninjateam.org\\\/privacy-policy\\\/\\&quot;&gt;privacy policy&lt;\\\/a&gt; first to start a conversation.&quot;,&quot;widgetType&quot;:&quot;expandable&quot;},&quot;analytics&quot;:{&quot;enabledGoogle&quot;:&quot;OFF&quot;,&quot;enabledFacebook&quot;:&quot;OFF&quot;,&quot;enabledGoogleGA4&quot;:&quot;OFF&quot;}},&quot;gdprStatus&quot;:false,&quot;defaultAvatar&quot;:&quot;https:\\\/\\\/nonamepublicidad.com\\\/wp-content\\\/plugins\\\/whatsapp-for-wordpress\\\/assets\\\/img\\\/whatsapp_logo.svg&quot;}\"><\/div>\n<div style=\"visibility: hidden;\">cafe, cafetera, cafetera italiana, cafeterias, cafeina, caf\u00e9, caf\u00e9 peruano, caf\u00e9 natural, caf\u00e9 natural molido, cafe natural, cafe natural molido, cafe peruano, cafe peruano en el mundo, cafe peruano de exportacion, cafe peruano de chanchamayo, caf\u00e9 peruano, caf\u00e9 peruano precio, cafe peruano de exportacion, cafe en lima peru, caf\u00e9 en lima, caf\u00e9 arom\u00e1tico, cafe aromatico tradicional, cafe aromatico, cafe aromatico tradicional, cafe molido, cafe molido para pasar, cafe molido precio, cafe molido espresso, cafe molido medio, cafe molido grueso, caf\u00e9 molido, caf\u00e9 molido para pasar, caf\u00e9 molido precio, caf\u00e9 molido delivery, caf\u00e9 molido para cafetera italiana, cafe molido para cafetera francesa, cafe molido para cafetera electrica, caf\u00e9 boutique, tienda de caf\u00e9, cafeter\u00eda, bebida de caf\u00e9, caf\u00e9 americano, caf\u00e9 de Per\u00fa, caf\u00e9 con leche, capuchino, caf\u00e9 molido, caf\u00e9 tostado, caf\u00e9 Miraflores, caf\u00e9 con hielo, coffee, coffee Per\u00fa, bodega caf\u00e9<\/div>\n","protected":false},"featured_media":20937,"comment_status":"open","ping_status":"closed","template":"","meta":[],"product_brand":[],"product_cat":[113,107],"product_tag":[529,5094,3796,5092,1020,5093,1216,2466],"class_list":{"0":"post-20939","1":"product","2":"type-product","3":"status-publish","4":"has-post-thumbnail","6":"product_cat-alimentos-y-bebidas","7":"product_cat-otras-categorias","8":"product_tag-cafe","9":"product_tag-cafe-miraflores","10":"product_tag-cafe-molido","11":"product_tag-cafe-natural","12":"product_tag-cafe-peruano","13":"product_tag-cafe-peruano-precio","14":"product_tag-cafeteria","15":"product_tag-coffee","17":"first","18":"instock","19":"virtual","20":"taxable","21":"product-type-simple"},"_links":{"self":[{"href":"https:\/\/nonamepublicidad.com\/en\/wp-json\/wp\/v2\/product\/20939","targetHints":{"allow":["GET"]}}],"collection":[{"href":"https:\/\/nonamepublicidad.com\/en\/wp-json\/wp\/v2\/product"}],"about":[{"href":"https:\/\/nonamepublicidad.com\/en\/wp-json\/wp\/v2\/types\/product"}],"replies":[{"embeddable":true,"href":"https:\/\/nonamepublicidad.com\/en\/wp-json\/wp\/v2\/comments?post=20939"}],"version-history":[{"count":0,"href":"https:\/\/nonamepublicidad.com\/en\/wp-json\/wp\/v2\/product\/20939\/revisions"}],"wp:featuredmedia":[{"embeddable":true,"href":"https:\/\/nonamepublicidad.com\/en\/wp-json\/wp\/v2\/media\/20937"}],"wp:attachment":[{"href":"https:\/\/nonamepublicidad.com\/en\/wp-json\/wp\/v2\/media?parent=20939"}],"wp:term":[{"taxonomy":"product_brand","embeddable":true,"href":"https:\/\/nonamepublicidad.com\/en\/wp-json\/wp\/v2\/product_brand?post=20939"},{"taxonomy":"product_cat","embeddable":true,"href":"https:\/\/nonamepublicidad.com\/en\/wp-json\/wp\/v2\/product_cat?post=20939"},{"taxonomy":"product_tag","embeddable":true,"href":"https:\/\/nonamepublicidad.com\/en\/wp-json\/wp\/v2\/product_tag?post=20939"}],"curies":[{"name":"wp","href":"https:\/\/api.w.org\/{rel}","templated":true}]}}