{"id":21249,"date":"2024-06-04T18:59:49","date_gmt":"2024-06-04T23:59:49","guid":{"rendered":"http:\/\/nonamepublicidad.com\/?post_type=product&#038;p=21249"},"modified":"2024-12-02T08:50:17","modified_gmt":"2024-12-02T13:50:17","slug":"hollywood-maquina-de-cafe-astoria","status":"publish","type":"product","link":"https:\/\/nonamepublicidad.com\/en\/product\/hollywood-maquina-de-cafe-astoria\/","title":{"rendered":"Hollywood M\u00e1quina de Caf\u00e9 Astoria"},"content":{"rendered":"<p style=\"text-align: center;\"><iframe style=\"border: 0;\" src=\"https:\/\/www.google.com\/maps\/embed?pb=!1m18!1m12!1m3!1d124857.27811266696!2d-77.13544381681135!3d-12.057969158904772!2m3!1f0!2f0!3f0!3m2!1i1024!2i768!4f13.1!3m3!1m2!1s0x9105c81c5885ecd9%3A0x7c859598396df6d1!2sGrand%20Caf%C3%A9!5e0!3m2!1ses-419!2spe!4v1717407744880!5m2!1ses-419!2spe\" width=\"600\" height=\"450\" allowfullscreen=\"allowfullscreen\"><\/iframe><\/p>\n<p>&nbsp;<\/p>\n<p><u>Una pel\u00edcula de Astoria<\/u><\/p>\n<p>Hollywood es una m\u00e1quina de dise\u00f1o sofisticado y disruptivo, capaz de caracterizar los ambientes de un modo \u00fanico. Por eso Simone Caputo, tatuador e ilustrador milan\u00e9s, ha creado seis carteles exclusivos inspirados en otras tantas pel\u00edculas inolvidables que evocan la cultura, los colores y el ambiente de los a\u00f1os setenta, a trav\u00e9s de personajes fluidos e ilustraciones en las que se alternan el marr\u00f3n, el naranja y el rojo.<\/p>\n<p>&nbsp;<\/p>\n<p><u>Caracter\u00edsticas<\/u><\/p>\n<p>2 GR.:<\/p>\n<p>VOLTAJE 220-240V \/ 380-415V<\/p>\n<p>POTENCIA 3.900W &#8211; 4.200W<\/p>\n<p>CALDERA 10,5 LT \/ 2,77 GAL EE.UU.<\/p>\n<p>LARGO 790 MM \/ 31,1 PULGADAS<\/p>\n<p>ANCHO 580 MM \/ 22,83 PULGADAS<\/p>\n<p>ALTO 540 MM \/ 21,25 PULGADAS<\/p>\n<p>PESO NETO 72 KG \/ 158 LIBRAS<\/p>\n<p>PESO BRUTO 84 KG \/ 185 LIBRAS<\/p>\n<p>&nbsp;<\/p>\n<p>3 GRAMOS:<\/p>\n<p>VOLTAJE 220-240V \/ 380-415V<\/p>\n<p>POTENCIA 5.600 -6.000 VATIOS<\/p>\n<p>CALDERA 17 L \/ 4,49 GAL EE.UU.<\/p>\n<p>LARGO 1040 MM \/ 40,94 PULGADAS<\/p>\n<p>ANCHO 580 MM \/ 22,83 PULGADAS<\/p>\n<p>ALTO 540 MM \/ 21,25 PULGADAS<\/p>\n<p>PESO NETO 90 KG \/ 198 LIBRAS<\/p>\n<p>PESO BRUTO 102 KG \/ 224 LIBRAS<\/p>\n<p>&nbsp;<\/p>\n<p><u>Colores<\/u><\/p>\n<p>NEGRO MATE<\/p>\n<p>BLANCO<\/p>\n<p>AZUL<\/p>\n<p>ROJO<\/p>\n<p>VERDE<\/p>\n<p>&nbsp;<\/p>\n<p><u>Versiones<\/u><\/p>\n<p>2 GR. \/ 3 GRAMOS<\/p>\n<p>Un tiempo preciso es esencial a la hora de preparar un espresso. El temporizador Shot, que indica el tiempo de extracci\u00f3n, se ha actualizado para garantizar la m\u00e1xima precisi\u00f3n para cada grupo y establecer el tiempo perfecto para cada bebida y tipo de caf\u00e9.\u2028\u2028Las boquillas de vapor, esenciales para obtener un montaje y una espuma de leche de calidad, tienen un di\u00e1metro mayor para permitir una mejor distribuci\u00f3n. Adem\u00e1s, la m\u00e1quina puede utilizarse tanto para tazas de espresso como para vasos de bebidas con leche.<\/p>\n<p>&nbsp;<\/p>\n<p><u>Componentes est\u00e1ndares<\/u><\/p>\n<p>2 GR. \/ 3 GRAMOS:<\/p>\n<p>Temporizador de disparo<\/p>\n<p>Rejilla abatible en cada grupo<\/p>\n<p>Lanzas de vapor de mayor di\u00e1metro<\/p>\n<p>Luz LED Superficie de trabajo<\/p>\n<p>Seis dosis pre-configuradas<\/p>\n<p>M\u00e1quina retro iluminada<\/p>\n<p>Motobomba interior<\/p>\n<p>&nbsp;<\/p>\n<p><u>Opcionales<\/u><\/p>\n<p>2 GR. \/ 3 GRAMOS:<\/p>\n<p>Auto vapor<\/p>\n<p>M\u00f3dulo Wifi conectividad Beans2Cloud<\/p>\n<p>Agua caliente mezclada<\/p>","protected":false},"excerpt":{"rendered":"<p>Presentamos la nueva Hollywood, un dise\u00f1o digno de ser descubierto inspirado en el cine de los setenta.<\/p>\n<p>Astoria presenta Hollywood, la nueva m\u00e1quina de caf\u00e9 expreso fruto de las influencias revolucionarias que invadieron el cine americano en los a\u00f1os setenta: desde Easy Rider hasta Taxi Driver, un viaje por la cultura cinematogr\u00e1fica de una d\u00e9cada ic\u00f3nica.<\/p>\n<p>Cinco colores pop para curvas fluidas y compactas. Se caracteriza por rayas muy audaces y ledes cinematogr\u00e1ficos. Se renueva el cron\u00f3metro con la indicaci\u00f3n de los tiempos de extracci\u00f3n para cada Grupo, as\u00ed como las lancetas de vapor de di\u00e1metro m\u00e1s grande. La bandeja abatible permite utilizar la m\u00e1quina tanto con las tazas de caf\u00e9 expreso como con los vasos de bebidas a base de leche. En la versi\u00f3n SAE se pueden pre-ajustar seis dosis.<\/p>\n<p>Direcci\u00f3n: <a href=\"https:\/\/maps.app.goo.gl\/aYtoH6YJSZeJC3JQ8\">Calle Bol\u00edvar 472 Oficina 1106, Miraflores Lima 18 Lima, Per\u00fa<\/a><\/p>\n<p>Correo: <a href=\"mailto:elingan@grandcafe.com.pe\">elingan@grandcafe.com.pe<\/a><\/p>\n<p>Instagram: <a href=\"https:\/\/www.instagram.com\/astoria.wega.peru\/\">astoria.wega.peru<\/a>\u00a0 |\u00a0 <a href=\"https:\/\/www.instagram.com\/titocafecito\/\">titocafecito<\/a><\/p>\n<p>Contacto: Eduardo Ling\u00e1n Marrou &#8211; Tito Cafecito<\/p>\n<p>Solicite cotizaci\u00f3n al: <a href=\"tel:51987951606\">(+51) 987951606<\/a><\/p>\n<p>Cat\u00e1logo: <a href=\"https:\/\/cdn.sanity.io\/files\/lx2h63p2\/production\/8b5cf74c316d8c6f190e11b6660d2d11803ffe6c.pdf\" target=\"_blank\" rel=\"noopener\"><img decoding=\"async\" class=\"alignnone wp-image-21215 size-full\" src=\"http:\/\/nonamepublicidad.com\/wp-content\/uploads\/2024\/06\/catalogo.webp\" alt=\"Cat\u00e1logo\" width=\"25\" height=\"36\" \/><\/a><\/p>\n<div class=\"nta_wa_button\" data-id=\"21211\" data-info=\"{&quot;name&quot;:&quot;Tito Cafecito&quot;,&quot;info&quot;:{&quot;number&quot;:&quot;+51987951606&quot;,&quot;title&quot;:&quot;Tito Cafecito | Tienda&quot;,&quot;predefinedText&quot;:&quot;Hola Tito Cafecito. Me gustar\\u00eda m\\u00e1s informaci\\u00f3n de [njwa_page_title] Este es el link [njwa_page_url]&quot;,&quot;willBeBackText&quot;:&quot;I will be back in [njwa_time_work]&quot;,&quot;dayOffsText&quot;:&quot;I will be back soon&quot;,&quot;isAlwaysAvailable&quot;:&quot;ON&quot;,&quot;daysOfWeekWorking&quot;:{&quot;sunday&quot;:{&quot;isWorkingOnDay&quot;:&quot;OFF&quot;,&quot;workHours&quot;:[{&quot;startTime&quot;:&quot;08:00&quot;,&quot;endTime&quot;:&quot;17:30&quot;}]},&quot;monday&quot;:{&quot;isWorkingOnDay&quot;:&quot;OFF&quot;,&quot;workHours&quot;:[{&quot;startTime&quot;:&quot;08:00&quot;,&quot;endTime&quot;:&quot;17:30&quot;}]},&quot;tuesday&quot;:{&quot;isWorkingOnDay&quot;:&quot;OFF&quot;,&quot;workHours&quot;:[{&quot;startTime&quot;:&quot;08:00&quot;,&quot;endTime&quot;:&quot;17:30&quot;}]},&quot;wednesday&quot;:{&quot;isWorkingOnDay&quot;:&quot;OFF&quot;,&quot;workHours&quot;:[{&quot;startTime&quot;:&quot;08:00&quot;,&quot;endTime&quot;:&quot;17:30&quot;}]},&quot;thursday&quot;:{&quot;isWorkingOnDay&quot;:&quot;OFF&quot;,&quot;workHours&quot;:[{&quot;startTime&quot;:&quot;08:00&quot;,&quot;endTime&quot;:&quot;17:30&quot;}]},&quot;friday&quot;:{&quot;isWorkingOnDay&quot;:&quot;OFF&quot;,&quot;workHours&quot;:[{&quot;startTime&quot;:&quot;08:00&quot;,&quot;endTime&quot;:&quot;17:30&quot;}]},&quot;saturday&quot;:{&quot;isWorkingOnDay&quot;:&quot;OFF&quot;,&quot;workHours&quot;:[{&quot;startTime&quot;:&quot;08:00&quot;,&quot;endTime&quot;:&quot;17:30&quot;}]}}},&quot;styles&quot;:{&quot;type&quot;:&quot;round&quot;,&quot;backgroundColor&quot;:&quot;#2DB742&quot;,&quot;textColor&quot;:&quot;#fff&quot;,&quot;label&quot;:&quot;Necesitas ayuda? Hablemos&quot;,&quot;width&quot;:300,&quot;height&quot;:64},&quot;avatar&quot;:&quot;https:\\\/\\\/nonamepublicidad.com\\\/wp-content\\\/uploads\\\/2024\\\/06\\\/tito_cafecito.webp&quot;,&quot;options&quot;:{&quot;display&quot;:{&quot;displayCondition&quot;:&quot;showAllPage&quot;,&quot;includePages&quot;:[],&quot;excludePages&quot;:[],&quot;includePosts&quot;:[],&quot;showOnDesktop&quot;:&quot;ON&quot;,&quot;showOnMobile&quot;:&quot;ON&quot;,&quot;time_symbols&quot;:&quot;h:m&quot;},&quot;styles&quot;:{&quot;title&quot;:&quot;Start a Conversation&quot;,&quot;responseText&quot;:&quot;The team typically replies in a few minutes.&quot;,&quot;description&quot;:&quot;Hi! Click one of our member below to chat on &lt;strong&gt;WhatsApp&lt;\\\/strong&gt;&quot;,&quot;backgroundColor&quot;:&quot;#2db742&quot;,&quot;textColor&quot;:&quot;#fff&quot;,&quot;scrollHeight&quot;:500,&quot;isShowScroll&quot;:&quot;OFF&quot;,&quot;isShowResponseText&quot;:&quot;ON&quot;,&quot;isShowPoweredBy&quot;:&quot;ON&quot;,&quot;btnLabel&quot;:&quot;Need Help? &lt;strong&gt;Chat with us&lt;\\\/strong&gt;&quot;,&quot;btnLabelWidth&quot;:156,&quot;btnPosition&quot;:&quot;right&quot;,&quot;btnLeftDistance&quot;:30,&quot;btnRightDistance&quot;:30,&quot;btnBottomDistance&quot;:30,&quot;isShowBtnLabel&quot;:&quot;ON&quot;,&quot;isShowGDPR&quot;:&quot;OFF&quot;,&quot;gdprContent&quot;:&quot;Please accept our &lt;a href=\\&quot;https:\\\/\\\/ninjateam.org\\\/privacy-policy\\\/\\&quot;&gt;privacy policy&lt;\\\/a&gt; first to start a conversation.&quot;,&quot;widgetType&quot;:&quot;expandable&quot;},&quot;analytics&quot;:{&quot;enabledGoogle&quot;:&quot;OFF&quot;,&quot;enabledFacebook&quot;:&quot;OFF&quot;,&quot;enabledGoogleGA4&quot;:&quot;OFF&quot;}},&quot;gdprStatus&quot;:false,&quot;defaultAvatar&quot;:&quot;https:\\\/\\\/nonamepublicidad.com\\\/wp-content\\\/plugins\\\/whatsapp-for-wordpress\\\/assets\\\/img\\\/whatsapp_logo.svg&quot;}\"><\/div>\n<div style=\"visibility: hidden;\">maquina de cafe, cafetera, cafetera espresso, cafeteras automaticas, maquinas de cafe, maquinas de cafe para empresas, cafeteras industriales, maquina de espresso, maquina para cafe, maquina para hacer cafe<\/div>\n","protected":false},"featured_media":21226,"comment_status":"open","ping_status":"closed","template":"","meta":[],"product_brand":[],"product_cat":[5147,153,5149],"product_tag":[2931,5133,5134,5137,5132,5138,5139,5140,5135,5136],"class_list":{"0":"post-21249","1":"product","2":"type-product","3":"status-publish","4":"has-post-thumbnail","6":"product_cat-gastronomia-y-hoteleria","7":"product_cat-industrias-y-oficinas","8":"product_cat-maquinas-de-cafe","9":"product_tag-cafetera","10":"product_tag-cafetera-espresso","11":"product_tag-cafeteras-automaticas","12":"product_tag-cafeteras-industriales","13":"product_tag-maquina-de-cafe","14":"product_tag-maquina-de-espresso","15":"product_tag-maquina-para-cafe","16":"product_tag-maquina-para-hacer-cafe","17":"product_tag-maquinas-de-cafe","18":"product_tag-maquinas-de-cafe-para-empresas","20":"first","21":"instock","22":"virtual","23":"taxable","24":"product-type-simple"},"_links":{"self":[{"href":"https:\/\/nonamepublicidad.com\/en\/wp-json\/wp\/v2\/product\/21249","targetHints":{"allow":["GET"]}}],"collection":[{"href":"https:\/\/nonamepublicidad.com\/en\/wp-json\/wp\/v2\/product"}],"about":[{"href":"https:\/\/nonamepublicidad.com\/en\/wp-json\/wp\/v2\/types\/product"}],"replies":[{"embeddable":true,"href":"https:\/\/nonamepublicidad.com\/en\/wp-json\/wp\/v2\/comments?post=21249"}],"version-history":[{"count":0,"href":"https:\/\/nonamepublicidad.com\/en\/wp-json\/wp\/v2\/product\/21249\/revisions"}],"wp:featuredmedia":[{"embeddable":true,"href":"https:\/\/nonamepublicidad.com\/en\/wp-json\/wp\/v2\/media\/21226"}],"wp:attachment":[{"href":"https:\/\/nonamepublicidad.com\/en\/wp-json\/wp\/v2\/media?parent=21249"}],"wp:term":[{"taxonomy":"product_brand","embeddable":true,"href":"https:\/\/nonamepublicidad.com\/en\/wp-json\/wp\/v2\/product_brand?post=21249"},{"taxonomy":"product_cat","embeddable":true,"href":"https:\/\/nonamepublicidad.com\/en\/wp-json\/wp\/v2\/product_cat?post=21249"},{"taxonomy":"product_tag","embeddable":true,"href":"https:\/\/nonamepublicidad.com\/en\/wp-json\/wp\/v2\/product_tag?post=21249"}],"curies":[{"name":"wp","href":"https:\/\/api.w.org\/{rel}","templated":true}]}}