{"id":21253,"date":"2024-06-04T19:22:37","date_gmt":"2024-06-05T00:22:37","guid":{"rendered":"http:\/\/nonamepublicidad.com\/?post_type=product&#038;p=21253"},"modified":"2024-12-02T08:50:17","modified_gmt":"2024-12-02T13:50:17","slug":"plus4you-advantage-maquina-de-cafe-astoria","status":"publish","type":"product","link":"https:\/\/nonamepublicidad.com\/en\/product\/plus4you-advantage-maquina-de-cafe-astoria\/","title":{"rendered":"Plus4You Advantage M\u00e1quina de Caf\u00e9 Astoria"},"content":{"rendered":"<p style=\"text-align: center;\"><iframe style=\"border: 0;\" src=\"https:\/\/www.google.com\/maps\/embed?pb=!1m18!1m12!1m3!1d124857.27811266696!2d-77.13544381681135!3d-12.057969158904772!2m3!1f0!2f0!3f0!3m2!1i1024!2i768!4f13.1!3m3!1m2!1s0x9105c81c5885ecd9%3A0x7c859598396df6d1!2sGrand%20Caf%C3%A9!5e0!3m2!1ses-419!2spe!4v1717407744880!5m2!1ses-419!2spe\" width=\"600\" height=\"450\" allowfullscreen=\"allowfullscreen\"><\/iframe><\/p>\n<p>&nbsp;<\/p>\n<p><u>Tecnolog\u00eda<\/u><\/p>\n<p>La ergonom\u00eda es una de las palabras clave de Plus4You Advantage. La interfaz renovada con nuevos botones de selecci\u00f3n coordinados con los mandos vapor y la posici\u00f3n central de la pantalla t\u00e1ctil garantizan un acceso inmediato e intuitivo a todas las funciones y par\u00e1metros de la m\u00e1quina. Para mejorar la labor del barista la m\u00e1quina se completa con una superficie de trabajo iluminada que facilita los gestos y permite controlar las condiciones de limpieza de la misma. El pr\u00e1ctico sistema de soporte de las tazas permite cambiar la altura de los grupos elevados a la altura est\u00e1ndar, ofreciendo la soluci\u00f3n ideal para cualquier tipo de jarra o taza.<\/p>\n<p>&nbsp;<\/p>\n<p><u>Caracter\u00edsticas<\/u><\/p>\n<p>2 GR SB:<\/p>\n<p>VOLTAJE 220-240 \/ 380-415V<\/p>\n<p>POTENCIA 3.500 &#8211; 5.000 VATIOS<\/p>\n<p>CALDERA 9 LITROS<\/p>\n<p>LARGO 835 MIL\u00cdMETROS<\/p>\n<p>ANCHO 565 MIL\u00cdMETROS<\/p>\n<p>ALTO 575 MIL\u00cdMETROS<\/p>\n<p>PESO NETO 84 KILOS<\/p>\n<p>&nbsp;<\/p>\n<p>3 GR SB:<\/p>\n<p>VOLTAJE 220-240 \/ 380-415V<\/p>\n<p>POTENCIA 4.900 &#8211; 7.000 VATIOS<\/p>\n<p>CALDERA 14,7 LITROS<\/p>\n<p>LARGO 1075 MIL\u00cdMETROS<\/p>\n<p>ANCHO 565 MIL\u00cdMETROS<\/p>\n<p>ALTO 575 MIL\u00cdMETROS<\/p>\n<p>PESO NETO 104 KILOGRAMOS<\/p>\n<p>&nbsp;<\/p>\n<p>2 GR REINO UNIDO:<\/p>\n<p>VOLTAJE 220-240 \/ 380-415V<\/p>\n<p>POTENCIA 4.400 &#8211; 5.400 VATIOS<\/p>\n<p>CALDERA 2 X 1,2 LITROS PARA CAF\u00c9 &#8211; 8 LITROS PARA VAPOR<\/p>\n<p>LARGO 835 MIL\u00cdMETROS<\/p>\n<p>ANCHO 565 MIL\u00cdMETROS<\/p>\n<p>ALTO 575 MIL\u00cdMETROS<\/p>\n<p>PESO NETO 84 KILOS<\/p>\n<p>&nbsp;<\/p>\n<p>3 GR REINO UNIDO:<\/p>\n<p>VOLTAJE 220-240 \/ 380-415V<\/p>\n<p>POTENCIA 5.700 &#8211; 7.200 VATIOS<\/p>\n<p>CALDERA 3 X 1,2 LT PARA CAF\u00c9 &#8211; 13 LT PARA VAPOR<\/p>\n<p>LARGO 1075 MIL\u00cdMETROS<\/p>\n<p>ANCHO 565 MIL\u00cdMETROS<\/p>\n<p>ALTO 575 MIL\u00cdMETROS<\/p>\n<p>PESO NETO 104 KILOGRAMOS<\/p>\n<p>&nbsp;<\/p>\n<p><u>Colores<\/u><\/p>\n<p>NEGRO INTENSO \/ GRIS VAIO<\/p>\n<p>GRIS VAIO \/ BLANCO CREMA<\/p>\n<p>&nbsp;<\/p>\n<p><u>Versiones<\/u><\/p>\n<p>MEGABYTE \/ SB:<\/p>\n<p>Plus4You Advantage est\u00e1 disponible con dos sistemas t\u00e9rmicos diferentes: Multiboiler y Singleboiler. Ambas versiones cuentan con un nuevo circuito hidr\u00e1ulico y el\u00e9ctrico completamente redise\u00f1ado que ofrece las m\u00e1ximas prestaciones, garantizando un excelente resultado en la taza durante los periodos de trabajo m\u00e1s intensos. La versi\u00f3n Multiboiler garantiza la posibilidad de gestionar los grupos de forma independiente mediante el ajuste de diferentes niveles de temperatura y tiempos de infusi\u00f3n \u2013en funci\u00f3n del tipo de caf\u00e9 seleccionado\u2013 personalizando los perfiles de extracci\u00f3n. Adem\u00e1s, gracias a la funci\u00f3n Energy-Saving, la m\u00e1quina puede gestionar de forma inteligente los flujos de trabajo mediante el sistema de apagado autom\u00e1tico de los grupos, el stand-by nocturno y el ajuste autom\u00e1tico de la temperatura.<\/p>\n<p>&nbsp;<\/p>\n<p><u>Componentes est\u00e1ndares<\/u><\/p>\n<p>MEGABYTE \/ SB:<\/p>\n<p>Lanzas de vapor Easy Clean<\/p>\n<p>Pantalla t\u00e1ctil en color multifunci\u00f3n<\/p>\n<p>Puerto USB interno<\/p>\n<p>Agua caliente mezclada<\/p>\n<p>AEA (entrada autom\u00e1tica de agua)<\/p>\n<p>Soportes de las tazas escamoteables<\/p>\n<p>Porta filtros Astoria de 48,5 mm de profundidad<\/p>\n<p>Puerto serie RS232<\/p>\n<p>Ciclo de limpieza autom\u00e1tica<\/p>\n<p>Funci\u00f3n Mantenimiento<\/p>\n<p>Iluminaci\u00f3n de la zona de trabajo<\/p>\n<p>Motobomba incorporada<\/p>\n<p>&nbsp;<\/p>\n<p><u>Opcionales<\/u><\/p>\n<p>MEGABYTE:<\/p>\n<p>Calentador electr\u00f3nico de tazas con ajuste de la temperatura<\/p>\n<p>Cable de conexi\u00f3n al molinillo dosificador<\/p>\n<p>Auto vapor<\/p>\n<p>M\u00f3dulo Wifi conectividad Beans2Cloud<\/p>\n<p>&nbsp;<\/p>\n<p>SB:<\/p>\n<p>Calentador electr\u00f3nico de tazas con ajuste de la temperatura<\/p>\n<p>Cable de conexi\u00f3n al molinillo dosificador<\/p>\n<p>M\u00f3dulo Wifi conectividad Beans2Cloud<\/p>\n<p>Auto vapor<\/p>","protected":false},"excerpt":{"rendered":"<p>Plus4You Advantage representa el v\u00ednculo entre el pasado y el presente de Astoria. La reinterpretaci\u00f3n de un icono que combina ergonom\u00eda y estilo en un dise\u00f1o pr\u00e1ctico y elegante.<\/p>\n<p>Gracias a la perfecta combinaci\u00f3n de materiales, la funcionalidad y la est\u00e9tica se unen en una m\u00e1quina en la que predomina el brillo y la resistencia del acero, que confiere a sus l\u00edneas un car\u00e1cter atemporal.<\/p>\n<p>La combinaci\u00f3n de los colores propuestos permite interpretar las formas de Plus4You Advantage en clave moderna y tecnol\u00f3gica, don\u00e1ndole un look perfecto y equilibrado para cualquier local.<\/p>\n<p>Direcci\u00f3n: <a href=\"https:\/\/maps.app.goo.gl\/aYtoH6YJSZeJC3JQ8\">Calle Bol\u00edvar 472 Oficina 1106, Miraflores Lima 18 Lima, Per\u00fa<\/a><\/p>\n<p>Correo: <a href=\"mailto:elingan@grandcafe.com.pe\">elingan@grandcafe.com.pe<\/a><\/p>\n<p>Instagram: <a href=\"https:\/\/www.instagram.com\/astoria.wega.peru\/\">astoria.wega.peru<\/a>\u00a0 |\u00a0 <a href=\"https:\/\/www.instagram.com\/titocafecito\/\">titocafecito<\/a><\/p>\n<p>Contacto: Eduardo Ling\u00e1n Marrou &#8211; Tito Cafecito<\/p>\n<p>Solicite cotizaci\u00f3n al: <a href=\"tel:51987951606\">(+51) 987951606<\/a><\/p>\n<p>Cat\u00e1logo: <a href=\"https:\/\/cdn.sanity.io\/files\/lx2h63p2\/production\/102cd455c78a07fb68cb99ca91192013998e74a2.pdf\" target=\"_blank\" rel=\"noopener\"><img decoding=\"async\" class=\"alignnone wp-image-21215 size-full\" src=\"http:\/\/nonamepublicidad.com\/wp-content\/uploads\/2024\/06\/catalogo.webp\" alt=\"Cat\u00e1logo\" width=\"25\" height=\"36\" \/><\/a><\/p>\n<div class=\"nta_wa_button\" data-id=\"21211\" data-info=\"{&quot;name&quot;:&quot;Tito Cafecito&quot;,&quot;info&quot;:{&quot;number&quot;:&quot;+51987951606&quot;,&quot;title&quot;:&quot;Tito Cafecito | Tienda&quot;,&quot;predefinedText&quot;:&quot;Hola Tito Cafecito. Me gustar\\u00eda m\\u00e1s informaci\\u00f3n de [njwa_page_title] Este es el link [njwa_page_url]&quot;,&quot;willBeBackText&quot;:&quot;I will be back in [njwa_time_work]&quot;,&quot;dayOffsText&quot;:&quot;I will be back soon&quot;,&quot;isAlwaysAvailable&quot;:&quot;ON&quot;,&quot;daysOfWeekWorking&quot;:{&quot;sunday&quot;:{&quot;isWorkingOnDay&quot;:&quot;OFF&quot;,&quot;workHours&quot;:[{&quot;startTime&quot;:&quot;08:00&quot;,&quot;endTime&quot;:&quot;17:30&quot;}]},&quot;monday&quot;:{&quot;isWorkingOnDay&quot;:&quot;OFF&quot;,&quot;workHours&quot;:[{&quot;startTime&quot;:&quot;08:00&quot;,&quot;endTime&quot;:&quot;17:30&quot;}]},&quot;tuesday&quot;:{&quot;isWorkingOnDay&quot;:&quot;OFF&quot;,&quot;workHours&quot;:[{&quot;startTime&quot;:&quot;08:00&quot;,&quot;endTime&quot;:&quot;17:30&quot;}]},&quot;wednesday&quot;:{&quot;isWorkingOnDay&quot;:&quot;OFF&quot;,&quot;workHours&quot;:[{&quot;startTime&quot;:&quot;08:00&quot;,&quot;endTime&quot;:&quot;17:30&quot;}]},&quot;thursday&quot;:{&quot;isWorkingOnDay&quot;:&quot;OFF&quot;,&quot;workHours&quot;:[{&quot;startTime&quot;:&quot;08:00&quot;,&quot;endTime&quot;:&quot;17:30&quot;}]},&quot;friday&quot;:{&quot;isWorkingOnDay&quot;:&quot;OFF&quot;,&quot;workHours&quot;:[{&quot;startTime&quot;:&quot;08:00&quot;,&quot;endTime&quot;:&quot;17:30&quot;}]},&quot;saturday&quot;:{&quot;isWorkingOnDay&quot;:&quot;OFF&quot;,&quot;workHours&quot;:[{&quot;startTime&quot;:&quot;08:00&quot;,&quot;endTime&quot;:&quot;17:30&quot;}]}}},&quot;styles&quot;:{&quot;type&quot;:&quot;round&quot;,&quot;backgroundColor&quot;:&quot;#2DB742&quot;,&quot;textColor&quot;:&quot;#fff&quot;,&quot;label&quot;:&quot;Necesitas ayuda? Hablemos&quot;,&quot;width&quot;:300,&quot;height&quot;:64},&quot;avatar&quot;:&quot;https:\\\/\\\/nonamepublicidad.com\\\/wp-content\\\/uploads\\\/2024\\\/06\\\/tito_cafecito.webp&quot;,&quot;options&quot;:{&quot;display&quot;:{&quot;displayCondition&quot;:&quot;showAllPage&quot;,&quot;includePages&quot;:[],&quot;excludePages&quot;:[],&quot;includePosts&quot;:[],&quot;showOnDesktop&quot;:&quot;ON&quot;,&quot;showOnMobile&quot;:&quot;ON&quot;,&quot;time_symbols&quot;:&quot;h:m&quot;},&quot;styles&quot;:{&quot;title&quot;:&quot;Start a Conversation&quot;,&quot;responseText&quot;:&quot;The team typically replies in a few minutes.&quot;,&quot;description&quot;:&quot;Hi! Click one of our member below to chat on &lt;strong&gt;WhatsApp&lt;\\\/strong&gt;&quot;,&quot;backgroundColor&quot;:&quot;#2db742&quot;,&quot;textColor&quot;:&quot;#fff&quot;,&quot;scrollHeight&quot;:500,&quot;isShowScroll&quot;:&quot;OFF&quot;,&quot;isShowResponseText&quot;:&quot;ON&quot;,&quot;isShowPoweredBy&quot;:&quot;ON&quot;,&quot;btnLabel&quot;:&quot;Need Help? &lt;strong&gt;Chat with us&lt;\\\/strong&gt;&quot;,&quot;btnLabelWidth&quot;:156,&quot;btnPosition&quot;:&quot;right&quot;,&quot;btnLeftDistance&quot;:30,&quot;btnRightDistance&quot;:30,&quot;btnBottomDistance&quot;:30,&quot;isShowBtnLabel&quot;:&quot;ON&quot;,&quot;isShowGDPR&quot;:&quot;OFF&quot;,&quot;gdprContent&quot;:&quot;Please accept our &lt;a href=\\&quot;https:\\\/\\\/ninjateam.org\\\/privacy-policy\\\/\\&quot;&gt;privacy policy&lt;\\\/a&gt; first to start a conversation.&quot;,&quot;widgetType&quot;:&quot;expandable&quot;},&quot;analytics&quot;:{&quot;enabledGoogle&quot;:&quot;OFF&quot;,&quot;enabledFacebook&quot;:&quot;OFF&quot;,&quot;enabledGoogleGA4&quot;:&quot;OFF&quot;}},&quot;gdprStatus&quot;:false,&quot;defaultAvatar&quot;:&quot;https:\\\/\\\/nonamepublicidad.com\\\/wp-content\\\/plugins\\\/whatsapp-for-wordpress\\\/assets\\\/img\\\/whatsapp_logo.svg&quot;}\"><\/div>\n<div style=\"visibility: hidden;\">maquina de cafe, cafetera, cafetera espresso, cafeteras automaticas, maquinas de cafe, maquinas de cafe para empresas, cafeteras industriales, maquina de espresso, maquina para cafe, maquina para hacer cafe<\/div>\n","protected":false},"featured_media":21227,"comment_status":"open","ping_status":"closed","template":"","meta":[],"product_brand":[],"product_cat":[5147,153,5149],"product_tag":[2931,5133,5134,5137,5132,5138,5139,5140,5135,5136],"class_list":{"0":"post-21253","1":"product","2":"type-product","3":"status-publish","4":"has-post-thumbnail","6":"product_cat-gastronomia-y-hoteleria","7":"product_cat-industrias-y-oficinas","8":"product_cat-maquinas-de-cafe","9":"product_tag-cafetera","10":"product_tag-cafetera-espresso","11":"product_tag-cafeteras-automaticas","12":"product_tag-cafeteras-industriales","13":"product_tag-maquina-de-cafe","14":"product_tag-maquina-de-espresso","15":"product_tag-maquina-para-cafe","16":"product_tag-maquina-para-hacer-cafe","17":"product_tag-maquinas-de-cafe","18":"product_tag-maquinas-de-cafe-para-empresas","20":"first","21":"instock","22":"virtual","23":"taxable","24":"product-type-simple"},"_links":{"self":[{"href":"https:\/\/nonamepublicidad.com\/en\/wp-json\/wp\/v2\/product\/21253","targetHints":{"allow":["GET"]}}],"collection":[{"href":"https:\/\/nonamepublicidad.com\/en\/wp-json\/wp\/v2\/product"}],"about":[{"href":"https:\/\/nonamepublicidad.com\/en\/wp-json\/wp\/v2\/types\/product"}],"replies":[{"embeddable":true,"href":"https:\/\/nonamepublicidad.com\/en\/wp-json\/wp\/v2\/comments?post=21253"}],"version-history":[{"count":0,"href":"https:\/\/nonamepublicidad.com\/en\/wp-json\/wp\/v2\/product\/21253\/revisions"}],"wp:featuredmedia":[{"embeddable":true,"href":"https:\/\/nonamepublicidad.com\/en\/wp-json\/wp\/v2\/media\/21227"}],"wp:attachment":[{"href":"https:\/\/nonamepublicidad.com\/en\/wp-json\/wp\/v2\/media?parent=21253"}],"wp:term":[{"taxonomy":"product_brand","embeddable":true,"href":"https:\/\/nonamepublicidad.com\/en\/wp-json\/wp\/v2\/product_brand?post=21253"},{"taxonomy":"product_cat","embeddable":true,"href":"https:\/\/nonamepublicidad.com\/en\/wp-json\/wp\/v2\/product_cat?post=21253"},{"taxonomy":"product_tag","embeddable":true,"href":"https:\/\/nonamepublicidad.com\/en\/wp-json\/wp\/v2\/product_tag?post=21253"}],"curies":[{"name":"wp","href":"https:\/\/api.w.org\/{rel}","templated":true}]}}