{"id":21261,"date":"2024-06-04T19:39:58","date_gmt":"2024-06-05T00:39:58","guid":{"rendered":"http:\/\/nonamepublicidad.com\/?post_type=product&#038;p=21261"},"modified":"2024-12-02T08:50:17","modified_gmt":"2024-12-02T13:50:17","slug":"sabrina-maquina-de-cafe-astoria","status":"publish","type":"product","link":"https:\/\/nonamepublicidad.com\/en\/product\/sabrina-maquina-de-cafe-astoria\/","title":{"rendered":"Sabrina M\u00e1quina de Caf\u00e9 Astoria"},"content":{"rendered":"<p style=\"text-align: center;\"><iframe style=\"border: 0;\" src=\"https:\/\/www.google.com\/maps\/embed?pb=!1m18!1m12!1m3!1d124857.27811266696!2d-77.13544381681135!3d-12.057969158904772!2m3!1f0!2f0!3f0!3m2!1i1024!2i768!4f13.1!3m3!1m2!1s0x9105c81c5885ecd9%3A0x7c859598396df6d1!2sGrand%20Caf%C3%A9!5e0!3m2!1ses-419!2spe!4v1717407744880!5m2!1ses-419!2spe\" width=\"600\" height=\"450\" allowfullscreen=\"allowfullscreen\"><\/iframe><\/p>\n<p>&nbsp;<\/p>\n<p><u>Caracter\u00edsticas<\/u><\/p>\n<p>2GR.:<\/p>\n<p>VOLTAJE 120 \/ 230 &#8211; 400 \/ 240V<\/p>\n<p>POTENCIA 3.100 \/ 3.900 \/ 4.200W<\/p>\n<p>CALDERA 10,5\/2,3 LT\/UK GAL<\/p>\n<p>LARGO 835\/32,9 MM\/PULG.<\/p>\n<p>ANCHO 582\/22,9 MM\/PULG.<\/p>\n<p>ALTO 582\/22,9 MM\/PULG.<\/p>\n<p>PESO NETO 82\/181 KG\/LIBRA<\/p>\n<p>PESO BRUTO 97\/214 KG\/LIBRA<\/p>\n<p>&nbsp;<\/p>\n<p>3GR.:<\/p>\n<p>VOLTAJE 230 &#8211; 400 \/ 240V<\/p>\n<p>POTENCIA 5.600 \/ 6.000W<\/p>\n<p>CALDERA 17\/3,7 LT\/UK GAL<\/p>\n<p>LARGO 1075\/42,3 MM\/PULG.<\/p>\n<p>ANCHO 582\/22,9 MM\/PULG.<\/p>\n<p>ALTO 582\/22,9 MM\/PULG.<\/p>\n<p>PESO NETO 99\/218 KG\/LIBRA<\/p>\n<p>PESO BRUTO 141\/311 KG\/LIBRA<\/p>\n<p>&nbsp;<\/p>\n<p><u>Colores<\/u><\/p>\n<p>BLANCO \/ CROMO<\/p>\n<p>NEGRO \/ CROMO<\/p>\n<p>MARR\u00d3N \/ CROMO<\/p>\n<p>&nbsp;<\/p>\n<p><u>Display<\/u><\/p>\n<p>SAE TS \/ SAE:<\/p>\n<p>Cuenta de erogaciones totales para cada grupo y para cada dosis Funci\u00f3n crono Visualizaci\u00f3n del tiempo de suministro para cada grupo Estad\u00edsticas de uso Visualizaci\u00f3n de las estad\u00edsticas de los consumos de forma semanal, mensual y anual Men\u00fa con iconos Navegaci\u00f3n por el men\u00fa \u201cpantalla t\u00e1ctil intuitiva e inmediata Detalle de par\u00e1metros Ajuste sencillo de los par\u00e1metros de la m\u00e1quina.<\/p>\n<p>&nbsp;<\/p>\n<p><u>Componentes est\u00e1ndares<\/u><\/p>\n<p>SAE TS \/ SAE<\/p>\n<p>Display Touchscreen<\/p>\n<p>Panel de pulsadores de 6 dosis con botonera retro iluminad<\/p>\n<p>AEA (entrada autom\u00e1tica de agua)<\/p>\n<p>Calienta tazas electr\u00f3nico<\/p>\n<p>Visualizaci\u00f3n del nivel de la caldera mediante pantalla<\/p>\n<p>Luces blancas de los paneles laterales<\/p>\n<p>Porta filtros ergon\u00f3micos<\/p>\n<p>Agua caliente mezclada<\/p>\n<p>Iluminaci\u00f3n LED de la encimera<\/p>\n<p>&nbsp;<\/p>\n<p><u>Opcionales<\/u><\/p>\n<p>SAE TS \/ SAE:<\/p>\n<p>Rejilla abatible en cada grupo<\/p>\n<p>Motobomba interior<\/p>\n<p>Luces RGB multicolores en los paneles laterales<\/p>\n<p>Lancetas de vapor Cool Touch<\/p>\n<p>Autosteamer<\/p>","protected":false},"excerpt":{"rendered":"<p>Inspirada al estilo Vintage de los a\u00f1os 60, Sabrina, la reci\u00e9n nacida en casa Astoria, se diferencia por su car\u00e1cter y elegancia.<\/p>\n<p>L\u00edneas sinuosas y arm\u00f3nicas, enfatizadas por toques de luz que se irradian en el fondo, caracterizan los paneles laterales de la m\u00e1quina, mientras rasgos m\u00f3rbidos y din\u00e1micos unen el car\u00e1cter profesional con el estilo decidido, pero refinado, de los cubre grupos cromados.<\/p>\n<p>Un estilo \u00fanico y cautivador al servicio de la tecnolog\u00eda, funcionalidad y fiabilidad, que dan como resultado gran versatilidad y calidad en todas las prestaciones.<\/p>\n<p>Direcci\u00f3n: <a href=\"https:\/\/maps.app.goo.gl\/aYtoH6YJSZeJC3JQ8\">Calle Bol\u00edvar 472 Oficina 1106, Miraflores Lima 18 Lima, Per\u00fa<\/a><\/p>\n<p>Correo: <a href=\"mailto:elingan@grandcafe.com.pe\">elingan@grandcafe.com.pe<\/a><\/p>\n<p>Instagram: <a href=\"https:\/\/www.instagram.com\/astoria.wega.peru\/\">astoria.wega.peru<\/a>\u00a0 |\u00a0 <a href=\"https:\/\/www.instagram.com\/titocafecito\/\">titocafecito<\/a><\/p>\n<p>Contacto: Eduardo Ling\u00e1n Marrou &#8211; Tito Cafecito<\/p>\n<p>Solicite cotizaci\u00f3n al: <a href=\"tel:51987951606\">(+51) 987951606<\/a><\/p>\n<p>Cat\u00e1logo: <a href=\"https:\/\/cdn.sanity.io\/files\/lx2h63p2\/production\/9a6c28e395aa5743d6b1b61f34fc4724032ccb12.pdf\" target=\"_blank\" rel=\"noopener\"><img decoding=\"async\" class=\"alignnone wp-image-21215 size-full\" src=\"http:\/\/nonamepublicidad.com\/wp-content\/uploads\/2024\/06\/catalogo.webp\" alt=\"Cat\u00e1logo\" width=\"25\" height=\"36\" \/><\/a><\/p>\n<div class=\"nta_wa_button\" data-id=\"21211\" data-info=\"{&quot;name&quot;:&quot;Tito Cafecito&quot;,&quot;info&quot;:{&quot;number&quot;:&quot;+51987951606&quot;,&quot;title&quot;:&quot;Tito Cafecito | Tienda&quot;,&quot;predefinedText&quot;:&quot;Hola Tito Cafecito. Me gustar\\u00eda m\\u00e1s informaci\\u00f3n de [njwa_page_title] Este es el link [njwa_page_url]&quot;,&quot;willBeBackText&quot;:&quot;I will be back in [njwa_time_work]&quot;,&quot;dayOffsText&quot;:&quot;I will be back soon&quot;,&quot;isAlwaysAvailable&quot;:&quot;ON&quot;,&quot;daysOfWeekWorking&quot;:{&quot;sunday&quot;:{&quot;isWorkingOnDay&quot;:&quot;OFF&quot;,&quot;workHours&quot;:[{&quot;startTime&quot;:&quot;08:00&quot;,&quot;endTime&quot;:&quot;17:30&quot;}]},&quot;monday&quot;:{&quot;isWorkingOnDay&quot;:&quot;OFF&quot;,&quot;workHours&quot;:[{&quot;startTime&quot;:&quot;08:00&quot;,&quot;endTime&quot;:&quot;17:30&quot;}]},&quot;tuesday&quot;:{&quot;isWorkingOnDay&quot;:&quot;OFF&quot;,&quot;workHours&quot;:[{&quot;startTime&quot;:&quot;08:00&quot;,&quot;endTime&quot;:&quot;17:30&quot;}]},&quot;wednesday&quot;:{&quot;isWorkingOnDay&quot;:&quot;OFF&quot;,&quot;workHours&quot;:[{&quot;startTime&quot;:&quot;08:00&quot;,&quot;endTime&quot;:&quot;17:30&quot;}]},&quot;thursday&quot;:{&quot;isWorkingOnDay&quot;:&quot;OFF&quot;,&quot;workHours&quot;:[{&quot;startTime&quot;:&quot;08:00&quot;,&quot;endTime&quot;:&quot;17:30&quot;}]},&quot;friday&quot;:{&quot;isWorkingOnDay&quot;:&quot;OFF&quot;,&quot;workHours&quot;:[{&quot;startTime&quot;:&quot;08:00&quot;,&quot;endTime&quot;:&quot;17:30&quot;}]},&quot;saturday&quot;:{&quot;isWorkingOnDay&quot;:&quot;OFF&quot;,&quot;workHours&quot;:[{&quot;startTime&quot;:&quot;08:00&quot;,&quot;endTime&quot;:&quot;17:30&quot;}]}}},&quot;styles&quot;:{&quot;type&quot;:&quot;round&quot;,&quot;backgroundColor&quot;:&quot;#2DB742&quot;,&quot;textColor&quot;:&quot;#fff&quot;,&quot;label&quot;:&quot;Necesitas ayuda? Hablemos&quot;,&quot;width&quot;:300,&quot;height&quot;:64},&quot;avatar&quot;:&quot;https:\\\/\\\/nonamepublicidad.com\\\/wp-content\\\/uploads\\\/2024\\\/06\\\/tito_cafecito.webp&quot;,&quot;options&quot;:{&quot;display&quot;:{&quot;displayCondition&quot;:&quot;showAllPage&quot;,&quot;includePages&quot;:[],&quot;excludePages&quot;:[],&quot;includePosts&quot;:[],&quot;showOnDesktop&quot;:&quot;ON&quot;,&quot;showOnMobile&quot;:&quot;ON&quot;,&quot;time_symbols&quot;:&quot;h:m&quot;},&quot;styles&quot;:{&quot;title&quot;:&quot;Start a Conversation&quot;,&quot;responseText&quot;:&quot;The team typically replies in a few minutes.&quot;,&quot;description&quot;:&quot;Hi! Click one of our member below to chat on &lt;strong&gt;WhatsApp&lt;\\\/strong&gt;&quot;,&quot;backgroundColor&quot;:&quot;#2db742&quot;,&quot;textColor&quot;:&quot;#fff&quot;,&quot;scrollHeight&quot;:500,&quot;isShowScroll&quot;:&quot;OFF&quot;,&quot;isShowResponseText&quot;:&quot;ON&quot;,&quot;isShowPoweredBy&quot;:&quot;ON&quot;,&quot;btnLabel&quot;:&quot;Need Help? &lt;strong&gt;Chat with us&lt;\\\/strong&gt;&quot;,&quot;btnLabelWidth&quot;:156,&quot;btnPosition&quot;:&quot;right&quot;,&quot;btnLeftDistance&quot;:30,&quot;btnRightDistance&quot;:30,&quot;btnBottomDistance&quot;:30,&quot;isShowBtnLabel&quot;:&quot;ON&quot;,&quot;isShowGDPR&quot;:&quot;OFF&quot;,&quot;gdprContent&quot;:&quot;Please accept our &lt;a href=\\&quot;https:\\\/\\\/ninjateam.org\\\/privacy-policy\\\/\\&quot;&gt;privacy policy&lt;\\\/a&gt; first to start a conversation.&quot;,&quot;widgetType&quot;:&quot;expandable&quot;},&quot;analytics&quot;:{&quot;enabledGoogle&quot;:&quot;OFF&quot;,&quot;enabledFacebook&quot;:&quot;OFF&quot;,&quot;enabledGoogleGA4&quot;:&quot;OFF&quot;}},&quot;gdprStatus&quot;:false,&quot;defaultAvatar&quot;:&quot;https:\\\/\\\/nonamepublicidad.com\\\/wp-content\\\/plugins\\\/whatsapp-for-wordpress\\\/assets\\\/img\\\/whatsapp_logo.svg&quot;}\"><\/div>\n<div style=\"visibility: hidden;\">maquina de cafe, cafetera, cafetera espresso, cafeteras automaticas, maquinas de cafe, maquinas de cafe para empresas, cafeteras industriales, maquina de espresso, maquina para cafe, maquina para hacer cafe<\/div>\n","protected":false},"featured_media":21229,"comment_status":"open","ping_status":"closed","template":"","meta":[],"product_brand":[],"product_cat":[5147,153,5149],"product_tag":[2931,5133,5134,5137,5132,5138,5139,5140,5135,5136],"class_list":{"0":"post-21261","1":"product","2":"type-product","3":"status-publish","4":"has-post-thumbnail","6":"product_cat-gastronomia-y-hoteleria","7":"product_cat-industrias-y-oficinas","8":"product_cat-maquinas-de-cafe","9":"product_tag-cafetera","10":"product_tag-cafetera-espresso","11":"product_tag-cafeteras-automaticas","12":"product_tag-cafeteras-industriales","13":"product_tag-maquina-de-cafe","14":"product_tag-maquina-de-espresso","15":"product_tag-maquina-para-cafe","16":"product_tag-maquina-para-hacer-cafe","17":"product_tag-maquinas-de-cafe","18":"product_tag-maquinas-de-cafe-para-empresas","20":"first","21":"instock","22":"virtual","23":"taxable","24":"product-type-simple"},"_links":{"self":[{"href":"https:\/\/nonamepublicidad.com\/en\/wp-json\/wp\/v2\/product\/21261","targetHints":{"allow":["GET"]}}],"collection":[{"href":"https:\/\/nonamepublicidad.com\/en\/wp-json\/wp\/v2\/product"}],"about":[{"href":"https:\/\/nonamepublicidad.com\/en\/wp-json\/wp\/v2\/types\/product"}],"replies":[{"embeddable":true,"href":"https:\/\/nonamepublicidad.com\/en\/wp-json\/wp\/v2\/comments?post=21261"}],"version-history":[{"count":0,"href":"https:\/\/nonamepublicidad.com\/en\/wp-json\/wp\/v2\/product\/21261\/revisions"}],"wp:featuredmedia":[{"embeddable":true,"href":"https:\/\/nonamepublicidad.com\/en\/wp-json\/wp\/v2\/media\/21229"}],"wp:attachment":[{"href":"https:\/\/nonamepublicidad.com\/en\/wp-json\/wp\/v2\/media?parent=21261"}],"wp:term":[{"taxonomy":"product_brand","embeddable":true,"href":"https:\/\/nonamepublicidad.com\/en\/wp-json\/wp\/v2\/product_brand?post=21261"},{"taxonomy":"product_cat","embeddable":true,"href":"https:\/\/nonamepublicidad.com\/en\/wp-json\/wp\/v2\/product_cat?post=21261"},{"taxonomy":"product_tag","embeddable":true,"href":"https:\/\/nonamepublicidad.com\/en\/wp-json\/wp\/v2\/product_tag?post=21261"}],"curies":[{"name":"wp","href":"https:\/\/api.w.org\/{rel}","templated":true}]}}