{"id":21290,"date":"2024-06-04T20:27:07","date_gmt":"2024-06-05T01:27:07","guid":{"rendered":"http:\/\/nonamepublicidad.com\/?post_type=product&#038;p=21290"},"modified":"2024-12-02T08:50:18","modified_gmt":"2024-12-02T13:50:18","slug":"mini-molinillos-astoria","status":"publish","type":"product","link":"https:\/\/nonamepublicidad.com\/en\/product\/mini-molinillos-astoria\/","title":{"rendered":"Mini Molinillos Astoria"},"content":{"rendered":"<p style=\"text-align: center;\"><iframe style=\"border: 0;\" src=\"https:\/\/www.google.com\/maps\/embed?pb=!1m18!1m12!1m3!1d124857.27811266696!2d-77.13544381681135!3d-12.057969158904772!2m3!1f0!2f0!3f0!3m2!1i1024!2i768!4f13.1!3m3!1m2!1s0x9105c81c5885ecd9%3A0x7c859598396df6d1!2sGrand%20Caf%C3%A9!5e0!3m2!1ses-419!2spe!4v1717407744880!5m2!1ses-419!2spe\" width=\"600\" height=\"450\" allowfullscreen=\"allowfullscreen\"><\/iframe><\/p>\n<p>&nbsp;<\/p>\n<p><u>Caracter\u00edsticas<\/u><\/p>\n<p>MANUAL:<\/p>\n<p>TENSI\u00d3N 230\/240\/400V<\/p>\n<p>POTENCIA 250W<\/p>\n<p>MUELAS PLANAS 58 MM DE DI\u00c1METRO<\/p>\n<p>REVOLUCIONES MUELAS 1400 RPM (50 HZ) 1600 RPM (60 HZ)<\/p>\n<p>CAPACIDAD DEL RECIPIENTE DE CAF\u00c9 EN GRANO 0,6 KILOGRAMOS<\/p>\n<p>CAPACIDAD DEL DEP\u00d3SITO DE CAF\u00c9 MOLIDO 200 GRAMOS<\/p>\n<p>REGULACI\u00d3N DE DOSIS 5,5 &#8211; 8 GRAMOS<\/p>\n<p>PESO NETO 10,2 KILOS<\/p>\n<p>ANCHO 168 MIL\u00cdMETROS<\/p>\n<p>ABAJO 340 MIL\u00cdMETROS<\/p>\n<p>ALTO 470 MIL\u00cdMETROS<\/p>\n<p>&nbsp;<\/p>\n<p>ELECTR\u00d3NICO:<\/p>\n<p>TENSI\u00d3N 110\/230\/240V<\/p>\n<p>POTENCIA 250W<\/p>\n<p>MUELAS PLANAS \u00d864MM<\/p>\n<p>REVOLUCIONES MUELAS 1400 RPM (50 HZ) 1600 RPM (60 HZ)<\/p>\n<p>CAPACIDAD DEL RECIPIENTE DE CAF\u00c9 EN GRANO 0,6 KILOGRAMOS<\/p>\n<p>PESO NETO 10,2 KILOS<\/p>\n<p>ANCHO 168 MIL\u00cdMETROS<\/p>\n<p>ABAJO 340 MIL\u00cdMETROS<\/p>\n<p>ALTO 470 MIL\u00cdMETROS<\/p>\n<p>&nbsp;<\/p>\n<p><u>Colores<\/u><\/p>\n<p>ALUMINIO<\/p>","protected":false},"excerpt":{"rendered":"<p>Este modelo, equipado con una botonera de mando, permite moler el caf\u00e9 de manera instant\u00e1nea mediante el dispositivo electr\u00f3nico de selecci\u00f3n de la dosis, que se puede regular a placer tanto para dosis individual como doble. Una funci\u00f3n adicional muy \u00fatil es el contador de dosis molidas disponible en la pantalla. Mini es perfecto para los locales en los que los vol\u00famenes son m\u00e1s bien limitados y la atenci\u00f3n se centra en la calidad del caf\u00e9 servido.<\/p>\n<p>Direcci\u00f3n: <a href=\"https:\/\/maps.app.goo.gl\/aYtoH6YJSZeJC3JQ8\">Calle Bol\u00edvar 472 Oficina 1106, Miraflores Lima 18 Lima, Per\u00fa<\/a><\/p>\n<p>Correo: <a href=\"mailto:elingan@grandcafe.com.pe\">elingan@grandcafe.com.pe<\/a><\/p>\n<p>Instagram: <a href=\"https:\/\/www.instagram.com\/astoria.wega.peru\/\">astoria.wega.peru<\/a>\u00a0 |\u00a0 <a href=\"https:\/\/www.instagram.com\/titocafecito\/\">titocafecito<\/a><\/p>\n<p>Contacto: Eduardo Ling\u00e1n Marrou &#8211; Tito Cafecito<\/p>\n<p>Solicite cotizaci\u00f3n al: <a href=\"tel:51987951606\">(+51) 987951606<\/a><\/p>\n<div class=\"nta_wa_button\" data-id=\"21211\" data-info=\"{&quot;name&quot;:&quot;Tito Cafecito&quot;,&quot;info&quot;:{&quot;number&quot;:&quot;+51987951606&quot;,&quot;title&quot;:&quot;Tito Cafecito | Tienda&quot;,&quot;predefinedText&quot;:&quot;Hola Tito Cafecito. Me gustar\\u00eda m\\u00e1s informaci\\u00f3n de [njwa_page_title] Este es el link [njwa_page_url]&quot;,&quot;willBeBackText&quot;:&quot;I will be back in [njwa_time_work]&quot;,&quot;dayOffsText&quot;:&quot;I will be back soon&quot;,&quot;isAlwaysAvailable&quot;:&quot;ON&quot;,&quot;daysOfWeekWorking&quot;:{&quot;sunday&quot;:{&quot;isWorkingOnDay&quot;:&quot;OFF&quot;,&quot;workHours&quot;:[{&quot;startTime&quot;:&quot;08:00&quot;,&quot;endTime&quot;:&quot;17:30&quot;}]},&quot;monday&quot;:{&quot;isWorkingOnDay&quot;:&quot;OFF&quot;,&quot;workHours&quot;:[{&quot;startTime&quot;:&quot;08:00&quot;,&quot;endTime&quot;:&quot;17:30&quot;}]},&quot;tuesday&quot;:{&quot;isWorkingOnDay&quot;:&quot;OFF&quot;,&quot;workHours&quot;:[{&quot;startTime&quot;:&quot;08:00&quot;,&quot;endTime&quot;:&quot;17:30&quot;}]},&quot;wednesday&quot;:{&quot;isWorkingOnDay&quot;:&quot;OFF&quot;,&quot;workHours&quot;:[{&quot;startTime&quot;:&quot;08:00&quot;,&quot;endTime&quot;:&quot;17:30&quot;}]},&quot;thursday&quot;:{&quot;isWorkingOnDay&quot;:&quot;OFF&quot;,&quot;workHours&quot;:[{&quot;startTime&quot;:&quot;08:00&quot;,&quot;endTime&quot;:&quot;17:30&quot;}]},&quot;friday&quot;:{&quot;isWorkingOnDay&quot;:&quot;OFF&quot;,&quot;workHours&quot;:[{&quot;startTime&quot;:&quot;08:00&quot;,&quot;endTime&quot;:&quot;17:30&quot;}]},&quot;saturday&quot;:{&quot;isWorkingOnDay&quot;:&quot;OFF&quot;,&quot;workHours&quot;:[{&quot;startTime&quot;:&quot;08:00&quot;,&quot;endTime&quot;:&quot;17:30&quot;}]}}},&quot;styles&quot;:{&quot;type&quot;:&quot;round&quot;,&quot;backgroundColor&quot;:&quot;#2DB742&quot;,&quot;textColor&quot;:&quot;#fff&quot;,&quot;label&quot;:&quot;Necesitas ayuda? Hablemos&quot;,&quot;width&quot;:300,&quot;height&quot;:64},&quot;avatar&quot;:&quot;https:\\\/\\\/nonamepublicidad.com\\\/wp-content\\\/uploads\\\/2024\\\/06\\\/tito_cafecito.webp&quot;,&quot;options&quot;:{&quot;display&quot;:{&quot;displayCondition&quot;:&quot;showAllPage&quot;,&quot;includePages&quot;:[],&quot;excludePages&quot;:[],&quot;includePosts&quot;:[],&quot;showOnDesktop&quot;:&quot;ON&quot;,&quot;showOnMobile&quot;:&quot;ON&quot;,&quot;time_symbols&quot;:&quot;h:m&quot;},&quot;styles&quot;:{&quot;title&quot;:&quot;Start a Conversation&quot;,&quot;responseText&quot;:&quot;The team typically replies in a few minutes.&quot;,&quot;description&quot;:&quot;Hi! Click one of our member below to chat on &lt;strong&gt;WhatsApp&lt;\\\/strong&gt;&quot;,&quot;backgroundColor&quot;:&quot;#2db742&quot;,&quot;textColor&quot;:&quot;#fff&quot;,&quot;scrollHeight&quot;:500,&quot;isShowScroll&quot;:&quot;OFF&quot;,&quot;isShowResponseText&quot;:&quot;ON&quot;,&quot;isShowPoweredBy&quot;:&quot;ON&quot;,&quot;btnLabel&quot;:&quot;Need Help? &lt;strong&gt;Chat with us&lt;\\\/strong&gt;&quot;,&quot;btnLabelWidth&quot;:156,&quot;btnPosition&quot;:&quot;right&quot;,&quot;btnLeftDistance&quot;:30,&quot;btnRightDistance&quot;:30,&quot;btnBottomDistance&quot;:30,&quot;isShowBtnLabel&quot;:&quot;ON&quot;,&quot;isShowGDPR&quot;:&quot;OFF&quot;,&quot;gdprContent&quot;:&quot;Please accept our &lt;a href=\\&quot;https:\\\/\\\/ninjateam.org\\\/privacy-policy\\\/\\&quot;&gt;privacy policy&lt;\\\/a&gt; first to start a conversation.&quot;,&quot;widgetType&quot;:&quot;expandable&quot;},&quot;analytics&quot;:{&quot;enabledGoogle&quot;:&quot;OFF&quot;,&quot;enabledFacebook&quot;:&quot;OFF&quot;,&quot;enabledGoogleGA4&quot;:&quot;OFF&quot;}},&quot;gdprStatus&quot;:false,&quot;defaultAvatar&quot;:&quot;https:\\\/\\\/nonamepublicidad.com\\\/wp-content\\\/plugins\\\/whatsapp-for-wordpress\\\/assets\\\/img\\\/whatsapp_logo.svg&quot;}\"><\/div>\n<div style=\"visibility: hidden;\">molinillo de cafe, molino de cafe, molino de cafe industrial, maquina moledora de cafe, molino para cafe en grano, moledor de caf\u00e9 el\u00e9ctrico<\/div>\n","protected":false},"featured_media":21237,"comment_status":"open","ping_status":"closed","template":"","meta":[],"product_brand":[],"product_cat":[5147,153,5148],"product_tag":[5144,5146,5141,5142,5143,5145],"class_list":{"0":"post-21290","1":"product","2":"type-product","3":"status-publish","4":"has-post-thumbnail","6":"product_cat-gastronomia-y-hoteleria","7":"product_cat-industrias-y-oficinas","8":"product_cat-molinos-de-granos","9":"product_tag-maquina-moledora-de-cafe","10":"product_tag-moledor-de-cafe-electrico","11":"product_tag-molinillo-de-cafe","12":"product_tag-molino-de-cafe","13":"product_tag-molino-de-cafe-industrial","14":"product_tag-molino-para-cafe-en-grano","16":"first","17":"instock","18":"virtual","19":"taxable","20":"product-type-simple"},"_links":{"self":[{"href":"https:\/\/nonamepublicidad.com\/en\/wp-json\/wp\/v2\/product\/21290","targetHints":{"allow":["GET"]}}],"collection":[{"href":"https:\/\/nonamepublicidad.com\/en\/wp-json\/wp\/v2\/product"}],"about":[{"href":"https:\/\/nonamepublicidad.com\/en\/wp-json\/wp\/v2\/types\/product"}],"replies":[{"embeddable":true,"href":"https:\/\/nonamepublicidad.com\/en\/wp-json\/wp\/v2\/comments?post=21290"}],"version-history":[{"count":0,"href":"https:\/\/nonamepublicidad.com\/en\/wp-json\/wp\/v2\/product\/21290\/revisions"}],"wp:featuredmedia":[{"embeddable":true,"href":"https:\/\/nonamepublicidad.com\/en\/wp-json\/wp\/v2\/media\/21237"}],"wp:attachment":[{"href":"https:\/\/nonamepublicidad.com\/en\/wp-json\/wp\/v2\/media?parent=21290"}],"wp:term":[{"taxonomy":"product_brand","embeddable":true,"href":"https:\/\/nonamepublicidad.com\/en\/wp-json\/wp\/v2\/product_brand?post=21290"},{"taxonomy":"product_cat","embeddable":true,"href":"https:\/\/nonamepublicidad.com\/en\/wp-json\/wp\/v2\/product_cat?post=21290"},{"taxonomy":"product_tag","embeddable":true,"href":"https:\/\/nonamepublicidad.com\/en\/wp-json\/wp\/v2\/product_tag?post=21290"}],"curies":[{"name":"wp","href":"https:\/\/api.w.org\/{rel}","templated":true}]}}