{"id":21807,"date":"2024-08-15T17:16:29","date_gmt":"2024-08-15T22:16:29","guid":{"rendered":"http:\/\/nonamepublicidad.com\/?post_type=product&#038;p=21807"},"modified":"2024-12-20T23:21:26","modified_gmt":"2024-12-21T04:21:26","slug":"overol-drill-fedseg","status":"publish","type":"product","link":"https:\/\/nonamepublicidad.com\/en\/product\/overol-drill-fedseg\/","title":{"rendered":"Overol Drill Fedseg"},"content":{"rendered":"<p style=\"text-align: center;\"><iframe style=\"border: 0;\" src=\"https:\/\/www.google.com\/maps\/embed?pb=!1m18!1m12!1m3!1d3901.521648150773!2d-77.03116292610424!3d-12.076398542450846!2m3!1f0!2f0!3f0!3m2!1i1024!2i768!4f13.1!3m3!1m2!1s0x9105c9ef23384109%3A0xe5f02537a146b36e!2sFEDSEG%20S.A.C.!5e0!3m2!1ses-419!2spe!4v1723760017547!5m2!1ses-419!2spe\" width=\"600\" height=\"450\" allowfullscreen=\"allowfullscreen\"><\/iframe><\/p>","protected":false},"excerpt":{"rendered":"<p>\u00bfBuscas la mejor protecci\u00f3n para tu equipo de trabajo?<\/p>\n<p>Nuestros overoles industriales est\u00e1n dise\u00f1ados para ofrecer m\u00e1xima seguridad y comodidad en cualquier entorno laboral.<\/p>\n<p>Overoles industriales en tela 100% algod\u00f3n con cintas reflectivas.<\/p>\n<ul>\n<li>Protecci\u00f3n personal<\/li>\n<li>Comodidad y movilidad<\/li>\n<li>Durabilidad<\/li>\n<li>Visibilidad mejorada<\/li>\n<li>Tallas S, M, L, XL, XXL, 3XL y 4XL<\/li>\n<li>Venta al por mayor<\/li>\n<li>Im\u00e1genes de referencia<\/li>\n<\/ul>\n<p>Direcci\u00f3n: <a href=\"https:\/\/maps.app.goo.gl\/t2NMvTPs9y86FoAV7\" target=\"_blank\" rel=\"noopener\">Av. Manco C\u00e1pac 1461 \u2013 La Victoria<\/a><\/p>\n<p>Correo: <a href=\"mailto:ventas@fedseg.com.pe\">ventas@fedseg.com.pe<\/a><\/p>\n<p>Facebook: <a href=\"https:\/\/www.facebook.com\/FedSegSAC\" target=\"_blank\" rel=\"noopener\">FedSegSAC<\/a><\/p>\n<p>Instagram: <a href=\"https:\/\/www.instagram.com\/fedseg_sac\/\" target=\"_blank\" rel=\"noopener\">fedseg_sac<\/a><\/p>\n<p>LinkedIn: <a href=\"https:\/\/www.linkedin.com\/company\/fedseg\/\" target=\"_blank\" rel=\"noopener\">fedseg<\/a><\/p>\n<p>Web: <a href=\"https:\/\/fedseg.com.pe\/\" target=\"_blank\" rel=\"noopener\">fedseg.com.pe<\/a><\/p>\n<p>Solicite cotizaci\u00f3n al: <a href=\"tel:51981176251\">(+51) 981176251<\/a><\/p>\n<div class=\"nta_wa_button\" data-id=\"21816\" data-info=\"{&quot;name&quot;:&quot;Ventas Fedseg SAC&quot;,&quot;info&quot;:{&quot;number&quot;:&quot;+51981176251&quot;,&quot;title&quot;:&quot;Fedseg SAC | Tienda&quot;,&quot;predefinedText&quot;:&quot;Hola Fedseg SAC. Me gustar\\u00eda m\\u00e1s informaci\\u00f3n de [njwa_page_title] Este es el link [njwa_page_url]&quot;,&quot;willBeBackText&quot;:&quot;I will be back in [njwa_time_work]&quot;,&quot;dayOffsText&quot;:&quot;I will be back soon&quot;,&quot;isAlwaysAvailable&quot;:&quot;ON&quot;,&quot;daysOfWeekWorking&quot;:{&quot;sunday&quot;:{&quot;isWorkingOnDay&quot;:&quot;OFF&quot;,&quot;workHours&quot;:[{&quot;startTime&quot;:&quot;08:00&quot;,&quot;endTime&quot;:&quot;17:30&quot;}]},&quot;monday&quot;:{&quot;isWorkingOnDay&quot;:&quot;OFF&quot;,&quot;workHours&quot;:[{&quot;startTime&quot;:&quot;08:00&quot;,&quot;endTime&quot;:&quot;17:30&quot;}]},&quot;tuesday&quot;:{&quot;isWorkingOnDay&quot;:&quot;OFF&quot;,&quot;workHours&quot;:[{&quot;startTime&quot;:&quot;08:00&quot;,&quot;endTime&quot;:&quot;17:30&quot;}]},&quot;wednesday&quot;:{&quot;isWorkingOnDay&quot;:&quot;OFF&quot;,&quot;workHours&quot;:[{&quot;startTime&quot;:&quot;08:00&quot;,&quot;endTime&quot;:&quot;17:30&quot;}]},&quot;thursday&quot;:{&quot;isWorkingOnDay&quot;:&quot;OFF&quot;,&quot;workHours&quot;:[{&quot;startTime&quot;:&quot;08:00&quot;,&quot;endTime&quot;:&quot;17:30&quot;}]},&quot;friday&quot;:{&quot;isWorkingOnDay&quot;:&quot;OFF&quot;,&quot;workHours&quot;:[{&quot;startTime&quot;:&quot;08:00&quot;,&quot;endTime&quot;:&quot;17:30&quot;}]},&quot;saturday&quot;:{&quot;isWorkingOnDay&quot;:&quot;OFF&quot;,&quot;workHours&quot;:[{&quot;startTime&quot;:&quot;08:00&quot;,&quot;endTime&quot;:&quot;17:30&quot;}]}}},&quot;styles&quot;:{&quot;type&quot;:&quot;round&quot;,&quot;backgroundColor&quot;:&quot;#2DB742&quot;,&quot;textColor&quot;:&quot;#fff&quot;,&quot;label&quot;:&quot;Necesitas ayuda? Hablemos&quot;,&quot;width&quot;:300,&quot;height&quot;:64},&quot;avatar&quot;:&quot;https:\\\/\\\/nonamepublicidad.com\\\/wp-content\\\/uploads\\\/2024\\\/08\\\/logo_fedseg_sac.webp&quot;,&quot;options&quot;:{&quot;display&quot;:{&quot;displayCondition&quot;:&quot;showAllPage&quot;,&quot;includePages&quot;:[],&quot;excludePages&quot;:[],&quot;includePosts&quot;:[],&quot;showOnDesktop&quot;:&quot;ON&quot;,&quot;showOnMobile&quot;:&quot;ON&quot;,&quot;time_symbols&quot;:&quot;h:m&quot;},&quot;styles&quot;:{&quot;title&quot;:&quot;Start a Conversation&quot;,&quot;responseText&quot;:&quot;The team typically replies in a few minutes.&quot;,&quot;description&quot;:&quot;Hi! Click one of our member below to chat on &lt;strong&gt;WhatsApp&lt;\\\/strong&gt;&quot;,&quot;backgroundColor&quot;:&quot;#2db742&quot;,&quot;textColor&quot;:&quot;#fff&quot;,&quot;scrollHeight&quot;:500,&quot;isShowScroll&quot;:&quot;OFF&quot;,&quot;isShowResponseText&quot;:&quot;ON&quot;,&quot;isShowPoweredBy&quot;:&quot;ON&quot;,&quot;btnLabel&quot;:&quot;Need Help? &lt;strong&gt;Chat with us&lt;\\\/strong&gt;&quot;,&quot;btnLabelWidth&quot;:156,&quot;btnPosition&quot;:&quot;right&quot;,&quot;btnLeftDistance&quot;:30,&quot;btnRightDistance&quot;:30,&quot;btnBottomDistance&quot;:30,&quot;isShowBtnLabel&quot;:&quot;ON&quot;,&quot;isShowGDPR&quot;:&quot;OFF&quot;,&quot;gdprContent&quot;:&quot;Please accept our &lt;a href=\\&quot;https:\\\/\\\/ninjateam.org\\\/privacy-policy\\\/\\&quot;&gt;privacy policy&lt;\\\/a&gt; first to start a conversation.&quot;,&quot;widgetType&quot;:&quot;expandable&quot;},&quot;analytics&quot;:{&quot;enabledGoogle&quot;:&quot;OFF&quot;,&quot;enabledFacebook&quot;:&quot;OFF&quot;,&quot;enabledGoogleGA4&quot;:&quot;OFF&quot;}},&quot;gdprStatus&quot;:false,&quot;defaultAvatar&quot;:&quot;https:\\\/\\\/nonamepublicidad.com\\\/wp-content\\\/plugins\\\/whatsapp-for-wordpress\\\/assets\\\/img\\\/whatsapp_logo.svg&quot;}\"><\/div>\n<div style=\"visibility: hidden;\">mamelucos industriales, ropa de seguridad, overol industrial, overol de trabajo, overol de seguridad, ropa industrial, overol drill<\/div>\n","protected":false},"featured_media":21804,"comment_status":"open","ping_status":"closed","template":"","meta":[],"product_brand":[],"product_cat":[135,128],"product_tag":[5187,5190,804,5191,5189,5188,781],"class_list":{"0":"post-21807","1":"product","2":"type-product","3":"status-publish","4":"has-post-thumbnail","6":"product_cat-enterizos-y-overoles","7":"product_cat-ropa-y-accesorios","8":"product_tag-mamelucos-industriales","9":"product_tag-overol-de-seguridad","10":"product_tag-overol-de-trabajo","11":"product_tag-overol-drill","12":"product_tag-overol-industrial","13":"product_tag-ropa-de-seguridad","14":"product_tag-ropa-industrial","16":"first","17":"instock","18":"virtual","19":"taxable","20":"product-type-simple"},"_links":{"self":[{"href":"https:\/\/nonamepublicidad.com\/en\/wp-json\/wp\/v2\/product\/21807","targetHints":{"allow":["GET"]}}],"collection":[{"href":"https:\/\/nonamepublicidad.com\/en\/wp-json\/wp\/v2\/product"}],"about":[{"href":"https:\/\/nonamepublicidad.com\/en\/wp-json\/wp\/v2\/types\/product"}],"replies":[{"embeddable":true,"href":"https:\/\/nonamepublicidad.com\/en\/wp-json\/wp\/v2\/comments?post=21807"}],"version-history":[{"count":0,"href":"https:\/\/nonamepublicidad.com\/en\/wp-json\/wp\/v2\/product\/21807\/revisions"}],"wp:featuredmedia":[{"embeddable":true,"href":"https:\/\/nonamepublicidad.com\/en\/wp-json\/wp\/v2\/media\/21804"}],"wp:attachment":[{"href":"https:\/\/nonamepublicidad.com\/en\/wp-json\/wp\/v2\/media?parent=21807"}],"wp:term":[{"taxonomy":"product_brand","embeddable":true,"href":"https:\/\/nonamepublicidad.com\/en\/wp-json\/wp\/v2\/product_brand?post=21807"},{"taxonomy":"product_cat","embeddable":true,"href":"https:\/\/nonamepublicidad.com\/en\/wp-json\/wp\/v2\/product_cat?post=21807"},{"taxonomy":"product_tag","embeddable":true,"href":"https:\/\/nonamepublicidad.com\/en\/wp-json\/wp\/v2\/product_tag?post=21807"}],"curies":[{"name":"wp","href":"https:\/\/api.w.org\/{rel}","templated":true}]}}