{"id":21984,"date":"2024-09-12T06:27:22","date_gmt":"2024-09-12T11:27:22","guid":{"rendered":"http:\/\/nonamepublicidad.com\/?post_type=product&#038;p=21984"},"modified":"2024-12-02T08:50:19","modified_gmt":"2024-12-02T13:50:19","slug":"runakuna-cafe-los-lirios","status":"publish","type":"product","link":"https:\/\/nonamepublicidad.com\/en\/product\/runakuna-cafe-los-lirios\/","title":{"rendered":"Runakuna Caf\u00e9 Los Lirios"},"content":{"rendered":"<p style=\"text-align: center;\"><iframe style=\"border: 0;\" src=\"https:\/\/www.google.com\/maps\/embed?pb=!1m18!1m12!1m3!1d3900.5825704283866!2d-77.01920212610263!3d-12.14068794365424!2m3!1f0!2f0!3f0!3m2!1i1024!2i768!4f13.1!3m3!1m2!1s0x9105b7fa071001d5%3A0xf0859c2b5ae99659!2sJr.%20Tejada%20101%2C%20Lima%2015049!5e0!3m2!1ses-419!2spe!4v1726396208766!5m2!1ses-419!2spe\" width=\"600\" height=\"450\" allowfullscreen=\"allowfullscreen\"><\/iframe><\/p>\n<p>&nbsp;<\/p>\n<p>Runakuna<\/p>\n<p>Nace de la palabra en quechua que significa \u201cuni\u00f3n de personas\u201d simboliza a todos los amantes del buen caf\u00e9 desde los productores, proveedores y clientes que buscan la calidad en cada sorbo.<\/p>\n<p>Runakuna somos todos los que en cada taza celebramos nuestra diversidad y uni\u00f3n de nuestra amada tierra.<\/p>\n<p>&nbsp;<\/p>\n<p>\u00bfPor qu\u00e9 elegirnos?<\/p>\n<p>Somos Yesenia y Gabriel apasionados por el Caf\u00e9 de especialidad que traducimos en cada tueste y servicio que ofrecemos. Runakuna nace un prop\u00f3sito solido en fomentar el consumo del buen caf\u00e9 que producimos en el Per\u00fa a trav\u00e9s de un trato trazable y justo en toda la cadena productiva, entre caficultores, proveedores y clientes realizando lazos a largo plazo.<\/p>\n<p>La calidad nos importa, es por ellos que siempre estamos en una mejora continua de nuestros procesos tanto en empaque, almacenamiento y tostado adecuado de cada grano de caf\u00e9.<\/p>\n<p>Tostamos todas las semanas, queremos que disfrutes de un caf\u00e9 fresco con el aroma y el sabor \u00fanico de cada origen.<\/p>\n<p>Envi\u00f3 y trato personalizado, nos interesa que te lleves la mejor experiencia en cada compra, te ayudamos en la preparaci\u00f3n de tu bebida y te orientamos en cada consulta que tengas.<\/p>\n<p>&nbsp;<\/p>\n<p>*Consultar stock, los precios no incluyen delivery. Sin embargo, nuestra tarifa es reducida siempre buscamos un costo accesible para que no te quedes sin disfrutar de nuestros caf\u00e9s, y accesorios, si cuentas con una cafeter\u00eda o deseas distribuir nuestros caf\u00e9s cont\u00e1ctanos para darte m\u00e1s informaci\u00f3n. +51 944413720 \/ +51 913173301<\/p>","protected":false},"excerpt":{"rendered":"<p>Origen Los Lirios, San Ignacio<\/p>\n<p>Zona: Chirinos, Cajamarca<\/p>\n<p>Altitud: 1850 m.s.n.m<\/p>\n<p>Variedad: Bourbon Rojo<\/p>\n<p>Proceso: Lavado<\/p>\n<p>Perfil sensorial: Notas a chocolate bitter, miel, toronja y mel\u00f3n, cuerpo sedoso, dulzor y acidez media, post gusto prolongado a bitter.<\/p>\n<p>Packing: 250 gr | 500 gr | 1 kg<\/p>\n<p>Productor: Nancy Lizana<\/p>\n<p>Puntuaci\u00f3n: +86<\/p>\n<p>Solic\u00edtalo en: Grano entero o molido.<\/p>\n<p>Delivery a nivel nacional.<\/p>\n<p>Direcci\u00f3n: <a href=\"https:\/\/maps.app.goo.gl\/6DWQk5GaCU3EEpXB7\" target=\"_blank\" rel=\"noopener\">Jr. Tejada 101 Barranco, Lima Per\u00fa<\/a><\/p>\n<p>Correo: <a href=\"mailto:runakunape.foods@gmail.com\">runakunape.foods@gmail.com<\/a><\/p>\n<p>Facebook: <a href=\"https:\/\/www.facebook.com\/profile.php?id=100079025503269&amp;locale=ms_MY\" target=\"_blank\" rel=\"noopener\">Runakuna.Coffee<\/a><\/p>\n<p>Instagram: <a href=\"https:\/\/www.instagram.com\/runakuna.coffee\/\" target=\"_blank\" rel=\"noopener\">@runakuna.coffee<\/a><\/p>\n<p>Linktree: <a href=\"https:\/\/linktr.ee\/runakunacoffee?utm_source=linktree_admin_share\" target=\"_blank\" rel=\"noopener\">runakunacoffee<\/a><\/p>\n<p>Contacto: Yesenia y Gabriel Villalobo<\/p>\n<p>Pedidos al: <a href=\"tel:51913173301\">(+51) 913173301<\/a><\/p>\n<p>Pedidos al: <a href=\"tel:51944413720\">(+51) 944413720<\/a><\/p>\n<div class=\"nta_wa_button\" data-id=\"21962\" data-info=\"{&quot;name&quot;:&quot;Runakuna Caf\\u00e9 1&quot;,&quot;info&quot;:{&quot;number&quot;:&quot;+51913173301&quot;,&quot;title&quot;:&quot;Runakuna Caf\\u00e9 | Tienda&quot;,&quot;predefinedText&quot;:&quot;Hola Yesenia y Gabriel. Me gustar\\u00eda m\\u00e1s informaci\\u00f3n de [njwa_page_title] Este es el link [njwa_page_url]&quot;,&quot;willBeBackText&quot;:&quot;I will be back in [njwa_time_work]&quot;,&quot;dayOffsText&quot;:&quot;I will be back soon&quot;,&quot;isAlwaysAvailable&quot;:&quot;ON&quot;,&quot;daysOfWeekWorking&quot;:{&quot;sunday&quot;:{&quot;isWorkingOnDay&quot;:&quot;OFF&quot;,&quot;workHours&quot;:[{&quot;startTime&quot;:&quot;08:00&quot;,&quot;endTime&quot;:&quot;17:30&quot;}]},&quot;monday&quot;:{&quot;isWorkingOnDay&quot;:&quot;OFF&quot;,&quot;workHours&quot;:[{&quot;startTime&quot;:&quot;08:00&quot;,&quot;endTime&quot;:&quot;17:30&quot;}]},&quot;tuesday&quot;:{&quot;isWorkingOnDay&quot;:&quot;OFF&quot;,&quot;workHours&quot;:[{&quot;startTime&quot;:&quot;08:00&quot;,&quot;endTime&quot;:&quot;17:30&quot;}]},&quot;wednesday&quot;:{&quot;isWorkingOnDay&quot;:&quot;OFF&quot;,&quot;workHours&quot;:[{&quot;startTime&quot;:&quot;08:00&quot;,&quot;endTime&quot;:&quot;17:30&quot;}]},&quot;thursday&quot;:{&quot;isWorkingOnDay&quot;:&quot;OFF&quot;,&quot;workHours&quot;:[{&quot;startTime&quot;:&quot;08:00&quot;,&quot;endTime&quot;:&quot;17:30&quot;}]},&quot;friday&quot;:{&quot;isWorkingOnDay&quot;:&quot;OFF&quot;,&quot;workHours&quot;:[{&quot;startTime&quot;:&quot;08:00&quot;,&quot;endTime&quot;:&quot;17:30&quot;}]},&quot;saturday&quot;:{&quot;isWorkingOnDay&quot;:&quot;OFF&quot;,&quot;workHours&quot;:[{&quot;startTime&quot;:&quot;08:00&quot;,&quot;endTime&quot;:&quot;17:30&quot;}]}}},&quot;styles&quot;:{&quot;type&quot;:&quot;round&quot;,&quot;backgroundColor&quot;:&quot;#2DB742&quot;,&quot;textColor&quot;:&quot;#fff&quot;,&quot;label&quot;:&quot;Necesitas ayuda? Hablemos&quot;,&quot;width&quot;:300,&quot;height&quot;:64},&quot;avatar&quot;:&quot;https:\\\/\\\/nonamepublicidad.com\\\/wp-content\\\/uploads\\\/2024\\\/09\\\/runakuna_cafe_yesenia_y_gabriel.webp&quot;,&quot;options&quot;:{&quot;display&quot;:{&quot;displayCondition&quot;:&quot;showAllPage&quot;,&quot;includePages&quot;:[],&quot;excludePages&quot;:[],&quot;includePosts&quot;:[],&quot;showOnDesktop&quot;:&quot;ON&quot;,&quot;showOnMobile&quot;:&quot;ON&quot;,&quot;time_symbols&quot;:&quot;h:m&quot;},&quot;styles&quot;:{&quot;title&quot;:&quot;Start a Conversation&quot;,&quot;responseText&quot;:&quot;The team typically replies in a few minutes.&quot;,&quot;description&quot;:&quot;Hi! Click one of our member below to chat on &lt;strong&gt;WhatsApp&lt;\\\/strong&gt;&quot;,&quot;backgroundColor&quot;:&quot;#2db742&quot;,&quot;textColor&quot;:&quot;#fff&quot;,&quot;scrollHeight&quot;:500,&quot;isShowScroll&quot;:&quot;OFF&quot;,&quot;isShowResponseText&quot;:&quot;ON&quot;,&quot;isShowPoweredBy&quot;:&quot;ON&quot;,&quot;btnLabel&quot;:&quot;Need Help? &lt;strong&gt;Chat with us&lt;\\\/strong&gt;&quot;,&quot;btnLabelWidth&quot;:156,&quot;btnPosition&quot;:&quot;right&quot;,&quot;btnLeftDistance&quot;:30,&quot;btnRightDistance&quot;:30,&quot;btnBottomDistance&quot;:30,&quot;isShowBtnLabel&quot;:&quot;ON&quot;,&quot;isShowGDPR&quot;:&quot;OFF&quot;,&quot;gdprContent&quot;:&quot;Please accept our &lt;a href=\\&quot;https:\\\/\\\/ninjateam.org\\\/privacy-policy\\\/\\&quot;&gt;privacy policy&lt;\\\/a&gt; first to start a conversation.&quot;,&quot;widgetType&quot;:&quot;expandable&quot;},&quot;analytics&quot;:{&quot;enabledGoogle&quot;:&quot;OFF&quot;,&quot;enabledFacebook&quot;:&quot;OFF&quot;,&quot;enabledGoogleGA4&quot;:&quot;OFF&quot;}},&quot;gdprStatus&quot;:false,&quot;defaultAvatar&quot;:&quot;https:\\\/\\\/nonamepublicidad.com\\\/wp-content\\\/plugins\\\/whatsapp-for-wordpress\\\/assets\\\/img\\\/whatsapp_logo.svg&quot;}\"><\/div>\n<div class=\"nta_wa_button\" data-id=\"21964\" data-info=\"{&quot;name&quot;:&quot;Runakuna Caf\\u00e9 2&quot;,&quot;info&quot;:{&quot;number&quot;:&quot;+51944413720&quot;,&quot;title&quot;:&quot;Runakuna Caf\\u00e9 | Tienda&quot;,&quot;predefinedText&quot;:&quot;Hola Yesenia y Gabriel. Me gustar\\u00eda m\\u00e1s informaci\\u00f3n de [njwa_page_title] Este es el link [njwa_page_url]&quot;,&quot;willBeBackText&quot;:&quot;I will be back in [njwa_time_work]&quot;,&quot;dayOffsText&quot;:&quot;I will be back soon&quot;,&quot;isAlwaysAvailable&quot;:&quot;ON&quot;,&quot;daysOfWeekWorking&quot;:{&quot;sunday&quot;:{&quot;isWorkingOnDay&quot;:&quot;OFF&quot;,&quot;workHours&quot;:[{&quot;startTime&quot;:&quot;08:00&quot;,&quot;endTime&quot;:&quot;17:30&quot;}]},&quot;monday&quot;:{&quot;isWorkingOnDay&quot;:&quot;OFF&quot;,&quot;workHours&quot;:[{&quot;startTime&quot;:&quot;08:00&quot;,&quot;endTime&quot;:&quot;17:30&quot;}]},&quot;tuesday&quot;:{&quot;isWorkingOnDay&quot;:&quot;OFF&quot;,&quot;workHours&quot;:[{&quot;startTime&quot;:&quot;08:00&quot;,&quot;endTime&quot;:&quot;17:30&quot;}]},&quot;wednesday&quot;:{&quot;isWorkingOnDay&quot;:&quot;OFF&quot;,&quot;workHours&quot;:[{&quot;startTime&quot;:&quot;08:00&quot;,&quot;endTime&quot;:&quot;17:30&quot;}]},&quot;thursday&quot;:{&quot;isWorkingOnDay&quot;:&quot;OFF&quot;,&quot;workHours&quot;:[{&quot;startTime&quot;:&quot;08:00&quot;,&quot;endTime&quot;:&quot;17:30&quot;}]},&quot;friday&quot;:{&quot;isWorkingOnDay&quot;:&quot;OFF&quot;,&quot;workHours&quot;:[{&quot;startTime&quot;:&quot;08:00&quot;,&quot;endTime&quot;:&quot;17:30&quot;}]},&quot;saturday&quot;:{&quot;isWorkingOnDay&quot;:&quot;OFF&quot;,&quot;workHours&quot;:[{&quot;startTime&quot;:&quot;08:00&quot;,&quot;endTime&quot;:&quot;17:30&quot;}]}}},&quot;styles&quot;:{&quot;type&quot;:&quot;round&quot;,&quot;backgroundColor&quot;:&quot;#2DB742&quot;,&quot;textColor&quot;:&quot;#fff&quot;,&quot;label&quot;:&quot;Necesitas ayuda? Hablemos&quot;,&quot;width&quot;:300,&quot;height&quot;:64},&quot;avatar&quot;:&quot;https:\\\/\\\/nonamepublicidad.com\\\/wp-content\\\/uploads\\\/2024\\\/09\\\/runakuna_cafe_yesenia_y_gabriel.webp&quot;,&quot;options&quot;:{&quot;display&quot;:{&quot;displayCondition&quot;:&quot;showAllPage&quot;,&quot;includePages&quot;:[],&quot;excludePages&quot;:[],&quot;includePosts&quot;:[],&quot;showOnDesktop&quot;:&quot;ON&quot;,&quot;showOnMobile&quot;:&quot;ON&quot;,&quot;time_symbols&quot;:&quot;h:m&quot;},&quot;styles&quot;:{&quot;title&quot;:&quot;Start a Conversation&quot;,&quot;responseText&quot;:&quot;The team typically replies in a few minutes.&quot;,&quot;description&quot;:&quot;Hi! Click one of our member below to chat on &lt;strong&gt;WhatsApp&lt;\\\/strong&gt;&quot;,&quot;backgroundColor&quot;:&quot;#2db742&quot;,&quot;textColor&quot;:&quot;#fff&quot;,&quot;scrollHeight&quot;:500,&quot;isShowScroll&quot;:&quot;OFF&quot;,&quot;isShowResponseText&quot;:&quot;ON&quot;,&quot;isShowPoweredBy&quot;:&quot;ON&quot;,&quot;btnLabel&quot;:&quot;Need Help? &lt;strong&gt;Chat with us&lt;\\\/strong&gt;&quot;,&quot;btnLabelWidth&quot;:156,&quot;btnPosition&quot;:&quot;right&quot;,&quot;btnLeftDistance&quot;:30,&quot;btnRightDistance&quot;:30,&quot;btnBottomDistance&quot;:30,&quot;isShowBtnLabel&quot;:&quot;ON&quot;,&quot;isShowGDPR&quot;:&quot;OFF&quot;,&quot;gdprContent&quot;:&quot;Please accept our &lt;a href=\\&quot;https:\\\/\\\/ninjateam.org\\\/privacy-policy\\\/\\&quot;&gt;privacy policy&lt;\\\/a&gt; first to start a conversation.&quot;,&quot;widgetType&quot;:&quot;expandable&quot;},&quot;analytics&quot;:{&quot;enabledGoogle&quot;:&quot;OFF&quot;,&quot;enabledFacebook&quot;:&quot;OFF&quot;,&quot;enabledGoogleGA4&quot;:&quot;OFF&quot;}},&quot;gdprStatus&quot;:false,&quot;defaultAvatar&quot;:&quot;https:\\\/\\\/nonamepublicidad.com\\\/wp-content\\\/plugins\\\/whatsapp-for-wordpress\\\/assets\\\/img\\\/whatsapp_logo.svg&quot;}\"><\/div>\n<p>Cat\u00e1logo en WhatsApp: <a href=\"https:\/\/wa.me\/c\/51913173301\" target=\"_blank\" rel=\"noopener\"><img decoding=\"async\" class=\"alignnone wp-image-21215 size-full\" src=\"http:\/\/nonamepublicidad.com\/wp-content\/uploads\/2024\/06\/catalogo.webp\" alt=\"Cat\u00e1logo\" width=\"25\" height=\"36\" \/><\/a><\/p>\n<p>Cat\u00e1logo: <a href=\"https:\/\/drive.google.com\/file\/d\/1CjEMdpLv_-Mn44saOaHJL_LQcVAx4_9j\/view\" target=\"_blank\" rel=\"noopener\"><img decoding=\"async\" class=\"alignnone size-full wp-image-21215\" src=\"http:\/\/nonamepublicidad.com\/wp-content\/uploads\/2024\/06\/catalogo.webp\" alt=\"Cat\u00e1logo\" width=\"25\" height=\"36\" \/><\/a><\/p>\n<p>Cotizaci\u00f3n: <a href=\"https:\/\/docs.google.com\/forms\/d\/1AQREfzeOUU_r5yWowmNgVZFlnQn-gCygeJtN_rYSJ6s\/viewform?edit_requested=true\" target=\"_blank\" rel=\"noopener\"><img decoding=\"async\" class=\"alignnone size-full wp-image-21968\" src=\"http:\/\/nonamepublicidad.com\/wp-content\/uploads\/2024\/09\/cotizacion.webp\" alt=\"Cotizaci\u00f3n\" width=\"25\" height=\"36\" \/><\/a><\/p>\n<div style=\"visibility: hidden;\">bolsa de cafe, caf\u00e9, caf\u00e9 arom\u00e1tico, cafe en grano, cafe especial, caf\u00e9 de especialidad, cafe gourmet, cafe molido, caf\u00e9 org\u00e1nico, caf\u00e9 peruano, coffee, marcas de cafe, precio del cafe en la bolsa, precio del cafe en peru, precio del cafe hoy, tipos de cafe para tomar<\/div>\n","protected":false},"featured_media":21979,"comment_status":"open","ping_status":"closed","template":"","meta":[],"product_brand":[],"product_cat":[113,107],"product_tag":[3789,529,1022,1672,3795,3794,3793,3796,1389,1020,2466,3792,3787,3790,3788,3791],"class_list":{"0":"post-21984","1":"product","2":"type-product","3":"status-publish","4":"has-post-thumbnail","6":"product_cat-alimentos-y-bebidas","7":"product_cat-otras-categorias","8":"product_tag-bolsa-de-cafe","9":"product_tag-cafe","10":"product_tag-cafe-aromatico","11":"product_tag-cafe-de-especialidad","12":"product_tag-cafe-en-grano","13":"product_tag-cafe-especial","14":"product_tag-cafe-gourmet","15":"product_tag-cafe-molido","16":"product_tag-cafe-organico","17":"product_tag-cafe-peruano","18":"product_tag-coffee","19":"product_tag-marcas-de-cafe","20":"product_tag-precio-del-cafe-en-la-bolsa","21":"product_tag-precio-del-cafe-en-peru","22":"product_tag-precio-del-cafe-hoy","23":"product_tag-tipos-de-cafe-para-tomar","25":"first","26":"instock","27":"virtual","28":"taxable","29":"product-type-simple"},"_links":{"self":[{"href":"https:\/\/nonamepublicidad.com\/en\/wp-json\/wp\/v2\/product\/21984","targetHints":{"allow":["GET"]}}],"collection":[{"href":"https:\/\/nonamepublicidad.com\/en\/wp-json\/wp\/v2\/product"}],"about":[{"href":"https:\/\/nonamepublicidad.com\/en\/wp-json\/wp\/v2\/types\/product"}],"replies":[{"embeddable":true,"href":"https:\/\/nonamepublicidad.com\/en\/wp-json\/wp\/v2\/comments?post=21984"}],"version-history":[{"count":0,"href":"https:\/\/nonamepublicidad.com\/en\/wp-json\/wp\/v2\/product\/21984\/revisions"}],"wp:featuredmedia":[{"embeddable":true,"href":"https:\/\/nonamepublicidad.com\/en\/wp-json\/wp\/v2\/media\/21979"}],"wp:attachment":[{"href":"https:\/\/nonamepublicidad.com\/en\/wp-json\/wp\/v2\/media?parent=21984"}],"wp:term":[{"taxonomy":"product_brand","embeddable":true,"href":"https:\/\/nonamepublicidad.com\/en\/wp-json\/wp\/v2\/product_brand?post=21984"},{"taxonomy":"product_cat","embeddable":true,"href":"https:\/\/nonamepublicidad.com\/en\/wp-json\/wp\/v2\/product_cat?post=21984"},{"taxonomy":"product_tag","embeddable":true,"href":"https:\/\/nonamepublicidad.com\/en\/wp-json\/wp\/v2\/product_tag?post=21984"}],"curies":[{"name":"wp","href":"https:\/\/api.w.org\/{rel}","templated":true}]}}