{"id":22337,"date":"2024-11-28T19:57:14","date_gmt":"2024-11-29T00:57:14","guid":{"rendered":"https:\/\/nonamepublicidad.com\/?post_type=product&#038;p=22337"},"modified":"2024-12-02T08:50:19","modified_gmt":"2024-12-02T13:50:19","slug":"bus-a-oruro","status":"publish","type":"product","link":"https:\/\/nonamepublicidad.com\/en\/product\/bus-a-oruro\/","title":{"rendered":"Bus a Oruro"},"content":{"rendered":"<p><strong>Quienes Somos<\/strong><\/p>\n<p>Trans Salvador S.R.L. pioneros en el transporte Internacional<\/p>\n<p>Los medios de transporte han experimentado una evoluci\u00f3n espectacular desde sus or\u00edgenes hasta nuestros d\u00edas; hoy gracias a las empresas dedicadas a brindar este servicio, es posible transportar pasajeros de una ciudad a otra o de un pa\u00eds a otro. En tal sentido el transporte, es considerado como un par\u00e1metro de progreso en las regiones, lo cual se refleja en la infraestructura de las v\u00edas de comunicaci\u00f3n; por lo que en Bolivia todav\u00eda se viene realizando esfuerzos para mejorar la infraestructura vial.<\/p>\n<p>En lo que corresponde al transporte de pasajeros en el am bito nacional e internacional es evidente advertir que la demanda de este servicio deriva de las necesidades del comercio y turismo de los pasajeros.<\/p>\n<p>En tal sentido, la Empresa Internacional TRANS SALVADOR S.R.L. es una empresa legalmente establecida dedicada a brindar un ser vicio de calidad del transporte de pasajeros en el \u00e1mbito internacional hacia los vecinos pa\u00edses de Chile y Per\u00fa.<\/p>\n<p><strong>Antecedentes<\/strong><\/p>\n<p>TRANS SALVADOR S.R.L. Como empresa pionera del transporte terrestre internacional, comenz\u00f3 a ofrecer sus servicios en diciembre de 1992. En sus inicios, brindo servicios de transporte de pasajero en al \u00e1mbito provincial hasta las fronteras con el vecino pa\u00eds de Chile sin contar con sucursales propias.<\/p>\n<p>Su oficina central y toma de decisiones se encontraba en la ciudad de Oruro y su personal era reducido, considerado solo como transporte familiar a la cabeza de su gerente propietario Sr. Sergio Mollo y su se\u00f1ora esposa Martha Flores de Mollo.<\/p>\n<p>En 1996, la empresa ampl\u00eda sus servicios en el \u00e1mbito internacional desde las ciudades de Oruro, La Paz, Cochabamba en Bolivia hacia Arica e Iquique en Chile; a fin de satisfacer las exigencias de sus clientes los cuales fueron aumentando de manera significativa; este hecho produjo que la empresa opte por la adquisici\u00f3n de nuevos y modernas unidades (Buses) de trabajo.<\/p>\n<p>En el 2010 Trans Salvador sigui\u00f3 proyectando sus expectativas abarcando nuevos mercados por lo que se inaugur\u00f3 la ruta al vecino pa\u00eds del Peru con viajes directos desde La Paz hacia Cusco pasando por las ciudades de Puno y Juliaca. Este proyecto naci\u00f3 con el prop\u00f3sito de dar a los turistas una opci\u00f3n m\u00e1s de conocer nuevos lugares tur\u00edsticos tanto en Bolivia como en Per\u00fa; para tal efecto la empresa realiza contratos a delegaciones y grupos.<\/p>\n<p>En la actualidad TRANS SALVADOR encuentra legalmente establecida en el transporte internacional de pasajeros; posee clientes potenciales quienes realizan sus viajes a Chile a trav\u00e9s de dos rutas, mismas que pasan por las siguientes fronteras:<\/p>\n<p>Frontera Tambo Quemado \u2013 Chungara: esta frontera tiene la ventaja de ser completamente asfaltada tanto en el sector nacional (Bolivia) como internacional (Chile); por lo mismo es considerado una ruta m\u00e1s c\u00f3moda y segura.<\/p>\n<p>Frontera Pisiga \u2013 Colchane: A diferencia de la otra frontera esta presenta un tramo carretero en el sector nacional que no cuenta con el asfalto correspondiente, lo que implica ser una ruta insegura sobre todo en \u00e9pocas de lluvia.<\/p>\n<p>Por otro lado, en la ruta hacia Per\u00fa los viajes se realizan pasando por la frontera Desaguadero, misma que est\u00e1 completamente asfaltada por lo que los viajes se realizan de manera segura y c\u00f3moda.<\/p>\n<p><strong>Visi\u00f3n<\/strong><\/p>\n<p>Considerando al rubro al cual presta sus servicios Trans Salvador S.R.L. tiene como visi\u00f3n:<\/p>\n<p>\u201cOfrecer y brindar a los clientes un servicio eficaz y eficiente de transporte internacional salvaguardando el prestigio\u201d<\/p>\n<p><strong>Misi\u00f3n<\/strong><\/p>\n<p>Considerando al rubro al cual presta sus servicios Trans Salvador S.R.L. tiene como misi\u00f3n:<\/p>\n<p>\u201cOfrecer y brindar a los clientes un servicio eficaz y eficiente de transporte internacional salvaguardando el prestigio\u201d<\/p>\n<p><strong>Services<\/strong><\/p>\n<p>La empresa Trans Salvador S.R.L. con el fin dar mayor comodidad, seguridad y accesibilidad al cliente brinda el servicio con buses sal\u00f3n cama de 3 y 4 filas y los buses semi cama los mismos que durante el viaje disponen de servicio higi\u00e9nico, video, m\u00fasica ambiental y frazadas.<\/p>\n<p>A si mismo tomando como par\u00e1metro las necesidades y expectativas del cliente potencial trans salvador implemento durante el viaje servicio adicionales que consiste en una colaci\u00f3n (desayuno, almuerzo y refrigerio) ello dependiendo del horario de salida y el destino respectivamente.<\/p>\n<p>Finalmente agregar que como empresa tratamos constantemente de estimular la creaci\u00f3n de nuevas e innovadoras ideas para seguir mejorando la calidad del servicio y por ende la fidelidad de nuestros clientes.<\/p>\n<p><strong>Destinos:<\/strong><\/p>\n<p>Arica &#8211; Chile<\/p>\n<p>Iquique &#8211; Chile<\/p>\n<p>Calama &#8211; Chile<\/p>\n<p>Antofagasta &#8211; Chile<\/p>\n<p>Cusco &#8211; Peru<\/p>\n<p>La Paz &#8211; Bolivia<\/p>\n<p>Oruro &#8211; Bolivia<\/p>\n<p>Cochabamba &#8211; Bolivia<\/p>\n<p>Uyuni &#8211; Bolivia<\/p>\n<p>San Pedro De Atacama \u2013 Chile<\/p>","protected":false},"excerpt":{"rendered":"<p><strong>Oruro<\/strong><\/p>\n<p>Oruro es una ciudad hist\u00f3rica y legendaria, dentro de ella se atesoran varias muestras de su pasado de esplendor ligado sobre todo a la explotaci\u00f3n minera y el desarrollo comercial que promovi\u00f3 su crecimiento en d\u00e9cadas pasadas.<\/p>\n<p>Actualmente la ciudad de Oruro es considerada la capital del folklore boliviano, ya que ah\u00ed cada a\u00f1o se celebra uno de los carnavales m\u00e1s coloridos y llenos de tradiciones de Am\u00e9rica, que se traduce en una m\u00e1gica fusi\u00f3n pagano \u2013 religiosa, constituyendo as\u00ed un atractivo tur\u00edstico de singulares caracter\u00edsticas que anualmente genera la visita de turistas nacionales y extranjeros.<\/p>\n<p>Lugares tur\u00edsticos a visitar:<\/p>\n<ul>\n<li>Museo \u201cPati\u00f1o\u201d Casa de la Cultura<\/li>\n<li>Museo Etnogr\u00e1fico Minero<\/li>\n<li>Santuario De La Virgen Del Socav\u00f3n<\/li>\n<li>Carnaval de Oruro<\/li>\n<li>Parque Nacional Sajama<\/li>\n<li>Capilla Sixtina de Curahuara de Carangas<\/li>\n<li>Chullpares de Macaya<\/li>\n<li>Ciudadela de Alcaya<\/li>\n<li>Pampa Aullagas y la Atl\u00e1ntida de Los Andes<\/li>\n<li>Museo Ferroviario de Machacamarca<\/li>\n<li>Cultura Milenaria Chipaya<\/li>\n<li>Aguas Termales<\/li>\n<\/ul>\n<p>Trans Salvador es una empresa que brinda servicios de transporte Bolivia &#8211; Per\u00fa \u2013 Chile.<\/p>\n<p>Correo 1: <a href=\"mailto:central@trans-salvador.com\">central@trans-salvador.com<\/a><\/p>\n<p>Correo 2: <a href=\"mailto:flotasalvadorsrl@gmail.com\">flotasalvadorsrl@gmail.com<\/a><\/p>\n<p>Facebook: <a href=\"https:\/\/www.facebook.com\/flotasalvador\/\" target=\"_blank\" rel=\"noopener\">flotasalvador<\/a><\/p>\n<p>Instagram: <a href=\"https:\/\/www.instagram.com\/trans_salvadorsrl\" target=\"_blank\" rel=\"noopener\">trans_salvadorsrl<\/a><\/p>\n<p>TikTok: <a href=\"https:\/\/www.tiktok.com\/@trans.salvador\" target=\"_blank\" rel=\"noopener\">trans.salvador<\/a><\/p>\n<p>Web: <a href=\"https:\/\/trans-salvador.com\/\" target=\"_blank\" rel=\"noopener\">trans-salvador.com\/<\/a><\/p>\n<p>Consultas al: <a href=\"tel:59160408001\">(+591) 60408001<\/a><\/p>\n<div class=\"nta_wa_button\" data-id=\"22284\" data-info=\"{&quot;name&quot;:&quot;Trans Salvador&quot;,&quot;info&quot;:{&quot;number&quot;:&quot;+59160408001&quot;,&quot;title&quot;:&quot;Trans Salvador | Tienda&quot;,&quot;predefinedText&quot;:&quot;Hola Salvador. Me gustar\\u00eda m\\u00e1s informaci\\u00f3n de [njwa_page_title] Este es el link [njwa_page_url]&quot;,&quot;willBeBackText&quot;:&quot;I will be back in [njwa_time_work]&quot;,&quot;dayOffsText&quot;:&quot;I will be back soon&quot;,&quot;isAlwaysAvailable&quot;:&quot;ON&quot;,&quot;daysOfWeekWorking&quot;:{&quot;sunday&quot;:{&quot;isWorkingOnDay&quot;:&quot;OFF&quot;,&quot;workHours&quot;:[{&quot;startTime&quot;:&quot;08:00&quot;,&quot;endTime&quot;:&quot;17:30&quot;}]},&quot;monday&quot;:{&quot;isWorkingOnDay&quot;:&quot;OFF&quot;,&quot;workHours&quot;:[{&quot;startTime&quot;:&quot;08:00&quot;,&quot;endTime&quot;:&quot;17:30&quot;}]},&quot;tuesday&quot;:{&quot;isWorkingOnDay&quot;:&quot;OFF&quot;,&quot;workHours&quot;:[{&quot;startTime&quot;:&quot;08:00&quot;,&quot;endTime&quot;:&quot;17:30&quot;}]},&quot;wednesday&quot;:{&quot;isWorkingOnDay&quot;:&quot;OFF&quot;,&quot;workHours&quot;:[{&quot;startTime&quot;:&quot;08:00&quot;,&quot;endTime&quot;:&quot;17:30&quot;}]},&quot;thursday&quot;:{&quot;isWorkingOnDay&quot;:&quot;OFF&quot;,&quot;workHours&quot;:[{&quot;startTime&quot;:&quot;08:00&quot;,&quot;endTime&quot;:&quot;17:30&quot;}]},&quot;friday&quot;:{&quot;isWorkingOnDay&quot;:&quot;OFF&quot;,&quot;workHours&quot;:[{&quot;startTime&quot;:&quot;08:00&quot;,&quot;endTime&quot;:&quot;17:30&quot;}]},&quot;saturday&quot;:{&quot;isWorkingOnDay&quot;:&quot;OFF&quot;,&quot;workHours&quot;:[{&quot;startTime&quot;:&quot;08:00&quot;,&quot;endTime&quot;:&quot;17:30&quot;}]}}},&quot;styles&quot;:{&quot;type&quot;:&quot;round&quot;,&quot;backgroundColor&quot;:&quot;#2DB742&quot;,&quot;textColor&quot;:&quot;#fff&quot;,&quot;label&quot;:&quot;Necesitas ayuda? Hablemos&quot;,&quot;width&quot;:300,&quot;height&quot;:64},&quot;avatar&quot;:&quot;https:\\\/\\\/nonamepublicidad.com\\\/wp-content\\\/uploads\\\/2024\\\/11\\\/trans_salvador_logo.webp&quot;,&quot;options&quot;:{&quot;display&quot;:{&quot;displayCondition&quot;:&quot;showAllPage&quot;,&quot;includePages&quot;:[],&quot;excludePages&quot;:[],&quot;includePosts&quot;:[],&quot;showOnDesktop&quot;:&quot;ON&quot;,&quot;showOnMobile&quot;:&quot;ON&quot;,&quot;time_symbols&quot;:&quot;h:m&quot;},&quot;styles&quot;:{&quot;title&quot;:&quot;Start a Conversation&quot;,&quot;responseText&quot;:&quot;The team typically replies in a few minutes.&quot;,&quot;description&quot;:&quot;Hi! Click one of our member below to chat on &lt;strong&gt;WhatsApp&lt;\\\/strong&gt;&quot;,&quot;backgroundColor&quot;:&quot;#2db742&quot;,&quot;textColor&quot;:&quot;#fff&quot;,&quot;scrollHeight&quot;:500,&quot;isShowScroll&quot;:&quot;OFF&quot;,&quot;isShowResponseText&quot;:&quot;ON&quot;,&quot;isShowPoweredBy&quot;:&quot;ON&quot;,&quot;btnLabel&quot;:&quot;Need Help? &lt;strong&gt;Chat with us&lt;\\\/strong&gt;&quot;,&quot;btnLabelWidth&quot;:156,&quot;btnPosition&quot;:&quot;right&quot;,&quot;btnLeftDistance&quot;:30,&quot;btnRightDistance&quot;:30,&quot;btnBottomDistance&quot;:30,&quot;isShowBtnLabel&quot;:&quot;ON&quot;,&quot;isShowGDPR&quot;:&quot;OFF&quot;,&quot;gdprContent&quot;:&quot;Please accept our &lt;a href=\\&quot;https:\\\/\\\/ninjateam.org\\\/privacy-policy\\\/\\&quot;&gt;privacy policy&lt;\\\/a&gt; first to start a conversation.&quot;,&quot;widgetType&quot;:&quot;expandable&quot;},&quot;analytics&quot;:{&quot;enabledGoogle&quot;:&quot;OFF&quot;,&quot;enabledFacebook&quot;:&quot;OFF&quot;,&quot;enabledGoogleGA4&quot;:&quot;OFF&quot;}},&quot;gdprStatus&quot;:false,&quot;defaultAvatar&quot;:&quot;https:\\\/\\\/nonamepublicidad.com\\\/wp-content\\\/plugins\\\/whatsapp-for-wordpress\\\/assets\\\/img\\\/whatsapp_logo.svg&quot;}\"><\/div>\n<div style=\"visibility: hidden;\">autob\u00fas de lima a oruro, pasaje de peru a bolivia en bus, pasajes de bus a bolivia, bus peru a bolivia, pasajes a bolivia en bus<\/div>\n","protected":false},"featured_media":22319,"comment_status":"open","ping_status":"closed","template":"","meta":[],"product_brand":[],"product_cat":[166,176,177],"product_tag":[5239,5237,5235,5238,5236],"class_list":{"0":"post-22337","1":"product","2":"type-product","3":"status-publish","4":"has-post-thumbnail","6":"product_cat-servicios","7":"product_cat-transporte-general","8":"product_cat-viajes-y-turismo","9":"product_tag-autobus-de-lima-a-oruro","10":"product_tag-bus-peru-a-bolivia","11":"product_tag-pasaje-de-peru-a-bolivia-en-bus","12":"product_tag-pasajes-a-bolivia-en-bus","13":"product_tag-pasajes-de-bus-a-bolivia","15":"first","16":"instock","17":"virtual","18":"taxable","19":"product-type-simple"},"_links":{"self":[{"href":"https:\/\/nonamepublicidad.com\/en\/wp-json\/wp\/v2\/product\/22337","targetHints":{"allow":["GET"]}}],"collection":[{"href":"https:\/\/nonamepublicidad.com\/en\/wp-json\/wp\/v2\/product"}],"about":[{"href":"https:\/\/nonamepublicidad.com\/en\/wp-json\/wp\/v2\/types\/product"}],"replies":[{"embeddable":true,"href":"https:\/\/nonamepublicidad.com\/en\/wp-json\/wp\/v2\/comments?post=22337"}],"version-history":[{"count":0,"href":"https:\/\/nonamepublicidad.com\/en\/wp-json\/wp\/v2\/product\/22337\/revisions"}],"wp:featuredmedia":[{"embeddable":true,"href":"https:\/\/nonamepublicidad.com\/en\/wp-json\/wp\/v2\/media\/22319"}],"wp:attachment":[{"href":"https:\/\/nonamepublicidad.com\/en\/wp-json\/wp\/v2\/media?parent=22337"}],"wp:term":[{"taxonomy":"product_brand","embeddable":true,"href":"https:\/\/nonamepublicidad.com\/en\/wp-json\/wp\/v2\/product_brand?post=22337"},{"taxonomy":"product_cat","embeddable":true,"href":"https:\/\/nonamepublicidad.com\/en\/wp-json\/wp\/v2\/product_cat?post=22337"},{"taxonomy":"product_tag","embeddable":true,"href":"https:\/\/nonamepublicidad.com\/en\/wp-json\/wp\/v2\/product_tag?post=22337"}],"curies":[{"name":"wp","href":"https:\/\/api.w.org\/{rel}","templated":true}]}}