{"id":23130,"date":"2025-09-18T22:57:34","date_gmt":"2025-09-19T03:57:34","guid":{"rendered":"https:\/\/nonamepublicidad.com\/?post_type=product&#038;p=23130"},"modified":"2025-10-01T11:31:30","modified_gmt":"2025-10-01T16:31:30","slug":"anywear-zone-zuecos-de-enfermeria-para-mujeres-y-hombres","status":"publish","type":"product","link":"https:\/\/nonamepublicidad.com\/en\/product\/anywear-zone-zuecos-de-enfermeria-para-mujeres-y-hombres\/","title":{"rendered":"Anywear Zone Zuecos de Enfermer\u00eda para Mujeres y Hombres"},"content":{"rendered":"<ul>\n<li>ZAPATOS DE TRABAJO ANTIDESLIZANTES PARA MUJERES Y HOMBRES: Los zuecos unisex Zone son zuecos cl\u00e1sicos para hombres y mujeres que cuentan con el dise\u00f1o ligero caracter\u00edstico de Anywear, abundante amortiguaci\u00f3n y c\u00f3moda y espaciosa caja para los dedos. Correa trasera giratoria para un ajuste seguro y ajustable. Estos zapatos de lactancia son f\u00e1ciles de limpiar con agua tibia y jab\u00f3n. Altura del tac\u00f3n: 1 \u00bd pulgadas.<\/li>\n<li>LOS TAMA\u00d1OS, COLORES Y PATRONES QUE DESEAS: Estos zuecos para hombre y mujer est\u00e1n disponibles en numerosos colores y estampados para combinar con tu estilo, ambiente y uniforme. Seleccione colores tambi\u00e9n disponibles en un ancho amplio. Tan vers\u00e1tiles como c\u00f3modos, perfectos para enfermer\u00eda, servicio de alimentos y zapatos de jard\u00edn.<\/li>\n<li>Amortiguaci\u00f3n excepcional y absorci\u00f3n de golpes: los zapatos de enfermera Anywear Zone para mujeres y hombres est\u00e1n hechos de una parte superior y entre suela de EVA moldeada por inyecci\u00f3n para una amortiguaci\u00f3n y absorci\u00f3n de impactos excepcionales. La construcci\u00f3n de EVA proporciona un uso c\u00f3modo, durabilidad y limpieza r\u00e1pida. Dise\u00f1ado para trabajadores de la salud, la zona tambi\u00e9n es un gran calzado antideslizante para los trabajadores del servicio de alimentos.<\/li>\n<li>Plantilla extra\u00edble que reduce el sudor: estos zuecos de enfermera tienen una plantilla extra\u00edble para que puedas personalizar tu ajuste. El forro de la plantilla tiene orificios de tratamiento y ventilaci\u00f3n para evitar el olor y promover la circulaci\u00f3n del aire y ayudar a mantener tus pies c\u00f3modos.<\/li>\n<li>Suela antideslizante: los zapatos antideslizantes Anywear Zone para mujeres y hombres cuentan con una suela de alta fricci\u00f3n con almohadillas antideslizantes y canales de evacuaci\u00f3n de agua para darte la estabilidad que necesitas durante un turno de trabajo agitado, justo lo que el m\u00e9dico orden\u00f3.<\/li>\n<\/ul>","protected":false},"excerpt":{"rendered":"<p>Zuecos de enfermer\u00eda para mujeres y hombres.<\/p>\n<div class=\"nta_wa_button\" data-id=\"13293\" data-info=\"{&quot;name&quot;:&quot;Orlando (Per\\u00fa)&quot;,&quot;info&quot;:{&quot;number&quot;:&quot;+51941203813&quot;,&quot;title&quot;:&quot;Orlando&quot;,&quot;predefinedText&quot;:&quot;Hola Orlando, solicito informaci\\u00f3n de [njwa_page_title] Enlace: [njwa_page_url]&quot;,&quot;willBeBackText&quot;:&quot;I will be back in [njwa_time_work]&quot;,&quot;dayOffsText&quot;:&quot;I will be back soon&quot;,&quot;isAlwaysAvailable&quot;:&quot;ON&quot;,&quot;daysOfWeekWorking&quot;:{&quot;sunday&quot;:{&quot;isWorkingOnDay&quot;:&quot;OFF&quot;,&quot;workHours&quot;:[{&quot;startTime&quot;:&quot;08:00&quot;,&quot;endTime&quot;:&quot;17:30&quot;}]},&quot;monday&quot;:{&quot;isWorkingOnDay&quot;:&quot;OFF&quot;,&quot;workHours&quot;:[{&quot;startTime&quot;:&quot;08:00&quot;,&quot;endTime&quot;:&quot;17:30&quot;}]},&quot;tuesday&quot;:{&quot;isWorkingOnDay&quot;:&quot;OFF&quot;,&quot;workHours&quot;:[{&quot;startTime&quot;:&quot;08:00&quot;,&quot;endTime&quot;:&quot;17:30&quot;}]},&quot;wednesday&quot;:{&quot;isWorkingOnDay&quot;:&quot;OFF&quot;,&quot;workHours&quot;:[{&quot;startTime&quot;:&quot;08:00&quot;,&quot;endTime&quot;:&quot;17:30&quot;}]},&quot;thursday&quot;:{&quot;isWorkingOnDay&quot;:&quot;OFF&quot;,&quot;workHours&quot;:[{&quot;startTime&quot;:&quot;08:00&quot;,&quot;endTime&quot;:&quot;17:30&quot;}]},&quot;friday&quot;:{&quot;isWorkingOnDay&quot;:&quot;OFF&quot;,&quot;workHours&quot;:[{&quot;startTime&quot;:&quot;08:00&quot;,&quot;endTime&quot;:&quot;17:30&quot;}]},&quot;saturday&quot;:{&quot;isWorkingOnDay&quot;:&quot;OFF&quot;,&quot;workHours&quot;:[{&quot;startTime&quot;:&quot;08:00&quot;,&quot;endTime&quot;:&quot;17:30&quot;}]}}},&quot;styles&quot;:{&quot;type&quot;:&quot;round&quot;,&quot;backgroundColor&quot;:&quot;#2DB742&quot;,&quot;textColor&quot;:&quot;#fff&quot;,&quot;label&quot;:&quot;Necesitas ayuda? Hablemos \\\/ Do you need help? Let&#039;s talk&quot;,&quot;width&quot;:300,&quot;height&quot;:64},&quot;avatar&quot;:&quot;https:\\\/\\\/nonamepublicidad.com\\\/wp-content\\\/uploads\\\/2020\\\/07\\\/noname-icon_152x152.png&quot;,&quot;options&quot;:{&quot;display&quot;:{&quot;displayCondition&quot;:&quot;showAllPage&quot;,&quot;includePages&quot;:[],&quot;excludePages&quot;:[],&quot;includePosts&quot;:[],&quot;showOnDesktop&quot;:&quot;ON&quot;,&quot;showOnMobile&quot;:&quot;ON&quot;,&quot;time_symbols&quot;:&quot;h:m&quot;},&quot;styles&quot;:{&quot;title&quot;:&quot;Start a Conversation&quot;,&quot;responseText&quot;:&quot;The team typically replies in a few minutes.&quot;,&quot;description&quot;:&quot;Hi! Click one of our member below to chat on &lt;strong&gt;WhatsApp&lt;\\\/strong&gt;&quot;,&quot;backgroundColor&quot;:&quot;#2db742&quot;,&quot;textColor&quot;:&quot;#fff&quot;,&quot;scrollHeight&quot;:500,&quot;isShowScroll&quot;:&quot;OFF&quot;,&quot;isShowResponseText&quot;:&quot;ON&quot;,&quot;isShowPoweredBy&quot;:&quot;ON&quot;,&quot;btnLabel&quot;:&quot;Need Help? &lt;strong&gt;Chat with us&lt;\\\/strong&gt;&quot;,&quot;btnLabelWidth&quot;:156,&quot;btnPosition&quot;:&quot;right&quot;,&quot;btnLeftDistance&quot;:30,&quot;btnRightDistance&quot;:30,&quot;btnBottomDistance&quot;:30,&quot;isShowBtnLabel&quot;:&quot;ON&quot;,&quot;isShowGDPR&quot;:&quot;OFF&quot;,&quot;gdprContent&quot;:&quot;Please accept our &lt;a href=\\&quot;https:\\\/\\\/ninjateam.org\\\/privacy-policy\\\/\\&quot;&gt;privacy policy&lt;\\\/a&gt; first to start a conversation.&quot;,&quot;widgetType&quot;:&quot;expandable&quot;},&quot;analytics&quot;:{&quot;enabledGoogle&quot;:&quot;OFF&quot;,&quot;enabledFacebook&quot;:&quot;OFF&quot;,&quot;enabledGoogleGA4&quot;:&quot;OFF&quot;}},&quot;gdprStatus&quot;:false,&quot;defaultAvatar&quot;:&quot;https:\\\/\\\/nonamepublicidad.com\\\/wp-content\\\/plugins\\\/whatsapp-for-wordpress\\\/assets\\\/img\\\/whatsapp_logo.svg&quot;}\"><\/div>\n","protected":false},"featured_media":23132,"comment_status":"open","ping_status":"closed","template":"","meta":[],"product_brand":[5272],"product_cat":[128,131],"product_tag":[511,520,5268,5269,512,522,1107],"class_list":{"0":"post-23130","1":"product","2":"type-product","3":"status-publish","4":"has-post-thumbnail","6":"product_brand-amazon","7":"product_cat-ropa-y-accesorios","8":"product_cat-calzado","9":"product_tag-zapatillas","10":"product_tag-zapatillas-para-damas","11":"product_tag-zapatillas-para-enfermera","12":"product_tag-zapatillas-para-enfermero","13":"product_tag-zapatillas-para-mujer","14":"product_tag-zapatillas-unisex","15":"product_tag-zapatos-para-medicos","17":"first","18":"instock","19":"taxable","20":"shipping-taxable","21":"product-type-external"},"_links":{"self":[{"href":"https:\/\/nonamepublicidad.com\/en\/wp-json\/wp\/v2\/product\/23130","targetHints":{"allow":["GET"]}}],"collection":[{"href":"https:\/\/nonamepublicidad.com\/en\/wp-json\/wp\/v2\/product"}],"about":[{"href":"https:\/\/nonamepublicidad.com\/en\/wp-json\/wp\/v2\/types\/product"}],"replies":[{"embeddable":true,"href":"https:\/\/nonamepublicidad.com\/en\/wp-json\/wp\/v2\/comments?post=23130"}],"version-history":[{"count":0,"href":"https:\/\/nonamepublicidad.com\/en\/wp-json\/wp\/v2\/product\/23130\/revisions"}],"wp:featuredmedia":[{"embeddable":true,"href":"https:\/\/nonamepublicidad.com\/en\/wp-json\/wp\/v2\/media\/23132"}],"wp:attachment":[{"href":"https:\/\/nonamepublicidad.com\/en\/wp-json\/wp\/v2\/media?parent=23130"}],"wp:term":[{"taxonomy":"product_brand","embeddable":true,"href":"https:\/\/nonamepublicidad.com\/en\/wp-json\/wp\/v2\/product_brand?post=23130"},{"taxonomy":"product_cat","embeddable":true,"href":"https:\/\/nonamepublicidad.com\/en\/wp-json\/wp\/v2\/product_cat?post=23130"},{"taxonomy":"product_tag","embeddable":true,"href":"https:\/\/nonamepublicidad.com\/en\/wp-json\/wp\/v2\/product_tag?post=23130"}],"curies":[{"name":"wp","href":"https:\/\/api.w.org\/{rel}","templated":true}]}}