{"id":23242,"date":"2025-09-23T23:20:18","date_gmt":"2025-09-24T04:20:18","guid":{"rendered":"https:\/\/nonamepublicidad.com\/?post_type=product&#038;p=23242"},"modified":"2025-10-01T11:22:24","modified_gmt":"2025-10-01T16:22:24","slug":"tommy-hilfiger-gorra-de-beisbol-ajustable-ardin","status":"publish","type":"product","link":"https:\/\/nonamepublicidad.com\/en\/product\/tommy-hilfiger-gorra-de-beisbol-ajustable-ardin\/","title":{"rendered":"Tommy Hilfiger Gorra de B\u00e9isbol Ajustable Ardin"},"content":{"rendered":"<ul>\n<li>Tommy Hilfiger La gorra de b\u00e9isbol Ardin es una de las favoritas por una buena raz\u00f3n, gracias al discreto bordado de la bandera, el aspecto cl\u00e1sico y la construcci\u00f3n ajustable. Esta ser\u00e1 tu tapa favorita incluso en los buenos d\u00edas de cabello.<\/li>\n<li>Un favorito para todos los d\u00edas: el equilibrio perfecto de comodidad y estilo hace que esta gorra Tommy Hilfiger para hombre sea una opci\u00f3n para el uso diario.<\/li>\n<li>COMODIDAD FRESCA: Fabricado en lona pura de algod\u00f3n 100% con construcci\u00f3n de seis paneles, ojales de ventilaci\u00f3n y un cierre de correa ajustable, el sombrero de pap\u00e1 de Tommy Hilfiger se adapta a una T, se mantiene naturalmente fresco y mantiene el sol a raya.<\/li>\n<li>Forever Classic: Descubre la gorra de b\u00e9isbol para hombre, perfeccionada por el equipo de Tommy Hilfiger, proveedores de estilo cl\u00e1sico y americano desde 1985.<\/li>\n<li>ELIGE TUS COLORES: Compra m\u00e1s tonos del sombrero de hombre m\u00e1s vendido de Tommy Hilfiger antes de que se agoten.<\/li>\n<\/ul>","protected":false},"excerpt":{"rendered":"<p>Tommy Hilfiger Gorra de b\u00e9isbol ajustable Ardin de algod\u00f3n para hombre.<\/p>\n<div class=\"nta_wa_button\" data-id=\"13293\" data-info=\"{&quot;name&quot;:&quot;Orlando (Per\\u00fa)&quot;,&quot;info&quot;:{&quot;number&quot;:&quot;+51941203813&quot;,&quot;title&quot;:&quot;Orlando&quot;,&quot;predefinedText&quot;:&quot;Hola Orlando, solicito informaci\\u00f3n de [njwa_page_title] Enlace: [njwa_page_url]&quot;,&quot;willBeBackText&quot;:&quot;I will be back in [njwa_time_work]&quot;,&quot;dayOffsText&quot;:&quot;I will be back soon&quot;,&quot;isAlwaysAvailable&quot;:&quot;ON&quot;,&quot;daysOfWeekWorking&quot;:{&quot;sunday&quot;:{&quot;isWorkingOnDay&quot;:&quot;OFF&quot;,&quot;workHours&quot;:[{&quot;startTime&quot;:&quot;08:00&quot;,&quot;endTime&quot;:&quot;17:30&quot;}]},&quot;monday&quot;:{&quot;isWorkingOnDay&quot;:&quot;OFF&quot;,&quot;workHours&quot;:[{&quot;startTime&quot;:&quot;08:00&quot;,&quot;endTime&quot;:&quot;17:30&quot;}]},&quot;tuesday&quot;:{&quot;isWorkingOnDay&quot;:&quot;OFF&quot;,&quot;workHours&quot;:[{&quot;startTime&quot;:&quot;08:00&quot;,&quot;endTime&quot;:&quot;17:30&quot;}]},&quot;wednesday&quot;:{&quot;isWorkingOnDay&quot;:&quot;OFF&quot;,&quot;workHours&quot;:[{&quot;startTime&quot;:&quot;08:00&quot;,&quot;endTime&quot;:&quot;17:30&quot;}]},&quot;thursday&quot;:{&quot;isWorkingOnDay&quot;:&quot;OFF&quot;,&quot;workHours&quot;:[{&quot;startTime&quot;:&quot;08:00&quot;,&quot;endTime&quot;:&quot;17:30&quot;}]},&quot;friday&quot;:{&quot;isWorkingOnDay&quot;:&quot;OFF&quot;,&quot;workHours&quot;:[{&quot;startTime&quot;:&quot;08:00&quot;,&quot;endTime&quot;:&quot;17:30&quot;}]},&quot;saturday&quot;:{&quot;isWorkingOnDay&quot;:&quot;OFF&quot;,&quot;workHours&quot;:[{&quot;startTime&quot;:&quot;08:00&quot;,&quot;endTime&quot;:&quot;17:30&quot;}]}}},&quot;styles&quot;:{&quot;type&quot;:&quot;round&quot;,&quot;backgroundColor&quot;:&quot;#2DB742&quot;,&quot;textColor&quot;:&quot;#fff&quot;,&quot;label&quot;:&quot;Necesitas ayuda? Hablemos \\\/ Do you need help? Let&#039;s talk&quot;,&quot;width&quot;:300,&quot;height&quot;:64},&quot;avatar&quot;:&quot;https:\\\/\\\/nonamepublicidad.com\\\/wp-content\\\/uploads\\\/2020\\\/07\\\/noname-icon_152x152.png&quot;,&quot;options&quot;:{&quot;display&quot;:{&quot;displayCondition&quot;:&quot;showAllPage&quot;,&quot;includePages&quot;:[],&quot;excludePages&quot;:[],&quot;includePosts&quot;:[],&quot;showOnDesktop&quot;:&quot;ON&quot;,&quot;showOnMobile&quot;:&quot;ON&quot;,&quot;time_symbols&quot;:&quot;h:m&quot;},&quot;styles&quot;:{&quot;title&quot;:&quot;Start a Conversation&quot;,&quot;responseText&quot;:&quot;The team typically replies in a few minutes.&quot;,&quot;description&quot;:&quot;Hi! Click one of our member below to chat on &lt;strong&gt;WhatsApp&lt;\\\/strong&gt;&quot;,&quot;backgroundColor&quot;:&quot;#2db742&quot;,&quot;textColor&quot;:&quot;#fff&quot;,&quot;scrollHeight&quot;:500,&quot;isShowScroll&quot;:&quot;OFF&quot;,&quot;isShowResponseText&quot;:&quot;ON&quot;,&quot;isShowPoweredBy&quot;:&quot;ON&quot;,&quot;btnLabel&quot;:&quot;Need Help? &lt;strong&gt;Chat with us&lt;\\\/strong&gt;&quot;,&quot;btnLabelWidth&quot;:156,&quot;btnPosition&quot;:&quot;right&quot;,&quot;btnLeftDistance&quot;:30,&quot;btnRightDistance&quot;:30,&quot;btnBottomDistance&quot;:30,&quot;isShowBtnLabel&quot;:&quot;ON&quot;,&quot;isShowGDPR&quot;:&quot;OFF&quot;,&quot;gdprContent&quot;:&quot;Please accept our &lt;a href=\\&quot;https:\\\/\\\/ninjateam.org\\\/privacy-policy\\\/\\&quot;&gt;privacy policy&lt;\\\/a&gt; first to start a conversation.&quot;,&quot;widgetType&quot;:&quot;expandable&quot;},&quot;analytics&quot;:{&quot;enabledGoogle&quot;:&quot;OFF&quot;,&quot;enabledFacebook&quot;:&quot;OFF&quot;,&quot;enabledGoogleGA4&quot;:&quot;OFF&quot;}},&quot;gdprStatus&quot;:false,&quot;defaultAvatar&quot;:&quot;https:\\\/\\\/nonamepublicidad.com\\\/wp-content\\\/plugins\\\/whatsapp-for-wordpress\\\/assets\\\/img\\\/whatsapp_logo.svg&quot;}\"><\/div>\n<div style=\"visibility: hidden;\">Accesorios de Moda, Deportes y Fitness, Otras Categor\u00edas, Ropa Deportiva, Ropa y Accesorios, Accesorios de Vestir, Art\u00edculo de Verano, Dise\u00f1os de Gorras, Gorra, Gorra de B\u00e9isbol, Gorras de Drill, Gorras de Moda, Gorro, Modelo de Gorra, Modelo de Gorras, Outfit, Sombrero, Textil, Tipos de Gorras<\/div>\n","protected":false},"featured_media":23239,"comment_status":"open","ping_status":"closed","template":"","meta":[],"product_brand":[5272,5274],"product_cat":[1008,128],"product_tag":[831,840,829,834,838,842,835,830],"class_list":{"0":"post-23242","1":"product","2":"type-product","3":"status-publish","4":"has-post-thumbnail","6":"product_brand-amazon","7":"product_brand-tommy-hilfiger","8":"product_cat-gorras","9":"product_cat-ropa-y-accesorios","10":"product_tag-gorra","11":"product_tag-gorras-de-drill","12":"product_tag-gorras-de-moda","13":"product_tag-gorro","14":"product_tag-modelo-de-gorra","15":"product_tag-modelo-de-gorras","16":"product_tag-sombrero","17":"product_tag-tipos-de-gorras","19":"first","20":"instock","21":"taxable","22":"shipping-taxable","23":"product-type-external"},"_links":{"self":[{"href":"https:\/\/nonamepublicidad.com\/en\/wp-json\/wp\/v2\/product\/23242","targetHints":{"allow":["GET"]}}],"collection":[{"href":"https:\/\/nonamepublicidad.com\/en\/wp-json\/wp\/v2\/product"}],"about":[{"href":"https:\/\/nonamepublicidad.com\/en\/wp-json\/wp\/v2\/types\/product"}],"replies":[{"embeddable":true,"href":"https:\/\/nonamepublicidad.com\/en\/wp-json\/wp\/v2\/comments?post=23242"}],"version-history":[{"count":0,"href":"https:\/\/nonamepublicidad.com\/en\/wp-json\/wp\/v2\/product\/23242\/revisions"}],"wp:featuredmedia":[{"embeddable":true,"href":"https:\/\/nonamepublicidad.com\/en\/wp-json\/wp\/v2\/media\/23239"}],"wp:attachment":[{"href":"https:\/\/nonamepublicidad.com\/en\/wp-json\/wp\/v2\/media?parent=23242"}],"wp:term":[{"taxonomy":"product_brand","embeddable":true,"href":"https:\/\/nonamepublicidad.com\/en\/wp-json\/wp\/v2\/product_brand?post=23242"},{"taxonomy":"product_cat","embeddable":true,"href":"https:\/\/nonamepublicidad.com\/en\/wp-json\/wp\/v2\/product_cat?post=23242"},{"taxonomy":"product_tag","embeddable":true,"href":"https:\/\/nonamepublicidad.com\/en\/wp-json\/wp\/v2\/product_tag?post=23242"}],"curies":[{"name":"wp","href":"https:\/\/api.w.org\/{rel}","templated":true}]}}