{"id":23487,"date":"2025-09-30T15:42:48","date_gmt":"2025-09-30T20:42:48","guid":{"rendered":"https:\/\/nonamepublicidad.com\/?post_type=product&#038;p=23487"},"modified":"2025-09-30T15:47:47","modified_gmt":"2025-09-30T20:47:47","slug":"tommy-hilfiger-mens-logo-mix-cuff-hat","status":"publish","type":"product","link":"https:\/\/nonamepublicidad.com\/en\/product\/tommy-hilfiger-mens-logo-mix-cuff-hat\/","title":{"rendered":"Tommy Hilfiger Mens Logo Mix Cuff Hat"},"content":{"rendered":"<ul>\n<li>Dise\u00f1o vers\u00e1til: Tommy Hilfiger &#8211; Juego de gorra y guante de reloj con bandera bordada para hombre.<br \/>\nTAMA\u00d1O: Talla \u00fanica.<\/li>\n<li>Suave y c\u00e1lido: hecho de 100% acr\u00edlico suave, este juego de regalo de Tommy Hilfiger suave y bellamente dise\u00f1ado es elegante pero pr\u00e1ctico y proporciona comodidad y protecci\u00f3n contra el fr\u00edo del invierno.<\/li>\n<li>Ajuste perfecto: este conjunto de sombrero y guante para hombre es c\u00e1lido, c\u00f3modo y perfecto para atuendos diarios.<\/li>\n<li>Regalo acogedor: un regalo ideal para familiares, seres queridos y amigos para el regreso a la escuela, Navidad, cumplea\u00f1os, d\u00eda de San Valent\u00edn, A\u00f1o Nuevo, aniversario de boda, Acci\u00f3n de Gracias, vacaciones y mucho m\u00e1s.<\/li>\n<\/ul>","protected":false},"excerpt":{"rendered":"<p>Suave y bellamente dise\u00f1ado es elegante pero pr\u00e1ctico y proporciona comodidad y protecci\u00f3n contra el fr\u00edo.<\/p>\n<div class=\"nta_wa_button\" data-id=\"13293\" data-info=\"{&quot;name&quot;:&quot;Orlando (Per\\u00fa)&quot;,&quot;info&quot;:{&quot;number&quot;:&quot;+51941203813&quot;,&quot;title&quot;:&quot;Orlando&quot;,&quot;predefinedText&quot;:&quot;Hola Orlando, solicito informaci\\u00f3n de [njwa_page_title] Enlace: [njwa_page_url]&quot;,&quot;willBeBackText&quot;:&quot;I will be back in [njwa_time_work]&quot;,&quot;dayOffsText&quot;:&quot;I will be back soon&quot;,&quot;isAlwaysAvailable&quot;:&quot;ON&quot;,&quot;daysOfWeekWorking&quot;:{&quot;sunday&quot;:{&quot;isWorkingOnDay&quot;:&quot;OFF&quot;,&quot;workHours&quot;:[{&quot;startTime&quot;:&quot;08:00&quot;,&quot;endTime&quot;:&quot;17:30&quot;}]},&quot;monday&quot;:{&quot;isWorkingOnDay&quot;:&quot;OFF&quot;,&quot;workHours&quot;:[{&quot;startTime&quot;:&quot;08:00&quot;,&quot;endTime&quot;:&quot;17:30&quot;}]},&quot;tuesday&quot;:{&quot;isWorkingOnDay&quot;:&quot;OFF&quot;,&quot;workHours&quot;:[{&quot;startTime&quot;:&quot;08:00&quot;,&quot;endTime&quot;:&quot;17:30&quot;}]},&quot;wednesday&quot;:{&quot;isWorkingOnDay&quot;:&quot;OFF&quot;,&quot;workHours&quot;:[{&quot;startTime&quot;:&quot;08:00&quot;,&quot;endTime&quot;:&quot;17:30&quot;}]},&quot;thursday&quot;:{&quot;isWorkingOnDay&quot;:&quot;OFF&quot;,&quot;workHours&quot;:[{&quot;startTime&quot;:&quot;08:00&quot;,&quot;endTime&quot;:&quot;17:30&quot;}]},&quot;friday&quot;:{&quot;isWorkingOnDay&quot;:&quot;OFF&quot;,&quot;workHours&quot;:[{&quot;startTime&quot;:&quot;08:00&quot;,&quot;endTime&quot;:&quot;17:30&quot;}]},&quot;saturday&quot;:{&quot;isWorkingOnDay&quot;:&quot;OFF&quot;,&quot;workHours&quot;:[{&quot;startTime&quot;:&quot;08:00&quot;,&quot;endTime&quot;:&quot;17:30&quot;}]}}},&quot;styles&quot;:{&quot;type&quot;:&quot;round&quot;,&quot;backgroundColor&quot;:&quot;#2DB742&quot;,&quot;textColor&quot;:&quot;#fff&quot;,&quot;label&quot;:&quot;Necesitas ayuda? Hablemos \\\/ Do you need help? Let&#039;s talk&quot;,&quot;width&quot;:300,&quot;height&quot;:64},&quot;avatar&quot;:&quot;https:\\\/\\\/nonamepublicidad.com\\\/wp-content\\\/uploads\\\/2020\\\/07\\\/noname-icon_152x152.png&quot;,&quot;options&quot;:{&quot;display&quot;:{&quot;displayCondition&quot;:&quot;showAllPage&quot;,&quot;includePages&quot;:[],&quot;excludePages&quot;:[],&quot;includePosts&quot;:[],&quot;showOnDesktop&quot;:&quot;ON&quot;,&quot;showOnMobile&quot;:&quot;ON&quot;,&quot;time_symbols&quot;:&quot;h:m&quot;},&quot;styles&quot;:{&quot;title&quot;:&quot;Start a Conversation&quot;,&quot;responseText&quot;:&quot;The team typically replies in a few minutes.&quot;,&quot;description&quot;:&quot;Hi! Click one of our member below to chat on &lt;strong&gt;WhatsApp&lt;\\\/strong&gt;&quot;,&quot;backgroundColor&quot;:&quot;#2db742&quot;,&quot;textColor&quot;:&quot;#fff&quot;,&quot;scrollHeight&quot;:500,&quot;isShowScroll&quot;:&quot;OFF&quot;,&quot;isShowResponseText&quot;:&quot;ON&quot;,&quot;isShowPoweredBy&quot;:&quot;ON&quot;,&quot;btnLabel&quot;:&quot;Need Help? &lt;strong&gt;Chat with us&lt;\\\/strong&gt;&quot;,&quot;btnLabelWidth&quot;:156,&quot;btnPosition&quot;:&quot;right&quot;,&quot;btnLeftDistance&quot;:30,&quot;btnRightDistance&quot;:30,&quot;btnBottomDistance&quot;:30,&quot;isShowBtnLabel&quot;:&quot;ON&quot;,&quot;isShowGDPR&quot;:&quot;OFF&quot;,&quot;gdprContent&quot;:&quot;Please accept our &lt;a href=\\&quot;https:\\\/\\\/ninjateam.org\\\/privacy-policy\\\/\\&quot;&gt;privacy policy&lt;\\\/a&gt; first to start a conversation.&quot;,&quot;widgetType&quot;:&quot;expandable&quot;},&quot;analytics&quot;:{&quot;enabledGoogle&quot;:&quot;OFF&quot;,&quot;enabledFacebook&quot;:&quot;OFF&quot;,&quot;enabledGoogleGA4&quot;:&quot;OFF&quot;}},&quot;gdprStatus&quot;:false,&quot;defaultAvatar&quot;:&quot;https:\\\/\\\/nonamepublicidad.com\\\/wp-content\\\/plugins\\\/whatsapp-for-wordpress\\\/assets\\\/img\\\/whatsapp_logo.svg&quot;}\"><\/div>\n<div style=\"visibility: hidden;\">Accesorios de Moda, Deportes y Fitness, Otras Categor\u00edas, Ropa Deportiva, Ropa y Accesorios, Accesorios de Vestir, Art\u00edculo de Verano, Dise\u00f1os de Gorras, Gorra, Gorra de B\u00e9isbol, Gorras de Drill, Gorras de Moda, Gorro, Modelo de Gorra, Modelo de Gorras, Outfit, Sombrero, Textil, Tipos de Gorras<\/div>\n","protected":false},"featured_media":23481,"comment_status":"open","ping_status":"closed","template":"","meta":[],"product_brand":[5272,5274],"product_cat":[1008,128],"product_tag":[831,840,829,834,838,842,835,830],"class_list":{"0":"post-23487","1":"product","2":"type-product","3":"status-publish","4":"has-post-thumbnail","6":"product_brand-amazon","7":"product_brand-tommy-hilfiger","8":"product_cat-gorras","9":"product_cat-ropa-y-accesorios","10":"product_tag-gorra","11":"product_tag-gorras-de-drill","12":"product_tag-gorras-de-moda","13":"product_tag-gorro","14":"product_tag-modelo-de-gorra","15":"product_tag-modelo-de-gorras","16":"product_tag-sombrero","17":"product_tag-tipos-de-gorras","19":"first","20":"instock","21":"taxable","22":"shipping-taxable","23":"product-type-external"},"_links":{"self":[{"href":"https:\/\/nonamepublicidad.com\/en\/wp-json\/wp\/v2\/product\/23487","targetHints":{"allow":["GET"]}}],"collection":[{"href":"https:\/\/nonamepublicidad.com\/en\/wp-json\/wp\/v2\/product"}],"about":[{"href":"https:\/\/nonamepublicidad.com\/en\/wp-json\/wp\/v2\/types\/product"}],"replies":[{"embeddable":true,"href":"https:\/\/nonamepublicidad.com\/en\/wp-json\/wp\/v2\/comments?post=23487"}],"version-history":[{"count":0,"href":"https:\/\/nonamepublicidad.com\/en\/wp-json\/wp\/v2\/product\/23487\/revisions"}],"wp:featuredmedia":[{"embeddable":true,"href":"https:\/\/nonamepublicidad.com\/en\/wp-json\/wp\/v2\/media\/23481"}],"wp:attachment":[{"href":"https:\/\/nonamepublicidad.com\/en\/wp-json\/wp\/v2\/media?parent=23487"}],"wp:term":[{"taxonomy":"product_brand","embeddable":true,"href":"https:\/\/nonamepublicidad.com\/en\/wp-json\/wp\/v2\/product_brand?post=23487"},{"taxonomy":"product_cat","embeddable":true,"href":"https:\/\/nonamepublicidad.com\/en\/wp-json\/wp\/v2\/product_cat?post=23487"},{"taxonomy":"product_tag","embeddable":true,"href":"https:\/\/nonamepublicidad.com\/en\/wp-json\/wp\/v2\/product_tag?post=23487"}],"curies":[{"name":"wp","href":"https:\/\/api.w.org\/{rel}","templated":true}]}}