{"id":23521,"date":"2025-10-01T20:39:37","date_gmt":"2025-10-02T01:39:37","guid":{"rendered":"https:\/\/nonamepublicidad.com\/?post_type=product&#038;p=23521"},"modified":"2025-10-01T20:43:20","modified_gmt":"2025-10-02T01:43:20","slug":"hisea-overol-de-mezclilla-para-hombre-3","status":"publish","type":"product","link":"https:\/\/nonamepublicidad.com\/en\/product\/hisea-overol-de-mezclilla-para-hombre-3\/","title":{"rendered":"HISEA Overol de Mezclilla para Hombre"},"content":{"rendered":"<ul>\n<li>Resistente y durabilidad: carcasa construida de 13.5 onzas. mezclilla lavada a la piedra, 100 % algod\u00f3n. La mezclilla de alta densidad ofrece una mejor resistencia a la abrasi\u00f3n y transpirabilidad, combinaci\u00f3n perfecta de resistencia y comodidad. Las costuras triples no se desenredan, crean costuras mucho m\u00e1s fuertes para mayor durabilidad.<\/li>\n<li>Ajuste c\u00f3modo: estos generosos overoles est\u00e1n dise\u00f1ados para el trabajo duro y equipados para mayor comodidad y comodidad. Ajuste holgado cl\u00e1sico con amplias piernas rectas que pueden caber sobre las botas. La espalda alta cruzada con correas de hombro ajustables, puedes ajustar tu ajuste sobre la marcha.<\/li>\n<li>Funcionalidad resistente: (1) Un bolsillo frontal con m\u00faltiples compartimentos con divisi\u00f3n para l\u00e1pices, 8 pulgadas de ancho x 7 pulgadas de largo para tel\u00e9fonos celulares y m\u00e1s, (2) 2 bolsillos delanteros grandes para calentar las manos, (3) un lazo para martillo en la pierna izquierda, (4) bolsillos de regla y alicates en el lado derecho, y (5) 2 bolsillos traseros reforzados. Todos los bolsillos est\u00e1n reforzados, los botones y las cremalleras est\u00e1n hechos de aleaci\u00f3n de alta calidad para garantizar que duren mucho tiempo.<\/li>\n<li>HISEA Los overoles de mezclilla para hombre son funcionales durante todo el a\u00f1o, proporcionan toda la utilidad que esperas de \u00e9l. Fabricado con un mont\u00f3n de pr\u00e1cticos bolsillos para todas tus herramientas, son lo suficientemente resistentes como para soportar cualquier comercio, proyecto o lugar de trabajo durante a\u00f1os.<\/li>\n<li>Despu\u00e9s de la venta: lee la tabla de tallas cuidadosamente antes de comprar, elige el tama\u00f1o adecuado para ti. Un a\u00f1o de garant\u00eda de calidad de apoyo por HISEA!<\/li>\n<\/ul>","protected":false},"excerpt":{"rendered":"<p>Overol de mezclilla para hombre, overol de trabajo con correas ajustables y pr\u00e1cticos bolsillos para herramientas.<\/p>\n<div class=\"nta_wa_button\" data-id=\"13293\" data-info=\"{&quot;name&quot;:&quot;Orlando (Per\\u00fa)&quot;,&quot;info&quot;:{&quot;number&quot;:&quot;+51941203813&quot;,&quot;title&quot;:&quot;Orlando&quot;,&quot;predefinedText&quot;:&quot;Hola Orlando, solicito informaci\\u00f3n de [njwa_page_title] Enlace: [njwa_page_url]&quot;,&quot;willBeBackText&quot;:&quot;I will be back in [njwa_time_work]&quot;,&quot;dayOffsText&quot;:&quot;I will be back soon&quot;,&quot;isAlwaysAvailable&quot;:&quot;ON&quot;,&quot;daysOfWeekWorking&quot;:{&quot;sunday&quot;:{&quot;isWorkingOnDay&quot;:&quot;OFF&quot;,&quot;workHours&quot;:[{&quot;startTime&quot;:&quot;08:00&quot;,&quot;endTime&quot;:&quot;17:30&quot;}]},&quot;monday&quot;:{&quot;isWorkingOnDay&quot;:&quot;OFF&quot;,&quot;workHours&quot;:[{&quot;startTime&quot;:&quot;08:00&quot;,&quot;endTime&quot;:&quot;17:30&quot;}]},&quot;tuesday&quot;:{&quot;isWorkingOnDay&quot;:&quot;OFF&quot;,&quot;workHours&quot;:[{&quot;startTime&quot;:&quot;08:00&quot;,&quot;endTime&quot;:&quot;17:30&quot;}]},&quot;wednesday&quot;:{&quot;isWorkingOnDay&quot;:&quot;OFF&quot;,&quot;workHours&quot;:[{&quot;startTime&quot;:&quot;08:00&quot;,&quot;endTime&quot;:&quot;17:30&quot;}]},&quot;thursday&quot;:{&quot;isWorkingOnDay&quot;:&quot;OFF&quot;,&quot;workHours&quot;:[{&quot;startTime&quot;:&quot;08:00&quot;,&quot;endTime&quot;:&quot;17:30&quot;}]},&quot;friday&quot;:{&quot;isWorkingOnDay&quot;:&quot;OFF&quot;,&quot;workHours&quot;:[{&quot;startTime&quot;:&quot;08:00&quot;,&quot;endTime&quot;:&quot;17:30&quot;}]},&quot;saturday&quot;:{&quot;isWorkingOnDay&quot;:&quot;OFF&quot;,&quot;workHours&quot;:[{&quot;startTime&quot;:&quot;08:00&quot;,&quot;endTime&quot;:&quot;17:30&quot;}]}}},&quot;styles&quot;:{&quot;type&quot;:&quot;round&quot;,&quot;backgroundColor&quot;:&quot;#2DB742&quot;,&quot;textColor&quot;:&quot;#fff&quot;,&quot;label&quot;:&quot;Necesitas ayuda? Hablemos \\\/ Do you need help? Let&#039;s talk&quot;,&quot;width&quot;:300,&quot;height&quot;:64},&quot;avatar&quot;:&quot;https:\\\/\\\/nonamepublicidad.com\\\/wp-content\\\/uploads\\\/2020\\\/07\\\/noname-icon_152x152.png&quot;,&quot;options&quot;:{&quot;display&quot;:{&quot;displayCondition&quot;:&quot;showAllPage&quot;,&quot;includePages&quot;:[],&quot;excludePages&quot;:[],&quot;includePosts&quot;:[],&quot;showOnDesktop&quot;:&quot;ON&quot;,&quot;showOnMobile&quot;:&quot;ON&quot;,&quot;time_symbols&quot;:&quot;h:m&quot;},&quot;styles&quot;:{&quot;title&quot;:&quot;Start a Conversation&quot;,&quot;responseText&quot;:&quot;The team typically replies in a few minutes.&quot;,&quot;description&quot;:&quot;Hi! Click one of our member below to chat on &lt;strong&gt;WhatsApp&lt;\\\/strong&gt;&quot;,&quot;backgroundColor&quot;:&quot;#2db742&quot;,&quot;textColor&quot;:&quot;#fff&quot;,&quot;scrollHeight&quot;:500,&quot;isShowScroll&quot;:&quot;OFF&quot;,&quot;isShowResponseText&quot;:&quot;ON&quot;,&quot;isShowPoweredBy&quot;:&quot;ON&quot;,&quot;btnLabel&quot;:&quot;Need Help? &lt;strong&gt;Chat with us&lt;\\\/strong&gt;&quot;,&quot;btnLabelWidth&quot;:156,&quot;btnPosition&quot;:&quot;right&quot;,&quot;btnLeftDistance&quot;:30,&quot;btnRightDistance&quot;:30,&quot;btnBottomDistance&quot;:30,&quot;isShowBtnLabel&quot;:&quot;ON&quot;,&quot;isShowGDPR&quot;:&quot;OFF&quot;,&quot;gdprContent&quot;:&quot;Please accept our &lt;a href=\\&quot;https:\\\/\\\/ninjateam.org\\\/privacy-policy\\\/\\&quot;&gt;privacy policy&lt;\\\/a&gt; first to start a conversation.&quot;,&quot;widgetType&quot;:&quot;expandable&quot;},&quot;analytics&quot;:{&quot;enabledGoogle&quot;:&quot;OFF&quot;,&quot;enabledFacebook&quot;:&quot;OFF&quot;,&quot;enabledGoogleGA4&quot;:&quot;OFF&quot;}},&quot;gdprStatus&quot;:false,&quot;defaultAvatar&quot;:&quot;https:\\\/\\\/nonamepublicidad.com\\\/wp-content\\\/plugins\\\/whatsapp-for-wordpress\\\/assets\\\/img\\\/whatsapp_logo.svg&quot;}\"><\/div>\n<div style=\"visibility: hidden;\">mamelucos industriales, ropa de seguridad, overol industrial, overol de trabajo, overol de seguridad, ropa industrial, overol drill<\/div>\n","protected":false},"featured_media":23517,"comment_status":"open","ping_status":"closed","template":"","meta":[],"product_brand":[5272,5275],"product_cat":[135,128],"product_tag":[5187,5190,804,5191,5189,5188,781],"class_list":{"0":"post-23521","1":"product","2":"type-product","3":"status-publish","4":"has-post-thumbnail","6":"product_brand-amazon","7":"product_brand-hisea","8":"product_cat-enterizos-y-overoles","9":"product_cat-ropa-y-accesorios","10":"product_tag-mamelucos-industriales","11":"product_tag-overol-de-seguridad","12":"product_tag-overol-de-trabajo","13":"product_tag-overol-drill","14":"product_tag-overol-industrial","15":"product_tag-ropa-de-seguridad","16":"product_tag-ropa-industrial","18":"first","19":"instock","20":"taxable","21":"shipping-taxable","22":"product-type-external"},"_links":{"self":[{"href":"https:\/\/nonamepublicidad.com\/en\/wp-json\/wp\/v2\/product\/23521","targetHints":{"allow":["GET"]}}],"collection":[{"href":"https:\/\/nonamepublicidad.com\/en\/wp-json\/wp\/v2\/product"}],"about":[{"href":"https:\/\/nonamepublicidad.com\/en\/wp-json\/wp\/v2\/types\/product"}],"replies":[{"embeddable":true,"href":"https:\/\/nonamepublicidad.com\/en\/wp-json\/wp\/v2\/comments?post=23521"}],"version-history":[{"count":0,"href":"https:\/\/nonamepublicidad.com\/en\/wp-json\/wp\/v2\/product\/23521\/revisions"}],"wp:featuredmedia":[{"embeddable":true,"href":"https:\/\/nonamepublicidad.com\/en\/wp-json\/wp\/v2\/media\/23517"}],"wp:attachment":[{"href":"https:\/\/nonamepublicidad.com\/en\/wp-json\/wp\/v2\/media?parent=23521"}],"wp:term":[{"taxonomy":"product_brand","embeddable":true,"href":"https:\/\/nonamepublicidad.com\/en\/wp-json\/wp\/v2\/product_brand?post=23521"},{"taxonomy":"product_cat","embeddable":true,"href":"https:\/\/nonamepublicidad.com\/en\/wp-json\/wp\/v2\/product_cat?post=23521"},{"taxonomy":"product_tag","embeddable":true,"href":"https:\/\/nonamepublicidad.com\/en\/wp-json\/wp\/v2\/product_tag?post=23521"}],"curies":[{"name":"wp","href":"https:\/\/api.w.org\/{rel}","templated":true}]}}