{"id":23526,"date":"2025-10-01T20:49:13","date_gmt":"2025-10-02T01:49:13","guid":{"rendered":"https:\/\/nonamepublicidad.com\/?post_type=product&#038;p=23526"},"modified":"2025-10-01T20:52:29","modified_gmt":"2025-10-02T01:52:29","slug":"hisea-overol-de-manga-larga-para-hombre","status":"publish","type":"product","link":"https:\/\/nonamepublicidad.com\/en\/product\/hisea-overol-de-manga-larga-para-hombre\/","title":{"rendered":"HISEA Overol de Manga Larga para Hombre"},"content":{"rendered":"<ul>\n<li>HISEA El overol de manga larga es una ropa de trabajo dise\u00f1ada para ser \u00fatil, eficiencia y f\u00e1cil cuidado, sin importar cu\u00e1n graso o sucio sea el trabajo. Se puede usar para protegernos en proyectos de construcci\u00f3n y mientras cortamos le\u00f1a, hacemos mantenimiento de propiedades, realizamos reparaciones de veh\u00edculos, equipos y m\u00e1s.<\/li>\n<li>Ajuste c\u00f3modo: tela de poli\u00e9ster y algod\u00f3n duradera y transpirable que resiste la decoloraci\u00f3n, las arrugas y las manchas. Si bien tambi\u00e9n cuenta con un ajuste generoso y espacioso en el pecho y los hombros. Una parte trasera plisada para adaptarse a un rango completo de movimiento y las inserciones de cintura el\u00e1stica para mayor comodidad a diferentes formas.<\/li>\n<li>Duradero y funcional: este overol de manga larga de lujo fue dise\u00f1ado para situaciones de trabajo duro. Est\u00e1 equipado con una cremallera frontal bidireccional de lat\u00f3n YKK resistente, amplio bolsillo en el pecho equipado con velcro para mayor seguridad, pr\u00e1ctico bolsillo para regla\/herramientas en la pierna derecha mantiene tus herramientas al alcance de la mano.<\/li>\n<li>Dise\u00f1o amigable con el trabajo: dise\u00f1ado para el trabajo que haces todos los d\u00edas. Estamos orgullosos de que este maravilloso overol tambi\u00e9n tenga una lista de caracter\u00edsticas amigables con el trabajo del equipo de ensue\u00f1o que comienzan con costuras mucho m\u00e1s fuertes, telas m\u00e1s duraderas, bolsillos \u00fatiles en los lugares correctos, as\u00ed como el dise\u00f1o de apertura de pierna ajustable.<\/li>\n<li>Ten en cuenta la tabla de tallas y elige la talla correcta antes de comprar. Y, cada overol viene con garant\u00eda de calidad de un a\u00f1o por HISEA!<\/li>\n<\/ul>","protected":false},"excerpt":{"rendered":"<p>Overol de manga larga para hombre, resistente a las manchas y a las arrugas, overol de trabajo para hombre con m\u00faltiples bolsillos.<\/p>\n<div class=\"nta_wa_button\" data-id=\"13293\" data-info=\"{&quot;name&quot;:&quot;Orlando (Per\\u00fa)&quot;,&quot;info&quot;:{&quot;number&quot;:&quot;+51941203813&quot;,&quot;title&quot;:&quot;Orlando&quot;,&quot;predefinedText&quot;:&quot;Hola Orlando, solicito informaci\\u00f3n de [njwa_page_title] Enlace: [njwa_page_url]&quot;,&quot;willBeBackText&quot;:&quot;I will be back in [njwa_time_work]&quot;,&quot;dayOffsText&quot;:&quot;I will be back soon&quot;,&quot;isAlwaysAvailable&quot;:&quot;ON&quot;,&quot;daysOfWeekWorking&quot;:{&quot;sunday&quot;:{&quot;isWorkingOnDay&quot;:&quot;OFF&quot;,&quot;workHours&quot;:[{&quot;startTime&quot;:&quot;08:00&quot;,&quot;endTime&quot;:&quot;17:30&quot;}]},&quot;monday&quot;:{&quot;isWorkingOnDay&quot;:&quot;OFF&quot;,&quot;workHours&quot;:[{&quot;startTime&quot;:&quot;08:00&quot;,&quot;endTime&quot;:&quot;17:30&quot;}]},&quot;tuesday&quot;:{&quot;isWorkingOnDay&quot;:&quot;OFF&quot;,&quot;workHours&quot;:[{&quot;startTime&quot;:&quot;08:00&quot;,&quot;endTime&quot;:&quot;17:30&quot;}]},&quot;wednesday&quot;:{&quot;isWorkingOnDay&quot;:&quot;OFF&quot;,&quot;workHours&quot;:[{&quot;startTime&quot;:&quot;08:00&quot;,&quot;endTime&quot;:&quot;17:30&quot;}]},&quot;thursday&quot;:{&quot;isWorkingOnDay&quot;:&quot;OFF&quot;,&quot;workHours&quot;:[{&quot;startTime&quot;:&quot;08:00&quot;,&quot;endTime&quot;:&quot;17:30&quot;}]},&quot;friday&quot;:{&quot;isWorkingOnDay&quot;:&quot;OFF&quot;,&quot;workHours&quot;:[{&quot;startTime&quot;:&quot;08:00&quot;,&quot;endTime&quot;:&quot;17:30&quot;}]},&quot;saturday&quot;:{&quot;isWorkingOnDay&quot;:&quot;OFF&quot;,&quot;workHours&quot;:[{&quot;startTime&quot;:&quot;08:00&quot;,&quot;endTime&quot;:&quot;17:30&quot;}]}}},&quot;styles&quot;:{&quot;type&quot;:&quot;round&quot;,&quot;backgroundColor&quot;:&quot;#2DB742&quot;,&quot;textColor&quot;:&quot;#fff&quot;,&quot;label&quot;:&quot;Necesitas ayuda? Hablemos \\\/ Do you need help? Let&#039;s talk&quot;,&quot;width&quot;:300,&quot;height&quot;:64},&quot;avatar&quot;:&quot;https:\\\/\\\/nonamepublicidad.com\\\/wp-content\\\/uploads\\\/2020\\\/07\\\/noname-icon_152x152.png&quot;,&quot;options&quot;:{&quot;display&quot;:{&quot;displayCondition&quot;:&quot;showAllPage&quot;,&quot;includePages&quot;:[],&quot;excludePages&quot;:[],&quot;includePosts&quot;:[],&quot;showOnDesktop&quot;:&quot;ON&quot;,&quot;showOnMobile&quot;:&quot;ON&quot;,&quot;time_symbols&quot;:&quot;h:m&quot;},&quot;styles&quot;:{&quot;title&quot;:&quot;Start a Conversation&quot;,&quot;responseText&quot;:&quot;The team typically replies in a few minutes.&quot;,&quot;description&quot;:&quot;Hi! Click one of our member below to chat on &lt;strong&gt;WhatsApp&lt;\\\/strong&gt;&quot;,&quot;backgroundColor&quot;:&quot;#2db742&quot;,&quot;textColor&quot;:&quot;#fff&quot;,&quot;scrollHeight&quot;:500,&quot;isShowScroll&quot;:&quot;OFF&quot;,&quot;isShowResponseText&quot;:&quot;ON&quot;,&quot;isShowPoweredBy&quot;:&quot;ON&quot;,&quot;btnLabel&quot;:&quot;Need Help? &lt;strong&gt;Chat with us&lt;\\\/strong&gt;&quot;,&quot;btnLabelWidth&quot;:156,&quot;btnPosition&quot;:&quot;right&quot;,&quot;btnLeftDistance&quot;:30,&quot;btnRightDistance&quot;:30,&quot;btnBottomDistance&quot;:30,&quot;isShowBtnLabel&quot;:&quot;ON&quot;,&quot;isShowGDPR&quot;:&quot;OFF&quot;,&quot;gdprContent&quot;:&quot;Please accept our &lt;a href=\\&quot;https:\\\/\\\/ninjateam.org\\\/privacy-policy\\\/\\&quot;&gt;privacy policy&lt;\\\/a&gt; first to start a conversation.&quot;,&quot;widgetType&quot;:&quot;expandable&quot;},&quot;analytics&quot;:{&quot;enabledGoogle&quot;:&quot;OFF&quot;,&quot;enabledFacebook&quot;:&quot;OFF&quot;,&quot;enabledGoogleGA4&quot;:&quot;OFF&quot;}},&quot;gdprStatus&quot;:false,&quot;defaultAvatar&quot;:&quot;https:\\\/\\\/nonamepublicidad.com\\\/wp-content\\\/plugins\\\/whatsapp-for-wordpress\\\/assets\\\/img\\\/whatsapp_logo.svg&quot;}\"><\/div>\n<div style=\"visibility: hidden;\">mamelucos industriales, ropa de seguridad, overol industrial, overol de trabajo, overol de seguridad, ropa industrial, overol drill<\/div>\n","protected":false},"featured_media":23524,"comment_status":"open","ping_status":"closed","template":"","meta":[],"product_brand":[5272,5275],"product_cat":[135,128],"product_tag":[5187,5190,804,5191,5189,5188,781],"class_list":{"0":"post-23526","1":"product","2":"type-product","3":"status-publish","4":"has-post-thumbnail","6":"product_brand-amazon","7":"product_brand-hisea","8":"product_cat-enterizos-y-overoles","9":"product_cat-ropa-y-accesorios","10":"product_tag-mamelucos-industriales","11":"product_tag-overol-de-seguridad","12":"product_tag-overol-de-trabajo","13":"product_tag-overol-drill","14":"product_tag-overol-industrial","15":"product_tag-ropa-de-seguridad","16":"product_tag-ropa-industrial","18":"first","19":"instock","20":"taxable","21":"shipping-taxable","22":"product-type-external"},"_links":{"self":[{"href":"https:\/\/nonamepublicidad.com\/en\/wp-json\/wp\/v2\/product\/23526","targetHints":{"allow":["GET"]}}],"collection":[{"href":"https:\/\/nonamepublicidad.com\/en\/wp-json\/wp\/v2\/product"}],"about":[{"href":"https:\/\/nonamepublicidad.com\/en\/wp-json\/wp\/v2\/types\/product"}],"replies":[{"embeddable":true,"href":"https:\/\/nonamepublicidad.com\/en\/wp-json\/wp\/v2\/comments?post=23526"}],"version-history":[{"count":0,"href":"https:\/\/nonamepublicidad.com\/en\/wp-json\/wp\/v2\/product\/23526\/revisions"}],"wp:featuredmedia":[{"embeddable":true,"href":"https:\/\/nonamepublicidad.com\/en\/wp-json\/wp\/v2\/media\/23524"}],"wp:attachment":[{"href":"https:\/\/nonamepublicidad.com\/en\/wp-json\/wp\/v2\/media?parent=23526"}],"wp:term":[{"taxonomy":"product_brand","embeddable":true,"href":"https:\/\/nonamepublicidad.com\/en\/wp-json\/wp\/v2\/product_brand?post=23526"},{"taxonomy":"product_cat","embeddable":true,"href":"https:\/\/nonamepublicidad.com\/en\/wp-json\/wp\/v2\/product_cat?post=23526"},{"taxonomy":"product_tag","embeddable":true,"href":"https:\/\/nonamepublicidad.com\/en\/wp-json\/wp\/v2\/product_tag?post=23526"}],"curies":[{"name":"wp","href":"https:\/\/api.w.org\/{rel}","templated":true}]}}