{"id":23864,"date":"2025-10-14T16:50:59","date_gmt":"2025-10-14T21:50:59","guid":{"rendered":"https:\/\/nonamepublicidad.com\/?post_type=product&#038;p=23864"},"modified":"2025-10-14T22:49:02","modified_gmt":"2025-10-15T03:49:02","slug":"goliath-power-saber-energy-blade-green-first-ever","status":"publish","type":"product","link":"https:\/\/nonamepublicidad.com\/en\/product\/goliath-power-saber-energy-blade-green-first-ever\/","title":{"rendered":"Goliath Power Saber Energy Blade Green First Ever"},"content":{"rendered":"<ul>\n<li>EL PRIMER MUNDO: Power Saber es el primer sable de extensi\u00f3n y retracci\u00f3n totalmente autom\u00e1tico del mundo.<\/li>\n<li>EL SABER M\u00c1S REALISTA: Cuenta con SFX basado en movimiento, flash en choque y un LED en la empu\u00f1adura.<\/li>\n<li>PREMIO: Premio a la Excelencia Internacional de Juguete y Juego 2024 (TAGiE) al Innovador de Juguetes del A\u00f1o.<\/li>\n<li>Prep\u00e1rate para la batalla: se extiende 35\u00bb\/35.4 in, requiere 4 pilas AA (no incluidas).<\/li>\n<li>ELIGE TU LADO: Disponible en rojo y verde.<\/li>\n<li>El regalo perfecto para los fan\u00e1ticos: adecuado para ni\u00f1os de 6 a\u00f1os en adelante.<\/li>\n<\/ul>","protected":false},"excerpt":{"rendered":"<p>Sable autom\u00e1tico Sable de extensi\u00f3n y retracci\u00f3n autom\u00e1tica que se extiende 35 pulgadas (35.4 in) SFX basado en movimiento a partir de 6 a\u00f1os.<\/p>\n<div class=\"nta_wa_button\" data-id=\"13293\" data-info=\"{&quot;name&quot;:&quot;Orlando (Per\\u00fa)&quot;,&quot;info&quot;:{&quot;number&quot;:&quot;+51941203813&quot;,&quot;title&quot;:&quot;Orlando&quot;,&quot;predefinedText&quot;:&quot;Hola Orlando, solicito informaci\\u00f3n de [njwa_page_title] Enlace: [njwa_page_url]&quot;,&quot;willBeBackText&quot;:&quot;I will be back in [njwa_time_work]&quot;,&quot;dayOffsText&quot;:&quot;I will be back soon&quot;,&quot;isAlwaysAvailable&quot;:&quot;ON&quot;,&quot;daysOfWeekWorking&quot;:{&quot;sunday&quot;:{&quot;isWorkingOnDay&quot;:&quot;OFF&quot;,&quot;workHours&quot;:[{&quot;startTime&quot;:&quot;08:00&quot;,&quot;endTime&quot;:&quot;17:30&quot;}]},&quot;monday&quot;:{&quot;isWorkingOnDay&quot;:&quot;OFF&quot;,&quot;workHours&quot;:[{&quot;startTime&quot;:&quot;08:00&quot;,&quot;endTime&quot;:&quot;17:30&quot;}]},&quot;tuesday&quot;:{&quot;isWorkingOnDay&quot;:&quot;OFF&quot;,&quot;workHours&quot;:[{&quot;startTime&quot;:&quot;08:00&quot;,&quot;endTime&quot;:&quot;17:30&quot;}]},&quot;wednesday&quot;:{&quot;isWorkingOnDay&quot;:&quot;OFF&quot;,&quot;workHours&quot;:[{&quot;startTime&quot;:&quot;08:00&quot;,&quot;endTime&quot;:&quot;17:30&quot;}]},&quot;thursday&quot;:{&quot;isWorkingOnDay&quot;:&quot;OFF&quot;,&quot;workHours&quot;:[{&quot;startTime&quot;:&quot;08:00&quot;,&quot;endTime&quot;:&quot;17:30&quot;}]},&quot;friday&quot;:{&quot;isWorkingOnDay&quot;:&quot;OFF&quot;,&quot;workHours&quot;:[{&quot;startTime&quot;:&quot;08:00&quot;,&quot;endTime&quot;:&quot;17:30&quot;}]},&quot;saturday&quot;:{&quot;isWorkingOnDay&quot;:&quot;OFF&quot;,&quot;workHours&quot;:[{&quot;startTime&quot;:&quot;08:00&quot;,&quot;endTime&quot;:&quot;17:30&quot;}]}}},&quot;styles&quot;:{&quot;type&quot;:&quot;round&quot;,&quot;backgroundColor&quot;:&quot;#2DB742&quot;,&quot;textColor&quot;:&quot;#fff&quot;,&quot;label&quot;:&quot;Necesitas ayuda? Hablemos \\\/ Do you need help? Let&#039;s talk&quot;,&quot;width&quot;:300,&quot;height&quot;:64},&quot;avatar&quot;:&quot;https:\\\/\\\/nonamepublicidad.com\\\/wp-content\\\/uploads\\\/2020\\\/07\\\/noname-icon_152x152.png&quot;,&quot;options&quot;:{&quot;display&quot;:{&quot;displayCondition&quot;:&quot;showAllPage&quot;,&quot;includePages&quot;:[],&quot;excludePages&quot;:[],&quot;includePosts&quot;:[],&quot;showOnDesktop&quot;:&quot;ON&quot;,&quot;showOnMobile&quot;:&quot;ON&quot;,&quot;time_symbols&quot;:&quot;h:m&quot;},&quot;styles&quot;:{&quot;title&quot;:&quot;Start a Conversation&quot;,&quot;responseText&quot;:&quot;The team typically replies in a few minutes.&quot;,&quot;description&quot;:&quot;Hi! Click one of our member below to chat on &lt;strong&gt;WhatsApp&lt;\\\/strong&gt;&quot;,&quot;backgroundColor&quot;:&quot;#2db742&quot;,&quot;textColor&quot;:&quot;#fff&quot;,&quot;scrollHeight&quot;:500,&quot;isShowScroll&quot;:&quot;OFF&quot;,&quot;isShowResponseText&quot;:&quot;ON&quot;,&quot;isShowPoweredBy&quot;:&quot;ON&quot;,&quot;btnLabel&quot;:&quot;Need Help? &lt;strong&gt;Chat with us&lt;\\\/strong&gt;&quot;,&quot;btnLabelWidth&quot;:156,&quot;btnPosition&quot;:&quot;right&quot;,&quot;btnLeftDistance&quot;:30,&quot;btnRightDistance&quot;:30,&quot;btnBottomDistance&quot;:30,&quot;isShowBtnLabel&quot;:&quot;ON&quot;,&quot;isShowGDPR&quot;:&quot;OFF&quot;,&quot;gdprContent&quot;:&quot;Please accept our &lt;a href=\\&quot;https:\\\/\\\/ninjateam.org\\\/privacy-policy\\\/\\&quot;&gt;privacy policy&lt;\\\/a&gt; first to start a conversation.&quot;,&quot;widgetType&quot;:&quot;expandable&quot;},&quot;analytics&quot;:{&quot;enabledGoogle&quot;:&quot;OFF&quot;,&quot;enabledFacebook&quot;:&quot;OFF&quot;,&quot;enabledGoogleGA4&quot;:&quot;OFF&quot;}},&quot;gdprStatus&quot;:false,&quot;defaultAvatar&quot;:&quot;https:\\\/\\\/nonamepublicidad.com\\\/wp-content\\\/plugins\\\/whatsapp-for-wordpress\\\/assets\\\/img\\\/whatsapp_logo.svg&quot;}\"><\/div>\n<div style=\"visibility: hidden;\">sable, espada l\u00e1ser, espada de luz, lightsaber, sable de luz, sable de luz star wars, sable de luz precio, lightsaber star wars<\/div>\n","protected":false},"featured_media":23860,"comment_status":"open","ping_status":"closed","template":"","meta":[],"product_brand":[5272],"product_cat":[1224,439],"product_tag":[2188,2187,2198,1225,2207,1226,2199],"class_list":{"0":"post-23864","1":"product","2":"type-product","3":"status-publish","4":"has-post-thumbnail","6":"product_brand-amazon","7":"product_cat-articulos-coleccionables","8":"product_cat-juegos-y-juguetes","9":"product_tag-espada-de-luz","10":"product_tag-espada-laser","11":"product_tag-light-saber","12":"product_tag-lightsaber","13":"product_tag-lightsaber-star-wars","14":"product_tag-sable-de-luz","15":"product_tag-sable-de-luz-star-wars","17":"first","18":"instock","19":"taxable","20":"shipping-taxable","21":"product-type-external"},"_links":{"self":[{"href":"https:\/\/nonamepublicidad.com\/en\/wp-json\/wp\/v2\/product\/23864","targetHints":{"allow":["GET"]}}],"collection":[{"href":"https:\/\/nonamepublicidad.com\/en\/wp-json\/wp\/v2\/product"}],"about":[{"href":"https:\/\/nonamepublicidad.com\/en\/wp-json\/wp\/v2\/types\/product"}],"replies":[{"embeddable":true,"href":"https:\/\/nonamepublicidad.com\/en\/wp-json\/wp\/v2\/comments?post=23864"}],"version-history":[{"count":0,"href":"https:\/\/nonamepublicidad.com\/en\/wp-json\/wp\/v2\/product\/23864\/revisions"}],"wp:featuredmedia":[{"embeddable":true,"href":"https:\/\/nonamepublicidad.com\/en\/wp-json\/wp\/v2\/media\/23860"}],"wp:attachment":[{"href":"https:\/\/nonamepublicidad.com\/en\/wp-json\/wp\/v2\/media?parent=23864"}],"wp:term":[{"taxonomy":"product_brand","embeddable":true,"href":"https:\/\/nonamepublicidad.com\/en\/wp-json\/wp\/v2\/product_brand?post=23864"},{"taxonomy":"product_cat","embeddable":true,"href":"https:\/\/nonamepublicidad.com\/en\/wp-json\/wp\/v2\/product_cat?post=23864"},{"taxonomy":"product_tag","embeddable":true,"href":"https:\/\/nonamepublicidad.com\/en\/wp-json\/wp\/v2\/product_tag?post=23864"}],"curies":[{"name":"wp","href":"https:\/\/api.w.org\/{rel}","templated":true}]}}