{"id":23873,"date":"2025-10-14T18:04:40","date_gmt":"2025-10-14T23:04:40","guid":{"rendered":"https:\/\/nonamepublicidad.com\/?post_type=product&#038;p=23873"},"modified":"2025-10-14T22:48:31","modified_gmt":"2025-10-15T03:48:31","slug":"sable-de-luz-de-duelo-con-12-colores-rgb","status":"publish","type":"product","link":"https:\/\/nonamepublicidad.com\/en\/product\/sable-de-luz-de-duelo-con-12-colores-rgb\/","title":{"rendered":"Sable de Luz de Duelo con 12 Colores RGB"},"content":{"rendered":"<ul>\n<li>Sable de luz mejorado: La tecnolog\u00eda Smooth Sensitive Swing a\u00f1ade realismo emitiendo ese sonido y destello de luz cada vez que la hoja del sable de luz toca algo autom\u00e1ticamente, el sable de luz y desviar\u00e1 el l\u00e1ser mientras se usa en la oscuridad.<\/li>\n<li>Sable de luz con 16 sonidos de la pel\u00edcula y 12 colores RGB: 16 fuentes de sonido o temas para seleccionar. Se pueden cambiar 12 colores, 3 modos de llama: modo de luz completa, modo de respiraci\u00f3n, modo flash en choque y funci\u00f3n de l\u00e1ser, que te permiten vivir la pel\u00edcula de forma real. Elige tu color favorito y efectos de sonido para el duelo.<\/li>\n<li>Sables de luz de empu\u00f1adura de metal para duelo intenso: La empu\u00f1adura del sable est\u00e1 muy bien hecha de aluminio de metal y bien pulido. Buen peso s\u00f3lido, dise\u00f1o antideslizante que hace que sea c\u00f3modo de agarrar, resistente y no se deforma f\u00e1cilmente, dif\u00edcil de rayar. Hoja de policarbonato duradera de alto impacto, no es f\u00e1cil de plegar ni doblar, soporta duelos realmente pesados.<\/li>\n<li>Sables de luz con funci\u00f3n de control de movimiento inteligente: Gira la hoja del sable de luz hacia abajo y para encender o apagar, blande el sable para encenderlo mientras el sable est\u00e9 encendido. Simplemente enciende o apaga la hoja girando o blandiendo. Sost\u00e9n tu sable de luz realista y entra en el mundo de Star Wars y convi\u00e9rtete en el \u00faltimo Jedi Sith.<\/li>\n<li>Que la Fuerza te acompa\u00f1e. Sable l\u00e1ser de moda premium para fiestas, deportes al aire libre, entretenimiento familiar, campamento al aire libre, ideal para practicar duelos y juegos casuales. Como en fiestas, Halloween, cosplay de Navidad. Es un buen regalo para cumplea\u00f1os o festivales para adultos y ni\u00f1os.<\/li>\n<\/ul>","protected":false},"excerpt":{"rendered":"<p>16 fuentes de sonido y control de movimiento, sables de luz Force FX con mango de metal y hoja reemplazable, sables de luz para adultos y ni\u00f1os.<\/p>\n<div class=\"nta_wa_button\" data-id=\"13293\" data-info=\"{&quot;name&quot;:&quot;Orlando (Per\\u00fa)&quot;,&quot;info&quot;:{&quot;number&quot;:&quot;+51941203813&quot;,&quot;title&quot;:&quot;Orlando&quot;,&quot;predefinedText&quot;:&quot;Hola Orlando, solicito informaci\\u00f3n de [njwa_page_title] Enlace: [njwa_page_url]&quot;,&quot;willBeBackText&quot;:&quot;I will be back in [njwa_time_work]&quot;,&quot;dayOffsText&quot;:&quot;I will be back soon&quot;,&quot;isAlwaysAvailable&quot;:&quot;ON&quot;,&quot;daysOfWeekWorking&quot;:{&quot;sunday&quot;:{&quot;isWorkingOnDay&quot;:&quot;OFF&quot;,&quot;workHours&quot;:[{&quot;startTime&quot;:&quot;08:00&quot;,&quot;endTime&quot;:&quot;17:30&quot;}]},&quot;monday&quot;:{&quot;isWorkingOnDay&quot;:&quot;OFF&quot;,&quot;workHours&quot;:[{&quot;startTime&quot;:&quot;08:00&quot;,&quot;endTime&quot;:&quot;17:30&quot;}]},&quot;tuesday&quot;:{&quot;isWorkingOnDay&quot;:&quot;OFF&quot;,&quot;workHours&quot;:[{&quot;startTime&quot;:&quot;08:00&quot;,&quot;endTime&quot;:&quot;17:30&quot;}]},&quot;wednesday&quot;:{&quot;isWorkingOnDay&quot;:&quot;OFF&quot;,&quot;workHours&quot;:[{&quot;startTime&quot;:&quot;08:00&quot;,&quot;endTime&quot;:&quot;17:30&quot;}]},&quot;thursday&quot;:{&quot;isWorkingOnDay&quot;:&quot;OFF&quot;,&quot;workHours&quot;:[{&quot;startTime&quot;:&quot;08:00&quot;,&quot;endTime&quot;:&quot;17:30&quot;}]},&quot;friday&quot;:{&quot;isWorkingOnDay&quot;:&quot;OFF&quot;,&quot;workHours&quot;:[{&quot;startTime&quot;:&quot;08:00&quot;,&quot;endTime&quot;:&quot;17:30&quot;}]},&quot;saturday&quot;:{&quot;isWorkingOnDay&quot;:&quot;OFF&quot;,&quot;workHours&quot;:[{&quot;startTime&quot;:&quot;08:00&quot;,&quot;endTime&quot;:&quot;17:30&quot;}]}}},&quot;styles&quot;:{&quot;type&quot;:&quot;round&quot;,&quot;backgroundColor&quot;:&quot;#2DB742&quot;,&quot;textColor&quot;:&quot;#fff&quot;,&quot;label&quot;:&quot;Necesitas ayuda? Hablemos \\\/ Do you need help? Let&#039;s talk&quot;,&quot;width&quot;:300,&quot;height&quot;:64},&quot;avatar&quot;:&quot;https:\\\/\\\/nonamepublicidad.com\\\/wp-content\\\/uploads\\\/2020\\\/07\\\/noname-icon_152x152.png&quot;,&quot;options&quot;:{&quot;display&quot;:{&quot;displayCondition&quot;:&quot;showAllPage&quot;,&quot;includePages&quot;:[],&quot;excludePages&quot;:[],&quot;includePosts&quot;:[],&quot;showOnDesktop&quot;:&quot;ON&quot;,&quot;showOnMobile&quot;:&quot;ON&quot;,&quot;time_symbols&quot;:&quot;h:m&quot;},&quot;styles&quot;:{&quot;title&quot;:&quot;Start a Conversation&quot;,&quot;responseText&quot;:&quot;The team typically replies in a few minutes.&quot;,&quot;description&quot;:&quot;Hi! Click one of our member below to chat on &lt;strong&gt;WhatsApp&lt;\\\/strong&gt;&quot;,&quot;backgroundColor&quot;:&quot;#2db742&quot;,&quot;textColor&quot;:&quot;#fff&quot;,&quot;scrollHeight&quot;:500,&quot;isShowScroll&quot;:&quot;OFF&quot;,&quot;isShowResponseText&quot;:&quot;ON&quot;,&quot;isShowPoweredBy&quot;:&quot;ON&quot;,&quot;btnLabel&quot;:&quot;Need Help? &lt;strong&gt;Chat with us&lt;\\\/strong&gt;&quot;,&quot;btnLabelWidth&quot;:156,&quot;btnPosition&quot;:&quot;right&quot;,&quot;btnLeftDistance&quot;:30,&quot;btnRightDistance&quot;:30,&quot;btnBottomDistance&quot;:30,&quot;isShowBtnLabel&quot;:&quot;ON&quot;,&quot;isShowGDPR&quot;:&quot;OFF&quot;,&quot;gdprContent&quot;:&quot;Please accept our &lt;a href=\\&quot;https:\\\/\\\/ninjateam.org\\\/privacy-policy\\\/\\&quot;&gt;privacy policy&lt;\\\/a&gt; first to start a conversation.&quot;,&quot;widgetType&quot;:&quot;expandable&quot;},&quot;analytics&quot;:{&quot;enabledGoogle&quot;:&quot;OFF&quot;,&quot;enabledFacebook&quot;:&quot;OFF&quot;,&quot;enabledGoogleGA4&quot;:&quot;OFF&quot;}},&quot;gdprStatus&quot;:false,&quot;defaultAvatar&quot;:&quot;https:\\\/\\\/nonamepublicidad.com\\\/wp-content\\\/plugins\\\/whatsapp-for-wordpress\\\/assets\\\/img\\\/whatsapp_logo.svg&quot;}\"><\/div>\n<div style=\"visibility: hidden;\">sable, espada l\u00e1ser, espada de luz, lightsaber, sable de luz, sable de luz star wars, sable de luz precio, lightsaber star wars<\/div>\n","protected":false},"featured_media":23870,"comment_status":"open","ping_status":"closed","template":"","meta":[],"product_brand":[5272],"product_cat":[1224,439],"product_tag":[2188,2187,2198,1225,2207,1226,2199],"class_list":{"0":"post-23873","1":"product","2":"type-product","3":"status-publish","4":"has-post-thumbnail","6":"product_brand-amazon","7":"product_cat-articulos-coleccionables","8":"product_cat-juegos-y-juguetes","9":"product_tag-espada-de-luz","10":"product_tag-espada-laser","11":"product_tag-light-saber","12":"product_tag-lightsaber","13":"product_tag-lightsaber-star-wars","14":"product_tag-sable-de-luz","15":"product_tag-sable-de-luz-star-wars","17":"first","18":"instock","19":"taxable","20":"shipping-taxable","21":"product-type-external"},"_links":{"self":[{"href":"https:\/\/nonamepublicidad.com\/en\/wp-json\/wp\/v2\/product\/23873","targetHints":{"allow":["GET"]}}],"collection":[{"href":"https:\/\/nonamepublicidad.com\/en\/wp-json\/wp\/v2\/product"}],"about":[{"href":"https:\/\/nonamepublicidad.com\/en\/wp-json\/wp\/v2\/types\/product"}],"replies":[{"embeddable":true,"href":"https:\/\/nonamepublicidad.com\/en\/wp-json\/wp\/v2\/comments?post=23873"}],"version-history":[{"count":0,"href":"https:\/\/nonamepublicidad.com\/en\/wp-json\/wp\/v2\/product\/23873\/revisions"}],"wp:featuredmedia":[{"embeddable":true,"href":"https:\/\/nonamepublicidad.com\/en\/wp-json\/wp\/v2\/media\/23870"}],"wp:attachment":[{"href":"https:\/\/nonamepublicidad.com\/en\/wp-json\/wp\/v2\/media?parent=23873"}],"wp:term":[{"taxonomy":"product_brand","embeddable":true,"href":"https:\/\/nonamepublicidad.com\/en\/wp-json\/wp\/v2\/product_brand?post=23873"},{"taxonomy":"product_cat","embeddable":true,"href":"https:\/\/nonamepublicidad.com\/en\/wp-json\/wp\/v2\/product_cat?post=23873"},{"taxonomy":"product_tag","embeddable":true,"href":"https:\/\/nonamepublicidad.com\/en\/wp-json\/wp\/v2\/product_tag?post=23873"}],"curies":[{"name":"wp","href":"https:\/\/api.w.org\/{rel}","templated":true}]}}