{"id":23877,"date":"2025-10-14T18:56:10","date_gmt":"2025-10-14T23:56:10","guid":{"rendered":"https:\/\/nonamepublicidad.com\/?post_type=product&#038;p=23877"},"modified":"2025-10-14T22:48:02","modified_gmt":"2025-10-15T03:48:02","slug":"cvcbser-sable-de-luz-de-duelo","status":"publish","type":"product","link":"https:\/\/nonamepublicidad.com\/en\/product\/cvcbser-sable-de-luz-de-duelo\/","title":{"rendered":"CVCBSER Sable de Luz de Duelo"},"content":{"rendered":"<ul>\n<li>Utiliza el cargador 5V1A para cargar, para no da\u00f1ar la bater\u00eda del sable de luz.<\/li>\n<li>Efectos de sonido y efectos de luz. 12 efectos de fuente de sonido; 3 efectos de luz (constante, pulso, inestable); 3 ajustes de volumen (alto, bajo, silencio). La espada de sable de luz tiene un sonido real de blaster, s\u00faper sensible, m\u00e1s fuerte y m\u00e1s brillante. El sable de duelo de luz RGB combina efectos de sonido de combate especiales y modos de flash para brindar una experiencia de combate v\u00edvida y realista.<\/li>\n<li>Escenarios de uso. Sable de luz de moda de alta calidad para fiestas de cosplay, deportes al aire libre, entretenimiento familiar, campamento al aire libre, entrenamiento deportivo de esgrima, ideal para practicar duelos y juegos casuales. Como fiestas, Halloween, cosplay de Navidad. Es un buen regalo para cumplea\u00f1os o festivales para adultos y ni\u00f1os.<\/li>\n<li>Nueva versi\u00f3n de sable de luz de giro suave. 1.- Control de movimiento: te permite encender o apagar la hoja empujando y tirando, girando o girando. 2.- Juego de 12 fuentes de sonido, efectos de sonido realistas de pel\u00edcula. 3.- 16 colores cambiables, varios colores cambian constantemente.<\/li>\n<li>Empu\u00f1adura de aluminio de metal + hoja de policarbonato resistente. La empu\u00f1adura del sable de luz de fuerza est\u00e1 hecha de aluminio de metal, considera completamente el efecto de gravedad del sable ligero y el agarre c\u00f3modo debido al bonito dise\u00f1o pulido y de aspecto exquisito. Equipado con hoja de policarbonato de alto impacto y alta transparencia de 36.2 in\/36 pulgadas, no es f\u00e1cil de plegar ni doblar, resistente a los golpes, apoy\u00e1ndote para un duelo realmente pesado.<\/li>\n<\/ul>","protected":false},"excerpt":{"rendered":"<p>15 colores cambiables con 12 modos de efecto de sonido, mango de metal de alta calidad, hoja resistente, sable de luz (RGB-X-negro).<\/p>\n<div class=\"nta_wa_button\" data-id=\"13293\" data-info=\"{&quot;name&quot;:&quot;Orlando (Per\\u00fa)&quot;,&quot;info&quot;:{&quot;number&quot;:&quot;+51941203813&quot;,&quot;title&quot;:&quot;Orlando&quot;,&quot;predefinedText&quot;:&quot;Hola Orlando, solicito informaci\\u00f3n de [njwa_page_title] Enlace: [njwa_page_url]&quot;,&quot;willBeBackText&quot;:&quot;I will be back in [njwa_time_work]&quot;,&quot;dayOffsText&quot;:&quot;I will be back soon&quot;,&quot;isAlwaysAvailable&quot;:&quot;ON&quot;,&quot;daysOfWeekWorking&quot;:{&quot;sunday&quot;:{&quot;isWorkingOnDay&quot;:&quot;OFF&quot;,&quot;workHours&quot;:[{&quot;startTime&quot;:&quot;08:00&quot;,&quot;endTime&quot;:&quot;17:30&quot;}]},&quot;monday&quot;:{&quot;isWorkingOnDay&quot;:&quot;OFF&quot;,&quot;workHours&quot;:[{&quot;startTime&quot;:&quot;08:00&quot;,&quot;endTime&quot;:&quot;17:30&quot;}]},&quot;tuesday&quot;:{&quot;isWorkingOnDay&quot;:&quot;OFF&quot;,&quot;workHours&quot;:[{&quot;startTime&quot;:&quot;08:00&quot;,&quot;endTime&quot;:&quot;17:30&quot;}]},&quot;wednesday&quot;:{&quot;isWorkingOnDay&quot;:&quot;OFF&quot;,&quot;workHours&quot;:[{&quot;startTime&quot;:&quot;08:00&quot;,&quot;endTime&quot;:&quot;17:30&quot;}]},&quot;thursday&quot;:{&quot;isWorkingOnDay&quot;:&quot;OFF&quot;,&quot;workHours&quot;:[{&quot;startTime&quot;:&quot;08:00&quot;,&quot;endTime&quot;:&quot;17:30&quot;}]},&quot;friday&quot;:{&quot;isWorkingOnDay&quot;:&quot;OFF&quot;,&quot;workHours&quot;:[{&quot;startTime&quot;:&quot;08:00&quot;,&quot;endTime&quot;:&quot;17:30&quot;}]},&quot;saturday&quot;:{&quot;isWorkingOnDay&quot;:&quot;OFF&quot;,&quot;workHours&quot;:[{&quot;startTime&quot;:&quot;08:00&quot;,&quot;endTime&quot;:&quot;17:30&quot;}]}}},&quot;styles&quot;:{&quot;type&quot;:&quot;round&quot;,&quot;backgroundColor&quot;:&quot;#2DB742&quot;,&quot;textColor&quot;:&quot;#fff&quot;,&quot;label&quot;:&quot;Necesitas ayuda? Hablemos \\\/ Do you need help? Let&#039;s talk&quot;,&quot;width&quot;:300,&quot;height&quot;:64},&quot;avatar&quot;:&quot;https:\\\/\\\/nonamepublicidad.com\\\/wp-content\\\/uploads\\\/2020\\\/07\\\/noname-icon_152x152.png&quot;,&quot;options&quot;:{&quot;display&quot;:{&quot;displayCondition&quot;:&quot;showAllPage&quot;,&quot;includePages&quot;:[],&quot;excludePages&quot;:[],&quot;includePosts&quot;:[],&quot;showOnDesktop&quot;:&quot;ON&quot;,&quot;showOnMobile&quot;:&quot;ON&quot;,&quot;time_symbols&quot;:&quot;h:m&quot;},&quot;styles&quot;:{&quot;title&quot;:&quot;Start a Conversation&quot;,&quot;responseText&quot;:&quot;The team typically replies in a few minutes.&quot;,&quot;description&quot;:&quot;Hi! Click one of our member below to chat on &lt;strong&gt;WhatsApp&lt;\\\/strong&gt;&quot;,&quot;backgroundColor&quot;:&quot;#2db742&quot;,&quot;textColor&quot;:&quot;#fff&quot;,&quot;scrollHeight&quot;:500,&quot;isShowScroll&quot;:&quot;OFF&quot;,&quot;isShowResponseText&quot;:&quot;ON&quot;,&quot;isShowPoweredBy&quot;:&quot;ON&quot;,&quot;btnLabel&quot;:&quot;Need Help? &lt;strong&gt;Chat with us&lt;\\\/strong&gt;&quot;,&quot;btnLabelWidth&quot;:156,&quot;btnPosition&quot;:&quot;right&quot;,&quot;btnLeftDistance&quot;:30,&quot;btnRightDistance&quot;:30,&quot;btnBottomDistance&quot;:30,&quot;isShowBtnLabel&quot;:&quot;ON&quot;,&quot;isShowGDPR&quot;:&quot;OFF&quot;,&quot;gdprContent&quot;:&quot;Please accept our &lt;a href=\\&quot;https:\\\/\\\/ninjateam.org\\\/privacy-policy\\\/\\&quot;&gt;privacy policy&lt;\\\/a&gt; first to start a conversation.&quot;,&quot;widgetType&quot;:&quot;expandable&quot;},&quot;analytics&quot;:{&quot;enabledGoogle&quot;:&quot;OFF&quot;,&quot;enabledFacebook&quot;:&quot;OFF&quot;,&quot;enabledGoogleGA4&quot;:&quot;OFF&quot;}},&quot;gdprStatus&quot;:false,&quot;defaultAvatar&quot;:&quot;https:\\\/\\\/nonamepublicidad.com\\\/wp-content\\\/plugins\\\/whatsapp-for-wordpress\\\/assets\\\/img\\\/whatsapp_logo.svg&quot;}\"><\/div>\n<div style=\"visibility: hidden;\">sable, espada l\u00e1ser, espada de luz, lightsaber, sable de luz, sable de luz star wars, sable de luz precio, lightsaber star wars<\/div>\n","protected":false},"featured_media":23875,"comment_status":"open","ping_status":"closed","template":"","meta":[],"product_brand":[5272,5297],"product_cat":[1224,439],"product_tag":[2188,2187,2198,1225,2207,1226,2199],"class_list":{"0":"post-23877","1":"product","2":"type-product","3":"status-publish","4":"has-post-thumbnail","6":"product_brand-amazon","7":"product_brand-cvcbser","8":"product_cat-articulos-coleccionables","9":"product_cat-juegos-y-juguetes","10":"product_tag-espada-de-luz","11":"product_tag-espada-laser","12":"product_tag-light-saber","13":"product_tag-lightsaber","14":"product_tag-lightsaber-star-wars","15":"product_tag-sable-de-luz","16":"product_tag-sable-de-luz-star-wars","18":"first","19":"instock","20":"taxable","21":"shipping-taxable","22":"product-type-external"},"_links":{"self":[{"href":"https:\/\/nonamepublicidad.com\/en\/wp-json\/wp\/v2\/product\/23877","targetHints":{"allow":["GET"]}}],"collection":[{"href":"https:\/\/nonamepublicidad.com\/en\/wp-json\/wp\/v2\/product"}],"about":[{"href":"https:\/\/nonamepublicidad.com\/en\/wp-json\/wp\/v2\/types\/product"}],"replies":[{"embeddable":true,"href":"https:\/\/nonamepublicidad.com\/en\/wp-json\/wp\/v2\/comments?post=23877"}],"version-history":[{"count":0,"href":"https:\/\/nonamepublicidad.com\/en\/wp-json\/wp\/v2\/product\/23877\/revisions"}],"wp:featuredmedia":[{"embeddable":true,"href":"https:\/\/nonamepublicidad.com\/en\/wp-json\/wp\/v2\/media\/23875"}],"wp:attachment":[{"href":"https:\/\/nonamepublicidad.com\/en\/wp-json\/wp\/v2\/media?parent=23877"}],"wp:term":[{"taxonomy":"product_brand","embeddable":true,"href":"https:\/\/nonamepublicidad.com\/en\/wp-json\/wp\/v2\/product_brand?post=23877"},{"taxonomy":"product_cat","embeddable":true,"href":"https:\/\/nonamepublicidad.com\/en\/wp-json\/wp\/v2\/product_cat?post=23877"},{"taxonomy":"product_tag","embeddable":true,"href":"https:\/\/nonamepublicidad.com\/en\/wp-json\/wp\/v2\/product_tag?post=23877"}],"curies":[{"name":"wp","href":"https:\/\/api.w.org\/{rel}","templated":true}]}}