{"id":23883,"date":"2025-10-14T22:51:45","date_gmt":"2025-10-15T03:51:45","guid":{"rendered":"https:\/\/nonamepublicidad.com\/?post_type=product&#038;p=23883"},"modified":"2025-10-14T23:00:49","modified_gmt":"2025-10-15T04:00:49","slug":"cvcbser-sable-de-luz-de-giro-suave","status":"publish","type":"product","link":"https:\/\/nonamepublicidad.com\/en\/product\/cvcbser-sable-de-luz-de-giro-suave\/","title":{"rendered":"CVCBSER Sable de Luz de Giro Suave"},"content":{"rendered":"<ul>\n<li>Versi\u00f3n de sable de luz mejorada: control de movimiento: te permite encender o apagar la hoja empujando y tirando, girando o girando. La espada de sable de luz tiene un sonido real, suave swing s\u00faper sensible. El sable de duelo de la marca CVCBSER combina efectos de sonido especiales de combate y modos de flash para brindar una experiencia de combate v\u00edvida y realista.<\/li>\n<li>Efectos de sonido y suave oscilaci\u00f3n: 12 juegos de ajustes de estilo de efectos de fuentes de sonido; 3 ajustes de volumen (alto, bajo, silencio); 16 colores se pueden cambiar. Elija el color favorito y efectos de sonido suave swing a duelo.<\/li>\n<li>Empu\u00f1adura de metal + hoja resistente. La empu\u00f1adura del sable de luz de fuerza est\u00e1 hecha de aluminio de metal, considera completamente el efecto de gravedad del sable ligero y el agarre c\u00f3modo, hoja de policarbonato resistente no es f\u00e1cil de plegar ni doblar, resistente a los golpes, apoy\u00e1ndote para duelo realmente pesado.<\/li>\n<li>Bater\u00eda recargable y de gran capacidad: bater\u00eda recargable de 3000 mAh de gran capacidad, 2-4 horas completamente cargada durante m\u00e1s de 2 horas de reproducci\u00f3n continua. La bater\u00eda se puede reutilizar cargando.<\/li>\n<li>El mejor regalo y servicio de garant\u00eda. El sable de luz de moda de alta calidad es el mejor regalo para cumplea\u00f1os o festivales, fan\u00e1ticos del cine para adultos y ni\u00f1os. La garant\u00eda de la marca CVCBSER proporciona 12 meses de garant\u00eda y un servicio posventa completo, ayuda a dar ayuda profesional u orientaci\u00f3n a tiempo.<\/li>\n<li>Consejos: utilice un adaptador de carga de 5V 1A para cargar.<\/li>\n<\/ul>","protected":false},"excerpt":{"rendered":"<p>Control de movimiento, 12 fuentes de sonido y 16 RGB infinito cambio de color, sable de luz de metal premium para regalo de adultos.<\/p>\n<div class=\"nta_wa_button\" data-id=\"13293\" data-info=\"{&quot;name&quot;:&quot;Orlando (Per\\u00fa)&quot;,&quot;info&quot;:{&quot;number&quot;:&quot;+51941203813&quot;,&quot;title&quot;:&quot;Orlando&quot;,&quot;predefinedText&quot;:&quot;Hola Orlando, solicito informaci\\u00f3n de [njwa_page_title] Enlace: [njwa_page_url]&quot;,&quot;willBeBackText&quot;:&quot;I will be back in [njwa_time_work]&quot;,&quot;dayOffsText&quot;:&quot;I will be back soon&quot;,&quot;isAlwaysAvailable&quot;:&quot;ON&quot;,&quot;daysOfWeekWorking&quot;:{&quot;sunday&quot;:{&quot;isWorkingOnDay&quot;:&quot;OFF&quot;,&quot;workHours&quot;:[{&quot;startTime&quot;:&quot;08:00&quot;,&quot;endTime&quot;:&quot;17:30&quot;}]},&quot;monday&quot;:{&quot;isWorkingOnDay&quot;:&quot;OFF&quot;,&quot;workHours&quot;:[{&quot;startTime&quot;:&quot;08:00&quot;,&quot;endTime&quot;:&quot;17:30&quot;}]},&quot;tuesday&quot;:{&quot;isWorkingOnDay&quot;:&quot;OFF&quot;,&quot;workHours&quot;:[{&quot;startTime&quot;:&quot;08:00&quot;,&quot;endTime&quot;:&quot;17:30&quot;}]},&quot;wednesday&quot;:{&quot;isWorkingOnDay&quot;:&quot;OFF&quot;,&quot;workHours&quot;:[{&quot;startTime&quot;:&quot;08:00&quot;,&quot;endTime&quot;:&quot;17:30&quot;}]},&quot;thursday&quot;:{&quot;isWorkingOnDay&quot;:&quot;OFF&quot;,&quot;workHours&quot;:[{&quot;startTime&quot;:&quot;08:00&quot;,&quot;endTime&quot;:&quot;17:30&quot;}]},&quot;friday&quot;:{&quot;isWorkingOnDay&quot;:&quot;OFF&quot;,&quot;workHours&quot;:[{&quot;startTime&quot;:&quot;08:00&quot;,&quot;endTime&quot;:&quot;17:30&quot;}]},&quot;saturday&quot;:{&quot;isWorkingOnDay&quot;:&quot;OFF&quot;,&quot;workHours&quot;:[{&quot;startTime&quot;:&quot;08:00&quot;,&quot;endTime&quot;:&quot;17:30&quot;}]}}},&quot;styles&quot;:{&quot;type&quot;:&quot;round&quot;,&quot;backgroundColor&quot;:&quot;#2DB742&quot;,&quot;textColor&quot;:&quot;#fff&quot;,&quot;label&quot;:&quot;Necesitas ayuda? Hablemos \\\/ Do you need help? Let&#039;s talk&quot;,&quot;width&quot;:300,&quot;height&quot;:64},&quot;avatar&quot;:&quot;https:\\\/\\\/nonamepublicidad.com\\\/wp-content\\\/uploads\\\/2020\\\/07\\\/noname-icon_152x152.png&quot;,&quot;options&quot;:{&quot;display&quot;:{&quot;displayCondition&quot;:&quot;showAllPage&quot;,&quot;includePages&quot;:[],&quot;excludePages&quot;:[],&quot;includePosts&quot;:[],&quot;showOnDesktop&quot;:&quot;ON&quot;,&quot;showOnMobile&quot;:&quot;ON&quot;,&quot;time_symbols&quot;:&quot;h:m&quot;},&quot;styles&quot;:{&quot;title&quot;:&quot;Start a Conversation&quot;,&quot;responseText&quot;:&quot;The team typically replies in a few minutes.&quot;,&quot;description&quot;:&quot;Hi! Click one of our member below to chat on &lt;strong&gt;WhatsApp&lt;\\\/strong&gt;&quot;,&quot;backgroundColor&quot;:&quot;#2db742&quot;,&quot;textColor&quot;:&quot;#fff&quot;,&quot;scrollHeight&quot;:500,&quot;isShowScroll&quot;:&quot;OFF&quot;,&quot;isShowResponseText&quot;:&quot;ON&quot;,&quot;isShowPoweredBy&quot;:&quot;ON&quot;,&quot;btnLabel&quot;:&quot;Need Help? &lt;strong&gt;Chat with us&lt;\\\/strong&gt;&quot;,&quot;btnLabelWidth&quot;:156,&quot;btnPosition&quot;:&quot;right&quot;,&quot;btnLeftDistance&quot;:30,&quot;btnRightDistance&quot;:30,&quot;btnBottomDistance&quot;:30,&quot;isShowBtnLabel&quot;:&quot;ON&quot;,&quot;isShowGDPR&quot;:&quot;OFF&quot;,&quot;gdprContent&quot;:&quot;Please accept our &lt;a href=\\&quot;https:\\\/\\\/ninjateam.org\\\/privacy-policy\\\/\\&quot;&gt;privacy policy&lt;\\\/a&gt; first to start a conversation.&quot;,&quot;widgetType&quot;:&quot;expandable&quot;},&quot;analytics&quot;:{&quot;enabledGoogle&quot;:&quot;OFF&quot;,&quot;enabledFacebook&quot;:&quot;OFF&quot;,&quot;enabledGoogleGA4&quot;:&quot;OFF&quot;}},&quot;gdprStatus&quot;:false,&quot;defaultAvatar&quot;:&quot;https:\\\/\\\/nonamepublicidad.com\\\/wp-content\\\/plugins\\\/whatsapp-for-wordpress\\\/assets\\\/img\\\/whatsapp_logo.svg&quot;}\"><\/div>\n<div style=\"visibility: hidden;\">sable, espada l\u00e1ser, espada de luz, lightsaber, sable de luz, sable de luz star wars, sable de luz precio, lightsaber star wars<\/div>\n","protected":false},"featured_media":23880,"comment_status":"open","ping_status":"closed","template":"","meta":[],"product_brand":[5272,5297],"product_cat":[1224,439],"product_tag":[2188,2187,2198,1225,2207,1226,2199],"class_list":{"0":"post-23883","1":"product","2":"type-product","3":"status-publish","4":"has-post-thumbnail","6":"product_brand-amazon","7":"product_brand-cvcbser","8":"product_cat-articulos-coleccionables","9":"product_cat-juegos-y-juguetes","10":"product_tag-espada-de-luz","11":"product_tag-espada-laser","12":"product_tag-light-saber","13":"product_tag-lightsaber","14":"product_tag-lightsaber-star-wars","15":"product_tag-sable-de-luz","16":"product_tag-sable-de-luz-star-wars","18":"first","19":"instock","20":"taxable","21":"shipping-taxable","22":"product-type-external"},"_links":{"self":[{"href":"https:\/\/nonamepublicidad.com\/en\/wp-json\/wp\/v2\/product\/23883","targetHints":{"allow":["GET"]}}],"collection":[{"href":"https:\/\/nonamepublicidad.com\/en\/wp-json\/wp\/v2\/product"}],"about":[{"href":"https:\/\/nonamepublicidad.com\/en\/wp-json\/wp\/v2\/types\/product"}],"replies":[{"embeddable":true,"href":"https:\/\/nonamepublicidad.com\/en\/wp-json\/wp\/v2\/comments?post=23883"}],"version-history":[{"count":0,"href":"https:\/\/nonamepublicidad.com\/en\/wp-json\/wp\/v2\/product\/23883\/revisions"}],"wp:featuredmedia":[{"embeddable":true,"href":"https:\/\/nonamepublicidad.com\/en\/wp-json\/wp\/v2\/media\/23880"}],"wp:attachment":[{"href":"https:\/\/nonamepublicidad.com\/en\/wp-json\/wp\/v2\/media?parent=23883"}],"wp:term":[{"taxonomy":"product_brand","embeddable":true,"href":"https:\/\/nonamepublicidad.com\/en\/wp-json\/wp\/v2\/product_brand?post=23883"},{"taxonomy":"product_cat","embeddable":true,"href":"https:\/\/nonamepublicidad.com\/en\/wp-json\/wp\/v2\/product_cat?post=23883"},{"taxonomy":"product_tag","embeddable":true,"href":"https:\/\/nonamepublicidad.com\/en\/wp-json\/wp\/v2\/product_tag?post=23883"}],"curies":[{"name":"wp","href":"https:\/\/api.w.org\/{rel}","templated":true}]}}