{"id":23891,"date":"2025-10-15T00:11:50","date_gmt":"2025-10-15T05:11:50","guid":{"rendered":"https:\/\/nonamepublicidad.com\/?post_type=product&#038;p=23891"},"modified":"2025-10-15T00:14:57","modified_gmt":"2025-10-15T05:14:57","slug":"cvcbser-sable-de-luz-lk-de-metal-dueling-lk","status":"publish","type":"product","link":"https:\/\/nonamepublicidad.com\/en\/product\/cvcbser-sable-de-luz-lk-de-metal-dueling-lk\/","title":{"rendered":"CVCBSER Sable de Luz LK de Metal Dueling LK"},"content":{"rendered":"<ul>\n<li>Sable de luz de control de aplicaci\u00f3n actualizado: sables de luz de la marca CVCBSER a trav\u00e9s de la aplicaci\u00f3n, botones, control de movimiento de tres maneras, tiene 16 juegos de efectos de sonido, 3 efectos de luz, 3 modos de cuchilla, flash en choque, oscilaci\u00f3n suave, control de movimiento, efecto de bloqueo, efecto darg, efecto de fuerza, modo multibloqueo, etc. y 3 ajustes de volumen (alto, bajo, silencio). El bot\u00f3n no tiene luces intermitentes, y su la funci\u00f3n puede ser cambiada por segundos de lectura.<\/li>\n<li>M\u00faltiples cambios de color con empu\u00f1adura de metal + hoja resistente. Nuestro sable de luz de duelo tiene 16 cambios de color e infinitos cambios de color. por ejemplo, rojo, azul, verde, rosa, amarillo, naranja, morado, etc. Utiliza tecnolog\u00eda LED avanzada para garantizar que el sable de luz tenga cuchillas s\u00faper brillantes. Mango de metal de aluminio de alta calidad y hoja resistente que no es f\u00e1cil de plegar ni doblar, resistente a los golpes, apoy\u00e1ndote para un duelo realmente pesado.<\/li>\n<li>Sonido de alta calidad y bater\u00eda de gran capacidad: nuestro sable de luz tiene un sonido s\u00faper sensible, efecto de giro suave que es mejor. El sonido es n\u00edtido y claro, sin ning\u00fan ruido. Bater\u00eda recargable de 3000 mAh de gran capacidad, 3-4 horas completamente cargada durante m\u00e1s de 2 horas de reproducci\u00f3n continua. La bater\u00eda se puede reutilizar cargando. Este sable de luz para adultos y ni\u00f1os es el mejor regalo.<\/li>\n<li>Componentes electr\u00f3nicos cuidadosamente dise\u00f1ados: adoptamos un dise\u00f1o de tecnolog\u00eda avanzada para hacer que la placa de circuito interno sea f\u00e1cil de quitar. F\u00e1cil de cargar, reemplazar la bater\u00eda, la placa de circuito y la cuchilla. Si uno de los componentes est\u00e1 da\u00f1ado, es m\u00e1s f\u00e1cil reemplazarlo y repararlo. Vender diferentes accesorios en nuestra tienda, aument\u00f3 la vida permanente del sable de luz. No desperdiciar\u00e1 tu dinero.<\/li>\n<li>El mejor regalo y servicio de garant\u00eda. El sable de luz de moda de alta calidad es el mejor regalo para cumplea\u00f1os o festivales, fan\u00e1ticos del cine para adultos y ni\u00f1os. La garant\u00eda de la marca CVCBSER proporciona 12 meses de garant\u00eda y un servicio posventa completo, ayuda a dar ayuda profesional u orientaci\u00f3n a tiempo.<\/li>\n<li>Sugerencias y recordatorios: utiliza un adaptador 5V1A para cargar cada vez, Edad recomendada: 14 a\u00f1os en adelante.<\/li>\n<\/ul>","protected":false},"excerpt":{"rendered":"<p>Control de movimiento, 16 juegos de efectos de sonido, 3 efectos de luz y 16 cambios de color, sables de luz suaves para adultos.<\/p>\n<div class=\"nta_wa_button\" data-id=\"13293\" data-info=\"{&quot;name&quot;:&quot;Orlando (Per\\u00fa)&quot;,&quot;info&quot;:{&quot;number&quot;:&quot;+51941203813&quot;,&quot;title&quot;:&quot;Orlando&quot;,&quot;predefinedText&quot;:&quot;Hola Orlando, solicito informaci\\u00f3n de [njwa_page_title] Enlace: [njwa_page_url]&quot;,&quot;willBeBackText&quot;:&quot;I will be back in [njwa_time_work]&quot;,&quot;dayOffsText&quot;:&quot;I will be back soon&quot;,&quot;isAlwaysAvailable&quot;:&quot;ON&quot;,&quot;daysOfWeekWorking&quot;:{&quot;sunday&quot;:{&quot;isWorkingOnDay&quot;:&quot;OFF&quot;,&quot;workHours&quot;:[{&quot;startTime&quot;:&quot;08:00&quot;,&quot;endTime&quot;:&quot;17:30&quot;}]},&quot;monday&quot;:{&quot;isWorkingOnDay&quot;:&quot;OFF&quot;,&quot;workHours&quot;:[{&quot;startTime&quot;:&quot;08:00&quot;,&quot;endTime&quot;:&quot;17:30&quot;}]},&quot;tuesday&quot;:{&quot;isWorkingOnDay&quot;:&quot;OFF&quot;,&quot;workHours&quot;:[{&quot;startTime&quot;:&quot;08:00&quot;,&quot;endTime&quot;:&quot;17:30&quot;}]},&quot;wednesday&quot;:{&quot;isWorkingOnDay&quot;:&quot;OFF&quot;,&quot;workHours&quot;:[{&quot;startTime&quot;:&quot;08:00&quot;,&quot;endTime&quot;:&quot;17:30&quot;}]},&quot;thursday&quot;:{&quot;isWorkingOnDay&quot;:&quot;OFF&quot;,&quot;workHours&quot;:[{&quot;startTime&quot;:&quot;08:00&quot;,&quot;endTime&quot;:&quot;17:30&quot;}]},&quot;friday&quot;:{&quot;isWorkingOnDay&quot;:&quot;OFF&quot;,&quot;workHours&quot;:[{&quot;startTime&quot;:&quot;08:00&quot;,&quot;endTime&quot;:&quot;17:30&quot;}]},&quot;saturday&quot;:{&quot;isWorkingOnDay&quot;:&quot;OFF&quot;,&quot;workHours&quot;:[{&quot;startTime&quot;:&quot;08:00&quot;,&quot;endTime&quot;:&quot;17:30&quot;}]}}},&quot;styles&quot;:{&quot;type&quot;:&quot;round&quot;,&quot;backgroundColor&quot;:&quot;#2DB742&quot;,&quot;textColor&quot;:&quot;#fff&quot;,&quot;label&quot;:&quot;Necesitas ayuda? Hablemos \\\/ Do you need help? Let&#039;s talk&quot;,&quot;width&quot;:300,&quot;height&quot;:64},&quot;avatar&quot;:&quot;https:\\\/\\\/nonamepublicidad.com\\\/wp-content\\\/uploads\\\/2020\\\/07\\\/noname-icon_152x152.png&quot;,&quot;options&quot;:{&quot;display&quot;:{&quot;displayCondition&quot;:&quot;showAllPage&quot;,&quot;includePages&quot;:[],&quot;excludePages&quot;:[],&quot;includePosts&quot;:[],&quot;showOnDesktop&quot;:&quot;ON&quot;,&quot;showOnMobile&quot;:&quot;ON&quot;,&quot;time_symbols&quot;:&quot;h:m&quot;},&quot;styles&quot;:{&quot;title&quot;:&quot;Start a Conversation&quot;,&quot;responseText&quot;:&quot;The team typically replies in a few minutes.&quot;,&quot;description&quot;:&quot;Hi! Click one of our member below to chat on &lt;strong&gt;WhatsApp&lt;\\\/strong&gt;&quot;,&quot;backgroundColor&quot;:&quot;#2db742&quot;,&quot;textColor&quot;:&quot;#fff&quot;,&quot;scrollHeight&quot;:500,&quot;isShowScroll&quot;:&quot;OFF&quot;,&quot;isShowResponseText&quot;:&quot;ON&quot;,&quot;isShowPoweredBy&quot;:&quot;ON&quot;,&quot;btnLabel&quot;:&quot;Need Help? &lt;strong&gt;Chat with us&lt;\\\/strong&gt;&quot;,&quot;btnLabelWidth&quot;:156,&quot;btnPosition&quot;:&quot;right&quot;,&quot;btnLeftDistance&quot;:30,&quot;btnRightDistance&quot;:30,&quot;btnBottomDistance&quot;:30,&quot;isShowBtnLabel&quot;:&quot;ON&quot;,&quot;isShowGDPR&quot;:&quot;OFF&quot;,&quot;gdprContent&quot;:&quot;Please accept our &lt;a href=\\&quot;https:\\\/\\\/ninjateam.org\\\/privacy-policy\\\/\\&quot;&gt;privacy policy&lt;\\\/a&gt; first to start a conversation.&quot;,&quot;widgetType&quot;:&quot;expandable&quot;},&quot;analytics&quot;:{&quot;enabledGoogle&quot;:&quot;OFF&quot;,&quot;enabledFacebook&quot;:&quot;OFF&quot;,&quot;enabledGoogleGA4&quot;:&quot;OFF&quot;}},&quot;gdprStatus&quot;:false,&quot;defaultAvatar&quot;:&quot;https:\\\/\\\/nonamepublicidad.com\\\/wp-content\\\/plugins\\\/whatsapp-for-wordpress\\\/assets\\\/img\\\/whatsapp_logo.svg&quot;}\"><\/div>\n<div style=\"visibility: hidden;\">sable, espada l\u00e1ser, espada de luz, lightsaber, sable de luz, sable de luz star wars, sable de luz precio, lightsaber star wars<\/div>\n","protected":false},"featured_media":23885,"comment_status":"open","ping_status":"closed","template":"","meta":[],"product_brand":[5272,5297],"product_cat":[1224,439],"product_tag":[2188,2187,2198,1225,2207,1226,2199],"class_list":{"0":"post-23891","1":"product","2":"type-product","3":"status-publish","4":"has-post-thumbnail","6":"product_brand-amazon","7":"product_brand-cvcbser","8":"product_cat-articulos-coleccionables","9":"product_cat-juegos-y-juguetes","10":"product_tag-espada-de-luz","11":"product_tag-espada-laser","12":"product_tag-light-saber","13":"product_tag-lightsaber","14":"product_tag-lightsaber-star-wars","15":"product_tag-sable-de-luz","16":"product_tag-sable-de-luz-star-wars","18":"first","19":"instock","20":"taxable","21":"shipping-taxable","22":"product-type-external"},"_links":{"self":[{"href":"https:\/\/nonamepublicidad.com\/en\/wp-json\/wp\/v2\/product\/23891","targetHints":{"allow":["GET"]}}],"collection":[{"href":"https:\/\/nonamepublicidad.com\/en\/wp-json\/wp\/v2\/product"}],"about":[{"href":"https:\/\/nonamepublicidad.com\/en\/wp-json\/wp\/v2\/types\/product"}],"replies":[{"embeddable":true,"href":"https:\/\/nonamepublicidad.com\/en\/wp-json\/wp\/v2\/comments?post=23891"}],"version-history":[{"count":0,"href":"https:\/\/nonamepublicidad.com\/en\/wp-json\/wp\/v2\/product\/23891\/revisions"}],"wp:featuredmedia":[{"embeddable":true,"href":"https:\/\/nonamepublicidad.com\/en\/wp-json\/wp\/v2\/media\/23885"}],"wp:attachment":[{"href":"https:\/\/nonamepublicidad.com\/en\/wp-json\/wp\/v2\/media?parent=23891"}],"wp:term":[{"taxonomy":"product_brand","embeddable":true,"href":"https:\/\/nonamepublicidad.com\/en\/wp-json\/wp\/v2\/product_brand?post=23891"},{"taxonomy":"product_cat","embeddable":true,"href":"https:\/\/nonamepublicidad.com\/en\/wp-json\/wp\/v2\/product_cat?post=23891"},{"taxonomy":"product_tag","embeddable":true,"href":"https:\/\/nonamepublicidad.com\/en\/wp-json\/wp\/v2\/product_tag?post=23891"}],"curies":[{"name":"wp","href":"https:\/\/api.w.org\/{rel}","templated":true}]}}