{"id":4725,"date":"2020-07-29T13:29:43","date_gmt":"2020-07-29T18:29:43","guid":{"rendered":"http:\/\/nonamepublicidad.com\/?post_type=product&#038;p=4725"},"modified":"2024-12-02T08:49:16","modified_gmt":"2024-12-02T13:49:16","slug":"merch-con-corazon","status":"publish","type":"product","link":"https:\/\/nonamepublicidad.com\/en\/product\/merch-con-corazon\/","title":{"rendered":"Merch con Coraz\u00f3n"},"content":{"rendered":"","protected":false},"excerpt":{"rendered":"<p>Al comprar cualquiera de nuestros productos oficiales de la Asociaci\u00f3n Casa Ronald estar\u00e1s contribuyendo a que m\u00e1s ni\u00f1os y sus familias puedan tener un hogar lejos del hogar mientras reciben tratamiento m\u00e9dico en Lima.<\/p>\n<p>Casa Ronald McDonald EsSalud \u2014 Jes\u00fas Mar\u00eda:<br \/>\n\u2022 Direcci\u00f3n: Av. Olavegoya 1980, Jes\u00fas Mar\u00eda<br \/>\n\u2022 Tel\u00e9fono: <a href=\"tel:017743661\">(+51) 7743661<\/a><br \/>\n\u2022 Correo: <a href=\"mailto:contactenos@casaronald.org.pe\">contactenos@casaronald.org.pe<\/a><\/p>\n<p>Casa Ronald McDonald San Gabriel Surco:<br \/>\n\u2022 Direcci\u00f3n: Calle La Rep\u00fablica 110, Monterrico, Surco<br \/>\n\u2022 Tel\u00e9fono: <a href=\"tel:014016538\">(+51) 4016538<\/a><br \/>\n\u2022 Correo: <a href=\"mailto:contactenos@casaronald.org.pe\">contactenos@casaronald.org.pe<\/a><\/p>\n<div class=\"nta_wa_button\" data-id=\"13529\" data-info=\"{&quot;name&quot;:&quot;Fosch Rojas&quot;,&quot;info&quot;:{&quot;number&quot;:&quot;+51966790461&quot;,&quot;title&quot;:&quot;Casa Ronald | Donaciones&quot;,&quot;predefinedText&quot;:&quot;Hola Fosch Rojas, solicito informaci\\u00f3n de [njwa_page_title] Enlace: [njwa_page_url]&quot;,&quot;willBeBackText&quot;:&quot;I will be back in [njwa_time_work]&quot;,&quot;dayOffsText&quot;:&quot;I will be back soon&quot;,&quot;isAlwaysAvailable&quot;:&quot;ON&quot;,&quot;daysOfWeekWorking&quot;:{&quot;sunday&quot;:{&quot;isWorkingOnDay&quot;:&quot;OFF&quot;,&quot;workHours&quot;:[{&quot;startTime&quot;:&quot;08:00&quot;,&quot;endTime&quot;:&quot;17:30&quot;}]},&quot;monday&quot;:{&quot;isWorkingOnDay&quot;:&quot;OFF&quot;,&quot;workHours&quot;:[{&quot;startTime&quot;:&quot;08:00&quot;,&quot;endTime&quot;:&quot;17:30&quot;}]},&quot;tuesday&quot;:{&quot;isWorkingOnDay&quot;:&quot;OFF&quot;,&quot;workHours&quot;:[{&quot;startTime&quot;:&quot;08:00&quot;,&quot;endTime&quot;:&quot;17:30&quot;}]},&quot;wednesday&quot;:{&quot;isWorkingOnDay&quot;:&quot;OFF&quot;,&quot;workHours&quot;:[{&quot;startTime&quot;:&quot;08:00&quot;,&quot;endTime&quot;:&quot;17:30&quot;}]},&quot;thursday&quot;:{&quot;isWorkingOnDay&quot;:&quot;OFF&quot;,&quot;workHours&quot;:[{&quot;startTime&quot;:&quot;08:00&quot;,&quot;endTime&quot;:&quot;17:30&quot;}]},&quot;friday&quot;:{&quot;isWorkingOnDay&quot;:&quot;OFF&quot;,&quot;workHours&quot;:[{&quot;startTime&quot;:&quot;08:00&quot;,&quot;endTime&quot;:&quot;17:30&quot;}]},&quot;saturday&quot;:{&quot;isWorkingOnDay&quot;:&quot;OFF&quot;,&quot;workHours&quot;:[{&quot;startTime&quot;:&quot;08:00&quot;,&quot;endTime&quot;:&quot;17:30&quot;}]}}},&quot;styles&quot;:{&quot;type&quot;:&quot;round&quot;,&quot;backgroundColor&quot;:&quot;#2DB742&quot;,&quot;textColor&quot;:&quot;#fff&quot;,&quot;label&quot;:&quot;C\\u00f3mo ayudar? Hablemos&quot;,&quot;width&quot;:300,&quot;height&quot;:64},&quot;avatar&quot;:&quot;https:\\\/\\\/nonamepublicidad.com\\\/wp-content\\\/uploads\\\/2023\\\/02\\\/fosch_rojas_casa_ronald_peru.webp&quot;,&quot;options&quot;:{&quot;display&quot;:{&quot;displayCondition&quot;:&quot;showAllPage&quot;,&quot;includePages&quot;:[],&quot;excludePages&quot;:[],&quot;includePosts&quot;:[],&quot;showOnDesktop&quot;:&quot;ON&quot;,&quot;showOnMobile&quot;:&quot;ON&quot;,&quot;time_symbols&quot;:&quot;h:m&quot;},&quot;styles&quot;:{&quot;title&quot;:&quot;Start a Conversation&quot;,&quot;responseText&quot;:&quot;The team typically replies in a few minutes.&quot;,&quot;description&quot;:&quot;Hi! Click one of our member below to chat on &lt;strong&gt;WhatsApp&lt;\\\/strong&gt;&quot;,&quot;backgroundColor&quot;:&quot;#2db742&quot;,&quot;textColor&quot;:&quot;#fff&quot;,&quot;scrollHeight&quot;:500,&quot;isShowScroll&quot;:&quot;OFF&quot;,&quot;isShowResponseText&quot;:&quot;ON&quot;,&quot;isShowPoweredBy&quot;:&quot;ON&quot;,&quot;btnLabel&quot;:&quot;Need Help? &lt;strong&gt;Chat with us&lt;\\\/strong&gt;&quot;,&quot;btnLabelWidth&quot;:156,&quot;btnPosition&quot;:&quot;right&quot;,&quot;btnLeftDistance&quot;:30,&quot;btnRightDistance&quot;:30,&quot;btnBottomDistance&quot;:30,&quot;isShowBtnLabel&quot;:&quot;ON&quot;,&quot;isShowGDPR&quot;:&quot;OFF&quot;,&quot;gdprContent&quot;:&quot;Please accept our &lt;a href=\\&quot;https:\\\/\\\/ninjateam.org\\\/privacy-policy\\\/\\&quot;&gt;privacy policy&lt;\\\/a&gt; first to start a conversation.&quot;,&quot;widgetType&quot;:&quot;expandable&quot;},&quot;analytics&quot;:{&quot;enabledGoogle&quot;:&quot;OFF&quot;,&quot;enabledFacebook&quot;:&quot;OFF&quot;,&quot;enabledGoogleGA4&quot;:&quot;OFF&quot;}},&quot;gdprStatus&quot;:false,&quot;defaultAvatar&quot;:&quot;https:\\\/\\\/nonamepublicidad.com\\\/wp-content\\\/plugins\\\/whatsapp-for-wordpress\\\/assets\\\/img\\\/whatsapp_logo.svg&quot;}\"><\/div>\n<div style=\"visibility: hidden;\">bolsa de playa, bolsa de compras, pop socket, tazas, tomatodo, rmhc, casa ronald peru, souvenir, manteniendo a las familias cerca, bolsos, ecologicos, ecofriendly, merchandising, help kids, keeping families close, ayuda social<\/div>\n","protected":false},"featured_media":4728,"comment_status":"open","ping_status":"closed","template":"","meta":[],"product_brand":[],"product_cat":[925,926],"product_tag":[941,928,927,936,933,938,937,939,940,935,111,929,932,934,930,931],"class_list":{"0":"post-4725","1":"product","2":"type-product","3":"status-publish","4":"has-post-thumbnail","6":"product_cat-ayuda-social","7":"product_cat-casa-ronald-mcdonald-peru","8":"product_tag-ayuda-social","9":"product_tag-bolsa-de-compras","10":"product_tag-bolsa-de-playa","11":"product_tag-bolsos","12":"product_tag-casa-ronald-peru","13":"product_tag-ecofriendly","14":"product_tag-ecologicos","15":"product_tag-help-kids","16":"product_tag-keeping-families-close","17":"product_tag-manteniendo-a-las-familias-cerca","18":"product_tag-merchandising","19":"product_tag-pop-socket","20":"product_tag-rmhc","21":"product_tag-souvenir","22":"product_tag-tazas","23":"product_tag-tomatodo","25":"first","26":"instock","27":"virtual","28":"taxable","29":"product-type-simple"},"_links":{"self":[{"href":"https:\/\/nonamepublicidad.com\/en\/wp-json\/wp\/v2\/product\/4725","targetHints":{"allow":["GET"]}}],"collection":[{"href":"https:\/\/nonamepublicidad.com\/en\/wp-json\/wp\/v2\/product"}],"about":[{"href":"https:\/\/nonamepublicidad.com\/en\/wp-json\/wp\/v2\/types\/product"}],"replies":[{"embeddable":true,"href":"https:\/\/nonamepublicidad.com\/en\/wp-json\/wp\/v2\/comments?post=4725"}],"version-history":[{"count":0,"href":"https:\/\/nonamepublicidad.com\/en\/wp-json\/wp\/v2\/product\/4725\/revisions"}],"wp:featuredmedia":[{"embeddable":true,"href":"https:\/\/nonamepublicidad.com\/en\/wp-json\/wp\/v2\/media\/4728"}],"wp:attachment":[{"href":"https:\/\/nonamepublicidad.com\/en\/wp-json\/wp\/v2\/media?parent=4725"}],"wp:term":[{"taxonomy":"product_brand","embeddable":true,"href":"https:\/\/nonamepublicidad.com\/en\/wp-json\/wp\/v2\/product_brand?post=4725"},{"taxonomy":"product_cat","embeddable":true,"href":"https:\/\/nonamepublicidad.com\/en\/wp-json\/wp\/v2\/product_cat?post=4725"},{"taxonomy":"product_tag","embeddable":true,"href":"https:\/\/nonamepublicidad.com\/en\/wp-json\/wp\/v2\/product_tag?post=4725"}],"curies":[{"name":"wp","href":"https:\/\/api.w.org\/{rel}","templated":true}]}}