{"id":4966,"date":"2020-08-18T17:21:04","date_gmt":"2020-08-18T22:21:04","guid":{"rendered":"http:\/\/nonamepublicidad.com\/?post_type=product&#038;p=4966"},"modified":"2024-12-02T08:49:17","modified_gmt":"2024-12-02T13:49:17","slug":"pachacutec-el-estratega-del-imperio-escrito-por-rafael-aita","status":"publish","type":"product","link":"https:\/\/nonamepublicidad.com\/en\/product\/pachacutec-el-estratega-del-imperio-escrito-por-rafael-aita\/","title":{"rendered":"Pachac\u00fatec El Estratega del Imperio Escrito por Rafael Aita"},"content":{"rendered":"<div class=\"col-md-6\">\n<ul>\n<li>T\u00edtulo:\u00a0Pachac\u00fatec<\/li>\n<li>Autor (es):\u00a0Rafael Aita<\/li>\n<li>Traductor:<\/li>\n<li>Sello:\u00a0MONTENA<\/li>\n<li>Fecha publicaci\u00f3n:\u00a007\/2020<\/li>\n<li>Idioma:\u00a0Espa\u00f1ol<\/li>\n<li>Formato, p\u00e1ginas: eBook<\/li>\n<li>Medidas:\u00a0\u00a0 cm<\/li>\n<li>ISBN:\u00a09786124442162<\/li>\n<li>EAN:\u00a09786124442162<\/li>\n<li>Tem\u00e1ticas:<\/li>\n<li>Colecci\u00f3n:\u00a0Lecturas Montena<\/li>\n<li>Edad recomendada:\u00a0Adultos<\/li>\n<\/ul>\n<\/div>\n<div class=\"col-md-6\"><\/div>","protected":false},"excerpt":{"rendered":"<ul>\n<li>Precio por unidad<\/li>\n<li>Imagen referencial<\/li>\n<li>De venta en <a href=\"https:\/\/www.megustaleer.com.pe\/libros\/pachactec\/MPE-000686\/lq\/9786124442162\" target=\"_blank\" rel=\"noopener noreferrer\">megustaleer.com.pe<\/a><\/li>\n<\/ul>\n<p><strong>Sinopsis<\/strong><br \/>\nAntes de Machu Picchu y Sacsayhuam\u00e1n, antes del Tahuantinsuyo, hubo una \u00e9poca en que los incas no eran m\u00e1s que caudillos y guerreros que pugnaban por sobrevivir. La valent\u00eda de un pr\u00edncipe, rechazado por su padre y repudiado por su propia ciudad, cambi\u00f3 la historia de Qosqo y fund\u00f3 la era de mayor esplendor del Imperio incaico.<\/p>\n<p>Pachac\u00fatec: el estratega del Imperio narra la historia de un joven destinado a traer el pachakuti, el cataclismo c\u00f3smico que le dar\u00e1 al mundo la vuelta. Es una historia de batallas, intrigas y traumas familiares, pero tambi\u00e9n de superaci\u00f3n ante la adversidad; es la historia que lo convierte en guerrero invencible, arquitecto de maravillas, te\u00f3logo m\u00edstico, conquistador y estadista; es decir, en el Inca Pachac\u00fatec.<\/p>\n<div style=\"visibility: hidden;\">Libro, Lectura, Libreria, Feria del Libro, Historia del Peru, Los Incas<\/div>","protected":false},"featured_media":4968,"comment_status":"open","ping_status":"closed","template":"","meta":[],"product_brand":[],"product_cat":[435,432],"product_tag":[980,982,983,981],"class_list":{"0":"post-4966","1":"product","2":"type-product","3":"status-publish","4":"has-post-thumbnail","6":"product_cat-libros","7":"product_cat-libros-revistas-y-comics","8":"product_tag-feria-del-libro","9":"product_tag-lectura","10":"product_tag-libreria","11":"product_tag-libro","13":"first","14":"instock","15":"sale","16":"virtual","17":"taxable","18":"purchasable","19":"product-type-simple"},"_links":{"self":[{"href":"https:\/\/nonamepublicidad.com\/en\/wp-json\/wp\/v2\/product\/4966","targetHints":{"allow":["GET"]}}],"collection":[{"href":"https:\/\/nonamepublicidad.com\/en\/wp-json\/wp\/v2\/product"}],"about":[{"href":"https:\/\/nonamepublicidad.com\/en\/wp-json\/wp\/v2\/types\/product"}],"replies":[{"embeddable":true,"href":"https:\/\/nonamepublicidad.com\/en\/wp-json\/wp\/v2\/comments?post=4966"}],"version-history":[{"count":0,"href":"https:\/\/nonamepublicidad.com\/en\/wp-json\/wp\/v2\/product\/4966\/revisions"}],"wp:featuredmedia":[{"embeddable":true,"href":"https:\/\/nonamepublicidad.com\/en\/wp-json\/wp\/v2\/media\/4968"}],"wp:attachment":[{"href":"https:\/\/nonamepublicidad.com\/en\/wp-json\/wp\/v2\/media?parent=4966"}],"wp:term":[{"taxonomy":"product_brand","embeddable":true,"href":"https:\/\/nonamepublicidad.com\/en\/wp-json\/wp\/v2\/product_brand?post=4966"},{"taxonomy":"product_cat","embeddable":true,"href":"https:\/\/nonamepublicidad.com\/en\/wp-json\/wp\/v2\/product_cat?post=4966"},{"taxonomy":"product_tag","embeddable":true,"href":"https:\/\/nonamepublicidad.com\/en\/wp-json\/wp\/v2\/product_tag?post=4966"}],"curies":[{"name":"wp","href":"https:\/\/api.w.org\/{rel}","templated":true}]}}