{"id":5807,"date":"2020-11-03T23:16:16","date_gmt":"2020-11-04T04:16:16","guid":{"rendered":"http:\/\/nonamepublicidad.com\/?post_type=product&#038;p=5807"},"modified":"2024-12-02T08:49:18","modified_gmt":"2024-12-02T13:49:18","slug":"gran-dia-4-de-diciembre","status":"publish","type":"product","link":"https:\/\/nonamepublicidad.com\/en\/product\/gran-dia-4-de-diciembre\/","title":{"rendered":"Gran D\u00eda 4 de Diciembre"},"content":{"rendered":"<p>Todas las ventas de esta popular hamburguesa ir\u00e1n en apoyo de 2 causas de ayuda.<\/p>\n<p>Los restaurantes de la cadena McDonald&#8217;s a lo largo del pa\u00eds viven una especial jornada, porque todas las ventas de la popular Big Mac ir\u00e1n en ayuda de 2 causas solidarias: Aldeas Infantiles SOS y la Asociaci\u00f3n Casa Ronald McDonald para la Infancia.<\/p>\n<p>\u00abUna vez m\u00e1s queremos multiplicar nuestro compromiso apoyando a dos grandes causas, las que, si bien tienen diferentes objetivos, tienen un factor com\u00fan: la familia\u00bb, coment\u00f3 Fosch Rojas director de recaudaci\u00f3n de fondos de la Casa Ronald McDonald.<\/p>\n<p>El director agreg\u00f3 que \u00abpr\u00f3ximo a celebrarse su cumplea\u00f1os ofreci\u00f3 un reto que consiste en juntar 300 personas y que cada una compre una Big Mac con fecha l\u00edmite hasta el 5 de noviembre fecha en que celebra su onom\u00e1stico (logrando exitosamente la meta) ahora propone un nuevo reto para llegar a las 1,000 personas en un plazo de 21 d\u00edas, la idea es que puedan compartir su hamburguesa con amigos o familiares y hasta comer junto a Fosch y las familias de Casa Ronald v\u00eda streaming, si aceptan el reto pueden llamarlo al <a href=\"https:\/\/api.whatsapp.com\/send?phone=51966790461\" target=\"_blank\" rel=\"noopener noreferrer\">+51 966 790 461<\/a>\u00ab.<\/p>\n<p>\u2022 Asociaci\u00f3n Casa Ronald McDonald: Un \u201chogar lejos del hogar\u201d para familias sin recursos que deben viajar lejos de su casa para que un menor hijo con alguna enfermedad compleja reciba el tratamiento m\u00e9dico que requiere. La experiencia de las 366 casas ubicadas en 63 pa\u00edses, ha demostrado que la cercan\u00eda permanente de los padres es un factor decisivo para la recuperaci\u00f3n f\u00edsica y emocional de los ni\u00f1os hospitalizados.<br \/>\n\u2022 Programa de j\u00f3venes de Aldeas infantiles SOS Per\u00fa: El programa que est\u00e1 dirigido a adolescentes y j\u00f3venes que han vivido en una Familia SOS, tiene como objetivo fortalecer el cuidado y empleabilidad; en el cual, a trav\u00e9s de un trabajo en conjunto, se desarrollan las capacidades y competencias para una vida adulta aut\u00f3noma, segura y responsable; brind\u00e1ndoles oportunidades de acceso a educaci\u00f3n de calidad y empleo decente.<\/p>\n<p>Adem\u00e1s, se podr\u00e1 seguir los detalles a trav\u00e9s de las redes sociales de Casa Ronald McDonald Per\u00fa: <a href=\"https:\/\/www.facebook.com\/CasaRonaldPeru\" target=\"_blank\" rel=\"noopener noreferrer\">@CasaRonaldPeru<\/a> en Facebook y <a href=\"https:\/\/www.instagram.com\/casaronaldperu\/\" target=\"_blank\" rel=\"noopener noreferrer\">@casaronaldperu<\/a> en Instagram.<\/p>\n<p>Agradecimiento especial a la Asociaci\u00f3n Casa Ronald McDonald Per\u00fa por confiar en Noname Publicidad la tarea de difundir y promocionar el GRAN D\u00cdA \u00abSabor a ayudar\u00bb La jornada de solidaridad de la Big Mac de McDonald&#8217;s Per\u00fa.<\/p>","protected":false},"excerpt":{"rendered":"<p>\u00a1Hola! Te invito a que te sumes al GRAN D\u00cdA, por la compra de la hamburguesa Big Mac, McDonald&#8217;s estar\u00e1 donando el 100 % para la Casa Ronald y Aldeas Infantiles SOS. Compra tu hamburguesa Big Mac conmigo y te env\u00edo los cupones (c\u00f3digo QR) para que puedas ir a McDonald&#8217;s y canjearlos.<\/p>\n<p>Para comprar tu Big Mac debes escribirle a Fosch al: <a href=\"https:\/\/api.whatsapp.com\/send?phone=51966790461\" target=\"_blank\" rel=\"noopener noreferrer\">(+51) 966790461<\/a> <\/p>\n<div class=\"nta_wa_button\" data-id=\"13529\" data-info=\"{&quot;name&quot;:&quot;Fosch Rojas&quot;,&quot;info&quot;:{&quot;number&quot;:&quot;+51966790461&quot;,&quot;title&quot;:&quot;Casa Ronald | Donaciones&quot;,&quot;predefinedText&quot;:&quot;Hola Fosch Rojas, solicito informaci\\u00f3n de [njwa_page_title] Enlace: [njwa_page_url]&quot;,&quot;willBeBackText&quot;:&quot;I will be back in [njwa_time_work]&quot;,&quot;dayOffsText&quot;:&quot;I will be back soon&quot;,&quot;isAlwaysAvailable&quot;:&quot;ON&quot;,&quot;daysOfWeekWorking&quot;:{&quot;sunday&quot;:{&quot;isWorkingOnDay&quot;:&quot;OFF&quot;,&quot;workHours&quot;:[{&quot;startTime&quot;:&quot;08:00&quot;,&quot;endTime&quot;:&quot;17:30&quot;}]},&quot;monday&quot;:{&quot;isWorkingOnDay&quot;:&quot;OFF&quot;,&quot;workHours&quot;:[{&quot;startTime&quot;:&quot;08:00&quot;,&quot;endTime&quot;:&quot;17:30&quot;}]},&quot;tuesday&quot;:{&quot;isWorkingOnDay&quot;:&quot;OFF&quot;,&quot;workHours&quot;:[{&quot;startTime&quot;:&quot;08:00&quot;,&quot;endTime&quot;:&quot;17:30&quot;}]},&quot;wednesday&quot;:{&quot;isWorkingOnDay&quot;:&quot;OFF&quot;,&quot;workHours&quot;:[{&quot;startTime&quot;:&quot;08:00&quot;,&quot;endTime&quot;:&quot;17:30&quot;}]},&quot;thursday&quot;:{&quot;isWorkingOnDay&quot;:&quot;OFF&quot;,&quot;workHours&quot;:[{&quot;startTime&quot;:&quot;08:00&quot;,&quot;endTime&quot;:&quot;17:30&quot;}]},&quot;friday&quot;:{&quot;isWorkingOnDay&quot;:&quot;OFF&quot;,&quot;workHours&quot;:[{&quot;startTime&quot;:&quot;08:00&quot;,&quot;endTime&quot;:&quot;17:30&quot;}]},&quot;saturday&quot;:{&quot;isWorkingOnDay&quot;:&quot;OFF&quot;,&quot;workHours&quot;:[{&quot;startTime&quot;:&quot;08:00&quot;,&quot;endTime&quot;:&quot;17:30&quot;}]}}},&quot;styles&quot;:{&quot;type&quot;:&quot;round&quot;,&quot;backgroundColor&quot;:&quot;#2DB742&quot;,&quot;textColor&quot;:&quot;#fff&quot;,&quot;label&quot;:&quot;C\\u00f3mo ayudar? Hablemos&quot;,&quot;width&quot;:300,&quot;height&quot;:64},&quot;avatar&quot;:&quot;https:\\\/\\\/nonamepublicidad.com\\\/wp-content\\\/uploads\\\/2023\\\/02\\\/fosch_rojas_casa_ronald_peru.webp&quot;,&quot;options&quot;:{&quot;display&quot;:{&quot;displayCondition&quot;:&quot;showAllPage&quot;,&quot;includePages&quot;:[],&quot;excludePages&quot;:[],&quot;includePosts&quot;:[],&quot;showOnDesktop&quot;:&quot;ON&quot;,&quot;showOnMobile&quot;:&quot;ON&quot;,&quot;time_symbols&quot;:&quot;h:m&quot;},&quot;styles&quot;:{&quot;title&quot;:&quot;Start a Conversation&quot;,&quot;responseText&quot;:&quot;The team typically replies in a few minutes.&quot;,&quot;description&quot;:&quot;Hi! Click one of our member below to chat on &lt;strong&gt;WhatsApp&lt;\\\/strong&gt;&quot;,&quot;backgroundColor&quot;:&quot;#2db742&quot;,&quot;textColor&quot;:&quot;#fff&quot;,&quot;scrollHeight&quot;:500,&quot;isShowScroll&quot;:&quot;OFF&quot;,&quot;isShowResponseText&quot;:&quot;ON&quot;,&quot;isShowPoweredBy&quot;:&quot;ON&quot;,&quot;btnLabel&quot;:&quot;Need Help? &lt;strong&gt;Chat with us&lt;\\\/strong&gt;&quot;,&quot;btnLabelWidth&quot;:156,&quot;btnPosition&quot;:&quot;right&quot;,&quot;btnLeftDistance&quot;:30,&quot;btnRightDistance&quot;:30,&quot;btnBottomDistance&quot;:30,&quot;isShowBtnLabel&quot;:&quot;ON&quot;,&quot;isShowGDPR&quot;:&quot;OFF&quot;,&quot;gdprContent&quot;:&quot;Please accept our &lt;a href=\\&quot;https:\\\/\\\/ninjateam.org\\\/privacy-policy\\\/\\&quot;&gt;privacy policy&lt;\\\/a&gt; first to start a conversation.&quot;,&quot;widgetType&quot;:&quot;expandable&quot;},&quot;analytics&quot;:{&quot;enabledGoogle&quot;:&quot;OFF&quot;,&quot;enabledFacebook&quot;:&quot;OFF&quot;,&quot;enabledGoogleGA4&quot;:&quot;OFF&quot;}},&quot;gdprStatus&quot;:false,&quot;defaultAvatar&quot;:&quot;https:\\\/\\\/nonamepublicidad.com\\\/wp-content\\\/plugins\\\/whatsapp-for-wordpress\\\/assets\\\/img\\\/whatsapp_logo.svg&quot;}\"><\/div>\n<div style=\"visibility: hidden;\">gran d\u00eda sabor a ayudar la jornada de solidaridad de la big mac de mcdonald&#8217;s per\u00fa, peru, bigmac, hamburguesa, mcdonald, mcdonalds, gran diaGran D\u00eda 4 de DiciembreGran D\u00eda 4 de DiciembreGran D\u00eda 4 de Diciembre<\/p>\n<div class=\"nta_wa_button\" data-id=\"13529\" data-info=\"{&quot;name&quot;:&quot;Fosch Rojas&quot;,&quot;info&quot;:{&quot;number&quot;:&quot;+51966790461&quot;,&quot;title&quot;:&quot;Casa Ronald | Donaciones&quot;,&quot;predefinedText&quot;:&quot;Hola Fosch Rojas, solicito informaci\\u00f3n de [njwa_page_title] Enlace: [njwa_page_url]&quot;,&quot;willBeBackText&quot;:&quot;I will be back in [njwa_time_work]&quot;,&quot;dayOffsText&quot;:&quot;I will be back soon&quot;,&quot;isAlwaysAvailable&quot;:&quot;ON&quot;,&quot;daysOfWeekWorking&quot;:{&quot;sunday&quot;:{&quot;isWorkingOnDay&quot;:&quot;OFF&quot;,&quot;workHours&quot;:[{&quot;startTime&quot;:&quot;08:00&quot;,&quot;endTime&quot;:&quot;17:30&quot;}]},&quot;monday&quot;:{&quot;isWorkingOnDay&quot;:&quot;OFF&quot;,&quot;workHours&quot;:[{&quot;startTime&quot;:&quot;08:00&quot;,&quot;endTime&quot;:&quot;17:30&quot;}]},&quot;tuesday&quot;:{&quot;isWorkingOnDay&quot;:&quot;OFF&quot;,&quot;workHours&quot;:[{&quot;startTime&quot;:&quot;08:00&quot;,&quot;endTime&quot;:&quot;17:30&quot;}]},&quot;wednesday&quot;:{&quot;isWorkingOnDay&quot;:&quot;OFF&quot;,&quot;workHours&quot;:[{&quot;startTime&quot;:&quot;08:00&quot;,&quot;endTime&quot;:&quot;17:30&quot;}]},&quot;thursday&quot;:{&quot;isWorkingOnDay&quot;:&quot;OFF&quot;,&quot;workHours&quot;:[{&quot;startTime&quot;:&quot;08:00&quot;,&quot;endTime&quot;:&quot;17:30&quot;}]},&quot;friday&quot;:{&quot;isWorkingOnDay&quot;:&quot;OFF&quot;,&quot;workHours&quot;:[{&quot;startTime&quot;:&quot;08:00&quot;,&quot;endTime&quot;:&quot;17:30&quot;}]},&quot;saturday&quot;:{&quot;isWorkingOnDay&quot;:&quot;OFF&quot;,&quot;workHours&quot;:[{&quot;startTime&quot;:&quot;08:00&quot;,&quot;endTime&quot;:&quot;17:30&quot;}]}}},&quot;styles&quot;:{&quot;type&quot;:&quot;round&quot;,&quot;backgroundColor&quot;:&quot;#2DB742&quot;,&quot;textColor&quot;:&quot;#fff&quot;,&quot;label&quot;:&quot;C\\u00f3mo ayudar? Hablemos&quot;,&quot;width&quot;:300,&quot;height&quot;:64},&quot;avatar&quot;:&quot;https:\\\/\\\/nonamepublicidad.com\\\/wp-content\\\/uploads\\\/2023\\\/02\\\/fosch_rojas_casa_ronald_peru.webp&quot;,&quot;options&quot;:{&quot;display&quot;:{&quot;displayCondition&quot;:&quot;showAllPage&quot;,&quot;includePages&quot;:[],&quot;excludePages&quot;:[],&quot;includePosts&quot;:[],&quot;showOnDesktop&quot;:&quot;ON&quot;,&quot;showOnMobile&quot;:&quot;ON&quot;,&quot;time_symbols&quot;:&quot;h:m&quot;},&quot;styles&quot;:{&quot;title&quot;:&quot;Start a Conversation&quot;,&quot;responseText&quot;:&quot;The team typically replies in a few minutes.&quot;,&quot;description&quot;:&quot;Hi! Click one of our member below to chat on &lt;strong&gt;WhatsApp&lt;\\\/strong&gt;&quot;,&quot;backgroundColor&quot;:&quot;#2db742&quot;,&quot;textColor&quot;:&quot;#fff&quot;,&quot;scrollHeight&quot;:500,&quot;isShowScroll&quot;:&quot;OFF&quot;,&quot;isShowResponseText&quot;:&quot;ON&quot;,&quot;isShowPoweredBy&quot;:&quot;ON&quot;,&quot;btnLabel&quot;:&quot;Need Help? &lt;strong&gt;Chat with us&lt;\\\/strong&gt;&quot;,&quot;btnLabelWidth&quot;:156,&quot;btnPosition&quot;:&quot;right&quot;,&quot;btnLeftDistance&quot;:30,&quot;btnRightDistance&quot;:30,&quot;btnBottomDistance&quot;:30,&quot;isShowBtnLabel&quot;:&quot;ON&quot;,&quot;isShowGDPR&quot;:&quot;OFF&quot;,&quot;gdprContent&quot;:&quot;Please accept our &lt;a href=\\&quot;https:\\\/\\\/ninjateam.org\\\/privacy-policy\\\/\\&quot;&gt;privacy policy&lt;\\\/a&gt; first to start a conversation.&quot;,&quot;widgetType&quot;:&quot;expandable&quot;},&quot;analytics&quot;:{&quot;enabledGoogle&quot;:&quot;OFF&quot;,&quot;enabledFacebook&quot;:&quot;OFF&quot;,&quot;enabledGoogleGA4&quot;:&quot;OFF&quot;}},&quot;gdprStatus&quot;:false,&quot;defaultAvatar&quot;:&quot;https:\\\/\\\/nonamepublicidad.com\\\/wp-content\\\/plugins\\\/whatsapp-for-wordpress\\\/assets\\\/img\\\/whatsapp_logo.svg&quot;}\"><\/div>\n<\/div>\n","protected":false},"featured_media":5902,"comment_status":"open","ping_status":"closed","template":"","meta":[],"product_brand":[],"product_cat":[925,926],"product_tag":[1027,941,1028,1026,1024,1025,1029],"class_list":{"0":"post-5807","1":"product","2":"type-product","3":"status-publish","4":"has-post-thumbnail","6":"product_cat-ayuda-social","7":"product_cat-casa-ronald-mcdonald-peru","8":"product_tag-aldeas-infantiles-sos","9":"product_tag-ayuda-social","10":"product_tag-big-mac","11":"product_tag-casa-ronald","12":"product_tag-gran-dia","13":"product_tag-mcdonalds","14":"product_tag-sabor-a-ayudar","16":"first","17":"outofstock","18":"virtual","19":"taxable","20":"product-type-simple"},"_links":{"self":[{"href":"https:\/\/nonamepublicidad.com\/en\/wp-json\/wp\/v2\/product\/5807","targetHints":{"allow":["GET"]}}],"collection":[{"href":"https:\/\/nonamepublicidad.com\/en\/wp-json\/wp\/v2\/product"}],"about":[{"href":"https:\/\/nonamepublicidad.com\/en\/wp-json\/wp\/v2\/types\/product"}],"replies":[{"embeddable":true,"href":"https:\/\/nonamepublicidad.com\/en\/wp-json\/wp\/v2\/comments?post=5807"}],"version-history":[{"count":0,"href":"https:\/\/nonamepublicidad.com\/en\/wp-json\/wp\/v2\/product\/5807\/revisions"}],"wp:featuredmedia":[{"embeddable":true,"href":"https:\/\/nonamepublicidad.com\/en\/wp-json\/wp\/v2\/media\/5902"}],"wp:attachment":[{"href":"https:\/\/nonamepublicidad.com\/en\/wp-json\/wp\/v2\/media?parent=5807"}],"wp:term":[{"taxonomy":"product_brand","embeddable":true,"href":"https:\/\/nonamepublicidad.com\/en\/wp-json\/wp\/v2\/product_brand?post=5807"},{"taxonomy":"product_cat","embeddable":true,"href":"https:\/\/nonamepublicidad.com\/en\/wp-json\/wp\/v2\/product_cat?post=5807"},{"taxonomy":"product_tag","embeddable":true,"href":"https:\/\/nonamepublicidad.com\/en\/wp-json\/wp\/v2\/product_tag?post=5807"}],"curies":[{"name":"wp","href":"https:\/\/api.w.org\/{rel}","templated":true}]}}