{"id":5869,"date":"2020-11-27T10:13:57","date_gmt":"2020-11-27T15:13:57","guid":{"rendered":"http:\/\/nonamepublicidad.com\/?post_type=product&#038;p=5869"},"modified":"2024-12-02T08:49:18","modified_gmt":"2024-12-02T13:49:18","slug":"servicio-de-estampado-para-todo-tipo-de-cintas","status":"publish","type":"product","link":"https:\/\/nonamepublicidad.com\/en\/product\/servicio-de-estampado-para-todo-tipo-de-cintas\/","title":{"rendered":"Servicio de Estampado para Todo Tipo de Cintas"},"content":{"rendered":"<p>La serigraf\u00eda es una t\u00e9cnica de impresi\u00f3n empleada en el m\u00e9todo de reproducci\u00f3n de documentos e im\u00e1genes sobre cualquier material, y consiste en transferir una tinta a trav\u00e9s de una malla tensada en un marco. El paso de la tinta se bloquea en las \u00e1reas donde no habr\u00e1 imagen mediante una emulsi\u00f3n o barniz, quedando libre la zona donde pasar\u00e1 la tinta.<\/p>\n<p>El sistema de impresi\u00f3n es repetitivo, esto es, una vez que el primer modelo se ha logrado, la impresi\u00f3n puede ser repetida cientos y hasta miles de veces sin perder definici\u00f3n.<\/p>","protected":false},"excerpt":{"rendered":"<ul>\n<li>\u00bfNecesita estampar cintas?<\/li>\n<li>Estampado de todo tipo de cintas continuas o en piezas, m\u00e1ximo 2 cm de ancho.<\/li>\n<\/ul>\n<p>Importante:<\/p>\n<ol>\n<li>Nuestro servicio es de solo estampado por tanto los clientes son quienes suministran las cintas.<\/li>\n<li>Solo estampamos a un color.<\/li>\n<\/ol>\n<p>Pedidos al: <a href=\"tel:51941203813\">(+51) 941203813<\/a><\/p>\n<div class=\"nta_wa_button\" data-id=\"13293\" data-info=\"{&quot;name&quot;:&quot;Orlando (Per\\u00fa)&quot;,&quot;info&quot;:{&quot;number&quot;:&quot;+51941203813&quot;,&quot;title&quot;:&quot;Orlando&quot;,&quot;predefinedText&quot;:&quot;Hola Orlando, solicito informaci\\u00f3n de [njwa_page_title] Enlace: [njwa_page_url]&quot;,&quot;willBeBackText&quot;:&quot;I will be back in [njwa_time_work]&quot;,&quot;dayOffsText&quot;:&quot;I will be back soon&quot;,&quot;isAlwaysAvailable&quot;:&quot;ON&quot;,&quot;daysOfWeekWorking&quot;:{&quot;sunday&quot;:{&quot;isWorkingOnDay&quot;:&quot;OFF&quot;,&quot;workHours&quot;:[{&quot;startTime&quot;:&quot;08:00&quot;,&quot;endTime&quot;:&quot;17:30&quot;}]},&quot;monday&quot;:{&quot;isWorkingOnDay&quot;:&quot;OFF&quot;,&quot;workHours&quot;:[{&quot;startTime&quot;:&quot;08:00&quot;,&quot;endTime&quot;:&quot;17:30&quot;}]},&quot;tuesday&quot;:{&quot;isWorkingOnDay&quot;:&quot;OFF&quot;,&quot;workHours&quot;:[{&quot;startTime&quot;:&quot;08:00&quot;,&quot;endTime&quot;:&quot;17:30&quot;}]},&quot;wednesday&quot;:{&quot;isWorkingOnDay&quot;:&quot;OFF&quot;,&quot;workHours&quot;:[{&quot;startTime&quot;:&quot;08:00&quot;,&quot;endTime&quot;:&quot;17:30&quot;}]},&quot;thursday&quot;:{&quot;isWorkingOnDay&quot;:&quot;OFF&quot;,&quot;workHours&quot;:[{&quot;startTime&quot;:&quot;08:00&quot;,&quot;endTime&quot;:&quot;17:30&quot;}]},&quot;friday&quot;:{&quot;isWorkingOnDay&quot;:&quot;OFF&quot;,&quot;workHours&quot;:[{&quot;startTime&quot;:&quot;08:00&quot;,&quot;endTime&quot;:&quot;17:30&quot;}]},&quot;saturday&quot;:{&quot;isWorkingOnDay&quot;:&quot;OFF&quot;,&quot;workHours&quot;:[{&quot;startTime&quot;:&quot;08:00&quot;,&quot;endTime&quot;:&quot;17:30&quot;}]}}},&quot;styles&quot;:{&quot;type&quot;:&quot;round&quot;,&quot;backgroundColor&quot;:&quot;#2DB742&quot;,&quot;textColor&quot;:&quot;#fff&quot;,&quot;label&quot;:&quot;Necesitas ayuda? Hablemos \\\/ Do you need help? Let&#039;s talk&quot;,&quot;width&quot;:300,&quot;height&quot;:64},&quot;avatar&quot;:&quot;https:\\\/\\\/nonamepublicidad.com\\\/wp-content\\\/uploads\\\/2020\\\/07\\\/noname-icon_152x152.png&quot;,&quot;options&quot;:{&quot;display&quot;:{&quot;displayCondition&quot;:&quot;showAllPage&quot;,&quot;includePages&quot;:[],&quot;excludePages&quot;:[],&quot;includePosts&quot;:[],&quot;showOnDesktop&quot;:&quot;ON&quot;,&quot;showOnMobile&quot;:&quot;ON&quot;,&quot;time_symbols&quot;:&quot;h:m&quot;},&quot;styles&quot;:{&quot;title&quot;:&quot;Start a Conversation&quot;,&quot;responseText&quot;:&quot;The team typically replies in a few minutes.&quot;,&quot;description&quot;:&quot;Hi! Click one of our member below to chat on &lt;strong&gt;WhatsApp&lt;\\\/strong&gt;&quot;,&quot;backgroundColor&quot;:&quot;#2db742&quot;,&quot;textColor&quot;:&quot;#fff&quot;,&quot;scrollHeight&quot;:500,&quot;isShowScroll&quot;:&quot;OFF&quot;,&quot;isShowResponseText&quot;:&quot;ON&quot;,&quot;isShowPoweredBy&quot;:&quot;ON&quot;,&quot;btnLabel&quot;:&quot;Need Help? &lt;strong&gt;Chat with us&lt;\\\/strong&gt;&quot;,&quot;btnLabelWidth&quot;:156,&quot;btnPosition&quot;:&quot;right&quot;,&quot;btnLeftDistance&quot;:30,&quot;btnRightDistance&quot;:30,&quot;btnBottomDistance&quot;:30,&quot;isShowBtnLabel&quot;:&quot;ON&quot;,&quot;isShowGDPR&quot;:&quot;OFF&quot;,&quot;gdprContent&quot;:&quot;Please accept our &lt;a href=\\&quot;https:\\\/\\\/ninjateam.org\\\/privacy-policy\\\/\\&quot;&gt;privacy policy&lt;\\\/a&gt; first to start a conversation.&quot;,&quot;widgetType&quot;:&quot;expandable&quot;},&quot;analytics&quot;:{&quot;enabledGoogle&quot;:&quot;OFF&quot;,&quot;enabledFacebook&quot;:&quot;OFF&quot;,&quot;enabledGoogleGA4&quot;:&quot;OFF&quot;}},&quot;gdprStatus&quot;:false,&quot;defaultAvatar&quot;:&quot;https:\\\/\\\/nonamepublicidad.com\\\/wp-content\\\/plugins\\\/whatsapp-for-wordpress\\\/assets\\\/img\\\/whatsapp_logo.svg&quot;}\"><\/div>\n<div style=\"visibility: hidden;\">art\u00edculos publicitarios, industria gr\u00e1fica e impresi\u00f3n, industria textil, industrias y oficinas, material de promoci\u00f3n, otras categor\u00edas, otros, arte, artesanal, dise\u00f1o, dise\u00f1o gr\u00e1fico, estampado con papel transfer, estampado con vinilo textil, estampado textil, hecho a mano, impresi\u00f3n, impresi\u00f3n directa, moda, productos textiles, serigraf\u00eda textil, taller, textiles, servicio de estampado textil serigraf\u00eda hecha a mano, servicio de estampado textil, servicio de estampado, servicio de estampado de telas, servicio de estampado transfer, servicio de estampados en gamarra, servicio de estampados en lima, estampados, estampado plastisol, estampado sublimado, estampado transfer, estampado textil, estampado textil artesanal, estampado textil Per\u00fa, estampado textil serigraf\u00eda, servicio de serigraf\u00eda, servicio de serigraf\u00eda textil en lima, servicio de serigraf\u00eda en lima, servicio de serigraf\u00eda textil, serigraf\u00eda, serigraf\u00eda textil, serigraf\u00eda casera, estampado hecho a mano, estampados hecho a mano, servicio de estampado hecho a mano, estampado por mayor, estampado por mayoreo, estampado por mayor en gamarra, estampado de cintas, estampado de cintas satinadas, estampado de cintas borl\u00f3n<\/div>\n","protected":false},"featured_media":5865,"comment_status":"open","ping_status":"closed","template":"","meta":[],"product_brand":[],"product_cat":[160,153],"product_tag":[703,706,961,704,676,701,705,702,711,581,712,700,707,708],"class_list":{"0":"post-5869","1":"product","2":"type-product","3":"status-publish","4":"has-post-thumbnail","6":"product_cat-industria-grafica-e-impresion","7":"product_cat-industrias-y-oficinas","8":"product_tag-arte","9":"product_tag-artesanal","10":"product_tag-cintas","11":"product_tag-diseno","12":"product_tag-diseno-grafico","13":"product_tag-estampado-textil","14":"product_tag-hecho-a-mano","15":"product_tag-impresion","16":"product_tag-impresion-directa","17":"product_tag-moda","18":"product_tag-productos-textiles","19":"product_tag-serigrafia-textil","20":"product_tag-taller","21":"product_tag-textiles","23":"first","24":"instock","25":"taxable","26":"shipping-taxable","27":"purchasable","28":"product-type-variable","29":"has-default-attributes"},"_links":{"self":[{"href":"https:\/\/nonamepublicidad.com\/en\/wp-json\/wp\/v2\/product\/5869","targetHints":{"allow":["GET"]}}],"collection":[{"href":"https:\/\/nonamepublicidad.com\/en\/wp-json\/wp\/v2\/product"}],"about":[{"href":"https:\/\/nonamepublicidad.com\/en\/wp-json\/wp\/v2\/types\/product"}],"replies":[{"embeddable":true,"href":"https:\/\/nonamepublicidad.com\/en\/wp-json\/wp\/v2\/comments?post=5869"}],"version-history":[{"count":0,"href":"https:\/\/nonamepublicidad.com\/en\/wp-json\/wp\/v2\/product\/5869\/revisions"}],"wp:featuredmedia":[{"embeddable":true,"href":"https:\/\/nonamepublicidad.com\/en\/wp-json\/wp\/v2\/media\/5865"}],"wp:attachment":[{"href":"https:\/\/nonamepublicidad.com\/en\/wp-json\/wp\/v2\/media?parent=5869"}],"wp:term":[{"taxonomy":"product_brand","embeddable":true,"href":"https:\/\/nonamepublicidad.com\/en\/wp-json\/wp\/v2\/product_brand?post=5869"},{"taxonomy":"product_cat","embeddable":true,"href":"https:\/\/nonamepublicidad.com\/en\/wp-json\/wp\/v2\/product_cat?post=5869"},{"taxonomy":"product_tag","embeddable":true,"href":"https:\/\/nonamepublicidad.com\/en\/wp-json\/wp\/v2\/product_tag?post=5869"}],"curies":[{"name":"wp","href":"https:\/\/api.w.org\/{rel}","templated":true}]}}