{"id":5979,"date":"2020-12-19T09:04:01","date_gmt":"2020-12-19T14:04:01","guid":{"rendered":"http:\/\/nonamepublicidad.com\/?post_type=product&#038;p=5979"},"modified":"2024-12-02T08:49:18","modified_gmt":"2024-12-02T13:49:18","slug":"servicio-de-estampados-a-un-color-para-polos","status":"publish","type":"product","link":"https:\/\/nonamepublicidad.com\/en\/product\/servicio-de-estampados-a-un-color-para-polos\/","title":{"rendered":"Servicio de Estampados a un Color para Polos"},"content":{"rendered":"<p>Estampado personalizado, estampamos sobre superficies planas para textil, pl\u00e1stico, metal, madera y vidrio.<br \/>\nLa medida m\u00e1xima de estampado en nuestras mesas para serigraf\u00eda es de 28 x 38 cm.<br \/>\nEstampado para polos por millar c\/u S\/0.40<\/p>\n<p>La serigraf\u00eda es una t\u00e9cnica de impresi\u00f3n empleada en el m\u00e9todo de reproducci\u00f3n de documentos e im\u00e1genes sobre cualquier material, y consiste en transferir una tinta a trav\u00e9s de una malla tensada en un marco. El paso de la tinta se bloquea en las \u00e1reas donde no habr\u00e1 imagen mediante una emulsi\u00f3n o barniz, quedando libre la zona donde pasar\u00e1 la tinta.<\/p>\n<p>El sistema de impresi\u00f3n es repetitivo, esto es, una vez que el primer modelo se ha logrado, la impresi\u00f3n puede ser repetida cientos y hasta miles de veces sin perder definici\u00f3n.<\/p>","protected":false},"excerpt":{"rendered":"<ul>\n<li>\u00bfNecesita estampar un dise\u00f1o en su polo?<\/li>\n<\/ul>\n<p>Pedidos al: <a href=\"tel:51941203813\">(+51) 941203813<\/a><\/p>\n<div class=\"nta_wa_button\" data-id=\"13293\" data-info=\"{&quot;name&quot;:&quot;Orlando (Per\\u00fa)&quot;,&quot;info&quot;:{&quot;number&quot;:&quot;+51941203813&quot;,&quot;title&quot;:&quot;Orlando&quot;,&quot;predefinedText&quot;:&quot;Hola Orlando, solicito informaci\\u00f3n de [njwa_page_title] Enlace: [njwa_page_url]&quot;,&quot;willBeBackText&quot;:&quot;I will be back in [njwa_time_work]&quot;,&quot;dayOffsText&quot;:&quot;I will be back soon&quot;,&quot;isAlwaysAvailable&quot;:&quot;ON&quot;,&quot;daysOfWeekWorking&quot;:{&quot;sunday&quot;:{&quot;isWorkingOnDay&quot;:&quot;OFF&quot;,&quot;workHours&quot;:[{&quot;startTime&quot;:&quot;08:00&quot;,&quot;endTime&quot;:&quot;17:30&quot;}]},&quot;monday&quot;:{&quot;isWorkingOnDay&quot;:&quot;OFF&quot;,&quot;workHours&quot;:[{&quot;startTime&quot;:&quot;08:00&quot;,&quot;endTime&quot;:&quot;17:30&quot;}]},&quot;tuesday&quot;:{&quot;isWorkingOnDay&quot;:&quot;OFF&quot;,&quot;workHours&quot;:[{&quot;startTime&quot;:&quot;08:00&quot;,&quot;endTime&quot;:&quot;17:30&quot;}]},&quot;wednesday&quot;:{&quot;isWorkingOnDay&quot;:&quot;OFF&quot;,&quot;workHours&quot;:[{&quot;startTime&quot;:&quot;08:00&quot;,&quot;endTime&quot;:&quot;17:30&quot;}]},&quot;thursday&quot;:{&quot;isWorkingOnDay&quot;:&quot;OFF&quot;,&quot;workHours&quot;:[{&quot;startTime&quot;:&quot;08:00&quot;,&quot;endTime&quot;:&quot;17:30&quot;}]},&quot;friday&quot;:{&quot;isWorkingOnDay&quot;:&quot;OFF&quot;,&quot;workHours&quot;:[{&quot;startTime&quot;:&quot;08:00&quot;,&quot;endTime&quot;:&quot;17:30&quot;}]},&quot;saturday&quot;:{&quot;isWorkingOnDay&quot;:&quot;OFF&quot;,&quot;workHours&quot;:[{&quot;startTime&quot;:&quot;08:00&quot;,&quot;endTime&quot;:&quot;17:30&quot;}]}}},&quot;styles&quot;:{&quot;type&quot;:&quot;round&quot;,&quot;backgroundColor&quot;:&quot;#2DB742&quot;,&quot;textColor&quot;:&quot;#fff&quot;,&quot;label&quot;:&quot;Necesitas ayuda? Hablemos \\\/ Do you need help? Let&#039;s talk&quot;,&quot;width&quot;:300,&quot;height&quot;:64},&quot;avatar&quot;:&quot;https:\\\/\\\/nonamepublicidad.com\\\/wp-content\\\/uploads\\\/2020\\\/07\\\/noname-icon_152x152.png&quot;,&quot;options&quot;:{&quot;display&quot;:{&quot;displayCondition&quot;:&quot;showAllPage&quot;,&quot;includePages&quot;:[],&quot;excludePages&quot;:[],&quot;includePosts&quot;:[],&quot;showOnDesktop&quot;:&quot;ON&quot;,&quot;showOnMobile&quot;:&quot;ON&quot;,&quot;time_symbols&quot;:&quot;h:m&quot;},&quot;styles&quot;:{&quot;title&quot;:&quot;Start a Conversation&quot;,&quot;responseText&quot;:&quot;The team typically replies in a few minutes.&quot;,&quot;description&quot;:&quot;Hi! Click one of our member below to chat on &lt;strong&gt;WhatsApp&lt;\\\/strong&gt;&quot;,&quot;backgroundColor&quot;:&quot;#2db742&quot;,&quot;textColor&quot;:&quot;#fff&quot;,&quot;scrollHeight&quot;:500,&quot;isShowScroll&quot;:&quot;OFF&quot;,&quot;isShowResponseText&quot;:&quot;ON&quot;,&quot;isShowPoweredBy&quot;:&quot;ON&quot;,&quot;btnLabel&quot;:&quot;Need Help? &lt;strong&gt;Chat with us&lt;\\\/strong&gt;&quot;,&quot;btnLabelWidth&quot;:156,&quot;btnPosition&quot;:&quot;right&quot;,&quot;btnLeftDistance&quot;:30,&quot;btnRightDistance&quot;:30,&quot;btnBottomDistance&quot;:30,&quot;isShowBtnLabel&quot;:&quot;ON&quot;,&quot;isShowGDPR&quot;:&quot;OFF&quot;,&quot;gdprContent&quot;:&quot;Please accept our &lt;a href=\\&quot;https:\\\/\\\/ninjateam.org\\\/privacy-policy\\\/\\&quot;&gt;privacy policy&lt;\\\/a&gt; first to start a conversation.&quot;,&quot;widgetType&quot;:&quot;expandable&quot;},&quot;analytics&quot;:{&quot;enabledGoogle&quot;:&quot;OFF&quot;,&quot;enabledFacebook&quot;:&quot;OFF&quot;,&quot;enabledGoogleGA4&quot;:&quot;OFF&quot;}},&quot;gdprStatus&quot;:false,&quot;defaultAvatar&quot;:&quot;https:\\\/\\\/nonamepublicidad.com\\\/wp-content\\\/plugins\\\/whatsapp-for-wordpress\\\/assets\\\/img\\\/whatsapp_logo.svg&quot;}\"><\/div>\n<div style=\"visibility: hidden;\">Servicio de Estampado, Art\u00edculos Publicitarios, Deportes y Fitness, Industria Gr\u00e1fica e Impresi\u00f3n, Industria Textil, Industrias y Oficinas, Material de Promoci\u00f3n, Otras Categor\u00edas, Otros, Polos, Ropa Deportiva, Ropa Deportiva, Ropa y Accesorios, Uniformes, Uniformes y Ropa de Trabajo, Arte, Artesanal, Camiseta, Cuatricrom\u00eda, Dise\u00f1o, Dise\u00f1o Gr\u00e1fico, Estampado con Papel Transfer, Estampado con Vinilo Textil, Estampado Textil, Hecho a Mano, Impresi\u00f3n, Impresi\u00f3n directa, Moda, Productos Textiles, Serigraf\u00eda Textil, Taller, Textiles, Estampado Personalizado<\/div>\n","protected":false},"featured_media":3649,"comment_status":"open","ping_status":"closed","template":"","meta":[],"product_brand":[],"product_cat":[333,374],"product_tag":[703,706,582,713,704,676,709,710,701,705,702,711,581,712,700,707,708],"class_list":{"0":"post-5979","1":"product","2":"type-product","3":"status-publish","4":"has-post-thumbnail","6":"product_cat-deportes-y-fitness","7":"product_cat-otros-deportes-y-fitness","8":"product_tag-arte","9":"product_tag-artesanal","10":"product_tag-camiseta","11":"product_tag-cuatricromia","12":"product_tag-diseno","13":"product_tag-diseno-grafico","14":"product_tag-estampado-con-papel-transfer","15":"product_tag-estampado-con-vinilo-textil","16":"product_tag-estampado-textil","17":"product_tag-hecho-a-mano","18":"product_tag-impresion","19":"product_tag-impresion-directa","20":"product_tag-moda","21":"product_tag-productos-textiles","22":"product_tag-serigrafia-textil","23":"product_tag-taller","24":"product_tag-textiles","26":"first","27":"instock","28":"taxable","29":"shipping-taxable","30":"purchasable","31":"product-type-variable"},"_links":{"self":[{"href":"https:\/\/nonamepublicidad.com\/en\/wp-json\/wp\/v2\/product\/5979","targetHints":{"allow":["GET"]}}],"collection":[{"href":"https:\/\/nonamepublicidad.com\/en\/wp-json\/wp\/v2\/product"}],"about":[{"href":"https:\/\/nonamepublicidad.com\/en\/wp-json\/wp\/v2\/types\/product"}],"replies":[{"embeddable":true,"href":"https:\/\/nonamepublicidad.com\/en\/wp-json\/wp\/v2\/comments?post=5979"}],"version-history":[{"count":0,"href":"https:\/\/nonamepublicidad.com\/en\/wp-json\/wp\/v2\/product\/5979\/revisions"}],"wp:featuredmedia":[{"embeddable":true,"href":"https:\/\/nonamepublicidad.com\/en\/wp-json\/wp\/v2\/media\/3649"}],"wp:attachment":[{"href":"https:\/\/nonamepublicidad.com\/en\/wp-json\/wp\/v2\/media?parent=5979"}],"wp:term":[{"taxonomy":"product_brand","embeddable":true,"href":"https:\/\/nonamepublicidad.com\/en\/wp-json\/wp\/v2\/product_brand?post=5979"},{"taxonomy":"product_cat","embeddable":true,"href":"https:\/\/nonamepublicidad.com\/en\/wp-json\/wp\/v2\/product_cat?post=5979"},{"taxonomy":"product_tag","embeddable":true,"href":"https:\/\/nonamepublicidad.com\/en\/wp-json\/wp\/v2\/product_tag?post=5979"}],"curies":[{"name":"wp","href":"https:\/\/api.w.org\/{rel}","templated":true}]}}