{"id":6566,"date":"2021-02-05T20:15:36","date_gmt":"2021-02-06T01:15:36","guid":{"rendered":"http:\/\/nonamepublicidad.com\/?post_type=product&#038;p=6566"},"modified":"2024-12-02T08:49:18","modified_gmt":"2024-12-02T13:49:18","slug":"repuesto-jabon-cremoso-para-manos","status":"publish","type":"product","link":"https:\/\/nonamepublicidad.com\/en\/product\/repuesto-jabon-cremoso-para-manos\/","title":{"rendered":"Repuesto Jab\u00f3n Cremoso para Manos"},"content":{"rendered":"<p>Natura Erva Doce presenta productos para mujeres y hombres, con ingredientes suaves que limpian y protegen la piel, manteniendo su equilibrio natural.<\/p>\n<p><strong>Beneficios<\/strong><br \/>\nEl Repuesto del Jab\u00f3n Cremoso para manos Natura Erva Doce limpia su piel de forma eficaz, sin agredirla, recuperando la capa de protecci\u00f3n de la piel 50% m\u00e1s r\u00e1pido que un jab\u00f3n convencional. Su f\u00f3rmula posee ingredientes que forman una espumo cremosa y dejan una delicada capa protectora de la piel, siempre con la agradable fragancia y frescura de Natura Erva Doce.<\/p>\n<p><strong>Para qui\u00e9n est\u00e1 enfocado<\/strong><br \/>\nPerfecto para quien tiene el envase del Jab\u00f3n cremoso Erva Doce. Tambi\u00e9n para quien tiene la piel sensible y desea mantener el pH natural de la piel.<\/p>\n<p><strong>Modo de uso<\/strong><br \/>\nApl\u00edquelo en la palmas de las manos mojadas y masajee. Enjuague en seguida.<\/p>\n<p><strong>Contenido<\/strong><br \/>\n250 ml<\/p>\n<p><strong>Sobre la l\u00ednea Erva Doce<\/strong><br \/>\nProtecci\u00f3n con suavidad para cuidar la piel. F\u00f3rmulas y texturas suaves que prolongan el placer del ba\u00f1o por m\u00e1s tiempo.<\/p>\n<p><strong>Ingredientes<\/strong><br \/>\nAqua, Sodium Laureth Sulfate, Decyl Glucoside, Cocamidopropyl, Betaine, Coco-Glucoside, Glycol Distearate, Acrylates Copolymer,\u00a0Parfum, Glycerin,\u00a0Sodium Chloride, Triethanolamine, Citric Acid, Glyceryl Strearate,\u00a0Glyceryl Oleate,\u00a0Disodium EDTA,\u00a0BHT, Lactic Acid,\u00a0Sodium Hydroxide, Benzoic Acid, Magnesium Nitrate, Foeniculum Vulgare Oil,\u00a0Methylchloroisothiazolinone, Magnesium Chloride,\u00a0Methylisothiazolinone, CI 19140, CI 14700, Hexyl Cinnamal, Linalool.<\/p>\n<p><strong>Advertencias<\/strong><br \/>\nMantenga el producto lejos del alcance de los ni\u00f1os. No se aplique sobre piel irritada. Evite el contacto con los ojos. En caso de contacto con los ojos, enju\u00e1guelos con agua en abundancia. Uso externo.<\/p>","protected":false},"excerpt":{"rendered":"<ul>\n<li>Precio de venta recomendado por el fabricante MSRP por unidad<\/li>\n<li>Protecci\u00f3n con suavidad para cuidar la piel<\/li>\n<li>Jab\u00f3n l\u00edquido de 250 ml<\/li>\n<li>Imagen referencial<\/li>\n<li>Plazo de entrega en Lima 7 d\u00edas<\/li>\n<li>Consultar tarifa de flete<\/li>\n<\/ul>\n<p>Venta directa al: <a href=\"tel:51941203813\">(+51) 941203813<\/a><\/p>\n<div class=\"nta_wa_button\" data-id=\"13293\" data-info=\"{&quot;name&quot;:&quot;Orlando (Per\\u00fa)&quot;,&quot;info&quot;:{&quot;number&quot;:&quot;+51941203813&quot;,&quot;title&quot;:&quot;Orlando&quot;,&quot;predefinedText&quot;:&quot;Hola Orlando, solicito informaci\\u00f3n de [njwa_page_title] Enlace: [njwa_page_url]&quot;,&quot;willBeBackText&quot;:&quot;I will be back in [njwa_time_work]&quot;,&quot;dayOffsText&quot;:&quot;I will be back soon&quot;,&quot;isAlwaysAvailable&quot;:&quot;ON&quot;,&quot;daysOfWeekWorking&quot;:{&quot;sunday&quot;:{&quot;isWorkingOnDay&quot;:&quot;OFF&quot;,&quot;workHours&quot;:[{&quot;startTime&quot;:&quot;08:00&quot;,&quot;endTime&quot;:&quot;17:30&quot;}]},&quot;monday&quot;:{&quot;isWorkingOnDay&quot;:&quot;OFF&quot;,&quot;workHours&quot;:[{&quot;startTime&quot;:&quot;08:00&quot;,&quot;endTime&quot;:&quot;17:30&quot;}]},&quot;tuesday&quot;:{&quot;isWorkingOnDay&quot;:&quot;OFF&quot;,&quot;workHours&quot;:[{&quot;startTime&quot;:&quot;08:00&quot;,&quot;endTime&quot;:&quot;17:30&quot;}]},&quot;wednesday&quot;:{&quot;isWorkingOnDay&quot;:&quot;OFF&quot;,&quot;workHours&quot;:[{&quot;startTime&quot;:&quot;08:00&quot;,&quot;endTime&quot;:&quot;17:30&quot;}]},&quot;thursday&quot;:{&quot;isWorkingOnDay&quot;:&quot;OFF&quot;,&quot;workHours&quot;:[{&quot;startTime&quot;:&quot;08:00&quot;,&quot;endTime&quot;:&quot;17:30&quot;}]},&quot;friday&quot;:{&quot;isWorkingOnDay&quot;:&quot;OFF&quot;,&quot;workHours&quot;:[{&quot;startTime&quot;:&quot;08:00&quot;,&quot;endTime&quot;:&quot;17:30&quot;}]},&quot;saturday&quot;:{&quot;isWorkingOnDay&quot;:&quot;OFF&quot;,&quot;workHours&quot;:[{&quot;startTime&quot;:&quot;08:00&quot;,&quot;endTime&quot;:&quot;17:30&quot;}]}}},&quot;styles&quot;:{&quot;type&quot;:&quot;round&quot;,&quot;backgroundColor&quot;:&quot;#2DB742&quot;,&quot;textColor&quot;:&quot;#fff&quot;,&quot;label&quot;:&quot;Necesitas ayuda? Hablemos \\\/ Do you need help? Let&#039;s talk&quot;,&quot;width&quot;:300,&quot;height&quot;:64},&quot;avatar&quot;:&quot;https:\\\/\\\/nonamepublicidad.com\\\/wp-content\\\/uploads\\\/2020\\\/07\\\/noname-icon_152x152.png&quot;,&quot;options&quot;:{&quot;display&quot;:{&quot;displayCondition&quot;:&quot;showAllPage&quot;,&quot;includePages&quot;:[],&quot;excludePages&quot;:[],&quot;includePosts&quot;:[],&quot;showOnDesktop&quot;:&quot;ON&quot;,&quot;showOnMobile&quot;:&quot;ON&quot;,&quot;time_symbols&quot;:&quot;h:m&quot;},&quot;styles&quot;:{&quot;title&quot;:&quot;Start a Conversation&quot;,&quot;responseText&quot;:&quot;The team typically replies in a few minutes.&quot;,&quot;description&quot;:&quot;Hi! Click one of our member below to chat on &lt;strong&gt;WhatsApp&lt;\\\/strong&gt;&quot;,&quot;backgroundColor&quot;:&quot;#2db742&quot;,&quot;textColor&quot;:&quot;#fff&quot;,&quot;scrollHeight&quot;:500,&quot;isShowScroll&quot;:&quot;OFF&quot;,&quot;isShowResponseText&quot;:&quot;ON&quot;,&quot;isShowPoweredBy&quot;:&quot;ON&quot;,&quot;btnLabel&quot;:&quot;Need Help? &lt;strong&gt;Chat with us&lt;\\\/strong&gt;&quot;,&quot;btnLabelWidth&quot;:156,&quot;btnPosition&quot;:&quot;right&quot;,&quot;btnLeftDistance&quot;:30,&quot;btnRightDistance&quot;:30,&quot;btnBottomDistance&quot;:30,&quot;isShowBtnLabel&quot;:&quot;ON&quot;,&quot;isShowGDPR&quot;:&quot;OFF&quot;,&quot;gdprContent&quot;:&quot;Please accept our &lt;a href=\\&quot;https:\\\/\\\/ninjateam.org\\\/privacy-policy\\\/\\&quot;&gt;privacy policy&lt;\\\/a&gt; first to start a conversation.&quot;,&quot;widgetType&quot;:&quot;expandable&quot;},&quot;analytics&quot;:{&quot;enabledGoogle&quot;:&quot;OFF&quot;,&quot;enabledFacebook&quot;:&quot;OFF&quot;,&quot;enabledGoogleGA4&quot;:&quot;OFF&quot;}},&quot;gdprStatus&quot;:false,&quot;defaultAvatar&quot;:&quot;https:\\\/\\\/nonamepublicidad.com\\\/wp-content\\\/plugins\\\/whatsapp-for-wordpress\\\/assets\\\/img\\\/whatsapp_logo.svg&quot;}\"><\/div>\n<div style=\"visibility: hidden;\">Lavarse las Manos con Agua y Jabon, Bioseguridad, Bio Seguridad, Limpieza Personal, Articulos para Ba\u00f1o, Cuidados Diarios, Higiene Personal, Natura, Jabon, Jabones<\/div>\n","protected":false},"featured_media":6565,"comment_status":"open","ping_status":"closed","template":"","meta":[],"product_brand":[],"product_cat":[194,186],"product_tag":[988,986,985,989,990,993,994,984,987,991,992],"class_list":{"0":"post-6566","1":"product","2":"type-product","3":"status-publish","4":"has-post-thumbnail","6":"product_cat-higiene-personal","7":"product_cat-salud-y-belleza","8":"product_tag-articulos-para-bano","9":"product_tag-bio-seguridad","10":"product_tag-bioseguridad","11":"product_tag-cuidados-diarios","12":"product_tag-higiene-personal","13":"product_tag-jabon","14":"product_tag-jabones","15":"product_tag-lavarse-las-manos-con-agua-y-jabon","16":"product_tag-limpieza-personal","17":"product_tag-natura","18":"product_tag-tododia","20":"first","21":"instock","22":"sale","23":"taxable","24":"shipping-taxable","25":"purchasable","26":"product-type-simple"},"_links":{"self":[{"href":"https:\/\/nonamepublicidad.com\/en\/wp-json\/wp\/v2\/product\/6566","targetHints":{"allow":["GET"]}}],"collection":[{"href":"https:\/\/nonamepublicidad.com\/en\/wp-json\/wp\/v2\/product"}],"about":[{"href":"https:\/\/nonamepublicidad.com\/en\/wp-json\/wp\/v2\/types\/product"}],"replies":[{"embeddable":true,"href":"https:\/\/nonamepublicidad.com\/en\/wp-json\/wp\/v2\/comments?post=6566"}],"version-history":[{"count":0,"href":"https:\/\/nonamepublicidad.com\/en\/wp-json\/wp\/v2\/product\/6566\/revisions"}],"wp:featuredmedia":[{"embeddable":true,"href":"https:\/\/nonamepublicidad.com\/en\/wp-json\/wp\/v2\/media\/6565"}],"wp:attachment":[{"href":"https:\/\/nonamepublicidad.com\/en\/wp-json\/wp\/v2\/media?parent=6566"}],"wp:term":[{"taxonomy":"product_brand","embeddable":true,"href":"https:\/\/nonamepublicidad.com\/en\/wp-json\/wp\/v2\/product_brand?post=6566"},{"taxonomy":"product_cat","embeddable":true,"href":"https:\/\/nonamepublicidad.com\/en\/wp-json\/wp\/v2\/product_cat?post=6566"},{"taxonomy":"product_tag","embeddable":true,"href":"https:\/\/nonamepublicidad.com\/en\/wp-json\/wp\/v2\/product_tag?post=6566"}],"curies":[{"name":"wp","href":"https:\/\/api.w.org\/{rel}","templated":true}]}}