{"id":6589,"date":"2021-02-08T09:13:40","date_gmt":"2021-02-08T14:13:40","guid":{"rendered":"http:\/\/nonamepublicidad.com\/?post_type=product&#038;p=6589"},"modified":"2024-12-02T08:49:18","modified_gmt":"2024-12-02T13:49:18","slug":"zueco_bistro_unisex","status":"publish","type":"product","link":"https:\/\/nonamepublicidad.com\/en\/product\/zueco_bistro_unisex\/","title":{"rendered":"Zueco Bistro Unisex"},"content":{"rendered":"<p>Certificablemente Comfortable \u2122<\/p>\n<p>Elija su inspiraci\u00f3n culinaria y s\u00edrvase un poco de comodidad con estos zuecos Bistro.\u00a0Dise\u00f1ados pensando en los trabajadores de servicios de alimentos, hoteler\u00eda y atenci\u00f3n m\u00e9dica, son livianos y lo suficientemente solidarios como para que pueda superar los turnos m\u00e1s largos.\u00a0Las bandas de rodadura Crocs Lock \u2122 antideslizantes, la protecci\u00f3n adicional en los dedos de los pies y una variedad de opciones de color se combinan para ayudarlo a servir lo mejor posible.<\/p>\n<h3 class=\"cx-copy largest text-bold\">Espacioso<\/h3>\n<p>Nuestro ajuste m\u00e1s generoso y espacioso.<\/p>\n<h3 class=\"cx-copy largest text-bold\">Ic\u00f3nico<\/h3>\n<p>La legendaria almohadilla de espuma Croslite \u2122 ofrece comodidad y apoyo durante todo el d\u00eda.<\/p>\n<h3 class=\"cx-copy largest cx-brand-font\"><strong>F\u00e1cil de limpiar<span class=\"sr-only\">.<\/span><\/strong><\/h3>\n<p>Se quita con agua y jab\u00f3n.<\/p>","protected":false},"excerpt":{"rendered":"<ul>\n<li>Banda de rodadura antideslizante Crocs Lock \u2122<\/li>\n<li>Totalmente moldeado y f\u00e1cil de limpiar con agua y jab\u00f3n<\/li>\n<li>El dise\u00f1o cerrado de la punta y el \u00e1rea metatarsiana m\u00e1s gruesa ayudan a proteger el pie de derrames<\/li>\n<li>Las plantillas contorneadas aumentan la comodidad<\/li>\n<li>Iconic Crocs Comfort \u2122: Ligero.\u00a0Flexible.\u00a0Comodidad de 360 \u200b\u200bgrados.<\/li>\n<li>ASTM F2913-11 probado, certificado CE<\/li>\n<li>Cumple o supera EN ISO 20347: 2012, OB, SRC<\/li>\n<li>Precio por unidad<\/li>\n<li>Colores azul marino, blanco, gris y negro<\/li>\n<li>Tallas del 4 al 15<\/li>\n<li>Hecho en USA<\/li>\n<li>Imagen referencial<\/li>\n<\/ul>\n<p>Pedidos al: <a href=\"tel:51941203813\">(+51) 941203813<\/a><\/p>\n<div class=\"nta_wa_button\" data-id=\"13293\" data-info=\"{&quot;name&quot;:&quot;Orlando (Per\\u00fa)&quot;,&quot;info&quot;:{&quot;number&quot;:&quot;+51941203813&quot;,&quot;title&quot;:&quot;Orlando&quot;,&quot;predefinedText&quot;:&quot;Hola Orlando, solicito informaci\\u00f3n de [njwa_page_title] Enlace: [njwa_page_url]&quot;,&quot;willBeBackText&quot;:&quot;I will be back in [njwa_time_work]&quot;,&quot;dayOffsText&quot;:&quot;I will be back soon&quot;,&quot;isAlwaysAvailable&quot;:&quot;ON&quot;,&quot;daysOfWeekWorking&quot;:{&quot;sunday&quot;:{&quot;isWorkingOnDay&quot;:&quot;OFF&quot;,&quot;workHours&quot;:[{&quot;startTime&quot;:&quot;08:00&quot;,&quot;endTime&quot;:&quot;17:30&quot;}]},&quot;monday&quot;:{&quot;isWorkingOnDay&quot;:&quot;OFF&quot;,&quot;workHours&quot;:[{&quot;startTime&quot;:&quot;08:00&quot;,&quot;endTime&quot;:&quot;17:30&quot;}]},&quot;tuesday&quot;:{&quot;isWorkingOnDay&quot;:&quot;OFF&quot;,&quot;workHours&quot;:[{&quot;startTime&quot;:&quot;08:00&quot;,&quot;endTime&quot;:&quot;17:30&quot;}]},&quot;wednesday&quot;:{&quot;isWorkingOnDay&quot;:&quot;OFF&quot;,&quot;workHours&quot;:[{&quot;startTime&quot;:&quot;08:00&quot;,&quot;endTime&quot;:&quot;17:30&quot;}]},&quot;thursday&quot;:{&quot;isWorkingOnDay&quot;:&quot;OFF&quot;,&quot;workHours&quot;:[{&quot;startTime&quot;:&quot;08:00&quot;,&quot;endTime&quot;:&quot;17:30&quot;}]},&quot;friday&quot;:{&quot;isWorkingOnDay&quot;:&quot;OFF&quot;,&quot;workHours&quot;:[{&quot;startTime&quot;:&quot;08:00&quot;,&quot;endTime&quot;:&quot;17:30&quot;}]},&quot;saturday&quot;:{&quot;isWorkingOnDay&quot;:&quot;OFF&quot;,&quot;workHours&quot;:[{&quot;startTime&quot;:&quot;08:00&quot;,&quot;endTime&quot;:&quot;17:30&quot;}]}}},&quot;styles&quot;:{&quot;type&quot;:&quot;round&quot;,&quot;backgroundColor&quot;:&quot;#2DB742&quot;,&quot;textColor&quot;:&quot;#fff&quot;,&quot;label&quot;:&quot;Necesitas ayuda? Hablemos \\\/ Do you need help? Let&#039;s talk&quot;,&quot;width&quot;:300,&quot;height&quot;:64},&quot;avatar&quot;:&quot;https:\\\/\\\/nonamepublicidad.com\\\/wp-content\\\/uploads\\\/2020\\\/07\\\/noname-icon_152x152.png&quot;,&quot;options&quot;:{&quot;display&quot;:{&quot;displayCondition&quot;:&quot;showAllPage&quot;,&quot;includePages&quot;:[],&quot;excludePages&quot;:[],&quot;includePosts&quot;:[],&quot;showOnDesktop&quot;:&quot;ON&quot;,&quot;showOnMobile&quot;:&quot;ON&quot;,&quot;time_symbols&quot;:&quot;h:m&quot;},&quot;styles&quot;:{&quot;title&quot;:&quot;Start a Conversation&quot;,&quot;responseText&quot;:&quot;The team typically replies in a few minutes.&quot;,&quot;description&quot;:&quot;Hi! Click one of our member below to chat on &lt;strong&gt;WhatsApp&lt;\\\/strong&gt;&quot;,&quot;backgroundColor&quot;:&quot;#2db742&quot;,&quot;textColor&quot;:&quot;#fff&quot;,&quot;scrollHeight&quot;:500,&quot;isShowScroll&quot;:&quot;OFF&quot;,&quot;isShowResponseText&quot;:&quot;ON&quot;,&quot;isShowPoweredBy&quot;:&quot;ON&quot;,&quot;btnLabel&quot;:&quot;Need Help? &lt;strong&gt;Chat with us&lt;\\\/strong&gt;&quot;,&quot;btnLabelWidth&quot;:156,&quot;btnPosition&quot;:&quot;right&quot;,&quot;btnLeftDistance&quot;:30,&quot;btnRightDistance&quot;:30,&quot;btnBottomDistance&quot;:30,&quot;isShowBtnLabel&quot;:&quot;ON&quot;,&quot;isShowGDPR&quot;:&quot;OFF&quot;,&quot;gdprContent&quot;:&quot;Please accept our &lt;a href=\\&quot;https:\\\/\\\/ninjateam.org\\\/privacy-policy\\\/\\&quot;&gt;privacy policy&lt;\\\/a&gt; first to start a conversation.&quot;,&quot;widgetType&quot;:&quot;expandable&quot;},&quot;analytics&quot;:{&quot;enabledGoogle&quot;:&quot;OFF&quot;,&quot;enabledFacebook&quot;:&quot;OFF&quot;,&quot;enabledGoogleGA4&quot;:&quot;OFF&quot;}},&quot;gdprStatus&quot;:false,&quot;defaultAvatar&quot;:&quot;https:\\\/\\\/nonamepublicidad.com\\\/wp-content\\\/plugins\\\/whatsapp-for-wordpress\\\/assets\\\/img\\\/whatsapp_logo.svg&quot;}\"><\/div>\n<div style=\"visibility: hidden;\">Calzado, Zapatillas, Calzado Unisex, Zapatillas para Hombres, Zapatillas para Mujer, Zapatillas Unisex, Zapato de Trabajo, Calzado de Trabajo, Calzado para trabajo, Zapato para Trabajo, Para Medicos, Para Enfermeras, Para Enfermeros, Para Personal Tecnico, Para Sector Salud, Zuecos, Crocs<\/div>\n","protected":false},"featured_media":6588,"comment_status":"open","ping_status":"closed","template":"","meta":[],"product_brand":[],"product_cat":[131,128],"product_tag":[1100,1101,523,1102,511,517,512,522,1103],"class_list":{"0":"post-6589","1":"product","2":"type-product","3":"status-publish","4":"has-post-thumbnail","6":"product_cat-calzado","7":"product_cat-ropa-y-accesorios","8":"product_tag-calzado-para-hombres","9":"product_tag-calzado-para-mujer","10":"product_tag-calzado-unisex","11":"product_tag-crocs","12":"product_tag-zapatillas","13":"product_tag-zapatillas-para-hombres","14":"product_tag-zapatillas-para-mujer","15":"product_tag-zapatillas-unisex","16":"product_tag-zuecos","18":"first","19":"instock","20":"taxable","21":"shipping-taxable","22":"purchasable","23":"product-type-simple"},"_links":{"self":[{"href":"https:\/\/nonamepublicidad.com\/en\/wp-json\/wp\/v2\/product\/6589","targetHints":{"allow":["GET"]}}],"collection":[{"href":"https:\/\/nonamepublicidad.com\/en\/wp-json\/wp\/v2\/product"}],"about":[{"href":"https:\/\/nonamepublicidad.com\/en\/wp-json\/wp\/v2\/types\/product"}],"replies":[{"embeddable":true,"href":"https:\/\/nonamepublicidad.com\/en\/wp-json\/wp\/v2\/comments?post=6589"}],"version-history":[{"count":0,"href":"https:\/\/nonamepublicidad.com\/en\/wp-json\/wp\/v2\/product\/6589\/revisions"}],"wp:featuredmedia":[{"embeddable":true,"href":"https:\/\/nonamepublicidad.com\/en\/wp-json\/wp\/v2\/media\/6588"}],"wp:attachment":[{"href":"https:\/\/nonamepublicidad.com\/en\/wp-json\/wp\/v2\/media?parent=6589"}],"wp:term":[{"taxonomy":"product_brand","embeddable":true,"href":"https:\/\/nonamepublicidad.com\/en\/wp-json\/wp\/v2\/product_brand?post=6589"},{"taxonomy":"product_cat","embeddable":true,"href":"https:\/\/nonamepublicidad.com\/en\/wp-json\/wp\/v2\/product_cat?post=6589"},{"taxonomy":"product_tag","embeddable":true,"href":"https:\/\/nonamepublicidad.com\/en\/wp-json\/wp\/v2\/product_tag?post=6589"}],"curies":[{"name":"wp","href":"https:\/\/api.w.org\/{rel}","templated":true}]}}