{"id":6591,"date":"2021-02-08T10:20:39","date_gmt":"2021-02-08T15:20:39","guid":{"rendered":"http:\/\/nonamepublicidad.com\/?post_type=product&#038;p=6591"},"modified":"2024-12-02T08:49:18","modified_gmt":"2024-12-02T13:49:18","slug":"zueco-neria-pro-ll-para-mujer","status":"publish","type":"product","link":"https:\/\/nonamepublicidad.com\/en\/product\/zueco-neria-pro-ll-para-mujer\/","title":{"rendered":"Zueco Neria Pro II Para Mujer"},"content":{"rendered":"<p>\u00bfQui\u00e9n es Neria?\u00a0Ella es confiable y est\u00e1 lista para hacer las rondas con protecci\u00f3n y comodidad en cada paso del camino.\u00a0Esta versi\u00f3n actualizada incluye forros de plantilla extra\u00edbles y lavables.\u00a0Dise\u00f1ado para un ajuste relajado, un peque\u00f1o movimiento en el tal\u00f3n es normal, agregando una dosis de libertad sin sacrificar la seguridad de un zapato cerrado.\u00a0Perfecto para los trabajadores de la salud, la restauraci\u00f3n, el comercio minorista y cualquier otra industria exigente \u00aben sus pies\u00bb.\u00a0Prueba Neria en tu pr\u00f3ximo turno o donde sea que te lleve el d\u00eda.<\/p>\n<h3 class=\"cx-copy largest text-bold\">Doble<\/h3>\n<p>Plantillas profundamente acolchadas combinadas con suelas de espuma Croslite \u2122 de apoyo.<\/p>\n<h3 class=\"cx-copy largest text-bold\">Relajado<\/h3>\n<p>Un cuartito;\u00a0se siente m\u00e1s seguro en su pie.<\/p>\n<h3 class=\"cx-copy largest cx-brand-font\"><strong>F\u00e1cil de limpiar<span class=\"sr-only\">.<\/span><\/strong><\/h3>\n<p>Se quita con agua y jab\u00f3n.<\/p>","protected":false},"excerpt":{"rendered":"<ul>\n<li>Los dedos de los pies y los talones cerrados cumplen con los est\u00e1ndares del lugar de trabajo<\/li>\n<li>Banda de rodadura antideslizante Crocs Lock \u2122<\/li>\n<li>El ajuste es relajado, con espacio adicional en la parte posterior de los talones para poner y quitar f\u00e1cilmente<\/li>\n<li>El soporte de arco mejorado aumenta la comodidad<\/li>\n<li>Totalmente moldeado y f\u00e1cil de limpiar con agua y jab\u00f3n<\/li>\n<li>Dual Crocs Comfort \u2122: dichosamente de apoyo. Suave. Comodidad acunada<\/li>\n<li>ASTM F2913 probado, certificado CE<\/li>\n<li>Cumple o supera EN ISO 20347: 2012, OB, SRC<\/li>\n<li>Precio por unidad<\/li>\n<li>Colores blanco y negro<\/li>\n<li>Tallas del 4 al 11<\/li>\n<li>Hecho en USA<\/li>\n<li>Imagen referencial<\/li>\n<\/ul>\n<p>Pedidos al: <a href=\"tel:51941203813\">(+51) 941203813<\/a><\/p>\n<div class=\"nta_wa_button\" data-id=\"13293\" data-info=\"{&quot;name&quot;:&quot;Orlando (Per\\u00fa)&quot;,&quot;info&quot;:{&quot;number&quot;:&quot;+51941203813&quot;,&quot;title&quot;:&quot;Orlando&quot;,&quot;predefinedText&quot;:&quot;Hola Orlando, solicito informaci\\u00f3n de [njwa_page_title] Enlace: [njwa_page_url]&quot;,&quot;willBeBackText&quot;:&quot;I will be back in [njwa_time_work]&quot;,&quot;dayOffsText&quot;:&quot;I will be back soon&quot;,&quot;isAlwaysAvailable&quot;:&quot;ON&quot;,&quot;daysOfWeekWorking&quot;:{&quot;sunday&quot;:{&quot;isWorkingOnDay&quot;:&quot;OFF&quot;,&quot;workHours&quot;:[{&quot;startTime&quot;:&quot;08:00&quot;,&quot;endTime&quot;:&quot;17:30&quot;}]},&quot;monday&quot;:{&quot;isWorkingOnDay&quot;:&quot;OFF&quot;,&quot;workHours&quot;:[{&quot;startTime&quot;:&quot;08:00&quot;,&quot;endTime&quot;:&quot;17:30&quot;}]},&quot;tuesday&quot;:{&quot;isWorkingOnDay&quot;:&quot;OFF&quot;,&quot;workHours&quot;:[{&quot;startTime&quot;:&quot;08:00&quot;,&quot;endTime&quot;:&quot;17:30&quot;}]},&quot;wednesday&quot;:{&quot;isWorkingOnDay&quot;:&quot;OFF&quot;,&quot;workHours&quot;:[{&quot;startTime&quot;:&quot;08:00&quot;,&quot;endTime&quot;:&quot;17:30&quot;}]},&quot;thursday&quot;:{&quot;isWorkingOnDay&quot;:&quot;OFF&quot;,&quot;workHours&quot;:[{&quot;startTime&quot;:&quot;08:00&quot;,&quot;endTime&quot;:&quot;17:30&quot;}]},&quot;friday&quot;:{&quot;isWorkingOnDay&quot;:&quot;OFF&quot;,&quot;workHours&quot;:[{&quot;startTime&quot;:&quot;08:00&quot;,&quot;endTime&quot;:&quot;17:30&quot;}]},&quot;saturday&quot;:{&quot;isWorkingOnDay&quot;:&quot;OFF&quot;,&quot;workHours&quot;:[{&quot;startTime&quot;:&quot;08:00&quot;,&quot;endTime&quot;:&quot;17:30&quot;}]}}},&quot;styles&quot;:{&quot;type&quot;:&quot;round&quot;,&quot;backgroundColor&quot;:&quot;#2DB742&quot;,&quot;textColor&quot;:&quot;#fff&quot;,&quot;label&quot;:&quot;Necesitas ayuda? Hablemos \\\/ Do you need help? Let&#039;s talk&quot;,&quot;width&quot;:300,&quot;height&quot;:64},&quot;avatar&quot;:&quot;https:\\\/\\\/nonamepublicidad.com\\\/wp-content\\\/uploads\\\/2020\\\/07\\\/noname-icon_152x152.png&quot;,&quot;options&quot;:{&quot;display&quot;:{&quot;displayCondition&quot;:&quot;showAllPage&quot;,&quot;includePages&quot;:[],&quot;excludePages&quot;:[],&quot;includePosts&quot;:[],&quot;showOnDesktop&quot;:&quot;ON&quot;,&quot;showOnMobile&quot;:&quot;ON&quot;,&quot;time_symbols&quot;:&quot;h:m&quot;},&quot;styles&quot;:{&quot;title&quot;:&quot;Start a Conversation&quot;,&quot;responseText&quot;:&quot;The team typically replies in a few minutes.&quot;,&quot;description&quot;:&quot;Hi! Click one of our member below to chat on &lt;strong&gt;WhatsApp&lt;\\\/strong&gt;&quot;,&quot;backgroundColor&quot;:&quot;#2db742&quot;,&quot;textColor&quot;:&quot;#fff&quot;,&quot;scrollHeight&quot;:500,&quot;isShowScroll&quot;:&quot;OFF&quot;,&quot;isShowResponseText&quot;:&quot;ON&quot;,&quot;isShowPoweredBy&quot;:&quot;ON&quot;,&quot;btnLabel&quot;:&quot;Need Help? &lt;strong&gt;Chat with us&lt;\\\/strong&gt;&quot;,&quot;btnLabelWidth&quot;:156,&quot;btnPosition&quot;:&quot;right&quot;,&quot;btnLeftDistance&quot;:30,&quot;btnRightDistance&quot;:30,&quot;btnBottomDistance&quot;:30,&quot;isShowBtnLabel&quot;:&quot;ON&quot;,&quot;isShowGDPR&quot;:&quot;OFF&quot;,&quot;gdprContent&quot;:&quot;Please accept our &lt;a href=\\&quot;https:\\\/\\\/ninjateam.org\\\/privacy-policy\\\/\\&quot;&gt;privacy policy&lt;\\\/a&gt; first to start a conversation.&quot;,&quot;widgetType&quot;:&quot;expandable&quot;},&quot;analytics&quot;:{&quot;enabledGoogle&quot;:&quot;OFF&quot;,&quot;enabledFacebook&quot;:&quot;OFF&quot;,&quot;enabledGoogleGA4&quot;:&quot;OFF&quot;}},&quot;gdprStatus&quot;:false,&quot;defaultAvatar&quot;:&quot;https:\\\/\\\/nonamepublicidad.com\\\/wp-content\\\/plugins\\\/whatsapp-for-wordpress\\\/assets\\\/img\\\/whatsapp_logo.svg&quot;}\"><\/div>\n<div style=\"visibility: hidden;\">Calzado, Zapatillas, Zapatillas para Mujer, Zapato de Trabajo, Calzado de Trabajo, Calzado para trabajo, Zapato para Trabajo, Para Medicos, Para Enfermeras, Para Personal Tecnico, Para Sector Salud, Zuecos, Crocs, Calzado para Mujer, Zapato para Mujer, Zapatilla para Mujer<\/div>\n","protected":false},"featured_media":6597,"comment_status":"open","ping_status":"closed","template":"","meta":[],"product_brand":[],"product_cat":[131,128],"product_tag":[521,1106,1101,1104,1102,511,512,1105,1107,1103],"class_list":{"0":"post-6591","1":"product","2":"type-product","3":"status-publish","4":"has-post-thumbnail","6":"product_cat-calzado","7":"product_cat-ropa-y-accesorios","8":"product_tag-calzado-para-damas","9":"product_tag-calzado-para-medicos","10":"product_tag-calzado-para-mujer","11":"product_tag-calzado-para-trabajo","12":"product_tag-crocs","13":"product_tag-zapatillas","14":"product_tag-zapatillas-para-mujer","15":"product_tag-zapato-para-trabajo","16":"product_tag-zapatos-para-medicos","17":"product_tag-zuecos","19":"first","20":"instock","21":"taxable","22":"shipping-taxable","23":"purchasable","24":"product-type-simple"},"_links":{"self":[{"href":"https:\/\/nonamepublicidad.com\/en\/wp-json\/wp\/v2\/product\/6591","targetHints":{"allow":["GET"]}}],"collection":[{"href":"https:\/\/nonamepublicidad.com\/en\/wp-json\/wp\/v2\/product"}],"about":[{"href":"https:\/\/nonamepublicidad.com\/en\/wp-json\/wp\/v2\/types\/product"}],"replies":[{"embeddable":true,"href":"https:\/\/nonamepublicidad.com\/en\/wp-json\/wp\/v2\/comments?post=6591"}],"version-history":[{"count":0,"href":"https:\/\/nonamepublicidad.com\/en\/wp-json\/wp\/v2\/product\/6591\/revisions"}],"wp:featuredmedia":[{"embeddable":true,"href":"https:\/\/nonamepublicidad.com\/en\/wp-json\/wp\/v2\/media\/6597"}],"wp:attachment":[{"href":"https:\/\/nonamepublicidad.com\/en\/wp-json\/wp\/v2\/media?parent=6591"}],"wp:term":[{"taxonomy":"product_brand","embeddable":true,"href":"https:\/\/nonamepublicidad.com\/en\/wp-json\/wp\/v2\/product_brand?post=6591"},{"taxonomy":"product_cat","embeddable":true,"href":"https:\/\/nonamepublicidad.com\/en\/wp-json\/wp\/v2\/product_cat?post=6591"},{"taxonomy":"product_tag","embeddable":true,"href":"https:\/\/nonamepublicidad.com\/en\/wp-json\/wp\/v2\/product_tag?post=6591"}],"curies":[{"name":"wp","href":"https:\/\/api.w.org\/{rel}","templated":true}]}}