{"id":6641,"date":"2021-02-09T21:18:04","date_gmt":"2021-02-10T02:18:04","guid":{"rendered":"http:\/\/nonamepublicidad.com\/?post_type=product&#038;p=6641"},"modified":"2024-12-02T08:49:18","modified_gmt":"2024-12-02T13:49:18","slug":"fotoequilibrio-hidratante-corporal-post-sol","status":"publish","type":"product","link":"https:\/\/nonamepublicidad.com\/en\/product\/fotoequilibrio-hidratante-corporal-post-sol\/","title":{"rendered":"Fotoequil\u00edbrio Hidratante Corporal Post Sol"},"content":{"rendered":"<p>Hidrataci\u00f3n refrescante hasta por 12 horas. Prolonga el bronceado.<\/p>\n<p>Contiene Aloe Vera para aliviar la sensaci\u00f3n de ardor causada por el sol. Ofrece hidrataci\u00f3n refrescante hasta por 12 horas y alivia la sensaci\u00f3n de ardor causada por el sol. Combate el foto envejecimiento, el da\u00f1o que provoca por exponer la piel al sol sin protegerla.<\/p>\n<p><strong>Beneficios<\/strong><\/p>\n<p>Entrega una hidrataci\u00f3n prolongada por hasta 12 horas. Adem\u00e1s prolonga el bronceado.<\/p>\n<p><strong>Para qui\u00e9n est\u00e1 enfocado<\/strong><br \/>\nPerfecto para quienes quieren mantener y prolongar el bronceado, adem\u00e1s de hidratar su piel. El aloe vera entrega adem\u00e1s una incre\u00edble sensaci\u00f3n de alivio y refresco.<\/p>\n<p><strong>Modo de uso<\/strong><br \/>\nAplicar en el cuerpo, excepto en el rostro, despu\u00e9s del ba\u00f1o en sustituci\u00f3n de su hidratante de uso habitual, especialmente despu\u00e9s de la exposici\u00f3n al sol.<\/p>\n<p><strong>Contenido<\/strong><br \/>\n120 ml<\/p>\n<p><strong>Dimensiones producto<\/strong><br \/>\nAlto: 14 cm.<br \/>\nAncho: 7 cm.<br \/>\nProfundidad: 2,5 cm.<\/p>\n<p><strong>Ingredientes<\/strong><br \/>\nAqua, Glycerin,\u00a0Dicaprylyl Ether, Cetyl Lactate, Cyclopentasiloxane, Cetearyl Alcohol,\u00a0Caprylic\/Capric Triglyceride,\u00a0Phenoxyethanol, Hydroxyethyl Acrylate\/Sodium Acryloyldimethyl Taurate Copolymer, Squalane, Parfum, Dimethicone, Ethylhexyglycerin, Maltodextrin, Tocopheryl Acetate, Aloe Barbadensis Leaf Extract,\u00a0DMDM Hydantoin, Polysorbate 60, Acrylates\/c10-30 Alkyl Acrylate Crosspolymer, Triethanolamine, Dimethicone Crosspolymer, Disodium Edta, Biosaccharide Gum-I, Bht, Sorbitan Issostearate, CetylmAlcohol, Tocopherol, Theobroma Ccao Seed Extract, Camellia Sinensis Leaf Extract, Silica.<\/p>\n<p><strong>Advertencias<\/strong><br \/>\nEste producto NO EXIME DEL USO DEL PROTECTOR SOLAR. Mantenga el producto lejos del alcance de los ni\u00f1os. No se aplique sobre piel irritada. Evite el contacto con los ojos. Uso externo. Este producto no es para uso en beb\u00e9s y ni\u00f1os.<\/p>","protected":false},"excerpt":{"rendered":"<ul>\n<li>Precio de venta recomendado por el fabricante MSRP por unidad<\/li>\n<li>Hidrataci\u00f3n hasta por 12 horas<\/li>\n<li>Prolonga el bronceado<\/li>\n<li>Contenido 120 ml<\/li>\n<li>Imagen referencial<\/li>\n<li>Plazo de entrega en Lima 7 d\u00edas<\/li>\n<li>Consultar tarifa de flete<\/li>\n<\/ul>\n<p>Venta directa al: <a href=\"tel:51941203813\">(+51) 941203813<\/a><\/p>\n<div class=\"nta_wa_button\" data-id=\"13293\" data-info=\"{&quot;name&quot;:&quot;Orlando (Per\\u00fa)&quot;,&quot;info&quot;:{&quot;number&quot;:&quot;+51941203813&quot;,&quot;title&quot;:&quot;Orlando&quot;,&quot;predefinedText&quot;:&quot;Hola Orlando, solicito informaci\\u00f3n de [njwa_page_title] Enlace: [njwa_page_url]&quot;,&quot;willBeBackText&quot;:&quot;I will be back in [njwa_time_work]&quot;,&quot;dayOffsText&quot;:&quot;I will be back soon&quot;,&quot;isAlwaysAvailable&quot;:&quot;ON&quot;,&quot;daysOfWeekWorking&quot;:{&quot;sunday&quot;:{&quot;isWorkingOnDay&quot;:&quot;OFF&quot;,&quot;workHours&quot;:[{&quot;startTime&quot;:&quot;08:00&quot;,&quot;endTime&quot;:&quot;17:30&quot;}]},&quot;monday&quot;:{&quot;isWorkingOnDay&quot;:&quot;OFF&quot;,&quot;workHours&quot;:[{&quot;startTime&quot;:&quot;08:00&quot;,&quot;endTime&quot;:&quot;17:30&quot;}]},&quot;tuesday&quot;:{&quot;isWorkingOnDay&quot;:&quot;OFF&quot;,&quot;workHours&quot;:[{&quot;startTime&quot;:&quot;08:00&quot;,&quot;endTime&quot;:&quot;17:30&quot;}]},&quot;wednesday&quot;:{&quot;isWorkingOnDay&quot;:&quot;OFF&quot;,&quot;workHours&quot;:[{&quot;startTime&quot;:&quot;08:00&quot;,&quot;endTime&quot;:&quot;17:30&quot;}]},&quot;thursday&quot;:{&quot;isWorkingOnDay&quot;:&quot;OFF&quot;,&quot;workHours&quot;:[{&quot;startTime&quot;:&quot;08:00&quot;,&quot;endTime&quot;:&quot;17:30&quot;}]},&quot;friday&quot;:{&quot;isWorkingOnDay&quot;:&quot;OFF&quot;,&quot;workHours&quot;:[{&quot;startTime&quot;:&quot;08:00&quot;,&quot;endTime&quot;:&quot;17:30&quot;}]},&quot;saturday&quot;:{&quot;isWorkingOnDay&quot;:&quot;OFF&quot;,&quot;workHours&quot;:[{&quot;startTime&quot;:&quot;08:00&quot;,&quot;endTime&quot;:&quot;17:30&quot;}]}}},&quot;styles&quot;:{&quot;type&quot;:&quot;round&quot;,&quot;backgroundColor&quot;:&quot;#2DB742&quot;,&quot;textColor&quot;:&quot;#fff&quot;,&quot;label&quot;:&quot;Necesitas ayuda? Hablemos \\\/ Do you need help? Let&#039;s talk&quot;,&quot;width&quot;:300,&quot;height&quot;:64},&quot;avatar&quot;:&quot;https:\\\/\\\/nonamepublicidad.com\\\/wp-content\\\/uploads\\\/2020\\\/07\\\/noname-icon_152x152.png&quot;,&quot;options&quot;:{&quot;display&quot;:{&quot;displayCondition&quot;:&quot;showAllPage&quot;,&quot;includePages&quot;:[],&quot;excludePages&quot;:[],&quot;includePosts&quot;:[],&quot;showOnDesktop&quot;:&quot;ON&quot;,&quot;showOnMobile&quot;:&quot;ON&quot;,&quot;time_symbols&quot;:&quot;h:m&quot;},&quot;styles&quot;:{&quot;title&quot;:&quot;Start a Conversation&quot;,&quot;responseText&quot;:&quot;The team typically replies in a few minutes.&quot;,&quot;description&quot;:&quot;Hi! Click one of our member below to chat on &lt;strong&gt;WhatsApp&lt;\\\/strong&gt;&quot;,&quot;backgroundColor&quot;:&quot;#2db742&quot;,&quot;textColor&quot;:&quot;#fff&quot;,&quot;scrollHeight&quot;:500,&quot;isShowScroll&quot;:&quot;OFF&quot;,&quot;isShowResponseText&quot;:&quot;ON&quot;,&quot;isShowPoweredBy&quot;:&quot;ON&quot;,&quot;btnLabel&quot;:&quot;Need Help? &lt;strong&gt;Chat with us&lt;\\\/strong&gt;&quot;,&quot;btnLabelWidth&quot;:156,&quot;btnPosition&quot;:&quot;right&quot;,&quot;btnLeftDistance&quot;:30,&quot;btnRightDistance&quot;:30,&quot;btnBottomDistance&quot;:30,&quot;isShowBtnLabel&quot;:&quot;ON&quot;,&quot;isShowGDPR&quot;:&quot;OFF&quot;,&quot;gdprContent&quot;:&quot;Please accept our &lt;a href=\\&quot;https:\\\/\\\/ninjateam.org\\\/privacy-policy\\\/\\&quot;&gt;privacy policy&lt;\\\/a&gt; first to start a conversation.&quot;,&quot;widgetType&quot;:&quot;expandable&quot;},&quot;analytics&quot;:{&quot;enabledGoogle&quot;:&quot;OFF&quot;,&quot;enabledFacebook&quot;:&quot;OFF&quot;,&quot;enabledGoogleGA4&quot;:&quot;OFF&quot;}},&quot;gdprStatus&quot;:false,&quot;defaultAvatar&quot;:&quot;https:\\\/\\\/nonamepublicidad.com\\\/wp-content\\\/plugins\\\/whatsapp-for-wordpress\\\/assets\\\/img\\\/whatsapp_logo.svg&quot;}\"><\/div>\n<div style=\"visibility: hidden;\">Crema para la Piel, Piel Saludable, Piel Suave, Crema Nutritiva para la Piel, Piel Hidratada, Previene y Cuida la Piel, Natura<\/div>\n","protected":false},"featured_media":6642,"comment_status":"open","ping_status":"closed","template":"","meta":[],"product_brand":[],"product_cat":[189,186],"product_tag":[1071,989,991,1113,1076,1077,1112,1081],"class_list":{"0":"post-6641","1":"product","2":"type-product","3":"status-publish","4":"has-post-thumbnail","6":"product_cat-cuidado-de-la-piel","7":"product_cat-salud-y-belleza","8":"product_tag-crema","9":"product_tag-cuidados-diarios","10":"product_tag-natura","11":"product_tag-piel-hidratada","12":"product_tag-piel-saludable","13":"product_tag-piel-suave","14":"product_tag-previene-y-cuida-la-piel","15":"product_tag-reduce-cuticulas","17":"first","18":"instock","19":"sale","20":"taxable","21":"shipping-taxable","22":"purchasable","23":"product-type-simple"},"_links":{"self":[{"href":"https:\/\/nonamepublicidad.com\/en\/wp-json\/wp\/v2\/product\/6641","targetHints":{"allow":["GET"]}}],"collection":[{"href":"https:\/\/nonamepublicidad.com\/en\/wp-json\/wp\/v2\/product"}],"about":[{"href":"https:\/\/nonamepublicidad.com\/en\/wp-json\/wp\/v2\/types\/product"}],"replies":[{"embeddable":true,"href":"https:\/\/nonamepublicidad.com\/en\/wp-json\/wp\/v2\/comments?post=6641"}],"version-history":[{"count":0,"href":"https:\/\/nonamepublicidad.com\/en\/wp-json\/wp\/v2\/product\/6641\/revisions"}],"wp:featuredmedia":[{"embeddable":true,"href":"https:\/\/nonamepublicidad.com\/en\/wp-json\/wp\/v2\/media\/6642"}],"wp:attachment":[{"href":"https:\/\/nonamepublicidad.com\/en\/wp-json\/wp\/v2\/media?parent=6641"}],"wp:term":[{"taxonomy":"product_brand","embeddable":true,"href":"https:\/\/nonamepublicidad.com\/en\/wp-json\/wp\/v2\/product_brand?post=6641"},{"taxonomy":"product_cat","embeddable":true,"href":"https:\/\/nonamepublicidad.com\/en\/wp-json\/wp\/v2\/product_cat?post=6641"},{"taxonomy":"product_tag","embeddable":true,"href":"https:\/\/nonamepublicidad.com\/en\/wp-json\/wp\/v2\/product_tag?post=6641"}],"curies":[{"name":"wp","href":"https:\/\/api.w.org\/{rel}","templated":true}]}}