{"id":6649,"date":"2021-02-10T11:27:21","date_gmt":"2021-02-10T16:27:21","guid":{"rendered":"http:\/\/nonamepublicidad.com\/?post_type=product&#038;p=6649"},"modified":"2024-12-02T08:49:18","modified_gmt":"2024-12-02T13:49:18","slug":"colonia-relajante-mama-y-bebe","status":"publish","type":"product","link":"https:\/\/nonamepublicidad.com\/en\/product\/colonia-relajante-mama-y-bebe\/","title":{"rendered":"Colonia Relajante Mam\u00e1 y Beb\u00e9"},"content":{"rendered":"<p>La colonia de Mam\u00e1 y Beb\u00e9 huele a amor, afecto y cuidado. Posee una fragancia relajante con manzanilla y lavanda, que prepara al beb\u00e9 para una noche tranquila y relajada. Su f\u00f3rmula vegana contiene solo los elementos esenciales para lograr un aroma suave y seguro. No contiene alcohol, por lo que no da\u00f1a la piel delicada y sensible del beb\u00e9.<\/p>\n<p>El amor es el m\u00e1s valioso regalo que podemos ofrecerle al beb\u00e9, se inicia en la gestaci\u00f3n, con la mam\u00e1 y se ampl\u00eda con el pap\u00e1, los hermanos, la familia.<br \/>\nEste amor florece cada d\u00eda en los peque\u00f1os grandes momentos, como en la hora del ba\u00f1o, en el cambio de pa\u00f1ales, en el masaje, en el amamantamiento o al sentir aquel olorcito que solamente el beb\u00e9 tiene.<br \/>\nCuando tocamos al beb\u00e9, cargando en el regazo , acogido por la mirada, la voz, el olor, se siente satisfecho y amado, con todo lo que necesita para desarrollarse mejor, m\u00e1s seguro y feliz.<\/p>\n<p>En la base de esta relaci\u00f3n est\u00e1 la relaci\u00f3n entre la mam\u00e1 y el beb\u00e9, el v\u00ednculo que se crea durante el embarazo, se fortalece tr\u00e1s el nacimiento y es un alimento importante que dura toda la vida. El v\u00ednculo es la primera referencia de amor, y por eso, es tan importante.<\/p>\n<p><strong>Beneficios<\/strong><\/p>\n<p>\u2022 Ingredientes que ayudan al beb\u00e9 a relajarse y tener un sue\u00f1o tranquilo.<\/p>\n<p>\u2022 F\u00f3rmula vegana que contiene \u00fanicamente lo esencial para la piel sensible del beb\u00e9.<\/p>\n<p>\u2022 Dermatol\u00f3gicamente probado.<\/p>\n<p>\u2022 96% de ingredientes naturales.<\/p>\n<p>\u2022 Aroma suave y seguro.<\/p>\n<p>\u2022 Probado dermatol\u00f3gicamente y oftalmol\u00f3gicamente.<\/p>\n<p>\u2022 Embalaje de pl\u00e1stico 100% verde.<\/p>\n<p>\u2022 No contiene: Parabenos, ftalatos, BHT, siliconas, alcohol ni colorantes.<\/p>\n<p><strong>Para qui\u00e9n est\u00e1 enfocado<\/strong><\/p>\n<p>Perfecto para padres y\/o madres que quieran establecer un v\u00ednculo con sus beb\u00e9s a trav\u00e9s de momentos de placer y bienestar, con una fragancia deliciosa y natural.<\/p>\n<p><strong>Modo de uso<\/strong><\/p>\n<p>Coloque algunas gotas en la punta de los dedos y esparza con cari\u00f1o en la ropa del beb\u00e9, en su cuna y detr\u00e1s de los l\u00f3bulos de las orejas, para que tenga un sue\u00f1o tranquilo y relajante.<\/p>\n<p><strong>Contenido<\/strong><\/p>\n<p>100 ml.<\/p>\n<p><strong>Sobre la l\u00ednea Mam\u00e1 y Beb\u00e9<\/strong><\/p>\n<p>Natura Mam\u00e1 y Beb\u00e9 ofrece una l\u00ednea de productos suaves y seguros que ayudan a hacer de cada momento de cuidado diario, un momento de placer y bienestar; se fortalece as\u00ed, cada vez m\u00e1s, el v\u00ednculo entre la madre y el beb\u00e9.<br \/>\nMam\u00e1 y Beb\u00e9. Un momento por d\u00eda. Todos los d\u00edas. Para toda la vida.<\/p>\n<p><strong>Advertencias<\/strong><\/p>\n<p>El producto debe ser aplicado por un adulto o bajo su supervisi\u00f3n. Permitido su uso en ni\u00f1os menores de 6 a\u00f1os. No usar si la piel est\u00e1 irritada o lastimada. No lo aplique en mucosas. En caso de irritaci\u00f3n, suspenda su uso y consulte un m\u00e9dico. Uso externo.<\/p>","protected":false},"excerpt":{"rendered":"<ul>\n<li>Precio de venta recomendado por el fabricante MSRP por unidad<\/li>\n<li>Ingredientes que ayudan al beb\u00e9 a relajarse y tener un sue\u00f1o tranquilo<\/li>\n<li>F\u00f3rmula vegana que contiene \u00fanicamente lo esencial para la piel sensible del beb\u00e9<\/li>\n<li>Dermatol\u00f3gicamente probado<\/li>\n<li>96% de ingredientes naturales<\/li>\n<li>Aroma suave y seguro<\/li>\n<li>Probado dermatol\u00f3gicamente y oftalmol\u00f3gicamente<\/li>\n<li>No contiene: Parabenos, ftalatos, BHT, siliconas, alcohol ni colorantes<\/li>\n<li>Contenido 100 ml<\/li>\n<li>Frasco 100% pl\u00e1stico verde<\/li>\n<li>Imagen referencial<\/li>\n<li>Plazo de entrega en Lima 7 d\u00edas<\/li>\n<li>Consultar tarifa de flete<\/li>\n<\/ul>\n<p>Venta directa al: <a href=\"tel:51941203813\">(+51) 941203813<\/a><\/p>\n<div class=\"nta_wa_button\" data-id=\"13293\" data-info=\"{&quot;name&quot;:&quot;Orlando (Per\\u00fa)&quot;,&quot;info&quot;:{&quot;number&quot;:&quot;+51941203813&quot;,&quot;title&quot;:&quot;Orlando&quot;,&quot;predefinedText&quot;:&quot;Hola Orlando, solicito informaci\\u00f3n de [njwa_page_title] Enlace: [njwa_page_url]&quot;,&quot;willBeBackText&quot;:&quot;I will be back in [njwa_time_work]&quot;,&quot;dayOffsText&quot;:&quot;I will be back soon&quot;,&quot;isAlwaysAvailable&quot;:&quot;ON&quot;,&quot;daysOfWeekWorking&quot;:{&quot;sunday&quot;:{&quot;isWorkingOnDay&quot;:&quot;OFF&quot;,&quot;workHours&quot;:[{&quot;startTime&quot;:&quot;08:00&quot;,&quot;endTime&quot;:&quot;17:30&quot;}]},&quot;monday&quot;:{&quot;isWorkingOnDay&quot;:&quot;OFF&quot;,&quot;workHours&quot;:[{&quot;startTime&quot;:&quot;08:00&quot;,&quot;endTime&quot;:&quot;17:30&quot;}]},&quot;tuesday&quot;:{&quot;isWorkingOnDay&quot;:&quot;OFF&quot;,&quot;workHours&quot;:[{&quot;startTime&quot;:&quot;08:00&quot;,&quot;endTime&quot;:&quot;17:30&quot;}]},&quot;wednesday&quot;:{&quot;isWorkingOnDay&quot;:&quot;OFF&quot;,&quot;workHours&quot;:[{&quot;startTime&quot;:&quot;08:00&quot;,&quot;endTime&quot;:&quot;17:30&quot;}]},&quot;thursday&quot;:{&quot;isWorkingOnDay&quot;:&quot;OFF&quot;,&quot;workHours&quot;:[{&quot;startTime&quot;:&quot;08:00&quot;,&quot;endTime&quot;:&quot;17:30&quot;}]},&quot;friday&quot;:{&quot;isWorkingOnDay&quot;:&quot;OFF&quot;,&quot;workHours&quot;:[{&quot;startTime&quot;:&quot;08:00&quot;,&quot;endTime&quot;:&quot;17:30&quot;}]},&quot;saturday&quot;:{&quot;isWorkingOnDay&quot;:&quot;OFF&quot;,&quot;workHours&quot;:[{&quot;startTime&quot;:&quot;08:00&quot;,&quot;endTime&quot;:&quot;17:30&quot;}]}}},&quot;styles&quot;:{&quot;type&quot;:&quot;round&quot;,&quot;backgroundColor&quot;:&quot;#2DB742&quot;,&quot;textColor&quot;:&quot;#fff&quot;,&quot;label&quot;:&quot;Necesitas ayuda? Hablemos \\\/ Do you need help? Let&#039;s talk&quot;,&quot;width&quot;:300,&quot;height&quot;:64},&quot;avatar&quot;:&quot;https:\\\/\\\/nonamepublicidad.com\\\/wp-content\\\/uploads\\\/2020\\\/07\\\/noname-icon_152x152.png&quot;,&quot;options&quot;:{&quot;display&quot;:{&quot;displayCondition&quot;:&quot;showAllPage&quot;,&quot;includePages&quot;:[],&quot;excludePages&quot;:[],&quot;includePosts&quot;:[],&quot;showOnDesktop&quot;:&quot;ON&quot;,&quot;showOnMobile&quot;:&quot;ON&quot;,&quot;time_symbols&quot;:&quot;h:m&quot;},&quot;styles&quot;:{&quot;title&quot;:&quot;Start a Conversation&quot;,&quot;responseText&quot;:&quot;The team typically replies in a few minutes.&quot;,&quot;description&quot;:&quot;Hi! Click one of our member below to chat on &lt;strong&gt;WhatsApp&lt;\\\/strong&gt;&quot;,&quot;backgroundColor&quot;:&quot;#2db742&quot;,&quot;textColor&quot;:&quot;#fff&quot;,&quot;scrollHeight&quot;:500,&quot;isShowScroll&quot;:&quot;OFF&quot;,&quot;isShowResponseText&quot;:&quot;ON&quot;,&quot;isShowPoweredBy&quot;:&quot;ON&quot;,&quot;btnLabel&quot;:&quot;Need Help? &lt;strong&gt;Chat with us&lt;\\\/strong&gt;&quot;,&quot;btnLabelWidth&quot;:156,&quot;btnPosition&quot;:&quot;right&quot;,&quot;btnLeftDistance&quot;:30,&quot;btnRightDistance&quot;:30,&quot;btnBottomDistance&quot;:30,&quot;isShowBtnLabel&quot;:&quot;ON&quot;,&quot;isShowGDPR&quot;:&quot;OFF&quot;,&quot;gdprContent&quot;:&quot;Please accept our &lt;a href=\\&quot;https:\\\/\\\/ninjateam.org\\\/privacy-policy\\\/\\&quot;&gt;privacy policy&lt;\\\/a&gt; first to start a conversation.&quot;,&quot;widgetType&quot;:&quot;expandable&quot;},&quot;analytics&quot;:{&quot;enabledGoogle&quot;:&quot;OFF&quot;,&quot;enabledFacebook&quot;:&quot;OFF&quot;,&quot;enabledGoogleGA4&quot;:&quot;OFF&quot;}},&quot;gdprStatus&quot;:false,&quot;defaultAvatar&quot;:&quot;https:\\\/\\\/nonamepublicidad.com\\\/wp-content\\\/plugins\\\/whatsapp-for-wordpress\\\/assets\\\/img\\\/whatsapp_logo.svg&quot;}\"><\/div>\n<div style=\"visibility: hidden;\">Colonia, Para Beb\u00e9, Fragancia, Aroma Suave, No Alcohol, Para Piel Sensible, Ingredientes Naturales, Natura<\/div>\n","protected":false},"featured_media":6646,"comment_status":"open","ping_status":"closed","template":"","meta":[],"product_brand":[],"product_cat":[197,186],"product_tag":[1121,1118,1120,1124,991,1122,1119,1123],"class_list":{"0":"post-6649","1":"product","2":"type-product","3":"status-publish","4":"has-post-thumbnail","6":"product_cat-perfumes-y-colonias","7":"product_cat-salud-y-belleza","8":"product_tag-aroma-suave","9":"product_tag-colonia","10":"product_tag-fragancia","11":"product_tag-ingredientes-naturales","12":"product_tag-natura","13":"product_tag-no-alcohol","14":"product_tag-para-bebe","15":"product_tag-para-piel-sensible","17":"first","18":"instock","19":"sale","20":"taxable","21":"shipping-taxable","22":"purchasable","23":"product-type-simple"},"_links":{"self":[{"href":"https:\/\/nonamepublicidad.com\/en\/wp-json\/wp\/v2\/product\/6649","targetHints":{"allow":["GET"]}}],"collection":[{"href":"https:\/\/nonamepublicidad.com\/en\/wp-json\/wp\/v2\/product"}],"about":[{"href":"https:\/\/nonamepublicidad.com\/en\/wp-json\/wp\/v2\/types\/product"}],"replies":[{"embeddable":true,"href":"https:\/\/nonamepublicidad.com\/en\/wp-json\/wp\/v2\/comments?post=6649"}],"version-history":[{"count":0,"href":"https:\/\/nonamepublicidad.com\/en\/wp-json\/wp\/v2\/product\/6649\/revisions"}],"wp:featuredmedia":[{"embeddable":true,"href":"https:\/\/nonamepublicidad.com\/en\/wp-json\/wp\/v2\/media\/6646"}],"wp:attachment":[{"href":"https:\/\/nonamepublicidad.com\/en\/wp-json\/wp\/v2\/media?parent=6649"}],"wp:term":[{"taxonomy":"product_brand","embeddable":true,"href":"https:\/\/nonamepublicidad.com\/en\/wp-json\/wp\/v2\/product_brand?post=6649"},{"taxonomy":"product_cat","embeddable":true,"href":"https:\/\/nonamepublicidad.com\/en\/wp-json\/wp\/v2\/product_cat?post=6649"},{"taxonomy":"product_tag","embeddable":true,"href":"https:\/\/nonamepublicidad.com\/en\/wp-json\/wp\/v2\/product_tag?post=6649"}],"curies":[{"name":"wp","href":"https:\/\/api.w.org\/{rel}","templated":true}]}}