{"id":6673,"date":"2021-02-13T21:17:58","date_gmt":"2021-02-14T02:17:58","guid":{"rendered":"http:\/\/nonamepublicidad.com\/?post_type=product&#038;p=6673"},"modified":"2024-12-02T08:49:19","modified_gmt":"2024-12-02T13:49:19","slug":"body-splash-hojas-de-limon-y-guanabana","status":"publish","type":"product","link":"https:\/\/nonamepublicidad.com\/en\/product\/body-splash-hojas-de-limon-y-guanabana\/","title":{"rendered":"Body Splash Hojas de Lim\u00f3n y Guan\u00e1bana"},"content":{"rendered":"<p>\u00bfHay algo mejor que salir de la ducha y tener ese olor refrescante y envolvente en la piel? El body splash de Tododia es una invitaci\u00f3n a vestirte con un perfume suave. Combina el refrescante y revigorizante aroma de Hojas de Lim\u00f3n y Guan\u00e1bana, mezclando notas arom\u00e1ticas confortables y agradables para la piel. Al caminar por las calles, la sensaci\u00f3n de suavidad y comodidad a\u00fan te va a acompa\u00f1ar. Se puede usar en cualquier momento, proporcionando una sensaci\u00f3n maravillosa en tu piel. Vuelve a aplicar cada vez que quieras renovar esta sensaci\u00f3n.<\/p>\n<p><strong>Beneficios<\/strong><\/p>\n<p>\u2022 Perfumaci\u00f3n Leve y Refrescante: Sensaci\u00f3n de bienestar.<\/p>\n<p>\u2022 Fragancia que Sorprende: Fresca y revitalizante con notas arom\u00e1ticas.<\/p>\n<p>\u2022 Hidrataci\u00f3n Leve de la Piel: Mantiene la hidrataci\u00f3n de la piel a lo largo del d\u00eda.<\/p>\n<p>\u2022 F\u00f3rmula con Alta Naturalidad: 96% de ingredientes de origen natural.<\/p>\n<p><strong>Para qui\u00e9n est\u00e1 enfocado<\/strong><\/p>\n<p>Para todo aquel que disfruta de una sensaci\u00f3n fresca y arom\u00e1tica en la piel, de la limpieza y la suavidad.<\/p>\n<p><strong>Modo de uso<\/strong><\/p>\n<p>Del\u00e9itate rociando en abundancia los pu\u00f1os, cuello, pecho, detr\u00e1s de las orejas y donde desees, exceptuando el rostro. Incluso se puede hacer una nube de aerosol para envolverse con el delicioso aroma. Aplicar cada vez que se sienta la necesidad.<\/p>\n<p><strong>Contenido<\/strong><\/p>\n<p>200 ml<\/p>\n<p><strong>Sobre la l\u00ednea Tododia<\/strong><\/p>\n<p>Cuando la piel siente, todo el cuerpo reacciona, la piel nos reconecta con el presente y al nutrirla, alimentamos tambi\u00e9n nuestro sentir. Tododia ofrece una l\u00ednea de cremas nutritivas corporales de fragancias envolventes y texturas cremosas. Pero tambi\u00e9n, jabones en barra 100% vegetales y fragancias deliciosas, jabones l\u00edquidos para limpiar delicadamente la piel, desodorantes y productos para cuidados espec\u00edficos.<\/p>\n<p><strong>Advertencias<\/strong><\/p>\n<p>Mantenga lejos de fuentes de calor. Mantenga el producto fuera del alcance de los ni\u00f1os. No aplicar sobre piel irritada o lastimada. Evite el contacto con los ojos. Descontin\u00fae su uso en caso de irritaci\u00f3n, enrojecimiento o alguna molestia. Uso externo. Debido a que contiene ingredientes naturales, podr\u00edan ocurrir variaciones de color, lo que no altera sus propiedades.<\/p>","protected":false},"excerpt":{"rendered":"<ul>\n<li>Precio de venta recomendado por el fabricante MSRP por unidad<\/li>\n<li>Perfumaci\u00f3n Leve y Refrescante: Sensaci\u00f3n de bienestar<\/li>\n<li>Fragancia que Sorprende: Fresca y revitalizante con notas arom\u00e1ticas<\/li>\n<li>Hidrataci\u00f3n Leve de la Piel: Mantiene la hidrataci\u00f3n de la piel a lo largo del d\u00eda<\/li>\n<li>F\u00f3rmula con Alta Naturalidad: 96% de ingredientes de origen natural<\/li>\n<li>Contenido 200 ml<\/li>\n<li>Imagen referencial<\/li>\n<li>Plazo de entrega en Lima 7 d\u00edas<\/li>\n<li>Consultar tarifa de flete<\/li>\n<\/ul>\n<p>Venta directa al: <a href=\"tel:51941203813\">(+51) 941203813<\/a><\/p>\n<div class=\"nta_wa_button\" data-id=\"13293\" data-info=\"{&quot;name&quot;:&quot;Orlando (Per\\u00fa)&quot;,&quot;info&quot;:{&quot;number&quot;:&quot;+51941203813&quot;,&quot;title&quot;:&quot;Orlando&quot;,&quot;predefinedText&quot;:&quot;Hola Orlando, solicito informaci\\u00f3n de [njwa_page_title] Enlace: [njwa_page_url]&quot;,&quot;willBeBackText&quot;:&quot;I will be back in [njwa_time_work]&quot;,&quot;dayOffsText&quot;:&quot;I will be back soon&quot;,&quot;isAlwaysAvailable&quot;:&quot;ON&quot;,&quot;daysOfWeekWorking&quot;:{&quot;sunday&quot;:{&quot;isWorkingOnDay&quot;:&quot;OFF&quot;,&quot;workHours&quot;:[{&quot;startTime&quot;:&quot;08:00&quot;,&quot;endTime&quot;:&quot;17:30&quot;}]},&quot;monday&quot;:{&quot;isWorkingOnDay&quot;:&quot;OFF&quot;,&quot;workHours&quot;:[{&quot;startTime&quot;:&quot;08:00&quot;,&quot;endTime&quot;:&quot;17:30&quot;}]},&quot;tuesday&quot;:{&quot;isWorkingOnDay&quot;:&quot;OFF&quot;,&quot;workHours&quot;:[{&quot;startTime&quot;:&quot;08:00&quot;,&quot;endTime&quot;:&quot;17:30&quot;}]},&quot;wednesday&quot;:{&quot;isWorkingOnDay&quot;:&quot;OFF&quot;,&quot;workHours&quot;:[{&quot;startTime&quot;:&quot;08:00&quot;,&quot;endTime&quot;:&quot;17:30&quot;}]},&quot;thursday&quot;:{&quot;isWorkingOnDay&quot;:&quot;OFF&quot;,&quot;workHours&quot;:[{&quot;startTime&quot;:&quot;08:00&quot;,&quot;endTime&quot;:&quot;17:30&quot;}]},&quot;friday&quot;:{&quot;isWorkingOnDay&quot;:&quot;OFF&quot;,&quot;workHours&quot;:[{&quot;startTime&quot;:&quot;08:00&quot;,&quot;endTime&quot;:&quot;17:30&quot;}]},&quot;saturday&quot;:{&quot;isWorkingOnDay&quot;:&quot;OFF&quot;,&quot;workHours&quot;:[{&quot;startTime&quot;:&quot;08:00&quot;,&quot;endTime&quot;:&quot;17:30&quot;}]}}},&quot;styles&quot;:{&quot;type&quot;:&quot;round&quot;,&quot;backgroundColor&quot;:&quot;#2DB742&quot;,&quot;textColor&quot;:&quot;#fff&quot;,&quot;label&quot;:&quot;Necesitas ayuda? Hablemos \\\/ Do you need help? Let&#039;s talk&quot;,&quot;width&quot;:300,&quot;height&quot;:64},&quot;avatar&quot;:&quot;https:\\\/\\\/nonamepublicidad.com\\\/wp-content\\\/uploads\\\/2020\\\/07\\\/noname-icon_152x152.png&quot;,&quot;options&quot;:{&quot;display&quot;:{&quot;displayCondition&quot;:&quot;showAllPage&quot;,&quot;includePages&quot;:[],&quot;excludePages&quot;:[],&quot;includePosts&quot;:[],&quot;showOnDesktop&quot;:&quot;ON&quot;,&quot;showOnMobile&quot;:&quot;ON&quot;,&quot;time_symbols&quot;:&quot;h:m&quot;},&quot;styles&quot;:{&quot;title&quot;:&quot;Start a Conversation&quot;,&quot;responseText&quot;:&quot;The team typically replies in a few minutes.&quot;,&quot;description&quot;:&quot;Hi! Click one of our member below to chat on &lt;strong&gt;WhatsApp&lt;\\\/strong&gt;&quot;,&quot;backgroundColor&quot;:&quot;#2db742&quot;,&quot;textColor&quot;:&quot;#fff&quot;,&quot;scrollHeight&quot;:500,&quot;isShowScroll&quot;:&quot;OFF&quot;,&quot;isShowResponseText&quot;:&quot;ON&quot;,&quot;isShowPoweredBy&quot;:&quot;ON&quot;,&quot;btnLabel&quot;:&quot;Need Help? &lt;strong&gt;Chat with us&lt;\\\/strong&gt;&quot;,&quot;btnLabelWidth&quot;:156,&quot;btnPosition&quot;:&quot;right&quot;,&quot;btnLeftDistance&quot;:30,&quot;btnRightDistance&quot;:30,&quot;btnBottomDistance&quot;:30,&quot;isShowBtnLabel&quot;:&quot;ON&quot;,&quot;isShowGDPR&quot;:&quot;OFF&quot;,&quot;gdprContent&quot;:&quot;Please accept our &lt;a href=\\&quot;https:\\\/\\\/ninjateam.org\\\/privacy-policy\\\/\\&quot;&gt;privacy policy&lt;\\\/a&gt; first to start a conversation.&quot;,&quot;widgetType&quot;:&quot;expandable&quot;},&quot;analytics&quot;:{&quot;enabledGoogle&quot;:&quot;OFF&quot;,&quot;enabledFacebook&quot;:&quot;OFF&quot;,&quot;enabledGoogleGA4&quot;:&quot;OFF&quot;}},&quot;gdprStatus&quot;:false,&quot;defaultAvatar&quot;:&quot;https:\\\/\\\/nonamepublicidad.com\\\/wp-content\\\/plugins\\\/whatsapp-for-wordpress\\\/assets\\\/img\\\/whatsapp_logo.svg&quot;}\"><\/div>\n<div style=\"visibility: hidden;\">Arom\u00e1tico, Fragancia, Colonia, Natura, Perfume<\/div>\n","protected":false},"featured_media":6667,"comment_status":"open","ping_status":"closed","template":"","meta":[],"product_brand":[],"product_cat":[197,186],"product_tag":[1126,1118,1120,991,1125,992],"class_list":{"0":"post-6673","1":"product","2":"type-product","3":"status-publish","4":"has-post-thumbnail","6":"product_cat-perfumes-y-colonias","7":"product_cat-salud-y-belleza","8":"product_tag-aromatico","9":"product_tag-colonia","10":"product_tag-fragancia","11":"product_tag-natura","12":"product_tag-perfume","13":"product_tag-tododia","15":"first","16":"instock","17":"sale","18":"taxable","19":"shipping-taxable","20":"purchasable","21":"product-type-simple"},"_links":{"self":[{"href":"https:\/\/nonamepublicidad.com\/en\/wp-json\/wp\/v2\/product\/6673","targetHints":{"allow":["GET"]}}],"collection":[{"href":"https:\/\/nonamepublicidad.com\/en\/wp-json\/wp\/v2\/product"}],"about":[{"href":"https:\/\/nonamepublicidad.com\/en\/wp-json\/wp\/v2\/types\/product"}],"replies":[{"embeddable":true,"href":"https:\/\/nonamepublicidad.com\/en\/wp-json\/wp\/v2\/comments?post=6673"}],"version-history":[{"count":0,"href":"https:\/\/nonamepublicidad.com\/en\/wp-json\/wp\/v2\/product\/6673\/revisions"}],"wp:featuredmedia":[{"embeddable":true,"href":"https:\/\/nonamepublicidad.com\/en\/wp-json\/wp\/v2\/media\/6667"}],"wp:attachment":[{"href":"https:\/\/nonamepublicidad.com\/en\/wp-json\/wp\/v2\/media?parent=6673"}],"wp:term":[{"taxonomy":"product_brand","embeddable":true,"href":"https:\/\/nonamepublicidad.com\/en\/wp-json\/wp\/v2\/product_brand?post=6673"},{"taxonomy":"product_cat","embeddable":true,"href":"https:\/\/nonamepublicidad.com\/en\/wp-json\/wp\/v2\/product_cat?post=6673"},{"taxonomy":"product_tag","embeddable":true,"href":"https:\/\/nonamepublicidad.com\/en\/wp-json\/wp\/v2\/product_tag?post=6673"}],"curies":[{"name":"wp","href":"https:\/\/api.w.org\/{rel}","templated":true}]}}