{"id":6792,"date":"2021-02-22T21:14:55","date_gmt":"2021-02-23T02:14:55","guid":{"rendered":"http:\/\/nonamepublicidad.com\/?post_type=product&#038;p=6792"},"modified":"2024-12-02T08:49:19","modified_gmt":"2024-12-02T13:49:19","slug":"alquiler-de-gruas-telescopicas-gruas-mara","status":"publish","type":"product","link":"https:\/\/nonamepublicidad.com\/en\/product\/alquiler-de-gruas-telescopicas-gruas-mara\/","title":{"rendered":"Alquiler de Gr\u00faas Telesc\u00f3picas Gr\u00faas Mara"},"content":{"rendered":"<p><strong>\u00bfPORQU\u00c9 ELEGIRNOS?<\/strong><\/p>\n<p>Gr\u00faas Mara S.A.C. es fruto de la experiencia y recorrido de 20 a\u00f1os en el rubro, eligiendo siempre al mejor equipo de colaboradores y la m\u00e1s variada gama de equipos y maquinaria.<\/p>\n<p><strong>NUESTROS EQUIPOS<\/strong><\/p>\n<p>Contamos con la maquinaria adecuada para brindarle soluciones integrales a sus necesidades en Elevaci\u00f3n, Industria, Construcci\u00f3n y Transporte.<\/p>\n<p><strong>NOSOTROS<\/strong><\/p>\n<p>Gr\u00faas Mara S.A.C. nace e inicia operaciones en el a\u00f1o 2010, fruto de la experiencia y recorrido de 20 a\u00f1os en el mercado de su Gerente Comercial, quien busc\u00f3 diferenciar los servicios que brinda su empresa eligiendo al mejor grupo de colaboradores y la m\u00e1s variada gama de maquinaria y equipos; entre gr\u00faas telesc\u00f3picas, camiones gr\u00faa y montacargas.<\/p>\n<p>Nuestro objetivo principal es lograr una permanente mejora en nuestras actividades a fin de dar un servicio que asegure una prestaci\u00f3n en tiempo, forma y soporte t\u00e9cnico a la altura de las expectativas de nuestros clientes.<\/p>\n<p>Nuestras gr\u00faas cuentan con certificado de operatividad bajo norma ASME, nuestros operadores y riggers cuentan con certificados de capacidad t\u00e9cnica, contamos con seguros de pensi\u00f3n y salud SCTR, Responsabilidad Civil y P\u00f3liza TREC a todo riesgo, contamos con equipo de auxilio mec\u00e1nico y equipamiento de protecci\u00f3n personal reglamentario y obligatorio.<\/p>\n<p><strong>SERVICES<\/strong><\/p>\n<p><strong>ELEVACI\u00d3N<\/strong><\/p>\n<p>Contamos con los equipos necesarios para realizar maniobras de manera r\u00e1pida y segura; realizamos desplazamiento, manipulaci\u00f3n e izaje de maquinaria pesada.<\/p>\n<ul>\n<li>Gr\u00faas Telesc\u00f3picas de 20 a 280 Toneladas.<\/li>\n<li>Camiones Gr\u00faas con Brazos Articulados de 9 a 18 toneladas.<\/li>\n<li>Manipuladores Telesc\u00f3picos.<\/li>\n<li>Carretillas y Elevadores Hidr\u00e1ulicos.<\/li>\n<li>Montacargas de 2.5 hasta 15 Toneladas.<\/li>\n<\/ul>\n<p><strong>CONSTRUCCI\u00d3N<\/strong><\/p>\n<p>Brindamos nuestro servicio durante todo el proceso de construcci\u00f3n, en obra p\u00fablica o privada.<\/p>\n<ul>\n<li>Montaje de gr\u00faas torre.<\/li>\n<li>Montaje de prefabricados.<\/li>\n<li>Elevaci\u00f3n de material de construcci\u00f3n.<\/li>\n<li>Eliminaci\u00f3n de Tierra con Balde Met\u00e1lico.<\/li>\n<li>Traslado y Elevaci\u00f3n de Maquinaria de Construcci\u00f3n.<\/li>\n<\/ul>\n<p><strong>INDUSTRIA<\/strong><\/p>\n<p>Optimizamos los procesos industriales con nuestros equipos y personal certificado de acuerdo a sus requerimientos.<\/p>\n<ul>\n<li>Montaje de Maquinaria Industrial.<\/li>\n<li>Montaje de Estructuras Met\u00e1licas.<\/li>\n<li>Montaje de Plantas.<\/li>\n<li>Colocaci\u00f3n de Maquinaria Pesada.<\/li>\n<\/ul>\n<p><strong>TRANSPORTE<\/strong><\/p>\n<p>Cargamos y transportamos nuestra flota a lo largo del territorio nacional de acuerdo a sus requerimientos, tambi\u00e9n brindamos el servicio de transporte para el traslado sus equipos y materiales de trabajo.<\/p>\n<ul>\n<li>Tractos Automotores<\/li>\n<li>Remolques y Semi-Remolques<\/li>\n<li>Cama Bajas<\/li>\n<\/ul>\n<p><strong>EQUIPOS<\/strong><\/p>\n<p><strong>Alquiler de Gr\u00faas Telesc\u00f3picas<\/strong><\/p>\n<ul>\n<li>PPM ATT 600<\/li>\n<li>LINK BELT HSP 8035S<\/li>\n<li>GROVE TMS 700B<\/li>\n<li>GROVE RT65S<\/li>\n<li>LIEBHERR LTM-1050<\/li>\n<li>LIEBHERR LTM-1080<\/li>\n<li>LIEBHERR LTM-1090<\/li>\n<li>LIEBHERR LTM-1100<\/li>\n<li>LIEBHERR LTM-1160<\/li>\n<\/ul>\n<p><strong>Alquiler de Camiones Gr\u00faa<\/strong><\/p>\n<ul>\n<li>CAMI\u00d3N INTERNATIONAL CON GR\u00daA EFFER 440<\/li>\n<\/ul>\n<p><strong>Alquiler de Manipuladores Telesc\u00f3picos<\/strong><\/p>\n<ul>\n<li>HAULOTTE HTL4017<\/li>\n<\/ul>\n<p><strong>Alquiler de Montacargas<\/strong><\/p>\n<ul>\n<li>TOYOTA 7FGU25<\/li>\n<li>TAYLOR TE-220M<\/li>\n<li>TAYLOR TE-300M<\/li>\n<li>TAYLOR TE-155S<\/li>\n<li>TCM<\/li>\n<\/ul>\n<p><strong>Ventas y Servicios<\/strong><\/p>\n<p>Nextel (99) 812*5078<\/p>\n<p>Nextel (98) 134*5090<\/p>\n<p>Nextel (98) 134*5429<\/p>\n<p><strong>Oficina<\/strong><\/p>\n<p>Central (01) 5741091<\/p>\n<p>RPM\u00a0 #968173899<\/p>\n<p>Nextel 41* 156*5055<\/p>\n<p>Correo de contacto: <a href=\"mailto:servicios@gruasmara.com\">servicios@gruasmara.com<\/a><\/p>\n<p>Direcci\u00f3n: Av. Elmer Faucett 5068 \u2013 Callao<\/p>\n<p style=\"text-align: center;\"><iframe style=\"border: 0;\" src=\"https:\/\/www.google.com\/maps\/embed?pb=!1m18!1m12!1m3!1d975.6416579823423!2d-77.1144749167143!3d-12.004460114040969!2m3!1f0!2f0!3f0!3m2!1i1024!2i768!4f13.1!3m3!1m2!1s0x9105cc326653edcf%3A0xd87f6f7ad93e1b37!2sGr%C3%BAas%20Mara%20S.A.C.!5e0!3m2!1ses-419!2spe!4v1640644597039!5m2!1ses-419!2spe\" width=\"600\" height=\"450\" allowfullscreen=\"allowfullscreen\"><\/iframe><\/p>","protected":false},"excerpt":{"rendered":"<p>Alquiler de gr\u00faas telesc\u00f3picas, camiones gr\u00faa, montacargas y equipos de izaje.<\/p>\n<p>Contamos con la maquinaria adecuada para brindarle soluciones integrales a sus necesidades en elevaci\u00f3n, industria, construcci\u00f3n y transporte.<\/p>\n<p>Llamar al: <a href=\"tel:51998125078\">(+51) 998125078<\/a>\u00a0 |\u00a0 <a href=\"tel:51981345090\">(+51) 981345090<\/a>\u00a0 |\u00a0 <a href=\"tel:51981345429\">(+51) 981345429<\/a><\/p>\n<div class=\"nta_wa_button\" data-id=\"14101\" data-info=\"{&quot;name&quot;:&quot;Vendedor Gr\\u00faas Mara 1&quot;,&quot;info&quot;:{&quot;number&quot;:&quot;+51998125078&quot;,&quot;title&quot;:&quot;Gr\\u00faas Mara | Tienda&quot;,&quot;predefinedText&quot;:&quot;Hola Gr\\u00faas Mara. Me gustar\\u00eda m\\u00e1s informaci\\u00f3n de [njwa_page_title] Este es el link [njwa_page_url]&quot;,&quot;willBeBackText&quot;:&quot;I will be back in [njwa_time_work]&quot;,&quot;dayOffsText&quot;:&quot;I will be back soon&quot;,&quot;isAlwaysAvailable&quot;:&quot;ON&quot;,&quot;daysOfWeekWorking&quot;:{&quot;sunday&quot;:{&quot;isWorkingOnDay&quot;:&quot;OFF&quot;,&quot;workHours&quot;:[{&quot;startTime&quot;:&quot;08:00&quot;,&quot;endTime&quot;:&quot;17:30&quot;}]},&quot;monday&quot;:{&quot;isWorkingOnDay&quot;:&quot;OFF&quot;,&quot;workHours&quot;:[{&quot;startTime&quot;:&quot;08:00&quot;,&quot;endTime&quot;:&quot;17:30&quot;}]},&quot;tuesday&quot;:{&quot;isWorkingOnDay&quot;:&quot;OFF&quot;,&quot;workHours&quot;:[{&quot;startTime&quot;:&quot;08:00&quot;,&quot;endTime&quot;:&quot;17:30&quot;}]},&quot;wednesday&quot;:{&quot;isWorkingOnDay&quot;:&quot;OFF&quot;,&quot;workHours&quot;:[{&quot;startTime&quot;:&quot;08:00&quot;,&quot;endTime&quot;:&quot;17:30&quot;}]},&quot;thursday&quot;:{&quot;isWorkingOnDay&quot;:&quot;OFF&quot;,&quot;workHours&quot;:[{&quot;startTime&quot;:&quot;08:00&quot;,&quot;endTime&quot;:&quot;17:30&quot;}]},&quot;friday&quot;:{&quot;isWorkingOnDay&quot;:&quot;OFF&quot;,&quot;workHours&quot;:[{&quot;startTime&quot;:&quot;08:00&quot;,&quot;endTime&quot;:&quot;17:30&quot;}]},&quot;saturday&quot;:{&quot;isWorkingOnDay&quot;:&quot;OFF&quot;,&quot;workHours&quot;:[{&quot;startTime&quot;:&quot;08:00&quot;,&quot;endTime&quot;:&quot;17:30&quot;}]}}},&quot;styles&quot;:{&quot;type&quot;:&quot;round&quot;,&quot;backgroundColor&quot;:&quot;#2DB742&quot;,&quot;textColor&quot;:&quot;#fff&quot;,&quot;label&quot;:&quot;Necesitas ayuda? Hablemos&quot;,&quot;width&quot;:300,&quot;height&quot;:64},&quot;avatar&quot;:&quot;https:\\\/\\\/nonamepublicidad.com\\\/wp-content\\\/uploads\\\/2021\\\/02\\\/gruas_mara_peru_01.jpg&quot;,&quot;options&quot;:{&quot;display&quot;:{&quot;displayCondition&quot;:&quot;showAllPage&quot;,&quot;includePages&quot;:[],&quot;excludePages&quot;:[],&quot;includePosts&quot;:[],&quot;showOnDesktop&quot;:&quot;ON&quot;,&quot;showOnMobile&quot;:&quot;ON&quot;,&quot;time_symbols&quot;:&quot;h:m&quot;},&quot;styles&quot;:{&quot;title&quot;:&quot;Start a Conversation&quot;,&quot;responseText&quot;:&quot;The team typically replies in a few minutes.&quot;,&quot;description&quot;:&quot;Hi! Click one of our member below to chat on &lt;strong&gt;WhatsApp&lt;\\\/strong&gt;&quot;,&quot;backgroundColor&quot;:&quot;#2db742&quot;,&quot;textColor&quot;:&quot;#fff&quot;,&quot;scrollHeight&quot;:500,&quot;isShowScroll&quot;:&quot;OFF&quot;,&quot;isShowResponseText&quot;:&quot;ON&quot;,&quot;isShowPoweredBy&quot;:&quot;ON&quot;,&quot;btnLabel&quot;:&quot;Need Help? &lt;strong&gt;Chat with us&lt;\\\/strong&gt;&quot;,&quot;btnLabelWidth&quot;:156,&quot;btnPosition&quot;:&quot;right&quot;,&quot;btnLeftDistance&quot;:30,&quot;btnRightDistance&quot;:30,&quot;btnBottomDistance&quot;:30,&quot;isShowBtnLabel&quot;:&quot;ON&quot;,&quot;isShowGDPR&quot;:&quot;OFF&quot;,&quot;gdprContent&quot;:&quot;Please accept our &lt;a href=\\&quot;https:\\\/\\\/ninjateam.org\\\/privacy-policy\\\/\\&quot;&gt;privacy policy&lt;\\\/a&gt; first to start a conversation.&quot;,&quot;widgetType&quot;:&quot;expandable&quot;},&quot;analytics&quot;:{&quot;enabledGoogle&quot;:&quot;OFF&quot;,&quot;enabledFacebook&quot;:&quot;OFF&quot;,&quot;enabledGoogleGA4&quot;:&quot;OFF&quot;}},&quot;gdprStatus&quot;:false,&quot;defaultAvatar&quot;:&quot;https:\\\/\\\/nonamepublicidad.com\\\/wp-content\\\/plugins\\\/whatsapp-for-wordpress\\\/assets\\\/img\\\/whatsapp_logo.svg&quot;}\"><\/div>\n<div class=\"nta_wa_button\" data-id=\"14102\" data-info=\"{&quot;name&quot;:&quot;Vendedor Gr\\u00faas Mara 2&quot;,&quot;info&quot;:{&quot;number&quot;:&quot;+51981345090&quot;,&quot;title&quot;:&quot;Gr\\u00faas Mara | Tienda&quot;,&quot;predefinedText&quot;:&quot;Hola Gr\\u00faas Mara. Me gustar\\u00eda m\\u00e1s informaci\\u00f3n de [njwa_page_title] Este es el link [njwa_page_url]&quot;,&quot;willBeBackText&quot;:&quot;I will be back in [njwa_time_work]&quot;,&quot;dayOffsText&quot;:&quot;I will be back soon&quot;,&quot;isAlwaysAvailable&quot;:&quot;ON&quot;,&quot;daysOfWeekWorking&quot;:{&quot;sunday&quot;:{&quot;isWorkingOnDay&quot;:&quot;OFF&quot;,&quot;workHours&quot;:[{&quot;startTime&quot;:&quot;08:00&quot;,&quot;endTime&quot;:&quot;17:30&quot;}]},&quot;monday&quot;:{&quot;isWorkingOnDay&quot;:&quot;OFF&quot;,&quot;workHours&quot;:[{&quot;startTime&quot;:&quot;08:00&quot;,&quot;endTime&quot;:&quot;17:30&quot;}]},&quot;tuesday&quot;:{&quot;isWorkingOnDay&quot;:&quot;OFF&quot;,&quot;workHours&quot;:[{&quot;startTime&quot;:&quot;08:00&quot;,&quot;endTime&quot;:&quot;17:30&quot;}]},&quot;wednesday&quot;:{&quot;isWorkingOnDay&quot;:&quot;OFF&quot;,&quot;workHours&quot;:[{&quot;startTime&quot;:&quot;08:00&quot;,&quot;endTime&quot;:&quot;17:30&quot;}]},&quot;thursday&quot;:{&quot;isWorkingOnDay&quot;:&quot;OFF&quot;,&quot;workHours&quot;:[{&quot;startTime&quot;:&quot;08:00&quot;,&quot;endTime&quot;:&quot;17:30&quot;}]},&quot;friday&quot;:{&quot;isWorkingOnDay&quot;:&quot;OFF&quot;,&quot;workHours&quot;:[{&quot;startTime&quot;:&quot;08:00&quot;,&quot;endTime&quot;:&quot;17:30&quot;}]},&quot;saturday&quot;:{&quot;isWorkingOnDay&quot;:&quot;OFF&quot;,&quot;workHours&quot;:[{&quot;startTime&quot;:&quot;08:00&quot;,&quot;endTime&quot;:&quot;17:30&quot;}]}}},&quot;styles&quot;:{&quot;type&quot;:&quot;round&quot;,&quot;backgroundColor&quot;:&quot;#2DB742&quot;,&quot;textColor&quot;:&quot;#fff&quot;,&quot;label&quot;:&quot;Necesitas ayuda? Hablemos&quot;,&quot;width&quot;:300,&quot;height&quot;:64},&quot;avatar&quot;:&quot;https:\\\/\\\/nonamepublicidad.com\\\/wp-content\\\/uploads\\\/2021\\\/02\\\/gruas_mara_peru_01.jpg&quot;,&quot;options&quot;:{&quot;display&quot;:{&quot;displayCondition&quot;:&quot;showAllPage&quot;,&quot;includePages&quot;:[],&quot;excludePages&quot;:[],&quot;includePosts&quot;:[],&quot;showOnDesktop&quot;:&quot;ON&quot;,&quot;showOnMobile&quot;:&quot;ON&quot;,&quot;time_symbols&quot;:&quot;h:m&quot;},&quot;styles&quot;:{&quot;title&quot;:&quot;Start a Conversation&quot;,&quot;responseText&quot;:&quot;The team typically replies in a few minutes.&quot;,&quot;description&quot;:&quot;Hi! Click one of our member below to chat on &lt;strong&gt;WhatsApp&lt;\\\/strong&gt;&quot;,&quot;backgroundColor&quot;:&quot;#2db742&quot;,&quot;textColor&quot;:&quot;#fff&quot;,&quot;scrollHeight&quot;:500,&quot;isShowScroll&quot;:&quot;OFF&quot;,&quot;isShowResponseText&quot;:&quot;ON&quot;,&quot;isShowPoweredBy&quot;:&quot;ON&quot;,&quot;btnLabel&quot;:&quot;Need Help? &lt;strong&gt;Chat with us&lt;\\\/strong&gt;&quot;,&quot;btnLabelWidth&quot;:156,&quot;btnPosition&quot;:&quot;right&quot;,&quot;btnLeftDistance&quot;:30,&quot;btnRightDistance&quot;:30,&quot;btnBottomDistance&quot;:30,&quot;isShowBtnLabel&quot;:&quot;ON&quot;,&quot;isShowGDPR&quot;:&quot;OFF&quot;,&quot;gdprContent&quot;:&quot;Please accept our &lt;a href=\\&quot;https:\\\/\\\/ninjateam.org\\\/privacy-policy\\\/\\&quot;&gt;privacy policy&lt;\\\/a&gt; first to start a conversation.&quot;,&quot;widgetType&quot;:&quot;expandable&quot;},&quot;analytics&quot;:{&quot;enabledGoogle&quot;:&quot;OFF&quot;,&quot;enabledFacebook&quot;:&quot;OFF&quot;,&quot;enabledGoogleGA4&quot;:&quot;OFF&quot;}},&quot;gdprStatus&quot;:false,&quot;defaultAvatar&quot;:&quot;https:\\\/\\\/nonamepublicidad.com\\\/wp-content\\\/plugins\\\/whatsapp-for-wordpress\\\/assets\\\/img\\\/whatsapp_logo.svg&quot;}\"><\/div>\n<div class=\"nta_wa_button\" data-id=\"14103\" data-info=\"{&quot;name&quot;:&quot;Vendedor Gr\\u00faas Mara 3&quot;,&quot;info&quot;:{&quot;number&quot;:&quot;+51981345429&quot;,&quot;title&quot;:&quot;Gr\\u00faas Mara | Tienda&quot;,&quot;predefinedText&quot;:&quot;Hola Gr\\u00faas Mara. Me gustar\\u00eda m\\u00e1s informaci\\u00f3n de [njwa_page_title] Este es el link [njwa_page_url]&quot;,&quot;willBeBackText&quot;:&quot;I will be back in [njwa_time_work]&quot;,&quot;dayOffsText&quot;:&quot;I will be back soon&quot;,&quot;isAlwaysAvailable&quot;:&quot;ON&quot;,&quot;daysOfWeekWorking&quot;:{&quot;sunday&quot;:{&quot;isWorkingOnDay&quot;:&quot;OFF&quot;,&quot;workHours&quot;:[{&quot;startTime&quot;:&quot;08:00&quot;,&quot;endTime&quot;:&quot;17:30&quot;}]},&quot;monday&quot;:{&quot;isWorkingOnDay&quot;:&quot;OFF&quot;,&quot;workHours&quot;:[{&quot;startTime&quot;:&quot;08:00&quot;,&quot;endTime&quot;:&quot;17:30&quot;}]},&quot;tuesday&quot;:{&quot;isWorkingOnDay&quot;:&quot;OFF&quot;,&quot;workHours&quot;:[{&quot;startTime&quot;:&quot;08:00&quot;,&quot;endTime&quot;:&quot;17:30&quot;}]},&quot;wednesday&quot;:{&quot;isWorkingOnDay&quot;:&quot;OFF&quot;,&quot;workHours&quot;:[{&quot;startTime&quot;:&quot;08:00&quot;,&quot;endTime&quot;:&quot;17:30&quot;}]},&quot;thursday&quot;:{&quot;isWorkingOnDay&quot;:&quot;OFF&quot;,&quot;workHours&quot;:[{&quot;startTime&quot;:&quot;08:00&quot;,&quot;endTime&quot;:&quot;17:30&quot;}]},&quot;friday&quot;:{&quot;isWorkingOnDay&quot;:&quot;OFF&quot;,&quot;workHours&quot;:[{&quot;startTime&quot;:&quot;08:00&quot;,&quot;endTime&quot;:&quot;17:30&quot;}]},&quot;saturday&quot;:{&quot;isWorkingOnDay&quot;:&quot;OFF&quot;,&quot;workHours&quot;:[{&quot;startTime&quot;:&quot;08:00&quot;,&quot;endTime&quot;:&quot;17:30&quot;}]}}},&quot;styles&quot;:{&quot;type&quot;:&quot;round&quot;,&quot;backgroundColor&quot;:&quot;#2DB742&quot;,&quot;textColor&quot;:&quot;#fff&quot;,&quot;label&quot;:&quot;Necesitas ayuda? Hablemos&quot;,&quot;width&quot;:300,&quot;height&quot;:64},&quot;avatar&quot;:&quot;https:\\\/\\\/nonamepublicidad.com\\\/wp-content\\\/uploads\\\/2021\\\/02\\\/gruas_mara_peru_01.jpg&quot;,&quot;options&quot;:{&quot;display&quot;:{&quot;displayCondition&quot;:&quot;showAllPage&quot;,&quot;includePages&quot;:[],&quot;excludePages&quot;:[],&quot;includePosts&quot;:[],&quot;showOnDesktop&quot;:&quot;ON&quot;,&quot;showOnMobile&quot;:&quot;ON&quot;,&quot;time_symbols&quot;:&quot;h:m&quot;},&quot;styles&quot;:{&quot;title&quot;:&quot;Start a Conversation&quot;,&quot;responseText&quot;:&quot;The team typically replies in a few minutes.&quot;,&quot;description&quot;:&quot;Hi! Click one of our member below to chat on &lt;strong&gt;WhatsApp&lt;\\\/strong&gt;&quot;,&quot;backgroundColor&quot;:&quot;#2db742&quot;,&quot;textColor&quot;:&quot;#fff&quot;,&quot;scrollHeight&quot;:500,&quot;isShowScroll&quot;:&quot;OFF&quot;,&quot;isShowResponseText&quot;:&quot;ON&quot;,&quot;isShowPoweredBy&quot;:&quot;ON&quot;,&quot;btnLabel&quot;:&quot;Need Help? &lt;strong&gt;Chat with us&lt;\\\/strong&gt;&quot;,&quot;btnLabelWidth&quot;:156,&quot;btnPosition&quot;:&quot;right&quot;,&quot;btnLeftDistance&quot;:30,&quot;btnRightDistance&quot;:30,&quot;btnBottomDistance&quot;:30,&quot;isShowBtnLabel&quot;:&quot;ON&quot;,&quot;isShowGDPR&quot;:&quot;OFF&quot;,&quot;gdprContent&quot;:&quot;Please accept our &lt;a href=\\&quot;https:\\\/\\\/ninjateam.org\\\/privacy-policy\\\/\\&quot;&gt;privacy policy&lt;\\\/a&gt; first to start a conversation.&quot;,&quot;widgetType&quot;:&quot;expandable&quot;},&quot;analytics&quot;:{&quot;enabledGoogle&quot;:&quot;OFF&quot;,&quot;enabledFacebook&quot;:&quot;OFF&quot;,&quot;enabledGoogleGA4&quot;:&quot;OFF&quot;}},&quot;gdprStatus&quot;:false,&quot;defaultAvatar&quot;:&quot;https:\\\/\\\/nonamepublicidad.com\\\/wp-content\\\/plugins\\\/whatsapp-for-wordpress\\\/assets\\\/img\\\/whatsapp_logo.svg&quot;}\"><\/div>\n<div style=\"visibility: hidden;\">alquiler cami\u00f3n gr\u00faa, alquiler gr\u00faa telesc\u00f3pica, alquiler montacargas<\/div>\n","protected":false},"featured_media":6791,"comment_status":"open","ping_status":"closed","template":"","meta":[],"product_brand":[],"product_cat":[166,176],"product_tag":[1149,1150,1151,1156,1154,1155,1152,1157,1158,1153],"class_list":{"0":"post-6792","1":"product","2":"type-product","3":"status-publish","4":"has-post-thumbnail","6":"product_cat-servicios","7":"product_cat-transporte-general","8":"product_tag-alquiler-camion-grua","9":"product_tag-alquiler-grua-telescopica","10":"product_tag-alquiler-montacargas","11":"product_tag-camion","12":"product_tag-construccion","13":"product_tag-elevacion","14":"product_tag-gruas","15":"product_tag-remolques","16":"product_tag-semi-remolques","17":"product_tag-transporte","19":"first","20":"instock","21":"virtual","22":"taxable","23":"product-type-simple"},"_links":{"self":[{"href":"https:\/\/nonamepublicidad.com\/en\/wp-json\/wp\/v2\/product\/6792","targetHints":{"allow":["GET"]}}],"collection":[{"href":"https:\/\/nonamepublicidad.com\/en\/wp-json\/wp\/v2\/product"}],"about":[{"href":"https:\/\/nonamepublicidad.com\/en\/wp-json\/wp\/v2\/types\/product"}],"replies":[{"embeddable":true,"href":"https:\/\/nonamepublicidad.com\/en\/wp-json\/wp\/v2\/comments?post=6792"}],"version-history":[{"count":0,"href":"https:\/\/nonamepublicidad.com\/en\/wp-json\/wp\/v2\/product\/6792\/revisions"}],"wp:featuredmedia":[{"embeddable":true,"href":"https:\/\/nonamepublicidad.com\/en\/wp-json\/wp\/v2\/media\/6791"}],"wp:attachment":[{"href":"https:\/\/nonamepublicidad.com\/en\/wp-json\/wp\/v2\/media?parent=6792"}],"wp:term":[{"taxonomy":"product_brand","embeddable":true,"href":"https:\/\/nonamepublicidad.com\/en\/wp-json\/wp\/v2\/product_brand?post=6792"},{"taxonomy":"product_cat","embeddable":true,"href":"https:\/\/nonamepublicidad.com\/en\/wp-json\/wp\/v2\/product_cat?post=6792"},{"taxonomy":"product_tag","embeddable":true,"href":"https:\/\/nonamepublicidad.com\/en\/wp-json\/wp\/v2\/product_tag?post=6792"}],"curies":[{"name":"wp","href":"https:\/\/api.w.org\/{rel}","templated":true}]}}