{"id":7222,"date":"2021-04-12T09:10:55","date_gmt":"2021-04-12T14:10:55","guid":{"rendered":"http:\/\/nonamepublicidad.com\/?post_type=product&#038;p=7222"},"modified":"2026-01-15T21:21:51","modified_gmt":"2026-01-16T02:21:51","slug":"socks-wp-0012","status":"publish","type":"product","link":"https:\/\/nonamepublicidad.com\/en\/product\/socks-wp-0012\/","title":{"rendered":"Socks WP"},"content":{"rendered":"<p style=\"text-align: center;\"><iframe title=\"YouTube video player\" src=\"https:\/\/www.youtube.com\/embed\/TIx0Esn9V9U\" width=\"560\" height=\"315\" frameborder=\"0\" allowfullscreen=\"allowfullscreen\"><\/iframe><\/p>\n<p>&nbsp;<\/p>\n<p><strong>El dise\u00f1o es el pensamiento hecho arte<\/strong><\/p>\n<p>NUESTRA HISTORIA<\/p>\n<p>Desde 2020<\/p>\n<p>SOCKS WP Es la marca del atleta peruano Williams P\u00e9rez quien ha participado en innumerables competiciones internacionales de bmx freestyle y en festivales de deportes de acci\u00f3n, Williams con su experiencia en el deporte de alto rendimiento crea un producto de alta calidad, con un estilo original y atrevido, unos calcetines que puedes usar para tus entrenamientos como para el uso diario.<\/p>\n<p>Nuestros productos son creados para la acci\u00f3n y vestir con estilo, dise\u00f1os y modelos \u00fanicos, las im\u00e1genes que llevan nuestros calcetines son ilustraciones dise\u00f1ados por artistas locales. Utilizamos insumos de alta calidad contamos con dise\u00f1os variados desde las medias de algod\u00f3n y algod\u00f3n con fibras sint\u00e9ticas.<\/p>\n<p><strong>Dise\u00f1adas para la ACCI\u00d3N<\/strong><\/p>\n<p>Socks WP es una marca apasionada e influenciada en los deportes de acci\u00f3n, el arte, la m\u00fasica y la cultura urbana, nuestros dise\u00f1os son creados por artistas locales.<\/p>\n<p><strong>Nuestros Valores<\/strong><\/p>\n<p>Somos la primera marca peruana enfocada en el confort y estilo de los atletas, riders y todos aquellos que se sientan identificados con un estilo fresco, implementando las mejores tecnolog\u00edas y materiales en nuestros productos.<\/p>\n<p><strong>Nuestra Comunidad<\/strong><\/p>\n<p>Somos una comunidad integral que se enfoca en los nuevos talentos y diversas habilidades deportivas y art\u00edsticas.<\/p>\n<p><strong>Distribuidores<\/strong><\/p>\n<p style=\"text-align: center;\"><strong>Bicicentro<\/strong><\/p>\n<p style=\"text-align: center;\">Lima<br \/>\nAv. Paseo de La Republica. Miraflores.<\/p>\n<p style=\"text-align: center;\"><iframe style=\"border: 0;\" src=\"https:\/\/www.google.com\/maps\/embed?pb=!1m14!1m8!1m3!1d7801.908350547177!2d-77.026592!3d-12.115288!3m2!1i1024!2i768!4f13.1!3m3!1m2!1s0x9105c8113b5e341b%3A0x8f0411be7c8888e4!2sAv.%20P.%C2%BA%20de%20la%20Rep%C3%BAblica%204986%2C%20Miraflores%2015074%2C%20Per%C3%BA!5e0!3m2!1ses-419!2sus!4v1640231403276!5m2!1ses-419!2sus\" width=\"600\" height=\"450\" allowfullscreen=\"allowfullscreen\"><\/iframe><\/p>\n<p>&nbsp;<\/p>\n<p style=\"text-align: center;\"><strong>Amazon Mountain Bikers<\/strong><\/p>\n<p style=\"text-align: center;\">Lima<br \/>\nMorro Solar. Chorrillos<\/p>\n<p style=\"text-align: center;\">Tarapoto<br \/>\nJr. Alegr\u00eda Arias de Morey 118. San Martin<\/p>\n<p style=\"text-align: center;\"><iframe style=\"border: 0;\" src=\"https:\/\/www.google.com\/maps\/embed?pb=!1m14!1m8!1m3!1d7928.547625324744!2d-76.360913!3d-6.486969!3m2!1i1024!2i768!4f13.1!3m3!1m2!1s0x91ba0c07cca3695d%3A0x80c8f714ab0562dc!2sJr.%20Alegr%C3%ADa%20Arias%20de%20Morey%20118%2C%20Tarapoto%2022202%2C%20Per%C3%BA!5e0!3m2!1ses-419!2sus!4v1640231647268!5m2!1ses-419!2sus\" width=\"600\" height=\"450\" allowfullscreen=\"allowfullscreen\"><\/iframe><\/p>\n<p>&nbsp;<\/p>\n<p style=\"text-align: center;\"><strong>Anza<\/strong><\/p>\n<p style=\"text-align: center;\">Lima<br \/>\nCalle Dos de Mayo 741. Miraflores<\/p>\n<p style=\"text-align: center;\"><iframe style=\"border: 0;\" src=\"https:\/\/www.google.com\/maps\/embed?pb=!1m14!1m8!1m3!1d7801.827900292661!2d-77.036306!3d-12.11804!3m2!1i1024!2i768!4f13.1!3m3!1m2!1s0x9105c83cdff5b6d1%3A0x13892d909ca1eaa8!2sC.%202%20de%20Mayo%20741%2C%20Miraflores%2015074%2C%20Per%C3%BA!5e0!3m2!1ses-419!2sus!4v1640231880904!5m2!1ses-419!2sus\" width=\"600\" height=\"450\" allowfullscreen=\"allowfullscreen\"><\/iframe><\/p>\n<p>&nbsp;<\/p>\n<p style=\"text-align: center;\"><strong>Jafi<\/strong><\/p>\n<p style=\"text-align: center;\">Lima<br \/>\nAv. Dos de Mayo 565. San Isidrio<\/p>\n<p style=\"text-align: center;\"><iframe style=\"border: 0;\" src=\"https:\/\/www.google.com\/maps\/embed?pb=!1m14!1m8!1m3!1d7802.606913132634!2d-77.037657!3d-12.091366!3m2!1i1024!2i768!4f13.1!3m3!1m2!1s0x9105c85e9fe97633%3A0xbc47f733af9dd030!2sAv.%20dos%20de%20Mayo%20565%2C%20San%20Isidro%2015073%2C%20Per%C3%BA!5e0!3m2!1ses-419!2sus!4v1640232106162!5m2!1ses-419!2sus\" width=\"600\" height=\"450\" allowfullscreen=\"allowfullscreen\"><\/iframe><\/p>\n<p>&nbsp;<\/p>\n<p style=\"text-align: center;\"><strong>Wheeles<\/strong><\/p>\n<p style=\"text-align: center;\">Lima<br \/>\nAv. La Marina 3494. San Miguel<\/p>\n<p style=\"text-align: center;\"><iframe style=\"border: 0;\" src=\"https:\/\/www.google.com\/maps\/embed?pb=!1m14!1m8!1m3!1d7803.147726266984!2d-77.102352!3d-12.072814!3m2!1i1024!2i768!4f13.1!3m3!1m2!1s0x9105c9620843e263%3A0x766ca36480607aad!2sAv.%20la%20Marina%203494%2C%20San%20Miguel%2015088%2C%20Per%C3%BA!5e0!3m2!1ses-419!2sus!4v1640232231525!5m2!1ses-419!2sus\" width=\"600\" height=\"450\" allowfullscreen=\"allowfullscreen\"><\/iframe><\/p>\n<p>&nbsp;<\/p>\n<p style=\"text-align: center;\"><strong>Ciclovida<\/strong><\/p>\n<p style=\"text-align: center;\">Lima<br \/>\nC.C. La Cooperativa. Calle Huamachuco 1399. Jes\u00fas Mar\u00eda.<\/p>\n<p style=\"text-align: center;\"><iframe style=\"border: 0;\" src=\"https:\/\/www.google.com\/maps\/embed?pb=!1m14!1m8!1m3!1d7803.057938920448!2d-77.048506!3d-12.075896!3m2!1i1024!2i768!4f13.1!3m3!1m2!1s0x0%3A0x3baf70d055e44c96!2sCentro%20Comercial%20La%20Cooperativa!5e0!3m2!1ses-419!2sus!4v1640232392064!5m2!1ses-419!2sus\" width=\"600\" height=\"450\" allowfullscreen=\"allowfullscreen\"><\/iframe><\/p>","protected":false},"excerpt":{"rendered":"<p>Somos SocksWP una marca peruana que nace con la idea de brindar originalidad y estilo a todo deportista extremo.<\/p>\n<p>Facebook: <a href=\"https:\/\/www.facebook.com\/sockswp\" target=\"_blank\" rel=\"noopener\">sockswp<\/a><\/p>\n<p>Instagram: <a href=\"https:\/\/www.instagram.com\/sockswp\/\" target=\"_blank\" rel=\"noopener\">sockswp<\/a><\/p>\n<p>Web: <a href=\"https:\/\/sockswp.com\/\" target=\"_blank\" rel=\"noopener\">sockswp.com<\/a><\/p>\n<ul>\n<li>Precio por par<\/li>\n<li>Nuestras medias llevan dise\u00f1os e ilustraciones creadas por dise\u00f1adores peruanos.<\/li>\n<li>Calcetines que puedes usar para tus entrenamientos del d\u00eda a d\u00eda.<\/li>\n<li>Con planta de algod\u00f3n afelpada y banda el\u00e1stica, parte superior de nylon con malla transpirable.<\/li>\n<li>Ideal para deportes extremos.<\/li>\n<li>Hecho en Per\u00fa.<\/li>\n<li>Imagen referencial<\/li>\n<\/ul>\n<p>Pedidos al: <a href=\"tel:51993046039\">(+51) 993046039<\/a><\/p>\n<div class=\"nta_wa_button\" data-id=\"13548\" data-info=\"{&quot;name&quot;:&quot;Williams P\\u00e9rez&quot;,&quot;info&quot;:{&quot;number&quot;:&quot;+51993046039&quot;,&quot;title&quot;:&quot;Socks WP | Tienda&quot;,&quot;predefinedText&quot;:&quot;Hola Socks WP. Me gustar\\u00eda m\\u00e1s informaci\\u00f3n de [njwa_page_title] Este es el link [njwa_page_url]&quot;,&quot;willBeBackText&quot;:&quot;I will be back in [njwa_time_work]&quot;,&quot;dayOffsText&quot;:&quot;I will be back soon&quot;,&quot;isAlwaysAvailable&quot;:&quot;ON&quot;,&quot;daysOfWeekWorking&quot;:{&quot;sunday&quot;:{&quot;isWorkingOnDay&quot;:&quot;OFF&quot;,&quot;workHours&quot;:[{&quot;startTime&quot;:&quot;08:00&quot;,&quot;endTime&quot;:&quot;17:30&quot;}]},&quot;monday&quot;:{&quot;isWorkingOnDay&quot;:&quot;OFF&quot;,&quot;workHours&quot;:[{&quot;startTime&quot;:&quot;08:00&quot;,&quot;endTime&quot;:&quot;17:30&quot;}]},&quot;tuesday&quot;:{&quot;isWorkingOnDay&quot;:&quot;OFF&quot;,&quot;workHours&quot;:[{&quot;startTime&quot;:&quot;08:00&quot;,&quot;endTime&quot;:&quot;17:30&quot;}]},&quot;wednesday&quot;:{&quot;isWorkingOnDay&quot;:&quot;OFF&quot;,&quot;workHours&quot;:[{&quot;startTime&quot;:&quot;08:00&quot;,&quot;endTime&quot;:&quot;17:30&quot;}]},&quot;thursday&quot;:{&quot;isWorkingOnDay&quot;:&quot;OFF&quot;,&quot;workHours&quot;:[{&quot;startTime&quot;:&quot;08:00&quot;,&quot;endTime&quot;:&quot;17:30&quot;}]},&quot;friday&quot;:{&quot;isWorkingOnDay&quot;:&quot;OFF&quot;,&quot;workHours&quot;:[{&quot;startTime&quot;:&quot;08:00&quot;,&quot;endTime&quot;:&quot;17:30&quot;}]},&quot;saturday&quot;:{&quot;isWorkingOnDay&quot;:&quot;OFF&quot;,&quot;workHours&quot;:[{&quot;startTime&quot;:&quot;08:00&quot;,&quot;endTime&quot;:&quot;17:30&quot;}]}}},&quot;styles&quot;:{&quot;type&quot;:&quot;round&quot;,&quot;backgroundColor&quot;:&quot;#2DB742&quot;,&quot;textColor&quot;:&quot;#fff&quot;,&quot;label&quot;:&quot;Necesitas ayuda? Hablemos&quot;,&quot;width&quot;:300,&quot;height&quot;:64},&quot;avatar&quot;:&quot;https:\\\/\\\/nonamepublicidad.com\\\/wp-content\\\/uploads\\\/2023\\\/02\\\/logo_socks_wp.webp&quot;,&quot;options&quot;:{&quot;display&quot;:{&quot;displayCondition&quot;:&quot;showAllPage&quot;,&quot;includePages&quot;:[],&quot;excludePages&quot;:[],&quot;includePosts&quot;:[],&quot;showOnDesktop&quot;:&quot;ON&quot;,&quot;showOnMobile&quot;:&quot;ON&quot;,&quot;time_symbols&quot;:&quot;h:m&quot;},&quot;styles&quot;:{&quot;title&quot;:&quot;Start a Conversation&quot;,&quot;responseText&quot;:&quot;The team typically replies in a few minutes.&quot;,&quot;description&quot;:&quot;Hi! Click one of our member below to chat on &lt;strong&gt;WhatsApp&lt;\\\/strong&gt;&quot;,&quot;backgroundColor&quot;:&quot;#2db742&quot;,&quot;textColor&quot;:&quot;#fff&quot;,&quot;scrollHeight&quot;:500,&quot;isShowScroll&quot;:&quot;OFF&quot;,&quot;isShowResponseText&quot;:&quot;ON&quot;,&quot;isShowPoweredBy&quot;:&quot;ON&quot;,&quot;btnLabel&quot;:&quot;Need Help? &lt;strong&gt;Chat with us&lt;\\\/strong&gt;&quot;,&quot;btnLabelWidth&quot;:156,&quot;btnPosition&quot;:&quot;right&quot;,&quot;btnLeftDistance&quot;:30,&quot;btnRightDistance&quot;:30,&quot;btnBottomDistance&quot;:30,&quot;isShowBtnLabel&quot;:&quot;ON&quot;,&quot;isShowGDPR&quot;:&quot;OFF&quot;,&quot;gdprContent&quot;:&quot;Please accept our &lt;a href=\\&quot;https:\\\/\\\/ninjateam.org\\\/privacy-policy\\\/\\&quot;&gt;privacy policy&lt;\\\/a&gt; first to start a conversation.&quot;,&quot;widgetType&quot;:&quot;expandable&quot;},&quot;analytics&quot;:{&quot;enabledGoogle&quot;:&quot;OFF&quot;,&quot;enabledFacebook&quot;:&quot;OFF&quot;,&quot;enabledGoogleGA4&quot;:&quot;OFF&quot;}},&quot;gdprStatus&quot;:false,&quot;defaultAvatar&quot;:&quot;https:\\\/\\\/nonamepublicidad.com\\\/wp-content\\\/plugins\\\/whatsapp-for-wordpress\\\/assets\\\/img\\\/whatsapp_logo.svg&quot;}\"><\/div>\n<div style=\"visibility: hidden;\">accesorios de moda, ropa y accesorios, accesorios textiles, ropa interior, medias, underwear, sock, socks, medias deportivas, accesorios deportivos, medias para mtb, medias para ciclistas, medias urbanas, medias con dise\u00f1os exclusivos, williams perez, calcetines<\/div>\n","protected":false},"featured_media":7215,"comment_status":"open","ping_status":"closed","template":"","meta":[],"product_brand":[],"product_cat":[146,128],"product_tag":[1204,1202,1201,1208,1209,1212,1206,1210,1211,1207,1213,581,1214,825,1203,1205],"class_list":{"0":"post-7222","1":"product","2":"type-product","3":"status-publish","4":"has-post-thumbnail","6":"product_cat-ropa-interior-y-de-dormir","7":"product_cat-ropa-y-accesorios","8":"product_tag-accesorios-para-vestir","9":"product_tag-calcetines","10":"product_tag-medias","11":"product_tag-medias-con-diseno","12":"product_tag-medias-con-diseno-peru","13":"product_tag-medias-deportivas","14":"product_tag-medias-hombre","15":"product_tag-medias-largas","16":"product_tag-medias-largas-para-hombre","17":"product_tag-medias-mujer","18":"product_tag-medias-urbanas","19":"product_tag-moda","20":"product_tag-moda-urbana","21":"product_tag-outfit","22":"product_tag-ropa-interior","23":"product_tag-socks","25":"first","26":"instock","27":"taxable","28":"shipping-taxable","29":"purchasable","30":"product-type-simple"},"_links":{"self":[{"href":"https:\/\/nonamepublicidad.com\/en\/wp-json\/wp\/v2\/product\/7222","targetHints":{"allow":["GET"]}}],"collection":[{"href":"https:\/\/nonamepublicidad.com\/en\/wp-json\/wp\/v2\/product"}],"about":[{"href":"https:\/\/nonamepublicidad.com\/en\/wp-json\/wp\/v2\/types\/product"}],"replies":[{"embeddable":true,"href":"https:\/\/nonamepublicidad.com\/en\/wp-json\/wp\/v2\/comments?post=7222"}],"version-history":[{"count":0,"href":"https:\/\/nonamepublicidad.com\/en\/wp-json\/wp\/v2\/product\/7222\/revisions"}],"wp:featuredmedia":[{"embeddable":true,"href":"https:\/\/nonamepublicidad.com\/en\/wp-json\/wp\/v2\/media\/7215"}],"wp:attachment":[{"href":"https:\/\/nonamepublicidad.com\/en\/wp-json\/wp\/v2\/media?parent=7222"}],"wp:term":[{"taxonomy":"product_brand","embeddable":true,"href":"https:\/\/nonamepublicidad.com\/en\/wp-json\/wp\/v2\/product_brand?post=7222"},{"taxonomy":"product_cat","embeddable":true,"href":"https:\/\/nonamepublicidad.com\/en\/wp-json\/wp\/v2\/product_cat?post=7222"},{"taxonomy":"product_tag","embeddable":true,"href":"https:\/\/nonamepublicidad.com\/en\/wp-json\/wp\/v2\/product_tag?post=7222"}],"curies":[{"name":"wp","href":"https:\/\/api.w.org\/{rel}","templated":true}]}}