{"id":7576,"date":"2021-04-26T23:09:47","date_gmt":"2021-04-27T04:09:47","guid":{"rendered":"http:\/\/nonamepublicidad.com\/?post_type=product&#038;p=7576"},"modified":"2024-12-02T08:49:20","modified_gmt":"2024-12-02T13:49:20","slug":"praninka-quiropraxia-ancestral","status":"publish","type":"product","link":"https:\/\/nonamepublicidad.com\/en\/product\/praninka-quiropraxia-ancestral\/","title":{"rendered":"Praninka Quiropraxia Ancestral"},"content":{"rendered":"","protected":false},"excerpt":{"rendered":"<p>Soluci\u00f3n para tus problemas del cuerpo y la columna vertebral.<\/p>\n<p>T\u00e9cnica ancestral de reconstrucci\u00f3n \u00f3sea integral, que te permitir\u00e1 devolver a su forma correcta tu columna vertebral y aliviar dolencias como cifosis, escoliosis, displac\u00edas de cadera, etc.<\/p>\n<p>Sanadora Praninka: <a href=\"https:\/\/www.facebook.com\/yolandapraninka.moscosoarce\" target=\"_blank\" rel=\"noopener\">Yolanda Moscoso Arce<\/a><\/p>\n<p>Web: <a href=\"http:\/\/www.praninkaquiropraxiaancestral.com\/\" target=\"_blank\" rel=\"noopener\">www.praninkaquiropraxiaancestral.com<\/a><\/p>\n<p>Facebook: <a href=\"https:\/\/www.facebook.com\/Praninka-Quiropraxia-Ancestral-221491025225584\" target=\"_blank\" rel=\"noopener\">PraninkaQuiropraxiaAncestral<\/a><\/p>\n<p>Instagram: <a href=\"https:\/\/www.instagram.com\/praninka\/\" target=\"_blank\" rel=\"noopener\">@praninka<\/a><\/p>\n<p>YouTube: <a href=\"https:\/\/www.youtube.com\/channel\/UCcQldmu7CA7MHVFALmLaavg\/featured\" target=\"_blank\" rel=\"noopener\">Praninka Quiropraxia Ancestral<\/a><\/p>\n<p>Pedidos al: <a href=\"tel:51980771850\">(+51) 980771850<\/a><\/p>\n<div class=\"nta_wa_button\" data-id=\"14323\" data-info=\"{&quot;name&quot;:&quot;Praninka Quiropraxia Ancestral&quot;,&quot;info&quot;:{&quot;number&quot;:&quot;+51980771850&quot;,&quot;title&quot;:&quot;Praninka Quiropraxia Ancestral | Tienda&quot;,&quot;predefinedText&quot;:&quot;Hola Yolanda Moscoso. Me gustar\\u00eda m\\u00e1s informaci\\u00f3n de [njwa_page_title] Este es el link [njwa_page_url]&quot;,&quot;willBeBackText&quot;:&quot;I will be back in [njwa_time_work]&quot;,&quot;dayOffsText&quot;:&quot;I will be back soon&quot;,&quot;isAlwaysAvailable&quot;:&quot;ON&quot;,&quot;daysOfWeekWorking&quot;:{&quot;sunday&quot;:{&quot;isWorkingOnDay&quot;:&quot;OFF&quot;,&quot;workHours&quot;:[{&quot;startTime&quot;:&quot;08:00&quot;,&quot;endTime&quot;:&quot;17:30&quot;}]},&quot;monday&quot;:{&quot;isWorkingOnDay&quot;:&quot;OFF&quot;,&quot;workHours&quot;:[{&quot;startTime&quot;:&quot;08:00&quot;,&quot;endTime&quot;:&quot;17:30&quot;}]},&quot;tuesday&quot;:{&quot;isWorkingOnDay&quot;:&quot;OFF&quot;,&quot;workHours&quot;:[{&quot;startTime&quot;:&quot;08:00&quot;,&quot;endTime&quot;:&quot;17:30&quot;}]},&quot;wednesday&quot;:{&quot;isWorkingOnDay&quot;:&quot;OFF&quot;,&quot;workHours&quot;:[{&quot;startTime&quot;:&quot;08:00&quot;,&quot;endTime&quot;:&quot;17:30&quot;}]},&quot;thursday&quot;:{&quot;isWorkingOnDay&quot;:&quot;OFF&quot;,&quot;workHours&quot;:[{&quot;startTime&quot;:&quot;08:00&quot;,&quot;endTime&quot;:&quot;17:30&quot;}]},&quot;friday&quot;:{&quot;isWorkingOnDay&quot;:&quot;OFF&quot;,&quot;workHours&quot;:[{&quot;startTime&quot;:&quot;08:00&quot;,&quot;endTime&quot;:&quot;17:30&quot;}]},&quot;saturday&quot;:{&quot;isWorkingOnDay&quot;:&quot;OFF&quot;,&quot;workHours&quot;:[{&quot;startTime&quot;:&quot;08:00&quot;,&quot;endTime&quot;:&quot;17:30&quot;}]}}},&quot;styles&quot;:{&quot;type&quot;:&quot;round&quot;,&quot;backgroundColor&quot;:&quot;#2DB742&quot;,&quot;textColor&quot;:&quot;#fff&quot;,&quot;label&quot;:&quot;Necesitas ayuda? Hablemos&quot;,&quot;width&quot;:300,&quot;height&quot;:64},&quot;avatar&quot;:&quot;https:\\\/\\\/nonamepublicidad.com\\\/wp-content\\\/uploads\\\/2021\\\/04\\\/praninka_quiropraxia_ancestral_integral.jpg&quot;,&quot;options&quot;:{&quot;display&quot;:{&quot;displayCondition&quot;:&quot;showAllPage&quot;,&quot;includePages&quot;:[],&quot;excludePages&quot;:[],&quot;includePosts&quot;:[],&quot;showOnDesktop&quot;:&quot;ON&quot;,&quot;showOnMobile&quot;:&quot;ON&quot;,&quot;time_symbols&quot;:&quot;h:m&quot;},&quot;styles&quot;:{&quot;title&quot;:&quot;Start a Conversation&quot;,&quot;responseText&quot;:&quot;The team typically replies in a few minutes.&quot;,&quot;description&quot;:&quot;Hi! Click one of our member below to chat on &lt;strong&gt;WhatsApp&lt;\\\/strong&gt;&quot;,&quot;backgroundColor&quot;:&quot;#2db742&quot;,&quot;textColor&quot;:&quot;#fff&quot;,&quot;scrollHeight&quot;:500,&quot;isShowScroll&quot;:&quot;OFF&quot;,&quot;isShowResponseText&quot;:&quot;ON&quot;,&quot;isShowPoweredBy&quot;:&quot;ON&quot;,&quot;btnLabel&quot;:&quot;Need Help? &lt;strong&gt;Chat with us&lt;\\\/strong&gt;&quot;,&quot;btnLabelWidth&quot;:156,&quot;btnPosition&quot;:&quot;right&quot;,&quot;btnLeftDistance&quot;:30,&quot;btnRightDistance&quot;:30,&quot;btnBottomDistance&quot;:30,&quot;isShowBtnLabel&quot;:&quot;ON&quot;,&quot;isShowGDPR&quot;:&quot;OFF&quot;,&quot;gdprContent&quot;:&quot;Please accept our &lt;a href=\\&quot;https:\\\/\\\/ninjateam.org\\\/privacy-policy\\\/\\&quot;&gt;privacy policy&lt;\\\/a&gt; first to start a conversation.&quot;,&quot;widgetType&quot;:&quot;expandable&quot;},&quot;analytics&quot;:{&quot;enabledGoogle&quot;:&quot;OFF&quot;,&quot;enabledFacebook&quot;:&quot;OFF&quot;,&quot;enabledGoogleGA4&quot;:&quot;OFF&quot;}},&quot;gdprStatus&quot;:false,&quot;defaultAvatar&quot;:&quot;https:\\\/\\\/nonamepublicidad.com\\\/wp-content\\\/plugins\\\/whatsapp-for-wordpress\\\/assets\\\/img\\\/whatsapp_logo.svg&quot;}\"><\/div>\n<div style=\"visibility: hidden;\">t\u00e9cnica ancestral, reconstrucci\u00f3n \u00f3sea, columna vertebral, aliviar dolencias, cifosis, escoliosis, displac\u00edas de cadera, quiropraxia, quiropr\u00e1ctica, rehabilitaci\u00f3n, dolor de columna, dolor de espalda, fisioterapia, rehabilitaci\u00f3n, rehabilitaci\u00f3n f\u00edsica, salud<\/div>\n","protected":false},"featured_media":7575,"comment_status":"open","ping_status":"closed","template":"","meta":[],"product_brand":[],"product_cat":[186],"product_tag":[1066,1220,1219,1069,1063,1067,1068],"class_list":{"0":"post-7576","1":"product","2":"type-product","3":"status-publish","4":"has-post-thumbnail","6":"product_cat-salud-y-belleza","7":"product_tag-fisioterapia","8":"product_tag-quiropractica","9":"product_tag-quiropraxia","10":"product_tag-rehabilitacion","11":"product_tag-salud","12":"product_tag-terapeuticas","13":"product_tag-terapia","15":"first","16":"instock","17":"virtual","18":"taxable","19":"product-type-simple"},"_links":{"self":[{"href":"https:\/\/nonamepublicidad.com\/en\/wp-json\/wp\/v2\/product\/7576","targetHints":{"allow":["GET"]}}],"collection":[{"href":"https:\/\/nonamepublicidad.com\/en\/wp-json\/wp\/v2\/product"}],"about":[{"href":"https:\/\/nonamepublicidad.com\/en\/wp-json\/wp\/v2\/types\/product"}],"replies":[{"embeddable":true,"href":"https:\/\/nonamepublicidad.com\/en\/wp-json\/wp\/v2\/comments?post=7576"}],"version-history":[{"count":0,"href":"https:\/\/nonamepublicidad.com\/en\/wp-json\/wp\/v2\/product\/7576\/revisions"}],"wp:featuredmedia":[{"embeddable":true,"href":"https:\/\/nonamepublicidad.com\/en\/wp-json\/wp\/v2\/media\/7575"}],"wp:attachment":[{"href":"https:\/\/nonamepublicidad.com\/en\/wp-json\/wp\/v2\/media?parent=7576"}],"wp:term":[{"taxonomy":"product_brand","embeddable":true,"href":"https:\/\/nonamepublicidad.com\/en\/wp-json\/wp\/v2\/product_brand?post=7576"},{"taxonomy":"product_cat","embeddable":true,"href":"https:\/\/nonamepublicidad.com\/en\/wp-json\/wp\/v2\/product_cat?post=7576"},{"taxonomy":"product_tag","embeddable":true,"href":"https:\/\/nonamepublicidad.com\/en\/wp-json\/wp\/v2\/product_tag?post=7576"}],"curies":[{"name":"wp","href":"https:\/\/api.w.org\/{rel}","templated":true}]}}