{"id":7605,"date":"2021-05-01T01:21:19","date_gmt":"2021-05-01T06:21:19","guid":{"rendered":"http:\/\/nonamepublicidad.com\/?post_type=product&#038;p=7605"},"modified":"2024-12-02T08:49:20","modified_gmt":"2024-12-02T13:49:20","slug":"la-casa-de-la-toalla","status":"publish","type":"product","link":"https:\/\/nonamepublicidad.com\/en\/product\/la-casa-de-la-toalla\/","title":{"rendered":"La Casa de la Toalla"},"content":{"rendered":"","protected":false},"excerpt":{"rendered":"<p>Ofrecemos toallas de algod\u00f3n peruano suaves al tacto, en variados tama\u00f1os y colores.<\/p>\n<ul>\n<li>Hecho de algod\u00f3n peruano<\/li>\n<li>Felpa suave para tu piel<\/li>\n<li>Absorci\u00f3n inmediata del agua<\/li>\n<li>Colores seg\u00fan stock<\/li>\n<li>Imagen referencial<\/li>\n<\/ul>\n<p>Ubicaci\u00f3n: <a href=\"https:\/\/www.google.com.pe\/maps\/place\/La+Casa+De+La+Toalla\/@-12.1221897,-77.0298913,21z\/data=!4m13!1m7!3m6!1s0x9105c81905e29d4b:0x5455318e2ba65688!2sAvenida+Ernesto+Diez+Canseco+126,+Miraflores+15074!3b1!8m2!3d-12.1221959!4d-77.0298725!3m4!1s0x9105c81905e29d4f:0x65913dc2c94af78e!8m2!3d-12.1222048!4d-77.0298651?hl=es-419\" target=\"_blank\" rel=\"noopener\">Av. Diez Canseco 126 Miraflores, Lima \u2013 Per\u00fa<\/a><\/p>\n<p>Pedidos al: <a href=\"tel:014441860\">(+01) 4441860<\/a><\/p>\n<div style=\"visibility: hidden;\">ba\u00f1o, toallas, batas, toallas de cuerpo, toallas hoteleras, toallas de algod\u00f3n, toalla de cara, toalla de manos, toalla de ba\u00f1o, toalla de ducha, toalla de playa, toalla de pelo, toalla para cabello, toalla de extraba\u00f1o o toall\u00f3n, salidas de ba\u00f1o<\/div>","protected":false},"featured_media":7604,"comment_status":"open","ping_status":"closed","template":"","meta":[],"product_brand":[],"product_cat":[414,412],"product_tag":[988,1230,1231],"class_list":{"0":"post-7605","1":"product","2":"type-product","3":"status-publish","4":"has-post-thumbnail","6":"product_cat-bano","7":"product_cat-hogar-muebles-y-jardin","8":"product_tag-articulos-para-bano","9":"product_tag-toallas","10":"product_tag-toallas-de-algodon","12":"first","13":"instock","14":"virtual","15":"taxable","16":"product-type-simple"},"_links":{"self":[{"href":"https:\/\/nonamepublicidad.com\/en\/wp-json\/wp\/v2\/product\/7605","targetHints":{"allow":["GET"]}}],"collection":[{"href":"https:\/\/nonamepublicidad.com\/en\/wp-json\/wp\/v2\/product"}],"about":[{"href":"https:\/\/nonamepublicidad.com\/en\/wp-json\/wp\/v2\/types\/product"}],"replies":[{"embeddable":true,"href":"https:\/\/nonamepublicidad.com\/en\/wp-json\/wp\/v2\/comments?post=7605"}],"version-history":[{"count":0,"href":"https:\/\/nonamepublicidad.com\/en\/wp-json\/wp\/v2\/product\/7605\/revisions"}],"wp:featuredmedia":[{"embeddable":true,"href":"https:\/\/nonamepublicidad.com\/en\/wp-json\/wp\/v2\/media\/7604"}],"wp:attachment":[{"href":"https:\/\/nonamepublicidad.com\/en\/wp-json\/wp\/v2\/media?parent=7605"}],"wp:term":[{"taxonomy":"product_brand","embeddable":true,"href":"https:\/\/nonamepublicidad.com\/en\/wp-json\/wp\/v2\/product_brand?post=7605"},{"taxonomy":"product_cat","embeddable":true,"href":"https:\/\/nonamepublicidad.com\/en\/wp-json\/wp\/v2\/product_cat?post=7605"},{"taxonomy":"product_tag","embeddable":true,"href":"https:\/\/nonamepublicidad.com\/en\/wp-json\/wp\/v2\/product_tag?post=7605"}],"curies":[{"name":"wp","href":"https:\/\/api.w.org\/{rel}","templated":true}]}}