{"id":7628,"date":"2021-05-04T02:01:49","date_gmt":"2021-05-04T07:01:49","guid":{"rendered":"http:\/\/nonamepublicidad.com\/?post_type=product&#038;p=7628"},"modified":"2024-12-02T08:49:20","modified_gmt":"2024-12-02T13:49:20","slug":"bicicleteria-valle-riestra","status":"publish","type":"product","link":"https:\/\/nonamepublicidad.com\/en\/product\/bicicleteria-valle-riestra\/","title":{"rendered":"Bicicleter\u00eda Valle Riestra"},"content":{"rendered":"<p>Contamos con experiencia ofreciendo el servicio de reparaci\u00f3n de bicicletas. Estamos en el distrito de San Isidro.<\/p>\n<p><strong>Tenemos experiencia en:<\/strong><\/p>\n<ul>\n<li>Venta de bicicletas<\/li>\n<li>Reparaci\u00f3n de bicicletas<\/li>\n<li>Alquiler de bicicletas<\/li>\n<li>Compra de bicicletas<\/li>\n<\/ul>\n<p><strong>Realizamos servicios de:<\/strong><\/p>\n<ul>\n<li>Pintura<\/li>\n<li>Mantenimiento<\/li>\n<li>Venta de todo tipo de repuestos<\/li>\n<li>Adem\u00e1s, realizamos recojo a domicilio (cerca de San Isidro)<\/li>\n<\/ul>\n<p><strong>Proceso de trabajo<\/strong><\/p>\n<p>Su bicicleta pasa por un cuidadoso proceso de revisi\u00f3n que consta de los siguientes pasos:<\/p>\n<ul>\n<li>Desarmado<\/li>\n<li>Lavado<\/li>\n<li>Engrase<\/li>\n<li>Regulaci\u00f3n<\/li>\n<li>Armado<\/li>\n<\/ul>\n<p><b>Adem\u00e1s reparaci\u00f3n de<\/b><strong>\u00a0<\/strong><\/p>\n<ul>\n<li>Skeet<\/li>\n<li>Scooter<\/li>\n<li>Patines<\/li>\n<li>Pelotas<\/li>\n<li>Colchonetas<\/li>\n<\/ul>","protected":false},"excerpt":{"rendered":"<p>Servicio de mantenimiento, reparaci\u00f3n, compra y venta de bicicletas en general.<\/p>\n<p>Ubicaci\u00f3n: <a href=\"https:\/\/goo.gl\/maps\/Yx1Cg2sZzHUq9FEJ6\" target=\"_blank\" rel=\"noopener\">Calle Valle Riestra 132 San Isidro, Lima &#8211; Per\u00fa<\/a><\/p>\n<p>Correo: <a href=\"mailto:luisvegacruzado@gmail.com\">luisvegacruzado@gmail.com<\/a><\/p>\n<p>Horario:<\/p>\n<p>Lunes a Viernes 9:00 a.m. &#8211; 6:00 p.m.<\/p>\n<p>S\u00e1bado 9:00 a.m. &#8211; 3:00 p.m.<\/p>\n<p>Domingo CERRADO<\/p>\n<p>Contacto:\u00a0Luis Vega<\/p>\n<p>Pedidos al: <a href=\"tel:51983524054\">(+51) 983524054<\/a><\/p>\n<div class=\"nta_wa_button\" data-id=\"14321\" data-info=\"{&quot;name&quot;:&quot;Bicicleter\\u00eda Valle Riestra&quot;,&quot;info&quot;:{&quot;number&quot;:&quot;+51983524054&quot;,&quot;title&quot;:&quot;Bicicleter\\u00eda Valle Riestra | Tienda&quot;,&quot;predefinedText&quot;:&quot;Hola Luis. Me gustar\\u00eda m\\u00e1s informaci\\u00f3n de [njwa_page_title] Este es el link [njwa_page_url]&quot;,&quot;willBeBackText&quot;:&quot;I will be back in [njwa_time_work]&quot;,&quot;dayOffsText&quot;:&quot;I will be back soon&quot;,&quot;isAlwaysAvailable&quot;:&quot;ON&quot;,&quot;daysOfWeekWorking&quot;:{&quot;sunday&quot;:{&quot;isWorkingOnDay&quot;:&quot;OFF&quot;,&quot;workHours&quot;:[{&quot;startTime&quot;:&quot;08:00&quot;,&quot;endTime&quot;:&quot;17:30&quot;}]},&quot;monday&quot;:{&quot;isWorkingOnDay&quot;:&quot;OFF&quot;,&quot;workHours&quot;:[{&quot;startTime&quot;:&quot;08:00&quot;,&quot;endTime&quot;:&quot;17:30&quot;}]},&quot;tuesday&quot;:{&quot;isWorkingOnDay&quot;:&quot;OFF&quot;,&quot;workHours&quot;:[{&quot;startTime&quot;:&quot;08:00&quot;,&quot;endTime&quot;:&quot;17:30&quot;}]},&quot;wednesday&quot;:{&quot;isWorkingOnDay&quot;:&quot;OFF&quot;,&quot;workHours&quot;:[{&quot;startTime&quot;:&quot;08:00&quot;,&quot;endTime&quot;:&quot;17:30&quot;}]},&quot;thursday&quot;:{&quot;isWorkingOnDay&quot;:&quot;OFF&quot;,&quot;workHours&quot;:[{&quot;startTime&quot;:&quot;08:00&quot;,&quot;endTime&quot;:&quot;17:30&quot;}]},&quot;friday&quot;:{&quot;isWorkingOnDay&quot;:&quot;OFF&quot;,&quot;workHours&quot;:[{&quot;startTime&quot;:&quot;08:00&quot;,&quot;endTime&quot;:&quot;17:30&quot;}]},&quot;saturday&quot;:{&quot;isWorkingOnDay&quot;:&quot;OFF&quot;,&quot;workHours&quot;:[{&quot;startTime&quot;:&quot;08:00&quot;,&quot;endTime&quot;:&quot;17:30&quot;}]}}},&quot;styles&quot;:{&quot;type&quot;:&quot;round&quot;,&quot;backgroundColor&quot;:&quot;#2DB742&quot;,&quot;textColor&quot;:&quot;#fff&quot;,&quot;label&quot;:&quot;Necesitas ayuda? Hablemos&quot;,&quot;width&quot;:300,&quot;height&quot;:64},&quot;avatar&quot;:&quot;https:\\\/\\\/nonamepublicidad.com\\\/wp-content\\\/uploads\\\/2021\\\/05\\\/bicicleteria_valle_riestra.jpg&quot;,&quot;options&quot;:{&quot;display&quot;:{&quot;displayCondition&quot;:&quot;showAllPage&quot;,&quot;includePages&quot;:[],&quot;excludePages&quot;:[],&quot;includePosts&quot;:[],&quot;showOnDesktop&quot;:&quot;ON&quot;,&quot;showOnMobile&quot;:&quot;ON&quot;,&quot;time_symbols&quot;:&quot;h:m&quot;},&quot;styles&quot;:{&quot;title&quot;:&quot;Start a Conversation&quot;,&quot;responseText&quot;:&quot;The team typically replies in a few minutes.&quot;,&quot;description&quot;:&quot;Hi! Click one of our member below to chat on &lt;strong&gt;WhatsApp&lt;\\\/strong&gt;&quot;,&quot;backgroundColor&quot;:&quot;#2db742&quot;,&quot;textColor&quot;:&quot;#fff&quot;,&quot;scrollHeight&quot;:500,&quot;isShowScroll&quot;:&quot;OFF&quot;,&quot;isShowResponseText&quot;:&quot;ON&quot;,&quot;isShowPoweredBy&quot;:&quot;ON&quot;,&quot;btnLabel&quot;:&quot;Need Help? &lt;strong&gt;Chat with us&lt;\\\/strong&gt;&quot;,&quot;btnLabelWidth&quot;:156,&quot;btnPosition&quot;:&quot;right&quot;,&quot;btnLeftDistance&quot;:30,&quot;btnRightDistance&quot;:30,&quot;btnBottomDistance&quot;:30,&quot;isShowBtnLabel&quot;:&quot;ON&quot;,&quot;isShowGDPR&quot;:&quot;OFF&quot;,&quot;gdprContent&quot;:&quot;Please accept our &lt;a href=\\&quot;https:\\\/\\\/ninjateam.org\\\/privacy-policy\\\/\\&quot;&gt;privacy policy&lt;\\\/a&gt; first to start a conversation.&quot;,&quot;widgetType&quot;:&quot;expandable&quot;},&quot;analytics&quot;:{&quot;enabledGoogle&quot;:&quot;OFF&quot;,&quot;enabledFacebook&quot;:&quot;OFF&quot;,&quot;enabledGoogleGA4&quot;:&quot;OFF&quot;}},&quot;gdprStatus&quot;:false,&quot;defaultAvatar&quot;:&quot;https:\\\/\\\/nonamepublicidad.com\\\/wp-content\\\/plugins\\\/whatsapp-for-wordpress\\\/assets\\\/img\\\/whatsapp_logo.svg&quot;}\"><\/div>\n<div style=\"visibility: hidden;\">bicicletas, accesorios para bicicletas, partes para bicicletas, taller para bicicletas, mantenimiento de bicicletas, mec\u00e1nico de bicicletas, pintado de bicicletas, cascos para ciclistas, ciclistas, parchado de llantas para bicicletas, bicicleter\u00eda, repuestos para bicicletas, cl\u00ednica de bicicletas, servicio mec\u00e1nico de bicicletas, casa de la bicicleta, reparaci\u00f3n de bicicletas, compra y venta de bicicletas, servicio de reparaci\u00f3n de bicicletas, restauraci\u00f3n de bicicletas<\/div>\n","protected":false},"featured_media":7627,"comment_status":"open","ping_status":"closed","template":"","meta":[],"product_brand":[],"product_cat":[173,166],"product_tag":[968,1235,1233,1234,1232,707],"class_list":{"0":"post-7628","1":"product","2":"type-product","3":"status-publish","4":"has-post-thumbnail","6":"product_cat-reparaciones-e-instalaciones","7":"product_cat-servicios","8":"product_tag-bicicletas","9":"product_tag-bicicleteria","10":"product_tag-mantenimiento-de-bicicletas","11":"product_tag-mecanico-de-bicicletas","12":"product_tag-reparacion-de-bicicletas","13":"product_tag-taller","15":"first","16":"instock","17":"virtual","18":"taxable","19":"product-type-simple"},"_links":{"self":[{"href":"https:\/\/nonamepublicidad.com\/en\/wp-json\/wp\/v2\/product\/7628","targetHints":{"allow":["GET"]}}],"collection":[{"href":"https:\/\/nonamepublicidad.com\/en\/wp-json\/wp\/v2\/product"}],"about":[{"href":"https:\/\/nonamepublicidad.com\/en\/wp-json\/wp\/v2\/types\/product"}],"replies":[{"embeddable":true,"href":"https:\/\/nonamepublicidad.com\/en\/wp-json\/wp\/v2\/comments?post=7628"}],"version-history":[{"count":0,"href":"https:\/\/nonamepublicidad.com\/en\/wp-json\/wp\/v2\/product\/7628\/revisions"}],"wp:featuredmedia":[{"embeddable":true,"href":"https:\/\/nonamepublicidad.com\/en\/wp-json\/wp\/v2\/media\/7627"}],"wp:attachment":[{"href":"https:\/\/nonamepublicidad.com\/en\/wp-json\/wp\/v2\/media?parent=7628"}],"wp:term":[{"taxonomy":"product_brand","embeddable":true,"href":"https:\/\/nonamepublicidad.com\/en\/wp-json\/wp\/v2\/product_brand?post=7628"},{"taxonomy":"product_cat","embeddable":true,"href":"https:\/\/nonamepublicidad.com\/en\/wp-json\/wp\/v2\/product_cat?post=7628"},{"taxonomy":"product_tag","embeddable":true,"href":"https:\/\/nonamepublicidad.com\/en\/wp-json\/wp\/v2\/product_tag?post=7628"}],"curies":[{"name":"wp","href":"https:\/\/api.w.org\/{rel}","templated":true}]}}