{"id":7642,"date":"2021-05-05T21:58:23","date_gmt":"2021-05-06T02:58:23","guid":{"rendered":"http:\/\/nonamepublicidad.com\/?post_type=product&#038;p=7642"},"modified":"2024-12-02T08:49:20","modified_gmt":"2024-12-02T13:49:20","slug":"coffee-time-miraflores","status":"publish","type":"product","link":"https:\/\/nonamepublicidad.com\/en\/product\/coffee-time-miraflores\/","title":{"rendered":"Coffee Time Miraflores"},"content":{"rendered":"<p style=\"text-align: center;\"><iframe style=\"border: 0;\" src=\"https:\/\/www.google.com\/maps\/embed?pb=!1m18!1m12!1m3!1d3900.7987881497593!2d-77.0261704!3d-12.1259154!2m3!1f0!2f0!3f0!3m2!1i1024!2i768!4f13.1!3m3!1m2!1s0x9105c81ed53ed085%3A0x5face950070741a0!2sCOFFEE%20TIME%20MIRAFLORES!5e0!3m2!1ses-419!2spe!4v1673450311973!5m2!1ses-419!2spe\" width=\"600\" height=\"450\" allowfullscreen=\"allowfullscreen\"><\/iframe><\/p>\n<p>&nbsp;<\/p>\n<p><strong>Contacto<\/strong><\/p>\n<p>Claudie Perche &amp; Juan Pablo Ayala<\/p>","protected":false},"excerpt":{"rendered":"<p>\u00a1Caf\u00e9 boutique &#8211; tostado artesanal y barra de espresso al precio justo!<\/p>\n<p>Somos una cafeter\u00eda que trabaja directamente con el caficultor, mantenemos tostados siempre frescos y servimos todas las bebidas a base de ESPRESSO. Practicamos y defendemos el comercio justo.<\/p>\n<p>Tostadur\u00eda local y caf\u00e9 al paso &#8211; espresso bar<\/p>\n<p>Ubicaci\u00f3n: <a href=\"https:\/\/g.page\/coffeetimemiraflores?share\" target=\"_blank\" rel=\"noopener\">Calle Bol\u00edvar 387, Miraflores 15074<\/a><\/p>\n<p>Facebook: <a href=\"https:\/\/www.facebook.com\/coffeetimeperu\" target=\"_blank\" rel=\"noopener\">Coffee Time Peru<\/a><\/p>\n<p>Instagram: <a href=\"https:\/\/www.instagram.com\/coffeetimemiraflores\/\" target=\"_blank\" rel=\"noopener\">@coffeetimemiraflores<\/a><\/p>\n<p>Horario:<\/p>\n<p>Lunes a Viernes 10:00 am a 7:00 pm<\/p>\n<p>S\u00e1bado 10:00 am a 4:00 pm<\/p>\n<p>Domingo CERRADO<\/p>\n<ul>\n<li>Tipo de caf\u00e9 arom\u00e1tico<\/li>\n<li>Hecho en Per\u00fa<\/li>\n<li>Consultar tarifa de flete<\/li>\n<\/ul>\n<p>Pedidos al: <a href=\"tel:51940316290\">(+51) 940316290<\/a><\/p>\n<div class=\"nta_wa_button\" data-id=\"14319\" data-info=\"{&quot;name&quot;:&quot;Coffee Time Miraflores&quot;,&quot;info&quot;:{&quot;number&quot;:&quot;+51940316290&quot;,&quot;title&quot;:&quot;Coffee Time Miraflores | Tienda&quot;,&quot;predefinedText&quot;:&quot;Hola Juan Pablo. Me gustar\\u00eda m\\u00e1s informaci\\u00f3n de [njwa_page_title] Este es el link [njwa_page_url]&quot;,&quot;willBeBackText&quot;:&quot;I will be back in [njwa_time_work]&quot;,&quot;dayOffsText&quot;:&quot;I will be back soon&quot;,&quot;isAlwaysAvailable&quot;:&quot;ON&quot;,&quot;daysOfWeekWorking&quot;:{&quot;sunday&quot;:{&quot;isWorkingOnDay&quot;:&quot;OFF&quot;,&quot;workHours&quot;:[{&quot;startTime&quot;:&quot;08:00&quot;,&quot;endTime&quot;:&quot;17:30&quot;}]},&quot;monday&quot;:{&quot;isWorkingOnDay&quot;:&quot;OFF&quot;,&quot;workHours&quot;:[{&quot;startTime&quot;:&quot;08:00&quot;,&quot;endTime&quot;:&quot;17:30&quot;}]},&quot;tuesday&quot;:{&quot;isWorkingOnDay&quot;:&quot;OFF&quot;,&quot;workHours&quot;:[{&quot;startTime&quot;:&quot;08:00&quot;,&quot;endTime&quot;:&quot;17:30&quot;}]},&quot;wednesday&quot;:{&quot;isWorkingOnDay&quot;:&quot;OFF&quot;,&quot;workHours&quot;:[{&quot;startTime&quot;:&quot;08:00&quot;,&quot;endTime&quot;:&quot;17:30&quot;}]},&quot;thursday&quot;:{&quot;isWorkingOnDay&quot;:&quot;OFF&quot;,&quot;workHours&quot;:[{&quot;startTime&quot;:&quot;08:00&quot;,&quot;endTime&quot;:&quot;17:30&quot;}]},&quot;friday&quot;:{&quot;isWorkingOnDay&quot;:&quot;OFF&quot;,&quot;workHours&quot;:[{&quot;startTime&quot;:&quot;08:00&quot;,&quot;endTime&quot;:&quot;17:30&quot;}]},&quot;saturday&quot;:{&quot;isWorkingOnDay&quot;:&quot;OFF&quot;,&quot;workHours&quot;:[{&quot;startTime&quot;:&quot;08:00&quot;,&quot;endTime&quot;:&quot;17:30&quot;}]}}},&quot;styles&quot;:{&quot;type&quot;:&quot;round&quot;,&quot;backgroundColor&quot;:&quot;#2DB742&quot;,&quot;textColor&quot;:&quot;#fff&quot;,&quot;label&quot;:&quot;Necesitas ayuda? Hablemos&quot;,&quot;width&quot;:300,&quot;height&quot;:64},&quot;avatar&quot;:&quot;https:\\\/\\\/nonamepublicidad.com\\\/wp-content\\\/uploads\\\/2021\\\/05\\\/coffee_time_miraflores_espresso_bar_02.jpg&quot;,&quot;options&quot;:{&quot;display&quot;:{&quot;displayCondition&quot;:&quot;showAllPage&quot;,&quot;includePages&quot;:[],&quot;excludePages&quot;:[],&quot;includePosts&quot;:[],&quot;showOnDesktop&quot;:&quot;ON&quot;,&quot;showOnMobile&quot;:&quot;ON&quot;,&quot;time_symbols&quot;:&quot;h:m&quot;},&quot;styles&quot;:{&quot;title&quot;:&quot;Start a Conversation&quot;,&quot;responseText&quot;:&quot;The team typically replies in a few minutes.&quot;,&quot;description&quot;:&quot;Hi! Click one of our member below to chat on &lt;strong&gt;WhatsApp&lt;\\\/strong&gt;&quot;,&quot;backgroundColor&quot;:&quot;#2db742&quot;,&quot;textColor&quot;:&quot;#fff&quot;,&quot;scrollHeight&quot;:500,&quot;isShowScroll&quot;:&quot;OFF&quot;,&quot;isShowResponseText&quot;:&quot;ON&quot;,&quot;isShowPoweredBy&quot;:&quot;ON&quot;,&quot;btnLabel&quot;:&quot;Need Help? &lt;strong&gt;Chat with us&lt;\\\/strong&gt;&quot;,&quot;btnLabelWidth&quot;:156,&quot;btnPosition&quot;:&quot;right&quot;,&quot;btnLeftDistance&quot;:30,&quot;btnRightDistance&quot;:30,&quot;btnBottomDistance&quot;:30,&quot;isShowBtnLabel&quot;:&quot;ON&quot;,&quot;isShowGDPR&quot;:&quot;OFF&quot;,&quot;gdprContent&quot;:&quot;Please accept our &lt;a href=\\&quot;https:\\\/\\\/ninjateam.org\\\/privacy-policy\\\/\\&quot;&gt;privacy policy&lt;\\\/a&gt; first to start a conversation.&quot;,&quot;widgetType&quot;:&quot;expandable&quot;},&quot;analytics&quot;:{&quot;enabledGoogle&quot;:&quot;OFF&quot;,&quot;enabledFacebook&quot;:&quot;OFF&quot;,&quot;enabledGoogleGA4&quot;:&quot;OFF&quot;}},&quot;gdprStatus&quot;:false,&quot;defaultAvatar&quot;:&quot;https:\\\/\\\/nonamepublicidad.com\\\/wp-content\\\/plugins\\\/whatsapp-for-wordpress\\\/assets\\\/img\\\/whatsapp_logo.svg&quot;}\"><\/div>\n<div style=\"visibility: hidden;\">cafe, cafetera, cafetera italiana, cafeterias, cafeina, caf\u00e9, caf\u00e9 peruano, caf\u00e9 natural, caf\u00e9 natural molido, cafe natural, cafe natural molido, cafe peruano, cafe peruano en el mundo, cafe peruano de exportacion, cafe peruano de chanchamayo, caf\u00e9 peruano, caf\u00e9 peruano precio, cafe peruano de exportacion, cafe en lima peru, caf\u00e9 en lima, caf\u00e9 arom\u00e1tico, cafe aromatico tradicional, cafe aromatico, cafe aromatico tradicional, cafe molido, cafe molido para pasar, cafe molido precio, cafe molido espresso, cafe molido medio, cafe molido grueso, caf\u00e9 molido, caf\u00e9 molido para pasar, caf\u00e9 molido precio, caf\u00e9 molido delivery, caf\u00e9 molido para cafetera italiana, cafe molido para cafetera francesa, cafe molido para cafetera electrica, caf\u00e9 boutique, tienda de caf\u00e9, cafeter\u00eda, bebida de caf\u00e9, caf\u00e9 americano, caf\u00e9 de Per\u00fa, caf\u00e9 con leche, capuchino, caf\u00e9 molido, caf\u00e9 tostado, caf\u00e9 Miraflores, caf\u00e9 con hielo, coffee, coffee Per\u00fa<\/div>\n","protected":false},"featured_media":7640,"comment_status":"open","ping_status":"closed","template":"","meta":[],"product_brand":[],"product_cat":[113,107],"product_tag":[529,1022,1023,1020,1021,1018,1016,1017,1019],"class_list":{"0":"post-7642","1":"product","2":"type-product","3":"status-publish","4":"has-post-thumbnail","6":"product_cat-alimentos-y-bebidas","7":"product_cat-otras-categorias","8":"product_tag-cafe","9":"product_tag-cafe-aromatico","10":"product_tag-cafe-molido-para-pasar","11":"product_tag-cafe-peruano","12":"product_tag-cafe-peruano-de-exportacion","13":"product_tag-chanchamayo","14":"product_tag-junin","15":"product_tag-la-merced","16":"product_tag-selva-central-del-peru","18":"first","19":"instock","20":"virtual","21":"taxable","22":"product-type-simple"},"_links":{"self":[{"href":"https:\/\/nonamepublicidad.com\/en\/wp-json\/wp\/v2\/product\/7642","targetHints":{"allow":["GET"]}}],"collection":[{"href":"https:\/\/nonamepublicidad.com\/en\/wp-json\/wp\/v2\/product"}],"about":[{"href":"https:\/\/nonamepublicidad.com\/en\/wp-json\/wp\/v2\/types\/product"}],"replies":[{"embeddable":true,"href":"https:\/\/nonamepublicidad.com\/en\/wp-json\/wp\/v2\/comments?post=7642"}],"version-history":[{"count":0,"href":"https:\/\/nonamepublicidad.com\/en\/wp-json\/wp\/v2\/product\/7642\/revisions"}],"wp:featuredmedia":[{"embeddable":true,"href":"https:\/\/nonamepublicidad.com\/en\/wp-json\/wp\/v2\/media\/7640"}],"wp:attachment":[{"href":"https:\/\/nonamepublicidad.com\/en\/wp-json\/wp\/v2\/media?parent=7642"}],"wp:term":[{"taxonomy":"product_brand","embeddable":true,"href":"https:\/\/nonamepublicidad.com\/en\/wp-json\/wp\/v2\/product_brand?post=7642"},{"taxonomy":"product_cat","embeddable":true,"href":"https:\/\/nonamepublicidad.com\/en\/wp-json\/wp\/v2\/product_cat?post=7642"},{"taxonomy":"product_tag","embeddable":true,"href":"https:\/\/nonamepublicidad.com\/en\/wp-json\/wp\/v2\/product_tag?post=7642"}],"curies":[{"name":"wp","href":"https:\/\/api.w.org\/{rel}","templated":true}]}}