{"id":7786,"date":"2021-05-19T22:51:57","date_gmt":"2021-05-20T03:51:57","guid":{"rendered":"http:\/\/nonamepublicidad.com\/?post_type=product&#038;p=7786"},"modified":"2024-12-02T08:49:20","modified_gmt":"2024-12-02T13:49:20","slug":"bicicleta-montanera-peerless-s-400-aro-29","status":"publish","type":"product","link":"https:\/\/nonamepublicidad.com\/en\/product\/bicicleta-montanera-peerless-s-400-aro-29\/","title":{"rendered":"Bicicleta Monta\u00f1era Peerless S-400 Aro 29"},"content":{"rendered":"<p>PEERLESS S-400 llega por primera vez al pa\u00eds, dise\u00f1ada para uso deportivo en la modalidad XC, cuenta con equipamiento Shimano Tz500 original, cubiertas KENDA 1162, direcci\u00f3n 1-1\/8 y ejes NECO Taiw\u00e1n.<\/p>\n<p>&nbsp;<\/p>","protected":false},"excerpt":{"rendered":"<ul>\n<li>Precio por unidad<\/li>\n<li>Tipo: monta\u00f1era \u2013 recreativo<\/li>\n<li>Aro: 29<\/li>\n<li>G\u00e9nero: adulto<\/li>\n<li>Tipo de freno: double disc \u2013 brake 160mm<\/li>\n<li>Numero de cambios: 21 cambios<\/li>\n<li>Horquilla: fork:29\u2033x38, ED+SP, GD-938SD-K, with lock out<\/li>\n<li>Tim\u00f3n: SWALLOW handlebar 22.2&#215;31.8x650Wx2.0T<\/li>\n<li>Pedal: resina de alta resistencia<\/li>\n<li>Material de marco: aluminio 29\u201dx16\u201d<\/li>\n<li>Asiento: gel marca CRO<\/li>\n<li>Rayos: acero 32H<\/li>\n<li>Freewheel: INDEX, 1\/2&#215;3\/32x7PCS<\/li>\n<li>F hub: SF-HB25, with QR (plumilla)<\/li>\n<li>R hub: SF-HB25, 3\/8\u2033x14Gx32Hx135Wx180L<\/li>\n<li>Chainwheel: INDEX, 1\/2\u2033x3\/32\u2033x24\/34\/42Tx170mm<\/li>\n<li>Llantas: KENDA 1162, 29\u201dx2.10<\/li>\n<li>Peso: 16 Kg. aprox<\/li>\n<li>Color: Negro<\/li>\n<li>Imagen referencial<\/li>\n<\/ul>\n<p>Pedidos al: <a href=\"tel:51948854076\">(+51) 948854076<\/a><\/p>\n<div class=\"nta_wa_button\" data-id=\"13554\" data-info=\"{&quot;name&quot;:&quot;Zprinter&quot;,&quot;info&quot;:{&quot;number&quot;:&quot;+51948854076&quot;,&quot;title&quot;:&quot;Zprinter | Tienda&quot;,&quot;predefinedText&quot;:&quot;Hola Zprinter. Me gustar\\u00eda m\\u00e1s informaci\\u00f3n de [njwa_page_title] Este es el link [njwa_page_url]&quot;,&quot;willBeBackText&quot;:&quot;I will be back in [njwa_time_work]&quot;,&quot;dayOffsText&quot;:&quot;I will be back soon&quot;,&quot;isAlwaysAvailable&quot;:&quot;ON&quot;,&quot;daysOfWeekWorking&quot;:{&quot;sunday&quot;:{&quot;isWorkingOnDay&quot;:&quot;OFF&quot;,&quot;workHours&quot;:[{&quot;startTime&quot;:&quot;08:00&quot;,&quot;endTime&quot;:&quot;17:30&quot;}]},&quot;monday&quot;:{&quot;isWorkingOnDay&quot;:&quot;OFF&quot;,&quot;workHours&quot;:[{&quot;startTime&quot;:&quot;08:00&quot;,&quot;endTime&quot;:&quot;17:30&quot;}]},&quot;tuesday&quot;:{&quot;isWorkingOnDay&quot;:&quot;OFF&quot;,&quot;workHours&quot;:[{&quot;startTime&quot;:&quot;08:00&quot;,&quot;endTime&quot;:&quot;17:30&quot;}]},&quot;wednesday&quot;:{&quot;isWorkingOnDay&quot;:&quot;OFF&quot;,&quot;workHours&quot;:[{&quot;startTime&quot;:&quot;08:00&quot;,&quot;endTime&quot;:&quot;17:30&quot;}]},&quot;thursday&quot;:{&quot;isWorkingOnDay&quot;:&quot;OFF&quot;,&quot;workHours&quot;:[{&quot;startTime&quot;:&quot;08:00&quot;,&quot;endTime&quot;:&quot;17:30&quot;}]},&quot;friday&quot;:{&quot;isWorkingOnDay&quot;:&quot;OFF&quot;,&quot;workHours&quot;:[{&quot;startTime&quot;:&quot;08:00&quot;,&quot;endTime&quot;:&quot;17:30&quot;}]},&quot;saturday&quot;:{&quot;isWorkingOnDay&quot;:&quot;OFF&quot;,&quot;workHours&quot;:[{&quot;startTime&quot;:&quot;08:00&quot;,&quot;endTime&quot;:&quot;17:30&quot;}]}}},&quot;styles&quot;:{&quot;type&quot;:&quot;round&quot;,&quot;backgroundColor&quot;:&quot;#2DB742&quot;,&quot;textColor&quot;:&quot;#fff&quot;,&quot;label&quot;:&quot;Necesitas ayuda? Hablemos&quot;,&quot;width&quot;:300,&quot;height&quot;:64},&quot;avatar&quot;:&quot;https:\\\/\\\/nonamepublicidad.com\\\/wp-content\\\/uploads\\\/2023\\\/02\\\/logo_zprinter.webp&quot;,&quot;options&quot;:{&quot;display&quot;:{&quot;displayCondition&quot;:&quot;showAllPage&quot;,&quot;includePages&quot;:[],&quot;excludePages&quot;:[],&quot;includePosts&quot;:[],&quot;showOnDesktop&quot;:&quot;ON&quot;,&quot;showOnMobile&quot;:&quot;ON&quot;,&quot;time_symbols&quot;:&quot;h:m&quot;},&quot;styles&quot;:{&quot;title&quot;:&quot;Start a Conversation&quot;,&quot;responseText&quot;:&quot;The team typically replies in a few minutes.&quot;,&quot;description&quot;:&quot;Hi! Click one of our member below to chat on &lt;strong&gt;WhatsApp&lt;\\\/strong&gt;&quot;,&quot;backgroundColor&quot;:&quot;#2db742&quot;,&quot;textColor&quot;:&quot;#fff&quot;,&quot;scrollHeight&quot;:500,&quot;isShowScroll&quot;:&quot;OFF&quot;,&quot;isShowResponseText&quot;:&quot;ON&quot;,&quot;isShowPoweredBy&quot;:&quot;ON&quot;,&quot;btnLabel&quot;:&quot;Need Help? &lt;strong&gt;Chat with us&lt;\\\/strong&gt;&quot;,&quot;btnLabelWidth&quot;:156,&quot;btnPosition&quot;:&quot;right&quot;,&quot;btnLeftDistance&quot;:30,&quot;btnRightDistance&quot;:30,&quot;btnBottomDistance&quot;:30,&quot;isShowBtnLabel&quot;:&quot;ON&quot;,&quot;isShowGDPR&quot;:&quot;OFF&quot;,&quot;gdprContent&quot;:&quot;Please accept our &lt;a href=\\&quot;https:\\\/\\\/ninjateam.org\\\/privacy-policy\\\/\\&quot;&gt;privacy policy&lt;\\\/a&gt; first to start a conversation.&quot;,&quot;widgetType&quot;:&quot;expandable&quot;},&quot;analytics&quot;:{&quot;enabledGoogle&quot;:&quot;OFF&quot;,&quot;enabledFacebook&quot;:&quot;OFF&quot;,&quot;enabledGoogleGA4&quot;:&quot;OFF&quot;}},&quot;gdprStatus&quot;:false,&quot;defaultAvatar&quot;:&quot;https:\\\/\\\/nonamepublicidad.com\\\/wp-content\\\/plugins\\\/whatsapp-for-wordpress\\\/assets\\\/img\\\/whatsapp_logo.svg&quot;}\"><\/div>\n<div style=\"visibility: hidden;\">Bicicleta, Bicicletas, Bicicleta Aro 29, Bicicletas Peru, Ciclismo, Bike, Bicicleta Urbana, Bicicleta Monta\u00f1era, Bicicleta Unisex, Bicicleta Mtb<\/div>\n","protected":false},"featured_media":7785,"comment_status":"open","ping_status":"closed","template":"","meta":[],"product_brand":[],"product_cat":[341,333],"product_tag":[1255,1261,1256,1259,1258,968,973,978,1241,975,976,1257],"class_list":{"0":"post-7786","1":"product","2":"type-product","3":"status-publish","4":"has-post-thumbnail","6":"product_cat-ciclismo","7":"product_cat-deportes-y-fitness","8":"product_tag-bicicleta","9":"product_tag-bicicleta-aro-29","10":"product_tag-bicicleta-montanera","11":"product_tag-bicicleta-mtb","12":"product_tag-bicicleta-unisex","13":"product_tag-bicicletas","14":"product_tag-bicicletas-peru","15":"product_tag-bike","16":"product_tag-ciclismo","17":"product_tag-deporte","18":"product_tag-deportes","19":"product_tag-mtb","21":"first","22":"instock","23":"virtual","24":"taxable","25":"product-type-simple"},"_links":{"self":[{"href":"https:\/\/nonamepublicidad.com\/en\/wp-json\/wp\/v2\/product\/7786","targetHints":{"allow":["GET"]}}],"collection":[{"href":"https:\/\/nonamepublicidad.com\/en\/wp-json\/wp\/v2\/product"}],"about":[{"href":"https:\/\/nonamepublicidad.com\/en\/wp-json\/wp\/v2\/types\/product"}],"replies":[{"embeddable":true,"href":"https:\/\/nonamepublicidad.com\/en\/wp-json\/wp\/v2\/comments?post=7786"}],"version-history":[{"count":0,"href":"https:\/\/nonamepublicidad.com\/en\/wp-json\/wp\/v2\/product\/7786\/revisions"}],"wp:featuredmedia":[{"embeddable":true,"href":"https:\/\/nonamepublicidad.com\/en\/wp-json\/wp\/v2\/media\/7785"}],"wp:attachment":[{"href":"https:\/\/nonamepublicidad.com\/en\/wp-json\/wp\/v2\/media?parent=7786"}],"wp:term":[{"taxonomy":"product_brand","embeddable":true,"href":"https:\/\/nonamepublicidad.com\/en\/wp-json\/wp\/v2\/product_brand?post=7786"},{"taxonomy":"product_cat","embeddable":true,"href":"https:\/\/nonamepublicidad.com\/en\/wp-json\/wp\/v2\/product_cat?post=7786"},{"taxonomy":"product_tag","embeddable":true,"href":"https:\/\/nonamepublicidad.com\/en\/wp-json\/wp\/v2\/product_tag?post=7786"}],"curies":[{"name":"wp","href":"https:\/\/api.w.org\/{rel}","templated":true}]}}