{"id":7866,"date":"2021-05-28T10:09:58","date_gmt":"2021-05-28T15:09:58","guid":{"rendered":"http:\/\/nonamepublicidad.com\/?post_type=product&#038;p=7866"},"modified":"2024-12-02T08:49:21","modified_gmt":"2024-12-02T13:49:21","slug":"inflador-portatil-mini-pum-120-psi-para-bicicleta","status":"publish","type":"product","link":"https:\/\/nonamepublicidad.com\/en\/product\/inflador-portatil-mini-pum-120-psi-para-bicicleta\/","title":{"rendered":"Inflador Port\u00e1til Mini Pum 120 psi para Bicicleta"},"content":{"rendered":"<p>Inflador Kun Peng doble entrada port\u00e1til, ll\u00e9valo a todas partes y maneja seguro.<\/p>","protected":false},"excerpt":{"rendered":"<ul>\n<li>Precio por unidad<\/li>\n<li>Presi\u00f3n m\u00e1xima 120 psi<\/li>\n<li>Incluye soporte para marco, dos tornillos, faja de seguridad<\/li>\n<li>Ombligo de doble v\u00e1lvula, no m\u00e1s reversa<\/li>\n<li>Peso ligero<\/li>\n<li>Material aluminio<\/li>\n<li>Imagen referencial<\/li>\n<\/ul>\n<p>Pedidos al: <a href=\"tel:51948854076\">(+51) 948854076<\/a><\/p>\n<div class=\"nta_wa_button\" data-id=\"13554\" data-info=\"{&quot;name&quot;:&quot;Zprinter&quot;,&quot;info&quot;:{&quot;number&quot;:&quot;+51948854076&quot;,&quot;title&quot;:&quot;Zprinter | Tienda&quot;,&quot;predefinedText&quot;:&quot;Hola Zprinter. Me gustar\\u00eda m\\u00e1s informaci\\u00f3n de [njwa_page_title] Este es el link [njwa_page_url]&quot;,&quot;willBeBackText&quot;:&quot;I will be back in [njwa_time_work]&quot;,&quot;dayOffsText&quot;:&quot;I will be back soon&quot;,&quot;isAlwaysAvailable&quot;:&quot;ON&quot;,&quot;daysOfWeekWorking&quot;:{&quot;sunday&quot;:{&quot;isWorkingOnDay&quot;:&quot;OFF&quot;,&quot;workHours&quot;:[{&quot;startTime&quot;:&quot;08:00&quot;,&quot;endTime&quot;:&quot;17:30&quot;}]},&quot;monday&quot;:{&quot;isWorkingOnDay&quot;:&quot;OFF&quot;,&quot;workHours&quot;:[{&quot;startTime&quot;:&quot;08:00&quot;,&quot;endTime&quot;:&quot;17:30&quot;}]},&quot;tuesday&quot;:{&quot;isWorkingOnDay&quot;:&quot;OFF&quot;,&quot;workHours&quot;:[{&quot;startTime&quot;:&quot;08:00&quot;,&quot;endTime&quot;:&quot;17:30&quot;}]},&quot;wednesday&quot;:{&quot;isWorkingOnDay&quot;:&quot;OFF&quot;,&quot;workHours&quot;:[{&quot;startTime&quot;:&quot;08:00&quot;,&quot;endTime&quot;:&quot;17:30&quot;}]},&quot;thursday&quot;:{&quot;isWorkingOnDay&quot;:&quot;OFF&quot;,&quot;workHours&quot;:[{&quot;startTime&quot;:&quot;08:00&quot;,&quot;endTime&quot;:&quot;17:30&quot;}]},&quot;friday&quot;:{&quot;isWorkingOnDay&quot;:&quot;OFF&quot;,&quot;workHours&quot;:[{&quot;startTime&quot;:&quot;08:00&quot;,&quot;endTime&quot;:&quot;17:30&quot;}]},&quot;saturday&quot;:{&quot;isWorkingOnDay&quot;:&quot;OFF&quot;,&quot;workHours&quot;:[{&quot;startTime&quot;:&quot;08:00&quot;,&quot;endTime&quot;:&quot;17:30&quot;}]}}},&quot;styles&quot;:{&quot;type&quot;:&quot;round&quot;,&quot;backgroundColor&quot;:&quot;#2DB742&quot;,&quot;textColor&quot;:&quot;#fff&quot;,&quot;label&quot;:&quot;Necesitas ayuda? Hablemos&quot;,&quot;width&quot;:300,&quot;height&quot;:64},&quot;avatar&quot;:&quot;https:\\\/\\\/nonamepublicidad.com\\\/wp-content\\\/uploads\\\/2023\\\/02\\\/logo_zprinter.webp&quot;,&quot;options&quot;:{&quot;display&quot;:{&quot;displayCondition&quot;:&quot;showAllPage&quot;,&quot;includePages&quot;:[],&quot;excludePages&quot;:[],&quot;includePosts&quot;:[],&quot;showOnDesktop&quot;:&quot;ON&quot;,&quot;showOnMobile&quot;:&quot;ON&quot;,&quot;time_symbols&quot;:&quot;h:m&quot;},&quot;styles&quot;:{&quot;title&quot;:&quot;Start a Conversation&quot;,&quot;responseText&quot;:&quot;The team typically replies in a few minutes.&quot;,&quot;description&quot;:&quot;Hi! Click one of our member below to chat on &lt;strong&gt;WhatsApp&lt;\\\/strong&gt;&quot;,&quot;backgroundColor&quot;:&quot;#2db742&quot;,&quot;textColor&quot;:&quot;#fff&quot;,&quot;scrollHeight&quot;:500,&quot;isShowScroll&quot;:&quot;OFF&quot;,&quot;isShowResponseText&quot;:&quot;ON&quot;,&quot;isShowPoweredBy&quot;:&quot;ON&quot;,&quot;btnLabel&quot;:&quot;Need Help? &lt;strong&gt;Chat with us&lt;\\\/strong&gt;&quot;,&quot;btnLabelWidth&quot;:156,&quot;btnPosition&quot;:&quot;right&quot;,&quot;btnLeftDistance&quot;:30,&quot;btnRightDistance&quot;:30,&quot;btnBottomDistance&quot;:30,&quot;isShowBtnLabel&quot;:&quot;ON&quot;,&quot;isShowGDPR&quot;:&quot;OFF&quot;,&quot;gdprContent&quot;:&quot;Please accept our &lt;a href=\\&quot;https:\\\/\\\/ninjateam.org\\\/privacy-policy\\\/\\&quot;&gt;privacy policy&lt;\\\/a&gt; first to start a conversation.&quot;,&quot;widgetType&quot;:&quot;expandable&quot;},&quot;analytics&quot;:{&quot;enabledGoogle&quot;:&quot;OFF&quot;,&quot;enabledFacebook&quot;:&quot;OFF&quot;,&quot;enabledGoogleGA4&quot;:&quot;OFF&quot;}},&quot;gdprStatus&quot;:false,&quot;defaultAvatar&quot;:&quot;https:\\\/\\\/nonamepublicidad.com\\\/wp-content\\\/plugins\\\/whatsapp-for-wordpress\\\/assets\\\/img\\\/whatsapp_logo.svg&quot;}\"><\/div>\n<div style=\"visibility: hidden;\">Bicicleta, Bicicletas, Bicicleta Aro 24, Bicicleta Aro 26, Bicicleta Aro 27.5, Bicicleta Aro 29, Accesorios para Bicicleta, Bicicletas Peru, Ciclismo, Deporte, Deportes, Bike, Bicicleta de Paseo, Bicicleta Urbana, Bicicleta Campera, Bicicleta MTB, Bicicleta Vintage, Bicicleta para Dama, Bicicleta para Mujer, Bicicleta para Monta\u00f1era, Infladores, Inflador Para Bicicleta, Inflador, Inflador De Llantas<\/div>\n","protected":false},"featured_media":7846,"comment_status":"open","ping_status":"closed","template":"","meta":[],"product_brand":[],"product_cat":[341,333],"product_tag":[1276,1255,1267,1251,1263,1261,1253,1256,1259,1264,1252,1277,1254,968,973,978,1241,975,976,1302,1303,1301,1300],"class_list":{"0":"post-7866","1":"product","2":"type-product","3":"status-publish","4":"has-post-thumbnail","6":"product_cat-ciclismo","7":"product_cat-deportes-y-fitness","8":"product_tag-accesorios-para-bicicleta","9":"product_tag-bicicleta","10":"product_tag-bicicleta-aro-24","11":"product_tag-bicicleta-aro-26","12":"product_tag-bicicleta-aro-27-5","13":"product_tag-bicicleta-aro-29","14":"product_tag-bicicleta-campera","15":"product_tag-bicicleta-montanera","16":"product_tag-bicicleta-mtb","17":"product_tag-bicicleta-para-dama","18":"product_tag-bicicleta-para-mujer","19":"product_tag-bicicleta-urbana","20":"product_tag-bicicleta-vintage","21":"product_tag-bicicletas","22":"product_tag-bicicletas-peru","23":"product_tag-bike","24":"product_tag-ciclismo","25":"product_tag-deporte","26":"product_tag-deportes","27":"product_tag-inflador","28":"product_tag-inflador-de-llantas","29":"product_tag-inflador-para-bicicleta","30":"product_tag-infladores","32":"first","33":"instock","34":"virtual","35":"taxable","36":"product-type-simple"},"_links":{"self":[{"href":"https:\/\/nonamepublicidad.com\/en\/wp-json\/wp\/v2\/product\/7866","targetHints":{"allow":["GET"]}}],"collection":[{"href":"https:\/\/nonamepublicidad.com\/en\/wp-json\/wp\/v2\/product"}],"about":[{"href":"https:\/\/nonamepublicidad.com\/en\/wp-json\/wp\/v2\/types\/product"}],"replies":[{"embeddable":true,"href":"https:\/\/nonamepublicidad.com\/en\/wp-json\/wp\/v2\/comments?post=7866"}],"version-history":[{"count":0,"href":"https:\/\/nonamepublicidad.com\/en\/wp-json\/wp\/v2\/product\/7866\/revisions"}],"wp:featuredmedia":[{"embeddable":true,"href":"https:\/\/nonamepublicidad.com\/en\/wp-json\/wp\/v2\/media\/7846"}],"wp:attachment":[{"href":"https:\/\/nonamepublicidad.com\/en\/wp-json\/wp\/v2\/media?parent=7866"}],"wp:term":[{"taxonomy":"product_brand","embeddable":true,"href":"https:\/\/nonamepublicidad.com\/en\/wp-json\/wp\/v2\/product_brand?post=7866"},{"taxonomy":"product_cat","embeddable":true,"href":"https:\/\/nonamepublicidad.com\/en\/wp-json\/wp\/v2\/product_cat?post=7866"},{"taxonomy":"product_tag","embeddable":true,"href":"https:\/\/nonamepublicidad.com\/en\/wp-json\/wp\/v2\/product_tag?post=7866"}],"curies":[{"name":"wp","href":"https:\/\/api.w.org\/{rel}","templated":true}]}}