{"id":7879,"date":"2021-05-30T10:16:51","date_gmt":"2021-05-30T15:16:51","guid":{"rendered":"http:\/\/nonamepublicidad.com\/?post_type=product&#038;p=7879"},"modified":"2024-12-02T08:49:21","modified_gmt":"2024-12-02T13:49:21","slug":"liquido-anti-pinchazo-oko-250-ml-para-bicicleta","status":"publish","type":"product","link":"https:\/\/nonamepublicidad.com\/en\/product\/liquido-anti-pinchazo-oko-250-ml-para-bicicleta\/","title":{"rendered":"L\u00edquido Anti Pinchazo Oko 250 ml para Bicicleta"},"content":{"rendered":"<p>El mejor anti pinchazos<\/p>\n<p>Ahora m\u00e1s ligero que nunca<\/p>\n<p>Ahora sella los agujeros de hasta 4 mm<\/p>\n<p>Funciona en m\u00faltiples punciones<\/p>\n<p>Dura la vida \u00fatil del neum\u00e1tico<\/p>\n<p>Apto para todo tipo de bicicletas<\/p>\n<p>Ideal para neum\u00e1ticos con c\u00e1mara o para conversiones a neum\u00e1ticos sin c\u00e1mara UST<\/p>\n<p>No corrosivo, no inflamable, no peligroso (no excluidos de env\u00edos a\u00e9reos a diferencia de algunos productos que contienen amon\u00edaco)<\/p>\n<p>No produce efectos adversos en neum\u00e1ticos o llantas (contiene agentes anti-corrosi\u00f3n)<\/p>\n<p>Funciona en neum\u00e1ticos con c\u00e1mara y sin c\u00e1mara, con Schrader o del tipo extra\u00edble v\u00e1lvulas Presta<\/p>\n<p>(Para los neum\u00e1ticos \u201ctubeless ready\u201d, utilice una c\u00e1mara m\u00e1s OKO Magic Milk, que es el mejor sellador para los huecos en la llanta)<\/p>\n<p>Color: azul viscoso de poco olor<\/p>\n<p>Cantidad requerida:<\/p>\n<p>Hasta 18\u201d 50ml<\/p>\n<p>20\u201d BMX 80ml<\/p>\n<p>22\u201d-24\u201d Junior MTB 80ml<\/p>\n<p>26\u201d MTB 100ml<\/p>\n<p>700C 80-100ml<\/p>\n<p>29\u2033 MTB 120ml<\/p>","protected":false},"excerpt":{"rendered":"<p>OKO Puncture Free para bicicletas es un l\u00edquido a base de agua que puede utilizarse tanto para ruedas con c\u00e1mara como sin c\u00e1mara o UST.<\/p>\n<p>Te da la tranquilidad y seguridad de que durara toda la vida del neum\u00e1tico, con una dosis de 60-100ml por neum\u00e1tico en bicicletas convencionales, dependiendo del tama\u00f1o.<\/p>\n<ul>\n<li>Precio por unidad<\/li>\n<li>Imagen referencial<\/li>\n<\/ul>\n<p>Pedidos al: <a href=\"tel:51948854076\">(+51) 948854076<\/a><\/p>\n<div class=\"nta_wa_button\" data-id=\"13554\" data-info=\"{&quot;name&quot;:&quot;Zprinter&quot;,&quot;info&quot;:{&quot;number&quot;:&quot;+51948854076&quot;,&quot;title&quot;:&quot;Zprinter | Tienda&quot;,&quot;predefinedText&quot;:&quot;Hola Zprinter. Me gustar\\u00eda m\\u00e1s informaci\\u00f3n de [njwa_page_title] Este es el link [njwa_page_url]&quot;,&quot;willBeBackText&quot;:&quot;I will be back in [njwa_time_work]&quot;,&quot;dayOffsText&quot;:&quot;I will be back soon&quot;,&quot;isAlwaysAvailable&quot;:&quot;ON&quot;,&quot;daysOfWeekWorking&quot;:{&quot;sunday&quot;:{&quot;isWorkingOnDay&quot;:&quot;OFF&quot;,&quot;workHours&quot;:[{&quot;startTime&quot;:&quot;08:00&quot;,&quot;endTime&quot;:&quot;17:30&quot;}]},&quot;monday&quot;:{&quot;isWorkingOnDay&quot;:&quot;OFF&quot;,&quot;workHours&quot;:[{&quot;startTime&quot;:&quot;08:00&quot;,&quot;endTime&quot;:&quot;17:30&quot;}]},&quot;tuesday&quot;:{&quot;isWorkingOnDay&quot;:&quot;OFF&quot;,&quot;workHours&quot;:[{&quot;startTime&quot;:&quot;08:00&quot;,&quot;endTime&quot;:&quot;17:30&quot;}]},&quot;wednesday&quot;:{&quot;isWorkingOnDay&quot;:&quot;OFF&quot;,&quot;workHours&quot;:[{&quot;startTime&quot;:&quot;08:00&quot;,&quot;endTime&quot;:&quot;17:30&quot;}]},&quot;thursday&quot;:{&quot;isWorkingOnDay&quot;:&quot;OFF&quot;,&quot;workHours&quot;:[{&quot;startTime&quot;:&quot;08:00&quot;,&quot;endTime&quot;:&quot;17:30&quot;}]},&quot;friday&quot;:{&quot;isWorkingOnDay&quot;:&quot;OFF&quot;,&quot;workHours&quot;:[{&quot;startTime&quot;:&quot;08:00&quot;,&quot;endTime&quot;:&quot;17:30&quot;}]},&quot;saturday&quot;:{&quot;isWorkingOnDay&quot;:&quot;OFF&quot;,&quot;workHours&quot;:[{&quot;startTime&quot;:&quot;08:00&quot;,&quot;endTime&quot;:&quot;17:30&quot;}]}}},&quot;styles&quot;:{&quot;type&quot;:&quot;round&quot;,&quot;backgroundColor&quot;:&quot;#2DB742&quot;,&quot;textColor&quot;:&quot;#fff&quot;,&quot;label&quot;:&quot;Necesitas ayuda? Hablemos&quot;,&quot;width&quot;:300,&quot;height&quot;:64},&quot;avatar&quot;:&quot;https:\\\/\\\/nonamepublicidad.com\\\/wp-content\\\/uploads\\\/2023\\\/02\\\/logo_zprinter.webp&quot;,&quot;options&quot;:{&quot;display&quot;:{&quot;displayCondition&quot;:&quot;showAllPage&quot;,&quot;includePages&quot;:[],&quot;excludePages&quot;:[],&quot;includePosts&quot;:[],&quot;showOnDesktop&quot;:&quot;ON&quot;,&quot;showOnMobile&quot;:&quot;ON&quot;,&quot;time_symbols&quot;:&quot;h:m&quot;},&quot;styles&quot;:{&quot;title&quot;:&quot;Start a Conversation&quot;,&quot;responseText&quot;:&quot;The team typically replies in a few minutes.&quot;,&quot;description&quot;:&quot;Hi! Click one of our member below to chat on &lt;strong&gt;WhatsApp&lt;\\\/strong&gt;&quot;,&quot;backgroundColor&quot;:&quot;#2db742&quot;,&quot;textColor&quot;:&quot;#fff&quot;,&quot;scrollHeight&quot;:500,&quot;isShowScroll&quot;:&quot;OFF&quot;,&quot;isShowResponseText&quot;:&quot;ON&quot;,&quot;isShowPoweredBy&quot;:&quot;ON&quot;,&quot;btnLabel&quot;:&quot;Need Help? &lt;strong&gt;Chat with us&lt;\\\/strong&gt;&quot;,&quot;btnLabelWidth&quot;:156,&quot;btnPosition&quot;:&quot;right&quot;,&quot;btnLeftDistance&quot;:30,&quot;btnRightDistance&quot;:30,&quot;btnBottomDistance&quot;:30,&quot;isShowBtnLabel&quot;:&quot;ON&quot;,&quot;isShowGDPR&quot;:&quot;OFF&quot;,&quot;gdprContent&quot;:&quot;Please accept our &lt;a href=\\&quot;https:\\\/\\\/ninjateam.org\\\/privacy-policy\\\/\\&quot;&gt;privacy policy&lt;\\\/a&gt; first to start a conversation.&quot;,&quot;widgetType&quot;:&quot;expandable&quot;},&quot;analytics&quot;:{&quot;enabledGoogle&quot;:&quot;OFF&quot;,&quot;enabledFacebook&quot;:&quot;OFF&quot;,&quot;enabledGoogleGA4&quot;:&quot;OFF&quot;}},&quot;gdprStatus&quot;:false,&quot;defaultAvatar&quot;:&quot;https:\\\/\\\/nonamepublicidad.com\\\/wp-content\\\/plugins\\\/whatsapp-for-wordpress\\\/assets\\\/img\\\/whatsapp_logo.svg&quot;}\"><\/div>\n<div style=\"visibility: hidden;\">Bicicleta, Bicicletas, Bicicleta Aro 24, Bicicleta Aro 26, Bicicleta Aro 27.5, Bicicleta Aro 29, Accesorios para Bicicleta, Bicicletas Peru, Ciclismo, Deporte, Deportes, Bike, Bicicleta de Paseo, Bicicleta Urbana, Bicicleta Campera, Bicicleta MTB, Bicicleta Vintage, Bicicleta para Dama, Bicicleta para Mujer, Bicicleta para Monta\u00f1era, Antipinchazos, Anti Pinchazos, Parche Para Neum\u00e1ticos, Parche Para Llantas De Bicicleta, Parche Para C\u00e1maras De Bicicleta, Sella Agujeros De C\u00e1maras, Parche Para Ruedas De Bicicleta, Seguridad Para Bicicletas, Para Viajes En Bicicleta<\/div>\n","protected":false},"featured_media":7849,"comment_status":"open","ping_status":"closed","template":"","meta":[],"product_brand":[],"product_cat":[341,333],"product_tag":[1276,1313,1312,1255,1267,1251,1263,1261,1253,1256,1259,1264,1252,1277,1254,968,973,978,1241,975,976,1320,1316,1315,1314,1318,1319,1317],"class_list":{"0":"post-7879","1":"product","2":"type-product","3":"status-publish","4":"has-post-thumbnail","6":"product_cat-ciclismo","7":"product_cat-deportes-y-fitness","8":"product_tag-accesorios-para-bicicleta","9":"product_tag-anti-pinchazos","10":"product_tag-antipinchazos","11":"product_tag-bicicleta","12":"product_tag-bicicleta-aro-24","13":"product_tag-bicicleta-aro-26","14":"product_tag-bicicleta-aro-27-5","15":"product_tag-bicicleta-aro-29","16":"product_tag-bicicleta-campera","17":"product_tag-bicicleta-montanera","18":"product_tag-bicicleta-mtb","19":"product_tag-bicicleta-para-dama","20":"product_tag-bicicleta-para-mujer","21":"product_tag-bicicleta-urbana","22":"product_tag-bicicleta-vintage","23":"product_tag-bicicletas","24":"product_tag-bicicletas-peru","25":"product_tag-bike","26":"product_tag-ciclismo","27":"product_tag-deporte","28":"product_tag-deportes","29":"product_tag-para-viajes-en-bicicleta","30":"product_tag-parche-para-camaras-de-bicicleta","31":"product_tag-parche-para-llantas-de-bicicleta","32":"product_tag-parche-para-neumaticos","33":"product_tag-parche-para-ruedas-de-bicicleta","34":"product_tag-seguridad-para-bicicletas","35":"product_tag-sella-agujeros-de-camaras","37":"first","38":"instock","39":"virtual","40":"taxable","41":"product-type-simple"},"_links":{"self":[{"href":"https:\/\/nonamepublicidad.com\/en\/wp-json\/wp\/v2\/product\/7879","targetHints":{"allow":["GET"]}}],"collection":[{"href":"https:\/\/nonamepublicidad.com\/en\/wp-json\/wp\/v2\/product"}],"about":[{"href":"https:\/\/nonamepublicidad.com\/en\/wp-json\/wp\/v2\/types\/product"}],"replies":[{"embeddable":true,"href":"https:\/\/nonamepublicidad.com\/en\/wp-json\/wp\/v2\/comments?post=7879"}],"version-history":[{"count":0,"href":"https:\/\/nonamepublicidad.com\/en\/wp-json\/wp\/v2\/product\/7879\/revisions"}],"wp:featuredmedia":[{"embeddable":true,"href":"https:\/\/nonamepublicidad.com\/en\/wp-json\/wp\/v2\/media\/7849"}],"wp:attachment":[{"href":"https:\/\/nonamepublicidad.com\/en\/wp-json\/wp\/v2\/media?parent=7879"}],"wp:term":[{"taxonomy":"product_brand","embeddable":true,"href":"https:\/\/nonamepublicidad.com\/en\/wp-json\/wp\/v2\/product_brand?post=7879"},{"taxonomy":"product_cat","embeddable":true,"href":"https:\/\/nonamepublicidad.com\/en\/wp-json\/wp\/v2\/product_cat?post=7879"},{"taxonomy":"product_tag","embeddable":true,"href":"https:\/\/nonamepublicidad.com\/en\/wp-json\/wp\/v2\/product_tag?post=7879"}],"curies":[{"name":"wp","href":"https:\/\/api.w.org\/{rel}","templated":true}]}}