{"id":7904,"date":"2021-06-05T09:57:07","date_gmt":"2021-06-05T14:57:07","guid":{"rendered":"http:\/\/nonamepublicidad.com\/?post_type=product&#038;p=7904"},"modified":"2024-12-02T08:49:21","modified_gmt":"2024-12-02T13:49:21","slug":"juntos-seguimos-ayudando-a-mas-familias-asociacion-casa-ronald-mcdonald-peru","status":"publish","type":"product","link":"https:\/\/nonamepublicidad.com\/en\/product\/juntos-seguimos-ayudando-a-mas-familias-asociacion-casa-ronald-mcdonald-peru\/","title":{"rendered":"Juntos Seguimos Ayudando a M\u00e1s Familias Asociaci\u00f3n Casa Ronald McDonald Per\u00fa"},"content":{"rendered":"<p>Tambi\u00e9n puedes donar desde S\/20 soles<\/p>\n<p>Banco BCP<\/p>\n<p>Cuenta Corriente Soles:<\/p>\n<p>Nro. de Cuenta: <strong>194-2341754-0-79<\/strong><\/p>\n<p>C\u00f3digo Interbancario: <strong>00 219 400234175407 9 98<\/strong><\/p>\n<p>Yape: <strong>997185536<\/strong><\/p>\n<p>&nbsp;<\/p>\n<p>Tu donaci\u00f3n es importante, muchas <strong>familias<\/strong> esperan por ti.<\/p>","protected":false},"excerpt":{"rendered":"<p>Ay\u00fadanos a brindarle una adecuada alimentaci\u00f3n a las familias de la Casa Ronald.<\/p>\n<p>Puedes acercarte a dejar tus donaciones en los siguientes puntos de acopio:<\/p>\n<p>Casa Ronald McDonald EsSalud \u2014 Jes\u00fas Mar\u00eda:<br \/>\n\u2022 Direcci\u00f3n: Av. Olavegoya 1980, Jes\u00fas Mar\u00eda<br \/>\n\u2022 Tel\u00e9fono: <a href=\"tel:017743661\">(+51) 7743661<\/a><br \/>\n\u2022 Correo: contactenos@casaronald.org.pe<\/p>\n<p>Casa Ronald McDonald San Gabriel Surco:<br \/>\n\u2022 Direcci\u00f3n: Calle La Rep\u00fablica 110, Monterrico, Surco<br \/>\n\u2022 Tel\u00e9fono: <a href=\"tel:014016538\">(+51) 4016538<\/a><br \/>\n\u2022 Correo: contactenos@casaronald.org.pe<\/p>\n<div class=\"nta_wa_button\" data-id=\"13529\" data-info=\"{&quot;name&quot;:&quot;Fosch Rojas&quot;,&quot;info&quot;:{&quot;number&quot;:&quot;+51966790461&quot;,&quot;title&quot;:&quot;Casa Ronald | Donaciones&quot;,&quot;predefinedText&quot;:&quot;Hola Fosch Rojas, solicito informaci\\u00f3n de [njwa_page_title] Enlace: [njwa_page_url]&quot;,&quot;willBeBackText&quot;:&quot;I will be back in [njwa_time_work]&quot;,&quot;dayOffsText&quot;:&quot;I will be back soon&quot;,&quot;isAlwaysAvailable&quot;:&quot;ON&quot;,&quot;daysOfWeekWorking&quot;:{&quot;sunday&quot;:{&quot;isWorkingOnDay&quot;:&quot;OFF&quot;,&quot;workHours&quot;:[{&quot;startTime&quot;:&quot;08:00&quot;,&quot;endTime&quot;:&quot;17:30&quot;}]},&quot;monday&quot;:{&quot;isWorkingOnDay&quot;:&quot;OFF&quot;,&quot;workHours&quot;:[{&quot;startTime&quot;:&quot;08:00&quot;,&quot;endTime&quot;:&quot;17:30&quot;}]},&quot;tuesday&quot;:{&quot;isWorkingOnDay&quot;:&quot;OFF&quot;,&quot;workHours&quot;:[{&quot;startTime&quot;:&quot;08:00&quot;,&quot;endTime&quot;:&quot;17:30&quot;}]},&quot;wednesday&quot;:{&quot;isWorkingOnDay&quot;:&quot;OFF&quot;,&quot;workHours&quot;:[{&quot;startTime&quot;:&quot;08:00&quot;,&quot;endTime&quot;:&quot;17:30&quot;}]},&quot;thursday&quot;:{&quot;isWorkingOnDay&quot;:&quot;OFF&quot;,&quot;workHours&quot;:[{&quot;startTime&quot;:&quot;08:00&quot;,&quot;endTime&quot;:&quot;17:30&quot;}]},&quot;friday&quot;:{&quot;isWorkingOnDay&quot;:&quot;OFF&quot;,&quot;workHours&quot;:[{&quot;startTime&quot;:&quot;08:00&quot;,&quot;endTime&quot;:&quot;17:30&quot;}]},&quot;saturday&quot;:{&quot;isWorkingOnDay&quot;:&quot;OFF&quot;,&quot;workHours&quot;:[{&quot;startTime&quot;:&quot;08:00&quot;,&quot;endTime&quot;:&quot;17:30&quot;}]}}},&quot;styles&quot;:{&quot;type&quot;:&quot;round&quot;,&quot;backgroundColor&quot;:&quot;#2DB742&quot;,&quot;textColor&quot;:&quot;#fff&quot;,&quot;label&quot;:&quot;C\\u00f3mo ayudar? Hablemos&quot;,&quot;width&quot;:300,&quot;height&quot;:64},&quot;avatar&quot;:&quot;https:\\\/\\\/nonamepublicidad.com\\\/wp-content\\\/uploads\\\/2023\\\/02\\\/fosch_rojas_casa_ronald_peru.webp&quot;,&quot;options&quot;:{&quot;display&quot;:{&quot;displayCondition&quot;:&quot;showAllPage&quot;,&quot;includePages&quot;:[],&quot;excludePages&quot;:[],&quot;includePosts&quot;:[],&quot;showOnDesktop&quot;:&quot;ON&quot;,&quot;showOnMobile&quot;:&quot;ON&quot;,&quot;time_symbols&quot;:&quot;h:m&quot;},&quot;styles&quot;:{&quot;title&quot;:&quot;Start a Conversation&quot;,&quot;responseText&quot;:&quot;The team typically replies in a few minutes.&quot;,&quot;description&quot;:&quot;Hi! Click one of our member below to chat on &lt;strong&gt;WhatsApp&lt;\\\/strong&gt;&quot;,&quot;backgroundColor&quot;:&quot;#2db742&quot;,&quot;textColor&quot;:&quot;#fff&quot;,&quot;scrollHeight&quot;:500,&quot;isShowScroll&quot;:&quot;OFF&quot;,&quot;isShowResponseText&quot;:&quot;ON&quot;,&quot;isShowPoweredBy&quot;:&quot;ON&quot;,&quot;btnLabel&quot;:&quot;Need Help? &lt;strong&gt;Chat with us&lt;\\\/strong&gt;&quot;,&quot;btnLabelWidth&quot;:156,&quot;btnPosition&quot;:&quot;right&quot;,&quot;btnLeftDistance&quot;:30,&quot;btnRightDistance&quot;:30,&quot;btnBottomDistance&quot;:30,&quot;isShowBtnLabel&quot;:&quot;ON&quot;,&quot;isShowGDPR&quot;:&quot;OFF&quot;,&quot;gdprContent&quot;:&quot;Please accept our &lt;a href=\\&quot;https:\\\/\\\/ninjateam.org\\\/privacy-policy\\\/\\&quot;&gt;privacy policy&lt;\\\/a&gt; first to start a conversation.&quot;,&quot;widgetType&quot;:&quot;expandable&quot;},&quot;analytics&quot;:{&quot;enabledGoogle&quot;:&quot;OFF&quot;,&quot;enabledFacebook&quot;:&quot;OFF&quot;,&quot;enabledGoogleGA4&quot;:&quot;OFF&quot;}},&quot;gdprStatus&quot;:false,&quot;defaultAvatar&quot;:&quot;https:\\\/\\\/nonamepublicidad.com\\\/wp-content\\\/plugins\\\/whatsapp-for-wordpress\\\/assets\\\/img\\\/whatsapp_logo.svg&quot;}\"><\/div>\n<div style=\"visibility: hidden;\">donaciones, donaci\u00f3n, ayuda social, donaci\u00f3n de alimentos, donaci\u00f3n de productos de primera necesidad, casa ronald peru, asociaci\u00f3n casa ronald mcdonald peru, apoyo social, voluntariado, voluntario, voluntarios, rmhc, manteniendo a las familias cerca, help kids, keeping families close<\/div>\n","protected":false},"featured_media":7911,"comment_status":"open","ping_status":"closed","template":"","meta":[],"product_brand":[],"product_cat":[925,926],"product_tag":[1354,1353,941,933,1350,1351,1352,1349,939,940,935,932,1355,1356,1357],"class_list":{"0":"post-7904","1":"product","2":"type-product","3":"status-publish","4":"has-post-thumbnail","6":"product_cat-ayuda-social","7":"product_cat-casa-ronald-mcdonald-peru","8":"product_tag-apoyo-social","9":"product_tag-asociacion-casa-ronald-mcdonald-peru","10":"product_tag-ayuda-social","11":"product_tag-casa-ronald-peru","12":"product_tag-donacion","13":"product_tag-donacion-de-alimentos","14":"product_tag-donacion-de-productos-de-primera-necesidad","15":"product_tag-donaciones","16":"product_tag-help-kids","17":"product_tag-keeping-families-close","18":"product_tag-manteniendo-a-las-familias-cerca","19":"product_tag-rmhc","20":"product_tag-voluntariado","21":"product_tag-voluntario","22":"product_tag-voluntarios","24":"first","25":"instock","26":"virtual","27":"taxable","28":"product-type-simple"},"_links":{"self":[{"href":"https:\/\/nonamepublicidad.com\/en\/wp-json\/wp\/v2\/product\/7904","targetHints":{"allow":["GET"]}}],"collection":[{"href":"https:\/\/nonamepublicidad.com\/en\/wp-json\/wp\/v2\/product"}],"about":[{"href":"https:\/\/nonamepublicidad.com\/en\/wp-json\/wp\/v2\/types\/product"}],"replies":[{"embeddable":true,"href":"https:\/\/nonamepublicidad.com\/en\/wp-json\/wp\/v2\/comments?post=7904"}],"version-history":[{"count":0,"href":"https:\/\/nonamepublicidad.com\/en\/wp-json\/wp\/v2\/product\/7904\/revisions"}],"wp:featuredmedia":[{"embeddable":true,"href":"https:\/\/nonamepublicidad.com\/en\/wp-json\/wp\/v2\/media\/7911"}],"wp:attachment":[{"href":"https:\/\/nonamepublicidad.com\/en\/wp-json\/wp\/v2\/media?parent=7904"}],"wp:term":[{"taxonomy":"product_brand","embeddable":true,"href":"https:\/\/nonamepublicidad.com\/en\/wp-json\/wp\/v2\/product_brand?post=7904"},{"taxonomy":"product_cat","embeddable":true,"href":"https:\/\/nonamepublicidad.com\/en\/wp-json\/wp\/v2\/product_cat?post=7904"},{"taxonomy":"product_tag","embeddable":true,"href":"https:\/\/nonamepublicidad.com\/en\/wp-json\/wp\/v2\/product_tag?post=7904"}],"curies":[{"name":"wp","href":"https:\/\/api.w.org\/{rel}","templated":true}]}}