{"id":7930,"date":"2021-06-06T23:05:50","date_gmt":"2021-06-07T04:05:50","guid":{"rendered":"http:\/\/nonamepublicidad.com\/?post_type=product&#038;p=7930"},"modified":"2024-12-02T08:49:21","modified_gmt":"2024-12-02T13:49:21","slug":"la-ptite-france-panaderia-pasteleria","status":"publish","type":"product","link":"https:\/\/nonamepublicidad.com\/en\/product\/la-ptite-france-panaderia-pasteleria\/","title":{"rendered":"La Ptite France Panader\u00eda Pasteler\u00eda"},"content":{"rendered":"<p>Nuestros productos son elaborados con el proceso de fabricaci\u00f3n tradicional artesanal franc\u00e9s, fermentaci\u00f3n larga y masa madre. Usamos harina \u201csin aditivos\u201d producida a pedido, tambi\u00e9n harinas oriundas provenientes de diferentes regiones del Per\u00fa. Los panes han sido dise\u00f1ados por \u201cHenri Poch\u201d, MOF 2000 (Mejor Artesano de Francia en Panader\u00eda).<\/p>\n<p>Nuestro equipo est\u00e1 conformado por un maestro panadero peruano y un maestro panadero franc\u00e9s, ambos bajo la supervisi\u00f3n de \u201cHenri Poch, socio de la Empresa.<\/p>\n<p>&nbsp;<\/p>\n<p><strong>PANES DULCES<\/strong><\/p>\n<p>-Croissant<\/p>\n<p>-Croissant de Almendras<\/p>\n<p>-Palito de Chocolate<\/p>\n<p>-Pan de Chocolate<\/p>\n<p>-Brioche Familiar<\/p>\n<p>-Pan de Pasas<\/p>\n<p>-Brioche Hojaldre<\/p>\n<p>-Babka de Chocolate<\/p>\n<p>-Croissant Integral con Semillas<\/p>\n<p>-Brioche Individual<\/p>\n<p>-Enrollado Choco-Pecanas<\/p>\n<p>-Mini Croissant<\/p>\n<p>-Mini Pan de Chocolate<\/p>\n<p>-Mini Pan de Pasas<\/p>\n<p>-Mini Magdalena Cl\u00e1sica \u2013 200 gr<\/p>\n<p>-Mini Magdalena de Chocolate \u2013 200 gr<\/p>\n<p>&nbsp;<\/p>\n<p><strong>PANES SALADOS<\/strong><\/p>\n<p>-CIABATTAS:<\/p>\n<p>&#8211;Ciabatta Cl\u00e1sica<\/p>\n<p>&#8211;Ciabatta Integral<\/p>\n<p>&#8211;Ciabatta de Coca<\/p>\n<p>&nbsp;<\/p>\n<p>-BAGUETTES:<\/p>\n<p>&#8211;Baguette Tradici\u00f3n<\/p>\n<p>&#8211;Baguette Aceitunas<\/p>\n<p>&#8211;Baguette Frutos Secos<\/p>\n<p>&#8211;Baguette Integral<\/p>\n<p>&#8211;Baguetino<\/p>\n<p>&#8211;Baguetino Granos<\/p>\n<p>&#8211;Baguette de Zanahoria<\/p>\n<p>&nbsp;<\/p>\n<p>-PANES Y CAMPESINOS:<\/p>\n<p>&#8211;Campesino de Granos<\/p>\n<p>&#8211;Campesino R\u00fastico<\/p>\n<p>&#8211;Pan Andino<\/p>\n<p>&#8211;Pan de Centeno<\/p>\n<p>&#8211;Pan Ca\u00f1ihua con Frutos Secos<\/p>\n<p>&nbsp;<\/p>\n<p>-PANES COCIDOS:<\/p>\n<p>&#8211;Pan Franc\u00e9s<\/p>\n<p>&#8211;Focaccia<\/p>\n<p>&nbsp;<\/p>\n<p><strong>PASTELER\u00cdA<\/strong><\/p>\n<p>-POSTRES:<\/p>\n<p>&#8211;Charlotte de Frutos Rojos<\/p>\n<p>&#8211;Eclair de Caramelo<\/p>\n<p>&#8211;Eclair de Chocolate<\/p>\n<p>&#8211;Entremet de Chocolate<\/p>\n<p>&#8211;Tartaleta de Frutos Rojos<\/p>\n<p>&#8211;Tartaleta de Pera<\/p>\n<p>&#8211;Crumble de Manzana<\/p>\n<p>&#8211;Caja Macarons x 5 unid<\/p>\n<p>&#8211;Charlotte de Mango<\/p>\n<p>&#8211;Coraz\u00f3n de Frutos Rojos<\/p>\n<p>&#8211;Paris Brest<\/p>\n<p>&#8211;\u00d3pera<\/p>\n<p>&#8211;Tartaleta de Choco-Caramelo<\/p>\n<p>&#8211;Esfera Crujiente de Chocolate<\/p>\n<p>&#8211;Cheesecake de Fresa<\/p>\n<p>&#8211;Cheesecake de Maracuy\u00e1<\/p>\n<p>&#8211;Crocante de Choco L\u00facuma<\/p>\n<p>&#8211;Mousse Mocaccino<\/p>\n<p>&nbsp;<\/p>\n<p>-KEKES:<\/p>\n<p>&#8211;Keke de Zanahoria Entero<\/p>\n<p>&#8211;Keke de Pl\u00e1tano Entero<\/p>\n<p>&#8211;Muffin de Ar\u00e1ndanos<\/p>\n<p>&#8211;Muffin de Choco Chips<\/p>\n<p>&#8211;Muffin de Manzana<\/p>\n<p>&#8211;Keke de Frutos Secos<\/p>\n<p>&#8211;Keke de Lim\u00f3n y Ar\u00e1ndanos Entero<\/p>\n<p>&#8211;Mini Financier<\/p>\n<p>&nbsp;<\/p>\n<p>-GALLETAS:<\/p>\n<p>&#8211;Cookie Gigante de Choco Pecanas<\/p>\n<p>&#8211;Mini Galletas Avena c\/Pasas &#8211; 150 gr<\/p>\n<p>&#8211;Mini Galletas Choco Chips &#8211; 150 gr<\/p>\n<p>&#8211;Mini Galleta Diamante &#8211; 150 gr<\/p>\n<p>&nbsp;<\/p>\n<p><strong>SNACKS<\/strong><\/p>\n<p>-Pita Chips &#8211; Natural (Cl\u00e1sica)<\/p>\n<p>-Pita Chips &#8211; Integral<\/p>\n<p>-Pita Chips &#8211; Provenzal<\/p>\n<p>-Mini Galletas Avena c\/Pasas &#8211; 150 gr<\/p>\n<p>-Mini Galletas Choco Chips &#8211; 150 gr<\/p>\n<p>-Mini Galleta Diamante &#8211; 150 gr<\/p>\n<p>-Croissant Mixto<\/p>\n<p>&nbsp;<\/p>\n<p><strong>PACKS<\/strong><\/p>\n<p>-Pack Dulce<\/p>\n<p>-Pack Panes de Hamburguesa x 9<\/p>\n<p>-Pack Mejores Dulces Franceses<\/p>\n<p>-Pack Surtido de Panes Dulces<\/p>\n<p>&nbsp;<\/p>\n<p><strong>BODEGA<\/strong><\/p>\n<p>-Granola Multicereales<\/p>\n<p>-Mermelada de Fresas y Almendras<\/p>\n<p>-Mermelada de Maracuy\u00e1 &#8211; Mango &#8211; Pi\u00f1a<\/p>\n<p>-Mermelada de Higo con Pecanas<\/p>\n<p>-Pat\u00e9 &#8211; Mousse de Pato al Oporto<\/p>\n<p>-Pat\u00e9 &#8211; Rillete de Cerdo<\/p>\n<p>-Pat\u00e9 Campesino<\/p>\n<p>-Caf\u00e9 Gourmet &#8211; Granos 250 gr<\/p>\n<p>-Caf\u00e9 Gourmet &#8211; Molido 250 gr<\/p>\n<p>-Queso Brie Oxapampa &#8211; 100 gr<\/p>\n<p>-Queso Comt\u00e9 Oxapampa &#8211; 100 gr<\/p>\n<p>-Queso Taleggio Oxapampa &#8211; 100 gr<\/p>\n<p>-Harina Org\u00e1nica Andina 1 kg<\/p>\n<p>-Harina Org\u00e1nica Centeno 1 kg<\/p>\n<p>&nbsp;<\/p>\n<p><strong>BEBIDAS<\/strong><\/p>\n<p>-Vino Tinto &#8211; Saint Emilion (Chateau Picau Perna)<\/p>\n<p>-Vino Tinto &#8211; C\u00f6tes du Rh\u00f6ne (E. Guigal)<\/p>\n<p>-Vino tinto &#8211; Bordeaux Haut M\u00e9doc (Chateau D&#8217;arcins 2014)<\/p>\n<p>-Vino Rosado &#8211; C\u00f6tes de Provence (Chateau D&#8217;esclans)<\/p>\n<p>-Vino Blanco &#8211; Sauternes (Chateau des Arrieux)<\/p>\n<p>-Cerveza Premium 330 ml<\/p>\n<p>-Cerveza Panam 330 ml<\/p>\n<p>-Evian &#8211; Agua Mineral sin Gas 330 ml<\/p>\n<p>-Badoit &#8211; Agua Mineral con Gas 330 ml<\/p>\n<p>-Vino Blanco &#8211; Chablis (William Fevre 2016)<\/p>\n<p>&nbsp;<\/p>\n<p>RENDEZ-VOUS S.A.C.<\/p>","protected":false},"excerpt":{"rendered":"<p>Panader\u00eda \/ Pasteler\u00eda Artesanal con proceso de fabricaci\u00f3n tradicional franc\u00e9s e insumos peruanos.<\/p>\n<p>Ubicaci\u00f3n:<\/p>\n<p>Sucursal 1 &#8211; <a href=\"https:\/\/g.page\/laptitefrance-pe?share\" target=\"_blank\" rel=\"noopener\">Jr. Gonzales Prada 599, Surquillo 15047<\/a><\/p>\n<p>Sucursal 2 &#8211; <a href=\"https:\/\/goo.gl\/maps\/b8d9UmVsUh5FcRrF7\" target=\"_blank\" rel=\"noopener\">Pje. Atenas 195, San Isidro 15076<\/a><\/p>\n<p>Web: <a href=\"https:\/\/ptitefrance.com\/\" target=\"_blank\" rel=\"noopener\">https:\/\/ptitefrance.com\/<\/a><\/p>\n<p>Correo: atencionalcliente@ptitefrance.com<\/p>\n<p>Facebook: <a href=\"https:\/\/www.facebook.com\/laptitefrance.pe\" target=\"_blank\" rel=\"noopener\">laptitefrance.pe<\/a><\/p>\n<p>Instagram: <a href=\"https:\/\/www.instagram.com\/laptitefrance\/\" target=\"_blank\" rel=\"noopener\">@laptitefrance<\/a><\/p>\n<p>Imagen referencial<\/p>\n<p>Pedidos al: <a href=\"tel:012431565\">(+51) 2431565<\/a><\/p>\n<p>Pedidos al: <a href=\"tel:+51991617588\">(+51) 991617588<\/a><\/p>\n<div class=\"nta_wa_button\" data-id=\"14311\" data-info=\"{&quot;name&quot;:&quot;La Ptite France Panader\\u00eda Pasteler\\u00eda&quot;,&quot;info&quot;:{&quot;number&quot;:&quot;+51991617588&quot;,&quot;title&quot;:&quot;La Ptite France Panader\\u00eda Pasteler\\u00eda | Tienda&quot;,&quot;predefinedText&quot;:&quot;Hola La Ptite France. Me gustar\\u00eda m\\u00e1s informaci\\u00f3n de [njwa_page_title] Este es el link [njwa_page_url]&quot;,&quot;willBeBackText&quot;:&quot;I will be back in [njwa_time_work]&quot;,&quot;dayOffsText&quot;:&quot;I will be back soon&quot;,&quot;isAlwaysAvailable&quot;:&quot;ON&quot;,&quot;daysOfWeekWorking&quot;:{&quot;sunday&quot;:{&quot;isWorkingOnDay&quot;:&quot;OFF&quot;,&quot;workHours&quot;:[{&quot;startTime&quot;:&quot;08:00&quot;,&quot;endTime&quot;:&quot;17:30&quot;}]},&quot;monday&quot;:{&quot;isWorkingOnDay&quot;:&quot;OFF&quot;,&quot;workHours&quot;:[{&quot;startTime&quot;:&quot;08:00&quot;,&quot;endTime&quot;:&quot;17:30&quot;}]},&quot;tuesday&quot;:{&quot;isWorkingOnDay&quot;:&quot;OFF&quot;,&quot;workHours&quot;:[{&quot;startTime&quot;:&quot;08:00&quot;,&quot;endTime&quot;:&quot;17:30&quot;}]},&quot;wednesday&quot;:{&quot;isWorkingOnDay&quot;:&quot;OFF&quot;,&quot;workHours&quot;:[{&quot;startTime&quot;:&quot;08:00&quot;,&quot;endTime&quot;:&quot;17:30&quot;}]},&quot;thursday&quot;:{&quot;isWorkingOnDay&quot;:&quot;OFF&quot;,&quot;workHours&quot;:[{&quot;startTime&quot;:&quot;08:00&quot;,&quot;endTime&quot;:&quot;17:30&quot;}]},&quot;friday&quot;:{&quot;isWorkingOnDay&quot;:&quot;OFF&quot;,&quot;workHours&quot;:[{&quot;startTime&quot;:&quot;08:00&quot;,&quot;endTime&quot;:&quot;17:30&quot;}]},&quot;saturday&quot;:{&quot;isWorkingOnDay&quot;:&quot;OFF&quot;,&quot;workHours&quot;:[{&quot;startTime&quot;:&quot;08:00&quot;,&quot;endTime&quot;:&quot;17:30&quot;}]}}},&quot;styles&quot;:{&quot;type&quot;:&quot;round&quot;,&quot;backgroundColor&quot;:&quot;#2DB742&quot;,&quot;textColor&quot;:&quot;#fff&quot;,&quot;label&quot;:&quot;Necesitas ayuda? Hablemos&quot;,&quot;width&quot;:300,&quot;height&quot;:64},&quot;avatar&quot;:&quot;https:\\\/\\\/nonamepublicidad.com\\\/wp-content\\\/uploads\\\/2021\\\/06\\\/la_ptite_france_panaderia_pasteleria_panes.jpg&quot;,&quot;options&quot;:{&quot;display&quot;:{&quot;displayCondition&quot;:&quot;showAllPage&quot;,&quot;includePages&quot;:[],&quot;excludePages&quot;:[],&quot;includePosts&quot;:[],&quot;showOnDesktop&quot;:&quot;ON&quot;,&quot;showOnMobile&quot;:&quot;ON&quot;,&quot;time_symbols&quot;:&quot;h:m&quot;},&quot;styles&quot;:{&quot;title&quot;:&quot;Start a Conversation&quot;,&quot;responseText&quot;:&quot;The team typically replies in a few minutes.&quot;,&quot;description&quot;:&quot;Hi! Click one of our member below to chat on &lt;strong&gt;WhatsApp&lt;\\\/strong&gt;&quot;,&quot;backgroundColor&quot;:&quot;#2db742&quot;,&quot;textColor&quot;:&quot;#fff&quot;,&quot;scrollHeight&quot;:500,&quot;isShowScroll&quot;:&quot;OFF&quot;,&quot;isShowResponseText&quot;:&quot;ON&quot;,&quot;isShowPoweredBy&quot;:&quot;ON&quot;,&quot;btnLabel&quot;:&quot;Need Help? &lt;strong&gt;Chat with us&lt;\\\/strong&gt;&quot;,&quot;btnLabelWidth&quot;:156,&quot;btnPosition&quot;:&quot;right&quot;,&quot;btnLeftDistance&quot;:30,&quot;btnRightDistance&quot;:30,&quot;btnBottomDistance&quot;:30,&quot;isShowBtnLabel&quot;:&quot;ON&quot;,&quot;isShowGDPR&quot;:&quot;OFF&quot;,&quot;gdprContent&quot;:&quot;Please accept our &lt;a href=\\&quot;https:\\\/\\\/ninjateam.org\\\/privacy-policy\\\/\\&quot;&gt;privacy policy&lt;\\\/a&gt; first to start a conversation.&quot;,&quot;widgetType&quot;:&quot;expandable&quot;},&quot;analytics&quot;:{&quot;enabledGoogle&quot;:&quot;OFF&quot;,&quot;enabledFacebook&quot;:&quot;OFF&quot;,&quot;enabledGoogleGA4&quot;:&quot;OFF&quot;}},&quot;gdprStatus&quot;:false,&quot;defaultAvatar&quot;:&quot;https:\\\/\\\/nonamepublicidad.com\\\/wp-content\\\/plugins\\\/whatsapp-for-wordpress\\\/assets\\\/img\\\/whatsapp_logo.svg&quot;}\"><\/div>\n<div style=\"visibility: hidden;\">panader\u00eda, pasteler\u00eda, cafeter\u00edas, peque\u00f1a francia, tradici\u00f3n francesa, delicatessen, panader\u00eda artesanal, panes regionales, postres, caf\u00e9, panes dulces, panes salados, snacks, packs, bodega, bebidas, warique, huarique, alimentos, comestibles, postres, pan, pan peruano, masa madre, harinas integrales, panes artesanales, panes gourmet, pan artesanal<\/div>\n","protected":false},"featured_media":7928,"comment_status":"open","ping_status":"closed","template":"","meta":[],"product_brand":[],"product_cat":[174,166],"product_tag":[953,1359,529,1216,954,1217,1358,1218],"class_list":{"0":"post-7930","1":"product","2":"type-product","3":"status-publish","4":"has-post-thumbnail","6":"product_cat-restaurantes","7":"product_cat-servicios","8":"product_tag-alimentos","9":"product_tag-bodega","10":"product_tag-cafe","11":"product_tag-cafeteria","12":"product_tag-comestibles","13":"product_tag-panaderia","14":"product_tag-panes","15":"product_tag-postres","17":"first","18":"instock","19":"virtual","20":"taxable","21":"product-type-simple"},"_links":{"self":[{"href":"https:\/\/nonamepublicidad.com\/en\/wp-json\/wp\/v2\/product\/7930","targetHints":{"allow":["GET"]}}],"collection":[{"href":"https:\/\/nonamepublicidad.com\/en\/wp-json\/wp\/v2\/product"}],"about":[{"href":"https:\/\/nonamepublicidad.com\/en\/wp-json\/wp\/v2\/types\/product"}],"replies":[{"embeddable":true,"href":"https:\/\/nonamepublicidad.com\/en\/wp-json\/wp\/v2\/comments?post=7930"}],"version-history":[{"count":0,"href":"https:\/\/nonamepublicidad.com\/en\/wp-json\/wp\/v2\/product\/7930\/revisions"}],"wp:featuredmedia":[{"embeddable":true,"href":"https:\/\/nonamepublicidad.com\/en\/wp-json\/wp\/v2\/media\/7928"}],"wp:attachment":[{"href":"https:\/\/nonamepublicidad.com\/en\/wp-json\/wp\/v2\/media?parent=7930"}],"wp:term":[{"taxonomy":"product_brand","embeddable":true,"href":"https:\/\/nonamepublicidad.com\/en\/wp-json\/wp\/v2\/product_brand?post=7930"},{"taxonomy":"product_cat","embeddable":true,"href":"https:\/\/nonamepublicidad.com\/en\/wp-json\/wp\/v2\/product_cat?post=7930"},{"taxonomy":"product_tag","embeddable":true,"href":"https:\/\/nonamepublicidad.com\/en\/wp-json\/wp\/v2\/product_tag?post=7930"}],"curies":[{"name":"wp","href":"https:\/\/api.w.org\/{rel}","templated":true}]}}