{"id":7953,"date":"2021-06-08T19:41:28","date_gmt":"2021-06-09T00:41:28","guid":{"rendered":"http:\/\/nonamepublicidad.com\/?post_type=product&#038;p=7953"},"modified":"2024-12-02T08:49:21","modified_gmt":"2024-12-02T13:49:21","slug":"cafe-y-solidaridad-a-u-d-e","status":"publish","type":"product","link":"https:\/\/nonamepublicidad.com\/en\/product\/cafe-y-solidaridad-a-u-d-e\/","title":{"rendered":"Caf\u00e9 y Solidaridad A.U.D.E."},"content":{"rendered":"<p>Somos una Instituci\u00f3n sin fines de lucro comprometida con el mejoramiento de la calidad de vida de los ni\u00f1os infectados con el VIH\/SIDA.<\/p>\n<p>\u00a1JUNTOS HAREMOS LA DIFERENCIA!<\/p>\n<p>&nbsp;<\/p>\n<p><strong>Albergue Infantil<\/strong><\/p>\n<p>Brindamos un hogar, alimentaci\u00f3n y cuidados a ni\u00f1as\/os y adolescentes con VIH\/SIDA que se encuentren en estado de abandono.<\/p>\n<p><strong>\u00a0<\/strong><\/p>\n<p><strong>\u00a1No! A La Discriminaci\u00f3n<\/strong><\/p>\n<p>Educamos y sensibilizamos a nuestra comunidad sobre el VIH\/SIDA, para que poco a poco dejemos los prejuicios de lado.<\/p>\n<p><strong>\u00a0<\/strong><\/p>\n<p><strong>Gesti\u00f3n Responsable<\/strong><\/p>\n<p>Gestionamos las donaciones de forma responsable y transparente, buscando el mayor beneficio para nuestras ni\u00f1as y ni\u00f1os.<\/p>\n<p><strong>\u00a0<\/strong><\/p>\n<p><strong>Nuestra Misi\u00f3n<\/strong><\/p>\n<p>&nbsp;<\/p>\n<p>-Educaci\u00f3n Especializada<\/p>\n<p>Gracias a nuestros colaboradores, los ni\u00f1os y ni\u00f1as de A.UD.E. reciben conocimientos actualizados y \u00fatiles para una provechosa inserci\u00f3n social.<\/p>\n<p>&nbsp;<\/p>\n<p>-Atenci\u00f3n M\u00e9dica<\/p>\n<p>Contamos con muchos convenios con instituciones de salud que nos permiten mantener a nuestros ni\u00f1os y ni\u00f1as fuertes y sanos.<\/p>\n<p>&nbsp;<\/p>\n<p>-Comida Saludable<\/p>\n<p>Contamos con dietas balanceadas que proporcionan energ\u00eda y fuerza a nuestros ni\u00f1os y ni\u00f1as, para que su estilo de vida sea cada vez mejor.<\/p>\n<p>&nbsp;<\/p>\n<p>-Panader\u00eda Creativa<\/p>\n<p>Contamos con una panader\u00eda llamada \u00abBizcocho\u00bb, en la que producimos postres de alta calidad que nos permiten seguir recaudando fondos.<\/p>\n<p>&nbsp;<\/p>\n<p>-Reutilizaci\u00f3n \/ Reciclaje<\/p>\n<p>Todo lo que consumimos es amigable con el medio ambiente y contamos con una cultura de reciclaje profundamente arraigada en nosotros.<\/p>\n<p>&nbsp;<\/p>\n<p>-Apoyo Psico-Emocional<\/p>\n<p>Todos nuestros ni\u00f1os reciben apoyo psicol\u00f3gico y emocional, para superar su estado actual y seguir adelante con su maravillosa vida.<\/p>\n<p>&nbsp;<\/p>\n<p><strong>\u00a1Puedes Ser Un Voluntario!<\/strong><\/p>\n<p>En A.U.D.E necesitamos el apoyo de voluntarios para seguir cumpliendo con los objetivos claves. Estamos seguros de que t\u00fa puedes ayudarnos a seguir creciendo y a continuar ayudando a cientos de ni\u00f1os con VIH\/SIDA en nuestra comunidad.<\/p>\n<p>\u00a1Env\u00edanos tus datos para poder registrarte!<\/p>\n<p><a href=\"mailto:director@undiadeesperanzaperu.org\">director@undiadeesperanzaperu.org<\/a><\/p>\n<p>&nbsp;<\/p>\n<p>20 a\u00f1os acogiendo a ni\u00f1os y adolescentes con VIH \/SIDA en estado de abandono.<\/p>\n<p>GRACIAS POR SER PARTE DE NUESTRA ESPERANZA.<\/p>\n<p>&nbsp;<\/p>\n<p>Ubicaci\u00f3n: <a href=\"https:\/\/goo.gl\/maps\/MezXcJi9QaoNLgbg9\" target=\"_blank\" rel=\"noopener\">Jos\u00e9 G\u00e1lvez 1257- 1269, Bellavista 07016<\/a><\/p>\n<p>Web: <a href=\"https:\/\/undiadeesperanza.org\/\" target=\"_blank\" rel=\"noopener\">https:\/\/undiadeesperanza.org\/<\/a><\/p>\n<p>Correo: <a href=\"mailto:director@undiadeesperanzaperu.org\">director@undiadeesperanzaperu.org<\/a><\/p>\n<p>Facebook: <a href=\"https:\/\/www.facebook.com\/undiadesperanza\/\" target=\"_blank\" rel=\"noopener\">undiadesperanza<\/a><\/p>\n<p>Instagram: <a href=\"https:\/\/www.instagram.com\/undiadeesperanza\/\" target=\"_blank\" rel=\"noopener\">@undiadeesperanza<\/a><\/p>\n<p>Horario:<\/p>\n<p>Lunes a S\u00e1bado 9:00 a.m. \u2013 18:00 p.m.<\/p>\n<p>Domingo CERRADO<\/p>","protected":false},"excerpt":{"rendered":"<p>Asociaci\u00f3n Un D\u00eda de Esperanza \u2013 Per\u00fa<\/p>\n<p>Una taza de caf\u00e9 se saborea mejor cuando ayudas con el coraz\u00f3n.<\/p>\n<p>Por ello, nuestra marca @greenocean_coffee y la asociaci\u00f3n @undiadeesperanza formaron una alianza para seguir albergando a ni\u00f1os y adolescentes en estado de vulnerabilidad.<\/p>\n<p>Nuestra misi\u00f3n es demostrar que el caf\u00e9 puede transformar el mundo para mejor.<\/p>\n<p>Contamos con tu ayuda para lograrlo y agradecemos el apoyo expreso de: @lacafeteraorganica @cafeconmoto @limaconcafeina @cafecito.routes @cafelab.pe @cuarentena_pe @mailonbike @jovadelacruz @herencias_oficial @lacriticaroshca @el.cafeteador @enjoy_eat_lima @puravoluntadperu<\/p>\n<p>Aliados por una bonita cadena de amor.<\/p>\n<p>#coffeelover #coffeeshop #coffeetime #solidaridad #peruviancoffee<\/p>\n<p>Facebook: <a href=\"https:\/\/www.facebook.com\/GreenOceanCoffee\/\" target=\"_blank\" rel=\"noopener\">GreenOceanCoffee<\/a><\/p>\n<p>Instagram: <a href=\"https:\/\/www.instagram.com\/greenocean_coffee\/\" target=\"_blank\" rel=\"noopener\">@greenocean_coffee<\/a><\/p>\n<p>Imagen referencial<\/p>\n<p>Pedidos al: <a href=\"tel:+51964835771\">(+51) 964835771<\/a><\/p>\n<div class=\"nta_wa_button\" data-id=\"14305\" data-info=\"{&quot;name&quot;:&quot;Green Ocean Coffee&quot;,&quot;info&quot;:{&quot;number&quot;:&quot;+51964835771&quot;,&quot;title&quot;:&quot;Green Ocean Coffee | Tienda&quot;,&quot;predefinedText&quot;:&quot;Hola Caf\\u00e9 y Solidaridad. Me gustar\\u00eda m\\u00e1s informaci\\u00f3n de [njwa_page_title] Este es el link [njwa_page_url]&quot;,&quot;willBeBackText&quot;:&quot;I will be back in [njwa_time_work]&quot;,&quot;dayOffsText&quot;:&quot;I will be back soon&quot;,&quot;isAlwaysAvailable&quot;:&quot;ON&quot;,&quot;daysOfWeekWorking&quot;:{&quot;sunday&quot;:{&quot;isWorkingOnDay&quot;:&quot;OFF&quot;,&quot;workHours&quot;:[{&quot;startTime&quot;:&quot;08:00&quot;,&quot;endTime&quot;:&quot;17:30&quot;}]},&quot;monday&quot;:{&quot;isWorkingOnDay&quot;:&quot;OFF&quot;,&quot;workHours&quot;:[{&quot;startTime&quot;:&quot;08:00&quot;,&quot;endTime&quot;:&quot;17:30&quot;}]},&quot;tuesday&quot;:{&quot;isWorkingOnDay&quot;:&quot;OFF&quot;,&quot;workHours&quot;:[{&quot;startTime&quot;:&quot;08:00&quot;,&quot;endTime&quot;:&quot;17:30&quot;}]},&quot;wednesday&quot;:{&quot;isWorkingOnDay&quot;:&quot;OFF&quot;,&quot;workHours&quot;:[{&quot;startTime&quot;:&quot;08:00&quot;,&quot;endTime&quot;:&quot;17:30&quot;}]},&quot;thursday&quot;:{&quot;isWorkingOnDay&quot;:&quot;OFF&quot;,&quot;workHours&quot;:[{&quot;startTime&quot;:&quot;08:00&quot;,&quot;endTime&quot;:&quot;17:30&quot;}]},&quot;friday&quot;:{&quot;isWorkingOnDay&quot;:&quot;OFF&quot;,&quot;workHours&quot;:[{&quot;startTime&quot;:&quot;08:00&quot;,&quot;endTime&quot;:&quot;17:30&quot;}]},&quot;saturday&quot;:{&quot;isWorkingOnDay&quot;:&quot;OFF&quot;,&quot;workHours&quot;:[{&quot;startTime&quot;:&quot;08:00&quot;,&quot;endTime&quot;:&quot;17:30&quot;}]}}},&quot;styles&quot;:{&quot;type&quot;:&quot;round&quot;,&quot;backgroundColor&quot;:&quot;#2DB742&quot;,&quot;textColor&quot;:&quot;#fff&quot;,&quot;label&quot;:&quot;Necesitas ayuda? Hablemos&quot;,&quot;width&quot;:300,&quot;height&quot;:64},&quot;avatar&quot;:&quot;https:\\\/\\\/nonamepublicidad.com\\\/wp-content\\\/uploads\\\/2021\\\/06\\\/cafe_y_solidaridad_asociacion_un_dia_de_esperanza_peru.jpg&quot;,&quot;options&quot;:{&quot;display&quot;:{&quot;displayCondition&quot;:&quot;showAllPage&quot;,&quot;includePages&quot;:[],&quot;excludePages&quot;:[],&quot;includePosts&quot;:[],&quot;showOnDesktop&quot;:&quot;ON&quot;,&quot;showOnMobile&quot;:&quot;ON&quot;,&quot;time_symbols&quot;:&quot;h:m&quot;},&quot;styles&quot;:{&quot;title&quot;:&quot;Start a Conversation&quot;,&quot;responseText&quot;:&quot;The team typically replies in a few minutes.&quot;,&quot;description&quot;:&quot;Hi! Click one of our member below to chat on &lt;strong&gt;WhatsApp&lt;\\\/strong&gt;&quot;,&quot;backgroundColor&quot;:&quot;#2db742&quot;,&quot;textColor&quot;:&quot;#fff&quot;,&quot;scrollHeight&quot;:500,&quot;isShowScroll&quot;:&quot;OFF&quot;,&quot;isShowResponseText&quot;:&quot;ON&quot;,&quot;isShowPoweredBy&quot;:&quot;ON&quot;,&quot;btnLabel&quot;:&quot;Need Help? &lt;strong&gt;Chat with us&lt;\\\/strong&gt;&quot;,&quot;btnLabelWidth&quot;:156,&quot;btnPosition&quot;:&quot;right&quot;,&quot;btnLeftDistance&quot;:30,&quot;btnRightDistance&quot;:30,&quot;btnBottomDistance&quot;:30,&quot;isShowBtnLabel&quot;:&quot;ON&quot;,&quot;isShowGDPR&quot;:&quot;OFF&quot;,&quot;gdprContent&quot;:&quot;Please accept our &lt;a href=\\&quot;https:\\\/\\\/ninjateam.org\\\/privacy-policy\\\/\\&quot;&gt;privacy policy&lt;\\\/a&gt; first to start a conversation.&quot;,&quot;widgetType&quot;:&quot;expandable&quot;},&quot;analytics&quot;:{&quot;enabledGoogle&quot;:&quot;OFF&quot;,&quot;enabledFacebook&quot;:&quot;OFF&quot;,&quot;enabledGoogleGA4&quot;:&quot;OFF&quot;}},&quot;gdprStatus&quot;:false,&quot;defaultAvatar&quot;:&quot;https:\\\/\\\/nonamepublicidad.com\\\/wp-content\\\/plugins\\\/whatsapp-for-wordpress\\\/assets\\\/img\\\/whatsapp_logo.svg&quot;}\"><\/div>\n<div style=\"visibility: hidden;\">asociaci\u00f3n un d\u00eda de esperanza, un d\u00eda de esperanza, organizaci\u00f3n sin fines de lucro, asociaci\u00f3n sin fines de lucro, ayuda social, donaciones, donar, responsabilidad social, ni\u00f1os con vih, ni\u00f1os con sida, adolescentes con vih, adolescentes con sida, albergue para ni\u00f1os, albergue para adolescentes, albergues, apoyo social, donaci\u00f3n, donaci\u00f3n de alimentos, donaci\u00f3n de productos de primera necesidad, help kids, keeping families close, voluntariado, voluntario, voluntarios, caf\u00e9, cafeter\u00edas, caf\u00e9 org\u00e1nico<\/div>\n","protected":false},"featured_media":7944,"comment_status":"open","ping_status":"closed","template":"","meta":[],"product_brand":[],"product_cat":[1374,925],"product_tag":[1385,1384,1387,1386,1388,1354,1379,1376,941,529,1389,1216,1350,1351,1352,1349,1380,939,940,1383,1382,1378,1381,1377,1355,1356,1357],"class_list":{"0":"post-7953","1":"product","2":"type-product","3":"status-publish","4":"has-post-thumbnail","6":"product_cat-asociacion-un-dia-de-esperanza-peru","7":"product_cat-ayuda-social","8":"product_tag-adolescentes-con-sida","9":"product_tag-adolescentes-con-vih","10":"product_tag-albergue-para-adolescentes","11":"product_tag-albergue-para-ninos","12":"product_tag-albergues","13":"product_tag-apoyo-social","14":"product_tag-asociacion-sin-fines-de-lucro","15":"product_tag-asociacion-un-dia-de-esperanza","16":"product_tag-ayuda-social","17":"product_tag-cafe","18":"product_tag-cafe-organico","19":"product_tag-cafeteria","20":"product_tag-donacion","21":"product_tag-donacion-de-alimentos","22":"product_tag-donacion-de-productos-de-primera-necesidad","23":"product_tag-donaciones","24":"product_tag-donar","25":"product_tag-help-kids","26":"product_tag-keeping-families-close","27":"product_tag-ninos-con-sida","28":"product_tag-ninos-con-vih","29":"product_tag-organizacion-sin-fines-de-lucro","30":"product_tag-responsabilidad-social","31":"product_tag-un-dia-de-esperanza","32":"product_tag-voluntariado","33":"product_tag-voluntario","34":"product_tag-voluntarios","36":"first","37":"instock","38":"virtual","39":"taxable","40":"product-type-simple"},"_links":{"self":[{"href":"https:\/\/nonamepublicidad.com\/en\/wp-json\/wp\/v2\/product\/7953","targetHints":{"allow":["GET"]}}],"collection":[{"href":"https:\/\/nonamepublicidad.com\/en\/wp-json\/wp\/v2\/product"}],"about":[{"href":"https:\/\/nonamepublicidad.com\/en\/wp-json\/wp\/v2\/types\/product"}],"replies":[{"embeddable":true,"href":"https:\/\/nonamepublicidad.com\/en\/wp-json\/wp\/v2\/comments?post=7953"}],"version-history":[{"count":0,"href":"https:\/\/nonamepublicidad.com\/en\/wp-json\/wp\/v2\/product\/7953\/revisions"}],"wp:featuredmedia":[{"embeddable":true,"href":"https:\/\/nonamepublicidad.com\/en\/wp-json\/wp\/v2\/media\/7944"}],"wp:attachment":[{"href":"https:\/\/nonamepublicidad.com\/en\/wp-json\/wp\/v2\/media?parent=7953"}],"wp:term":[{"taxonomy":"product_brand","embeddable":true,"href":"https:\/\/nonamepublicidad.com\/en\/wp-json\/wp\/v2\/product_brand?post=7953"},{"taxonomy":"product_cat","embeddable":true,"href":"https:\/\/nonamepublicidad.com\/en\/wp-json\/wp\/v2\/product_cat?post=7953"},{"taxonomy":"product_tag","embeddable":true,"href":"https:\/\/nonamepublicidad.com\/en\/wp-json\/wp\/v2\/product_tag?post=7953"}],"curies":[{"name":"wp","href":"https:\/\/api.w.org\/{rel}","templated":true}]}}