{"id":7958,"date":"2021-06-09T18:37:02","date_gmt":"2021-06-09T23:37:02","guid":{"rendered":"http:\/\/nonamepublicidad.com\/?post_type=product&#038;p=7958"},"modified":"2024-12-02T08:49:21","modified_gmt":"2024-12-02T13:49:21","slug":"optica-moderna","status":"publish","type":"product","link":"https:\/\/nonamepublicidad.com\/en\/product\/optica-moderna\/","title":{"rendered":"\u00d3ptica Moderna"},"content":{"rendered":"<p>Una instituci\u00f3n al servicio de la vista.<\/p>\n<p>OPTISA S.A.<\/p>\n<p>RUC 20100497256<\/p>","protected":false},"excerpt":{"rendered":"<p>Desde 1955<\/p>\n<p>Venta de monturas para todo tipo de medidas, preparaci\u00f3n de recetas oftalmol\u00f3gicas, atenci\u00f3n a seguros particulares, medida de la vista. Trabajamos con todo tipo de materiales oft\u00e1lmicos.<\/p>\n<p>Ubicaci\u00f3n: <a href=\"https:\/\/g.page\/OpticaModernaLima?share\" target=\"_blank\" rel=\"noopener\">Jr. Cuzco 166 Cercado de Lima, Lima Per\u00fa<\/a><\/p>\n<p>Horario:<\/p>\n<p>Lunes a S\u00e1bado 10:00 a.m. \u2013 17:00 p.m.<\/p>\n<p>Domingo CERRADO<\/p>\n<p>Web: <a href=\"https:\/\/opticamodernalima.negocio.site\/\" target=\"_blank\" rel=\"noopener\">opticamodernalima.negocio.site<\/a><\/p>\n<p>Correo: <a href=\"mailto:opticamodernalima@gmail.com\">opticamodernalima@gmail.com<\/a><\/p>\n<p>Facebook: <a href=\"https:\/\/www.facebook.com\/OpticaModernaLima01\/\" target=\"_blank\" rel=\"noopener\">OpticaModernaLima01<\/a><\/p>\n<p>Imagen referencial<\/p>\n<p>Tel\u00e9fono: <a href=\"tel:51992790080\">(+51) 992790080<\/a><\/p>\n<p>Tel\u00e9fono: <a href=\"tel:014277687\">(+51) 4277687<\/a><\/p>\n<div class=\"nta_wa_button\" data-id=\"14303\" data-info=\"{&quot;name&quot;:&quot;\\u00d3ptica Moderna&quot;,&quot;info&quot;:{&quot;number&quot;:&quot;+51992790080&quot;,&quot;title&quot;:&quot;\\u00d3ptica Moderna | Tienda&quot;,&quot;predefinedText&quot;:&quot;Hola Christian Gordillo. Me gustar\\u00eda m\\u00e1s informaci\\u00f3n de [njwa_page_title] Este es el link [njwa_page_url]&quot;,&quot;willBeBackText&quot;:&quot;I will be back in [njwa_time_work]&quot;,&quot;dayOffsText&quot;:&quot;I will be back soon&quot;,&quot;isAlwaysAvailable&quot;:&quot;ON&quot;,&quot;daysOfWeekWorking&quot;:{&quot;sunday&quot;:{&quot;isWorkingOnDay&quot;:&quot;OFF&quot;,&quot;workHours&quot;:[{&quot;startTime&quot;:&quot;08:00&quot;,&quot;endTime&quot;:&quot;17:30&quot;}]},&quot;monday&quot;:{&quot;isWorkingOnDay&quot;:&quot;OFF&quot;,&quot;workHours&quot;:[{&quot;startTime&quot;:&quot;08:00&quot;,&quot;endTime&quot;:&quot;17:30&quot;}]},&quot;tuesday&quot;:{&quot;isWorkingOnDay&quot;:&quot;OFF&quot;,&quot;workHours&quot;:[{&quot;startTime&quot;:&quot;08:00&quot;,&quot;endTime&quot;:&quot;17:30&quot;}]},&quot;wednesday&quot;:{&quot;isWorkingOnDay&quot;:&quot;OFF&quot;,&quot;workHours&quot;:[{&quot;startTime&quot;:&quot;08:00&quot;,&quot;endTime&quot;:&quot;17:30&quot;}]},&quot;thursday&quot;:{&quot;isWorkingOnDay&quot;:&quot;OFF&quot;,&quot;workHours&quot;:[{&quot;startTime&quot;:&quot;08:00&quot;,&quot;endTime&quot;:&quot;17:30&quot;}]},&quot;friday&quot;:{&quot;isWorkingOnDay&quot;:&quot;OFF&quot;,&quot;workHours&quot;:[{&quot;startTime&quot;:&quot;08:00&quot;,&quot;endTime&quot;:&quot;17:30&quot;}]},&quot;saturday&quot;:{&quot;isWorkingOnDay&quot;:&quot;OFF&quot;,&quot;workHours&quot;:[{&quot;startTime&quot;:&quot;08:00&quot;,&quot;endTime&quot;:&quot;17:30&quot;}]}}},&quot;styles&quot;:{&quot;type&quot;:&quot;round&quot;,&quot;backgroundColor&quot;:&quot;#2DB742&quot;,&quot;textColor&quot;:&quot;#fff&quot;,&quot;label&quot;:&quot;Necesitas ayuda? Hablemos&quot;,&quot;width&quot;:300,&quot;height&quot;:64},&quot;avatar&quot;:&quot;https:\\\/\\\/nonamepublicidad.com\\\/wp-content\\\/uploads\\\/2021\\\/06\\\/optica_moderna_02.jpg&quot;,&quot;options&quot;:{&quot;display&quot;:{&quot;displayCondition&quot;:&quot;showAllPage&quot;,&quot;includePages&quot;:[],&quot;excludePages&quot;:[],&quot;includePosts&quot;:[],&quot;showOnDesktop&quot;:&quot;ON&quot;,&quot;showOnMobile&quot;:&quot;ON&quot;,&quot;time_symbols&quot;:&quot;h:m&quot;},&quot;styles&quot;:{&quot;title&quot;:&quot;Start a Conversation&quot;,&quot;responseText&quot;:&quot;The team typically replies in a few minutes.&quot;,&quot;description&quot;:&quot;Hi! Click one of our member below to chat on &lt;strong&gt;WhatsApp&lt;\\\/strong&gt;&quot;,&quot;backgroundColor&quot;:&quot;#2db742&quot;,&quot;textColor&quot;:&quot;#fff&quot;,&quot;scrollHeight&quot;:500,&quot;isShowScroll&quot;:&quot;OFF&quot;,&quot;isShowResponseText&quot;:&quot;ON&quot;,&quot;isShowPoweredBy&quot;:&quot;ON&quot;,&quot;btnLabel&quot;:&quot;Need Help? &lt;strong&gt;Chat with us&lt;\\\/strong&gt;&quot;,&quot;btnLabelWidth&quot;:156,&quot;btnPosition&quot;:&quot;right&quot;,&quot;btnLeftDistance&quot;:30,&quot;btnRightDistance&quot;:30,&quot;btnBottomDistance&quot;:30,&quot;isShowBtnLabel&quot;:&quot;ON&quot;,&quot;isShowGDPR&quot;:&quot;OFF&quot;,&quot;gdprContent&quot;:&quot;Please accept our &lt;a href=\\&quot;https:\\\/\\\/ninjateam.org\\\/privacy-policy\\\/\\&quot;&gt;privacy policy&lt;\\\/a&gt; first to start a conversation.&quot;,&quot;widgetType&quot;:&quot;expandable&quot;},&quot;analytics&quot;:{&quot;enabledGoogle&quot;:&quot;OFF&quot;,&quot;enabledFacebook&quot;:&quot;OFF&quot;,&quot;enabledGoogleGA4&quot;:&quot;OFF&quot;}},&quot;gdprStatus&quot;:false,&quot;defaultAvatar&quot;:&quot;https:\\\/\\\/nonamepublicidad.com\\\/wp-content\\\/plugins\\\/whatsapp-for-wordpress\\\/assets\\\/img\\\/whatsapp_logo.svg&quot;}\"><\/div>\n<div style=\"visibility: hidden;\">\u00f3ptica moderna lima, monturas, salud visual, \u00f3pticas, recetas oftalmol\u00f3gicas, monturas para todo tipo de medidas, medida de la vista, oft\u00e1lmica, lentes para leer, lentes de sol, gafas para leer, gafas de sol, optometrista, tienda de lentes de sol, otros art\u00edculos para la vista, lentes oft\u00e1lmicos, accesorios de moda, lentes oft\u00e1lmicos para lectura, unisex<\/div>\n<p>\u200b<\/p>\n","protected":false},"featured_media":7956,"comment_status":"open","ping_status":"closed","template":"","meta":[],"product_brand":[],"product_cat":[129,128],"product_tag":[900,1401,1400,1399,1405,1406,1398,1396,1391,1395,1397,1390,1393,1402,1404,1394,1392,1403,906],"class_list":{"0":"post-7958","1":"product","2":"type-product","3":"status-publish","4":"has-post-thumbnail","6":"product_cat-accesorios-de-moda","7":"product_cat-ropa-y-accesorios","8":"product_tag-accesorios-de-moda","9":"product_tag-gafas-de-sol","10":"product_tag-gafas-para-leer","11":"product_tag-lentes-de-sol","12":"product_tag-lentes-oftalmicos","13":"product_tag-lentes-oftalmicos-para-lectura","14":"product_tag-lentes-para-leer","15":"product_tag-medida-de-la-vista","16":"product_tag-monturas","17":"product_tag-monturas-para-todo-tipo-de-medidas","18":"product_tag-oftalmica","19":"product_tag-optica-moderna-lima","20":"product_tag-opticas","21":"product_tag-optometrista","22":"product_tag-otros-articulos-para-la-vista","23":"product_tag-recetas-oftalmologicas","24":"product_tag-salud-visual","25":"product_tag-tienda-de-lentes-de-sol","26":"product_tag-unisex","28":"first","29":"instock","30":"virtual","31":"taxable","32":"product-type-simple"},"_links":{"self":[{"href":"https:\/\/nonamepublicidad.com\/en\/wp-json\/wp\/v2\/product\/7958","targetHints":{"allow":["GET"]}}],"collection":[{"href":"https:\/\/nonamepublicidad.com\/en\/wp-json\/wp\/v2\/product"}],"about":[{"href":"https:\/\/nonamepublicidad.com\/en\/wp-json\/wp\/v2\/types\/product"}],"replies":[{"embeddable":true,"href":"https:\/\/nonamepublicidad.com\/en\/wp-json\/wp\/v2\/comments?post=7958"}],"version-history":[{"count":0,"href":"https:\/\/nonamepublicidad.com\/en\/wp-json\/wp\/v2\/product\/7958\/revisions"}],"wp:featuredmedia":[{"embeddable":true,"href":"https:\/\/nonamepublicidad.com\/en\/wp-json\/wp\/v2\/media\/7956"}],"wp:attachment":[{"href":"https:\/\/nonamepublicidad.com\/en\/wp-json\/wp\/v2\/media?parent=7958"}],"wp:term":[{"taxonomy":"product_brand","embeddable":true,"href":"https:\/\/nonamepublicidad.com\/en\/wp-json\/wp\/v2\/product_brand?post=7958"},{"taxonomy":"product_cat","embeddable":true,"href":"https:\/\/nonamepublicidad.com\/en\/wp-json\/wp\/v2\/product_cat?post=7958"},{"taxonomy":"product_tag","embeddable":true,"href":"https:\/\/nonamepublicidad.com\/en\/wp-json\/wp\/v2\/product_tag?post=7958"}],"curies":[{"name":"wp","href":"https:\/\/api.w.org\/{rel}","templated":true}]}}