{"id":7996,"date":"2021-06-11T09:33:16","date_gmt":"2021-06-11T14:33:16","guid":{"rendered":"http:\/\/nonamepublicidad.com\/?post_type=product&#038;p=7996"},"modified":"2024-12-02T08:49:21","modified_gmt":"2024-12-02T13:49:21","slug":"crepes-y-galettes-peru-chef-timour-dark-kitchen","status":"publish","type":"product","link":"https:\/\/nonamepublicidad.com\/en\/product\/crepes-y-galettes-peru-chef-timour-dark-kitchen\/","title":{"rendered":"Crepes y Galettes Per\u00fa Chef Timour Dark Kitchen"},"content":{"rendered":"<p style=\"text-align: center;\"><iframe style=\"border: 0;\" src=\"https:\/\/www.google.com\/maps\/embed?pb=!1m18!1m12!1m3!1d243.83762644847474!2d-77.04168906519429!3d-12.084606811294623!2m3!1f0!2f0!3f0!3m2!1i1024!2i768!4f13.1!3m3!1m2!1s0x9105c8f64a1e0881%3A0x3c4eb95ecb240de3!2sAv.%20C%C3%A9sar%20Canevaro%2C%20Lince%2015073!5e0!3m2!1ses-419!2spe!4v1662358030411!5m2!1ses-419!2spe\" width=\"600\" height=\"450\" allowfullscreen=\"allowfullscreen\"><\/iframe><\/p>\n<p>&nbsp;<\/p>\n<p>\u00a1Hola todos!<\/p>\n<p>Estoy muy feliz hoy de presentarles mi Carta de \u00abCrepes y Galettes\u00bb.<\/p>\n<p>Era muy importante representar mis or\u00edgenes, pero tambi\u00e9n el Per\u00fa mi nuevo pa\u00eds.<\/p>\n<p>Me encanta cocinar con todos los productos aqu\u00ed, es una verdadera alegr\u00eda y fue primordial crear una carta que represente mi vida y experiencias con insumos peruanos.<\/p>\n<p>Cada Crepes &amp; Galettes tiene un significado personal y pienso que debemos adaptar nuestra cocina al pa\u00eds en el que vives.<\/p>\n<p>Siempre utilizando productos locales frescos para seguir apoyando a todos los productores, especialmente en esos momentos dif\u00edciles.<\/p>\n<p>Cada elemento de la carta es \u00abhecho en casa\u00bb.<\/p>\n<p>Todos los caramelos, crema de l\u00facuma, la \u00abnutella\u00bb, las pecanas confitada los preparo en mi local&#8230; Consigo los quesos directamente de Cajamarca.<\/p>\n<p>Tambi\u00e9n era necesario hacer \u00abGALETTES\u00bb (la aut\u00e9ntica crepe salada).<\/p>\n<p>Normalmente se elabora con Harina de trigo negro, pero es muy dif\u00edcil de encontrar en Per\u00fa.<\/p>\n<p>Entonces, durante el \u00faltimo a\u00f1o he estado probando diferentes recetas con diferentes harinas andinas saludables y estoy muy feliz con el resultado.<\/p>\n<p>\u00a1Creo que funciona muy bien y me alegra poder ofrecerte esto!<\/p>\n<p>Tengo muchas ganas de intentar hacer el mejor producto posible para que entiendas mi devoci\u00f3n por este negocio y lo importante que es para m\u00ed que pruebes las mejores Crepes &amp; Galettes!<\/p>\n<p>\u00a1Realmente espero que tengas tiempo de pasar por mi local y probarlos!<\/p>\n<p>\u00a1Me hace muy feliz cocinar, conversar contigo y obtener tu opini\u00f3n!<\/p>\n<p>&nbsp;<\/p>\n<p><strong>Carta \u201cCrepes Crep\u00e9s &amp; Galettes\u201d<\/strong><\/p>\n<p>Aut\u00e9nticos crep\u00e9s franceses con insumos peruanos hecho por un cocinero franc\u00e9s apasionado por el Per\u00fa.<\/p>\n<p><strong>\u00a0<\/strong><\/p>\n<p><strong>GALETTES (HARINAS ANDINAS)<\/strong><\/p>\n<p><strong>La Completa<\/strong> &#8211; Huevo, Queso Gruyere, Jam\u00f3n<\/p>\n<p><strong>Huachito<\/strong> &#8211; Salchicha Huachana, Queso Andino, Camote, Crema Huacatay<\/p>\n<p><strong>Mac Aj\u00ed<\/strong> &#8211; Pollo, Tocino Crispy, Papas, Queso, Repollo, Crema De Aj\u00ed<\/p>\n<p><strong>Big Manzana<\/strong> &#8211; Pepperoni, Mozzarella, Albahaca, Crema De Tomate Con Aj\u00ed Panca<\/p>\n<p><strong>Wurst Saltada<\/strong> &#8211; Frankfurt\/Cebolla Y Papa Saltada, Queso, Crema Curry\/Aj\u00ed<\/p>\n<p><strong>\u00a0<\/strong><\/p>\n<p><strong>CREPES (HARINA BLANCA)<\/strong><\/p>\n<p><strong>Menos, Es M\u00e1s<\/strong> &#8211; Mantequilla, Az\u00facar<\/p>\n<p><strong>Achik<\/strong> &#8211; Mermelada De Fresa, Almendras Caramelizada<\/p>\n<p><strong>Dorada<\/strong> &#8211; Crema L\u00facuma<\/p>\n<p><strong>Hamk&#8217;a<\/strong> &#8211; \u00abNutella\u00bb (De Casa), Platanito<\/p>\n<p><strong>La Tatin<\/strong> &#8211; Manzana Dorada, Caramel Cremoso<\/p>\n<p><strong>Chape Perucho<\/strong> &#8211; Fresa Fresca, L\u00facuma, Chocolate<\/p>\n<p><strong>Prohibido<\/strong> &#8211; Caramel Cremoso, Man\u00ed Tostada, Chocolate<\/p>\n<p><strong>Morocha<\/strong> &#8211; L\u00facuma, Caramel De Caf\u00e9, Pecanas \u00abConfi\u00bb<\/p>\n<p><strong>Poder Inka<\/strong> &#8211; Manjar De Maca, Platanito, Quinua Pop<\/p>\n<p>&nbsp;<\/p>\n<p><strong>Toppings Extra<\/strong> S\/1: Fresa, Platanito, Coco Rallado, Pecanas, Almendras, Man\u00ed, Quinua Pop.<\/p>\n<p>&nbsp;<\/p>\n<p>Timour GHONEIM, filmaker\/cocinero.<\/p>\n<p>Apasionado de la cocina (peruana) de la m\u00fasica y de v\u00eddeo, as\u00ed es como yo trato de combinar los tres.<\/p>\n<p>Si deseas compartir una propuesta, escr\u00edbeme a <a href=\"mailto:contact@cheftimour.com\">contact@cheftimour.com<\/a><\/p>\n<p>Passionated about peruvian gastronomy, I decided to promote it around the world.<\/p>\n<p>&nbsp;<\/p>\n<p>LA CR\u00caPE ET GALETTE del Chef TIMOUR &#8211; El cl\u00e1sico de Francia con insumos Peruanos.<\/p>","protected":false},"excerpt":{"rendered":"<p>Cocinero franc\u00e9s te prepara aut\u00e9nticas crep\u00e9s (dulces) y galettes (salados) con insumos peruanos.<\/p>\n<p>100% hecho en casa.<\/p>\n<p>Ubicaci\u00f3n: <a href=\"https:\/\/goo.gl\/maps\/ojQVPvh7EiBcyjgCA\" target=\"_blank\" rel=\"noopener\">Av. Cesar Canevaro 805 Lince<\/a><\/p>\n<p>Correo: <a href=\"mailto:contact@cheftimour.com\">contact@cheftimour.com<\/a><\/p>\n<p>Facebook: <a href=\"https:\/\/www.facebook.com\/Chef.Timour\" target=\"_blank\" rel=\"noopener\">Chef.Timour<\/a><\/p>\n<p>Instagram: <a href=\"https:\/\/www.instagram.com\/crepesygalettesperu\/\" target=\"_blank\" rel=\"noopener\">crepesygalettesperu<\/a><\/p>\n<p>YouTube: <a href=\"https:\/\/www.youtube.com\/cheftimour\" target=\"_blank\" rel=\"noopener\">cheftimour<\/a><\/p>\n<p>Horario:<\/p>\n<p>Martes a Domingo 4:00 p.m. \u2013 9:00 p.m.<\/p>\n<p>Lunes CERRADO<\/p>\n<p>Tipo de comida: Fusi\u00f3n peruana francesa<\/p>\n<p>Comidas: Almuerzo, Cena<\/p>\n<p>Caracter\u00edsticas: Retiros en la puerta, entrega a domicilio, pedidos desde el autom\u00f3vil, para llevar, ambiente agradable.<\/p>\n<p>Imagen referencial<\/p>\n<p>Pedidos al: <a href=\"tel:+51922616873\">(+51) 922616873<\/a><\/p>\n<div class=\"nta_wa_button\" data-id=\"14301\" data-info=\"{&quot;name&quot;:&quot;Crepes y Galettes Per\\u00fa Chef Timour Dark Kitchen&quot;,&quot;info&quot;:{&quot;number&quot;:&quot;+51922616873&quot;,&quot;title&quot;:&quot;Crepes y Galettes Per\\u00fa Chef Timour | Tienda&quot;,&quot;predefinedText&quot;:&quot;Hola Chef Timour. Me gustar\\u00eda m\\u00e1s informaci\\u00f3n de [njwa_page_title] Este es el link [njwa_page_url]&quot;,&quot;willBeBackText&quot;:&quot;I will be back in [njwa_time_work]&quot;,&quot;dayOffsText&quot;:&quot;I will be back soon&quot;,&quot;isAlwaysAvailable&quot;:&quot;ON&quot;,&quot;daysOfWeekWorking&quot;:{&quot;sunday&quot;:{&quot;isWorkingOnDay&quot;:&quot;OFF&quot;,&quot;workHours&quot;:[{&quot;startTime&quot;:&quot;08:00&quot;,&quot;endTime&quot;:&quot;17:30&quot;}]},&quot;monday&quot;:{&quot;isWorkingOnDay&quot;:&quot;OFF&quot;,&quot;workHours&quot;:[{&quot;startTime&quot;:&quot;08:00&quot;,&quot;endTime&quot;:&quot;17:30&quot;}]},&quot;tuesday&quot;:{&quot;isWorkingOnDay&quot;:&quot;OFF&quot;,&quot;workHours&quot;:[{&quot;startTime&quot;:&quot;08:00&quot;,&quot;endTime&quot;:&quot;17:30&quot;}]},&quot;wednesday&quot;:{&quot;isWorkingOnDay&quot;:&quot;OFF&quot;,&quot;workHours&quot;:[{&quot;startTime&quot;:&quot;08:00&quot;,&quot;endTime&quot;:&quot;17:30&quot;}]},&quot;thursday&quot;:{&quot;isWorkingOnDay&quot;:&quot;OFF&quot;,&quot;workHours&quot;:[{&quot;startTime&quot;:&quot;08:00&quot;,&quot;endTime&quot;:&quot;17:30&quot;}]},&quot;friday&quot;:{&quot;isWorkingOnDay&quot;:&quot;OFF&quot;,&quot;workHours&quot;:[{&quot;startTime&quot;:&quot;08:00&quot;,&quot;endTime&quot;:&quot;17:30&quot;}]},&quot;saturday&quot;:{&quot;isWorkingOnDay&quot;:&quot;OFF&quot;,&quot;workHours&quot;:[{&quot;startTime&quot;:&quot;08:00&quot;,&quot;endTime&quot;:&quot;17:30&quot;}]}}},&quot;styles&quot;:{&quot;type&quot;:&quot;round&quot;,&quot;backgroundColor&quot;:&quot;#2DB742&quot;,&quot;textColor&quot;:&quot;#fff&quot;,&quot;label&quot;:&quot;Necesitas ayuda? Hablemos&quot;,&quot;width&quot;:300,&quot;height&quot;:64},&quot;avatar&quot;:&quot;https:\\\/\\\/nonamepublicidad.com\\\/wp-content\\\/uploads\\\/2021\\\/06\\\/crepes_y_galettes_peru_chef_timour_dark_kitchen_01.jpg&quot;,&quot;options&quot;:{&quot;display&quot;:{&quot;displayCondition&quot;:&quot;showAllPage&quot;,&quot;includePages&quot;:[],&quot;excludePages&quot;:[],&quot;includePosts&quot;:[],&quot;showOnDesktop&quot;:&quot;ON&quot;,&quot;showOnMobile&quot;:&quot;ON&quot;,&quot;time_symbols&quot;:&quot;h:m&quot;},&quot;styles&quot;:{&quot;title&quot;:&quot;Start a Conversation&quot;,&quot;responseText&quot;:&quot;The team typically replies in a few minutes.&quot;,&quot;description&quot;:&quot;Hi! Click one of our member below to chat on &lt;strong&gt;WhatsApp&lt;\\\/strong&gt;&quot;,&quot;backgroundColor&quot;:&quot;#2db742&quot;,&quot;textColor&quot;:&quot;#fff&quot;,&quot;scrollHeight&quot;:500,&quot;isShowScroll&quot;:&quot;OFF&quot;,&quot;isShowResponseText&quot;:&quot;ON&quot;,&quot;isShowPoweredBy&quot;:&quot;ON&quot;,&quot;btnLabel&quot;:&quot;Need Help? &lt;strong&gt;Chat with us&lt;\\\/strong&gt;&quot;,&quot;btnLabelWidth&quot;:156,&quot;btnPosition&quot;:&quot;right&quot;,&quot;btnLeftDistance&quot;:30,&quot;btnRightDistance&quot;:30,&quot;btnBottomDistance&quot;:30,&quot;isShowBtnLabel&quot;:&quot;ON&quot;,&quot;isShowGDPR&quot;:&quot;OFF&quot;,&quot;gdprContent&quot;:&quot;Please accept our &lt;a href=\\&quot;https:\\\/\\\/ninjateam.org\\\/privacy-policy\\\/\\&quot;&gt;privacy policy&lt;\\\/a&gt; first to start a conversation.&quot;,&quot;widgetType&quot;:&quot;expandable&quot;},&quot;analytics&quot;:{&quot;enabledGoogle&quot;:&quot;OFF&quot;,&quot;enabledFacebook&quot;:&quot;OFF&quot;,&quot;enabledGoogleGA4&quot;:&quot;OFF&quot;}},&quot;gdprStatus&quot;:false,&quot;defaultAvatar&quot;:&quot;https:\\\/\\\/nonamepublicidad.com\\\/wp-content\\\/plugins\\\/whatsapp-for-wordpress\\\/assets\\\/img\\\/whatsapp_logo.svg&quot;}\"><\/div>\n<div style=\"visibility: hidden;\">alimentos, comestibles, restaurant, restaurante, crepas, crepes de avena, sabor salado, sabor dulce, crep, creper\u00eda en per\u00fa, receta crepes, receta de crepes, creper\u00eda, comida francesa, galettes, galette, cheftimour, chef timour, crepes y galettes per\u00fa<\/div>\n","protected":false},"featured_media":7994,"comment_status":"open","ping_status":"closed","template":"","meta":[],"product_brand":[],"product_cat":[174,166],"product_tag":[1421,1420,1417,1412,1408,1416,1413,1409,1422,1419,1418,1407,882],"class_list":{"0":"post-7996","1":"product","2":"type-product","3":"status-publish","4":"has-post-thumbnail","6":"product_cat-restaurantes","7":"product_cat-servicios","8":"product_tag-chef-timour","9":"product_tag-cheftimour","10":"product_tag-comida-francesa","11":"product_tag-crep","12":"product_tag-crepas","13":"product_tag-creperia","14":"product_tag-creperia-en-peru","15":"product_tag-crepes-de-avena","16":"product_tag-crepes-y-galettes-peru","17":"product_tag-galette","18":"product_tag-galettes","19":"product_tag-restaurant","20":"product_tag-restaurante","22":"first","23":"instock","24":"virtual","25":"taxable","26":"product-type-simple"},"_links":{"self":[{"href":"https:\/\/nonamepublicidad.com\/en\/wp-json\/wp\/v2\/product\/7996","targetHints":{"allow":["GET"]}}],"collection":[{"href":"https:\/\/nonamepublicidad.com\/en\/wp-json\/wp\/v2\/product"}],"about":[{"href":"https:\/\/nonamepublicidad.com\/en\/wp-json\/wp\/v2\/types\/product"}],"replies":[{"embeddable":true,"href":"https:\/\/nonamepublicidad.com\/en\/wp-json\/wp\/v2\/comments?post=7996"}],"version-history":[{"count":0,"href":"https:\/\/nonamepublicidad.com\/en\/wp-json\/wp\/v2\/product\/7996\/revisions"}],"wp:featuredmedia":[{"embeddable":true,"href":"https:\/\/nonamepublicidad.com\/en\/wp-json\/wp\/v2\/media\/7994"}],"wp:attachment":[{"href":"https:\/\/nonamepublicidad.com\/en\/wp-json\/wp\/v2\/media?parent=7996"}],"wp:term":[{"taxonomy":"product_brand","embeddable":true,"href":"https:\/\/nonamepublicidad.com\/en\/wp-json\/wp\/v2\/product_brand?post=7996"},{"taxonomy":"product_cat","embeddable":true,"href":"https:\/\/nonamepublicidad.com\/en\/wp-json\/wp\/v2\/product_cat?post=7996"},{"taxonomy":"product_tag","embeddable":true,"href":"https:\/\/nonamepublicidad.com\/en\/wp-json\/wp\/v2\/product_tag?post=7996"}],"curies":[{"name":"wp","href":"https:\/\/api.w.org\/{rel}","templated":true}]}}