{"id":8001,"date":"2021-06-11T21:35:55","date_gmt":"2021-06-12T02:35:55","guid":{"rendered":"http:\/\/nonamepublicidad.com\/?post_type=product&#038;p=8001"},"modified":"2024-12-02T08:49:21","modified_gmt":"2024-12-02T13:49:21","slug":"circo-lar","status":"publish","type":"product","link":"https:\/\/nonamepublicidad.com\/en\/product\/circo-lar\/","title":{"rendered":"Circo Lar"},"content":{"rendered":"<p align=\"center\"><iframe title=\"YouTube video player\" src=\"https:\/\/www.youtube.com\/embed\/rNLug1WU6bY\" width=\"560\" height=\"315\" frameborder=\"0\" allowfullscreen=\"allowfullscreen\"><\/iframe><\/p>\n<p>&nbsp;<\/p>\n<p><strong>Ofrecemos:<\/strong><\/p>\n<ul>\n<li>Talleres de verano Circo Lar, aprender\u00e1s distintas t\u00e9cnicas del circo como equilibrios, malabares, acrobacia a\u00e9rea y de piso, entre otras t\u00e9cnicas divertidas.<\/li>\n<li>Seminario de parada de manos.<\/li>\n<li>Presentaciones en eventos corporativos.<\/li>\n<li>Show en casa, para cumplea\u00f1os.<\/li>\n<li>Espect\u00e1culos llenos de virtuosismo y humor para toda la familia.<\/li>\n<li>N\u00fameros de equilibrismo.<\/li>\n<\/ul>\n<p>Vengan a conocer y divertirse en esta casa cultural, los esperamos.<\/p>","protected":false},"excerpt":{"rendered":"<p>Circo Lar es un colectivo de circo, teatro, danza y m\u00fasica; integrado por Antonio Marrache y Jennifer Gerschenson (Per\u00fa-Argentina).<\/p>\n<p>Ubicaci\u00f3n: <a href=\"https:\/\/goo.gl\/maps\/Zp7yUsKXK2NP8GFF6\" target=\"_blank\" rel=\"noopener\">Urubamba Valle Sagrado de los Incas, Cusco &#8211; Per\u00fa.<\/a><\/p>\n<p>Facebook: <a href=\"https:\/\/www.facebook.com\/circo.lar\/\" target=\"_blank\" rel=\"noopener\">circo.lar<\/a><\/p>\n<p>Instagram: <a href=\"https:\/\/www.instagram.com\/kasacircolar\/\" target=\"_blank\" rel=\"noopener\">kasacircolar<\/a><\/p>\n<p>YouTube: <a href=\"https:\/\/www.youtube.com\/channel\/UCDjMLh8qH2-tNhV4rlzcs6g\/featured\" target=\"_blank\" rel=\"noopener\">Circo Lar<\/a><\/p>\n<p>Tel\u00e9fono: <a href=\"tel:+51976468208\">(+51) 976468208<\/a><\/p>\n<div class=\"nta_wa_button\" data-id=\"14299\" data-info=\"{&quot;name&quot;:&quot;Circo Lar&quot;,&quot;info&quot;:{&quot;number&quot;:&quot;+51976468208&quot;,&quot;title&quot;:&quot;Circo Lar | Tienda&quot;,&quot;predefinedText&quot;:&quot;Hola Antonio Marrache. Me gustar\\u00eda m\\u00e1s informaci\\u00f3n de [njwa_page_title] Este es el link [njwa_page_url]&quot;,&quot;willBeBackText&quot;:&quot;I will be back in [njwa_time_work]&quot;,&quot;dayOffsText&quot;:&quot;I will be back soon&quot;,&quot;isAlwaysAvailable&quot;:&quot;ON&quot;,&quot;daysOfWeekWorking&quot;:{&quot;sunday&quot;:{&quot;isWorkingOnDay&quot;:&quot;OFF&quot;,&quot;workHours&quot;:[{&quot;startTime&quot;:&quot;08:00&quot;,&quot;endTime&quot;:&quot;17:30&quot;}]},&quot;monday&quot;:{&quot;isWorkingOnDay&quot;:&quot;OFF&quot;,&quot;workHours&quot;:[{&quot;startTime&quot;:&quot;08:00&quot;,&quot;endTime&quot;:&quot;17:30&quot;}]},&quot;tuesday&quot;:{&quot;isWorkingOnDay&quot;:&quot;OFF&quot;,&quot;workHours&quot;:[{&quot;startTime&quot;:&quot;08:00&quot;,&quot;endTime&quot;:&quot;17:30&quot;}]},&quot;wednesday&quot;:{&quot;isWorkingOnDay&quot;:&quot;OFF&quot;,&quot;workHours&quot;:[{&quot;startTime&quot;:&quot;08:00&quot;,&quot;endTime&quot;:&quot;17:30&quot;}]},&quot;thursday&quot;:{&quot;isWorkingOnDay&quot;:&quot;OFF&quot;,&quot;workHours&quot;:[{&quot;startTime&quot;:&quot;08:00&quot;,&quot;endTime&quot;:&quot;17:30&quot;}]},&quot;friday&quot;:{&quot;isWorkingOnDay&quot;:&quot;OFF&quot;,&quot;workHours&quot;:[{&quot;startTime&quot;:&quot;08:00&quot;,&quot;endTime&quot;:&quot;17:30&quot;}]},&quot;saturday&quot;:{&quot;isWorkingOnDay&quot;:&quot;OFF&quot;,&quot;workHours&quot;:[{&quot;startTime&quot;:&quot;08:00&quot;,&quot;endTime&quot;:&quot;17:30&quot;}]}}},&quot;styles&quot;:{&quot;type&quot;:&quot;round&quot;,&quot;backgroundColor&quot;:&quot;#2DB742&quot;,&quot;textColor&quot;:&quot;#fff&quot;,&quot;label&quot;:&quot;Necesitas ayuda? Hablemos&quot;,&quot;width&quot;:300,&quot;height&quot;:64},&quot;avatar&quot;:&quot;https:\\\/\\\/nonamepublicidad.com\\\/wp-content\\\/uploads\\\/2021\\\/06\\\/circo_lar_03.jpg&quot;,&quot;options&quot;:{&quot;display&quot;:{&quot;displayCondition&quot;:&quot;showAllPage&quot;,&quot;includePages&quot;:[],&quot;excludePages&quot;:[],&quot;includePosts&quot;:[],&quot;showOnDesktop&quot;:&quot;ON&quot;,&quot;showOnMobile&quot;:&quot;ON&quot;,&quot;time_symbols&quot;:&quot;h:m&quot;},&quot;styles&quot;:{&quot;title&quot;:&quot;Start a Conversation&quot;,&quot;responseText&quot;:&quot;The team typically replies in a few minutes.&quot;,&quot;description&quot;:&quot;Hi! Click one of our member below to chat on &lt;strong&gt;WhatsApp&lt;\\\/strong&gt;&quot;,&quot;backgroundColor&quot;:&quot;#2db742&quot;,&quot;textColor&quot;:&quot;#fff&quot;,&quot;scrollHeight&quot;:500,&quot;isShowScroll&quot;:&quot;OFF&quot;,&quot;isShowResponseText&quot;:&quot;ON&quot;,&quot;isShowPoweredBy&quot;:&quot;ON&quot;,&quot;btnLabel&quot;:&quot;Need Help? &lt;strong&gt;Chat with us&lt;\\\/strong&gt;&quot;,&quot;btnLabelWidth&quot;:156,&quot;btnPosition&quot;:&quot;right&quot;,&quot;btnLeftDistance&quot;:30,&quot;btnRightDistance&quot;:30,&quot;btnBottomDistance&quot;:30,&quot;isShowBtnLabel&quot;:&quot;ON&quot;,&quot;isShowGDPR&quot;:&quot;OFF&quot;,&quot;gdprContent&quot;:&quot;Please accept our &lt;a href=\\&quot;https:\\\/\\\/ninjateam.org\\\/privacy-policy\\\/\\&quot;&gt;privacy policy&lt;\\\/a&gt; first to start a conversation.&quot;,&quot;widgetType&quot;:&quot;expandable&quot;},&quot;analytics&quot;:{&quot;enabledGoogle&quot;:&quot;OFF&quot;,&quot;enabledFacebook&quot;:&quot;OFF&quot;,&quot;enabledGoogleGA4&quot;:&quot;OFF&quot;}},&quot;gdprStatus&quot;:false,&quot;defaultAvatar&quot;:&quot;https:\\\/\\\/nonamepublicidad.com\\\/wp-content\\\/plugins\\\/whatsapp-for-wordpress\\\/assets\\\/img\\\/whatsapp_logo.svg&quot;}\"><\/div>\n<div style=\"visibility: hidden;\">taller de verano, circo, equilibrista, malabarismo, espect\u00e1culo de malabarismo, espect\u00e1culo de circo, malabaristas, acrobacias a\u00e9reas, acrobacias de piso, parada de manos, show de cumplea\u00f1os, show para eventos corporativos, espect\u00e1culos de humor, equilibrismo, circolar, circo lar, teatro, danza y m\u00fasica, antonio marrache, to\u00f1o marrache, jennifer gerschenson, show infantil, shows infantiles, show infantil virtual, show virtual, show infantil presencial, handstand<\/div>\n","protected":false},"featured_media":7998,"comment_status":"open","ping_status":"closed","template":"","meta":[],"product_brand":[],"product_cat":[168,166],"product_tag":[1430,1431,1441,1424,1438,1437,1440,1436,1425,1428,1427,1435,1449,1443,1426,1429,1432,1433,1444,1448,1446,1434,1447,1445,1423,1439,1442],"class_list":{"0":"post-8001","1":"product","2":"type-product","3":"status-publish","4":"has-post-thumbnail","6":"product_cat-ensenanza","7":"product_cat-servicios","8":"product_tag-acrobacias-aereas","9":"product_tag-acrobacias-de-piso","10":"product_tag-antonio-marrache","11":"product_tag-circo","12":"product_tag-circo-lar","13":"product_tag-circolar","14":"product_tag-danza-y-musica","15":"product_tag-equilibrismo","16":"product_tag-equilibrista","17":"product_tag-espectaculo-de-circo","18":"product_tag-espectaculo-de-malabarismo","19":"product_tag-espectaculos-de-humor","20":"product_tag-handstand","21":"product_tag-jennifer-gerschenson","22":"product_tag-malabarismo","23":"product_tag-malabaristas","24":"product_tag-parada-de-manos","25":"product_tag-show-de-cumpleanos","26":"product_tag-show-infantil","27":"product_tag-show-infantil-presencial","28":"product_tag-show-infantil-virtual","29":"product_tag-show-para-eventos-corporativos","30":"product_tag-show-virtual","31":"product_tag-shows-infantiles","32":"product_tag-taller-de-verano","33":"product_tag-teatro","34":"product_tag-tono-marrache","36":"first","37":"instock","38":"virtual","39":"taxable","40":"product-type-simple"},"_links":{"self":[{"href":"https:\/\/nonamepublicidad.com\/en\/wp-json\/wp\/v2\/product\/8001","targetHints":{"allow":["GET"]}}],"collection":[{"href":"https:\/\/nonamepublicidad.com\/en\/wp-json\/wp\/v2\/product"}],"about":[{"href":"https:\/\/nonamepublicidad.com\/en\/wp-json\/wp\/v2\/types\/product"}],"replies":[{"embeddable":true,"href":"https:\/\/nonamepublicidad.com\/en\/wp-json\/wp\/v2\/comments?post=8001"}],"version-history":[{"count":0,"href":"https:\/\/nonamepublicidad.com\/en\/wp-json\/wp\/v2\/product\/8001\/revisions"}],"wp:featuredmedia":[{"embeddable":true,"href":"https:\/\/nonamepublicidad.com\/en\/wp-json\/wp\/v2\/media\/7998"}],"wp:attachment":[{"href":"https:\/\/nonamepublicidad.com\/en\/wp-json\/wp\/v2\/media?parent=8001"}],"wp:term":[{"taxonomy":"product_brand","embeddable":true,"href":"https:\/\/nonamepublicidad.com\/en\/wp-json\/wp\/v2\/product_brand?post=8001"},{"taxonomy":"product_cat","embeddable":true,"href":"https:\/\/nonamepublicidad.com\/en\/wp-json\/wp\/v2\/product_cat?post=8001"},{"taxonomy":"product_tag","embeddable":true,"href":"https:\/\/nonamepublicidad.com\/en\/wp-json\/wp\/v2\/product_tag?post=8001"}],"curies":[{"name":"wp","href":"https:\/\/api.w.org\/{rel}","templated":true}]}}