{"id":8010,"date":"2021-06-13T20:39:45","date_gmt":"2021-06-14T01:39:45","guid":{"rendered":"http:\/\/nonamepublicidad.com\/?post_type=product&#038;p=8010"},"modified":"2024-12-02T08:49:22","modified_gmt":"2024-12-02T13:49:22","slug":"natular-comida-crudivegana","status":"publish","type":"product","link":"https:\/\/nonamepublicidad.com\/en\/product\/natular-comida-crudivegana\/","title":{"rendered":"Natular Comida Crudivegana"},"content":{"rendered":"<p><strong>\u00bfQu\u00e9 es la Dieta Crudivegana?<\/strong><\/p>\n<p>El crudiveganismo es una dieta basada en alimentos crudos de origen vegetal&#8230; forman parte de ella verduras y frutas, frutos secos, cereales y legumbres germinados, otras semillas, aceites vegetales, algas marinas, setas y sus combinaciones y preparados.<\/p>\n<p><strong>Carta Natular<\/strong><\/p>\n<ul>\n<li><strong>Trufas<\/strong>\u00a0sabor man\u00ed germinado con ar\u00e1ndanos.<\/li>\n<li><strong>Torta viva mousse<\/strong>\u00a0de maracuy\u00e1.<\/li>\n<li><strong>Torta viva de banana<\/strong>\u00a0con canela.<\/li>\n<li><strong>Tortas mousse de cacao<\/strong>\u00a0sin az\u00facar ni harinas refinadas.<\/li>\n<li><strong>Brownies vivos sin az\u00facar<\/strong>\u00a0harina ni cocci\u00f3n con el sabor del cacao peruano.<\/li>\n<li><strong>Cheesecake viva<\/strong>\u00a0a base de semillas germinadas y frutas de estaci\u00f3n, sin az\u00facar, harina o derivados de animal.<\/li>\n<li><strong>Torta viva con relleno<\/strong>\u00a0de manjar blanco y frutos de estaci\u00f3n.<\/li>\n<li><strong>Pie de manzana vivo<\/strong>\u00a0sin az\u00facar ni harinas refinadas.<\/li>\n<li><strong>Pie de lim\u00f3n<\/strong>\u00a0sin az\u00facar ni harinas refinadas.<\/li>\n<li><strong>Snikers veganos<\/strong> a base de harina de avena, almendras d\u00e1tiles y mantequilla de man\u00ed, rellenos de caramelo de d\u00e1tiles cubierto en chocolate 70%.<\/li>\n<li><strong>Alfajorcitos<\/strong> a base de harina de frutos secos, de cacao rellenos de una deliciosa crema de l\u00facuma o de vainilla rellenos de una mantequilla de man\u00ed casera.<\/li>\n<li><strong>Nutella vegana<\/strong> a base de avellanas, leche vegetal, cacao y panela. Puedes pedir opci\u00f3n d\u00e1tiles o stevia.<\/li>\n<li><strong>Manjar de d\u00e1tiles<\/strong> o dulce de leche de d\u00e1tiles, a base de d\u00e1tiles (un fruto seco delicioso que parece un caramelo) leche de coco y extracto natural de vainilla.<\/li>\n<li><strong>Queso de girasol<\/strong> activado opci\u00f3n neutra, pesto o piment\u00f3n con tomate seco.<\/li>\n<li><strong>Queso de caju<\/strong> crudivegano tipo untable.<\/li>\n<\/ul>\n<p>Cocinera: Jennifer Gerschenson<\/p>","protected":false},"excerpt":{"rendered":"<p>Natular &#8211; Alimentaci\u00f3n Viva<\/p>\n<p>Basada en el consumo de semillas germinadas, brotes, frutas y verduras en estado natural o deshidratado conservando y multiplicando los nutrientes de cada alimento.<\/p>\n<p>Ubicaci\u00f3n: <a href=\"https:\/\/goo.gl\/maps\/ReVsAVCB3QgLfehP8\" target=\"_blank\" rel=\"noopener\">Urubamba Valle Sagrado de los Incas, Cusco \u2013 Per\u00fa<\/a><\/p>\n<p>100% hecho en casa.<\/p>\n<p>Facebook: <a href=\"https:\/\/www.facebook.com\/NatuLar-1939993956289979\" target=\"_blank\" rel=\"noopener\">NatuLar<\/a><\/p>\n<p>Imagen referencial<\/p>\n<p>Pedidos al: <a href=\"tel:+51976468208\">(+51) 976468208<\/a><\/p>\n<div class=\"nta_wa_button\" data-id=\"14297\" data-info=\"{&quot;name&quot;:&quot;NatuLar&quot;,&quot;info&quot;:{&quot;number&quot;:&quot;+51976468208&quot;,&quot;title&quot;:&quot;NatuLar | Tienda&quot;,&quot;predefinedText&quot;:&quot;Hola Jennifer Gerschenson. Me gustar\\u00eda m\\u00e1s informaci\\u00f3n de [njwa_page_title] Este es el link [njwa_page_url]&quot;,&quot;willBeBackText&quot;:&quot;I will be back in [njwa_time_work]&quot;,&quot;dayOffsText&quot;:&quot;I will be back soon&quot;,&quot;isAlwaysAvailable&quot;:&quot;ON&quot;,&quot;daysOfWeekWorking&quot;:{&quot;sunday&quot;:{&quot;isWorkingOnDay&quot;:&quot;OFF&quot;,&quot;workHours&quot;:[{&quot;startTime&quot;:&quot;08:00&quot;,&quot;endTime&quot;:&quot;17:30&quot;}]},&quot;monday&quot;:{&quot;isWorkingOnDay&quot;:&quot;OFF&quot;,&quot;workHours&quot;:[{&quot;startTime&quot;:&quot;08:00&quot;,&quot;endTime&quot;:&quot;17:30&quot;}]},&quot;tuesday&quot;:{&quot;isWorkingOnDay&quot;:&quot;OFF&quot;,&quot;workHours&quot;:[{&quot;startTime&quot;:&quot;08:00&quot;,&quot;endTime&quot;:&quot;17:30&quot;}]},&quot;wednesday&quot;:{&quot;isWorkingOnDay&quot;:&quot;OFF&quot;,&quot;workHours&quot;:[{&quot;startTime&quot;:&quot;08:00&quot;,&quot;endTime&quot;:&quot;17:30&quot;}]},&quot;thursday&quot;:{&quot;isWorkingOnDay&quot;:&quot;OFF&quot;,&quot;workHours&quot;:[{&quot;startTime&quot;:&quot;08:00&quot;,&quot;endTime&quot;:&quot;17:30&quot;}]},&quot;friday&quot;:{&quot;isWorkingOnDay&quot;:&quot;OFF&quot;,&quot;workHours&quot;:[{&quot;startTime&quot;:&quot;08:00&quot;,&quot;endTime&quot;:&quot;17:30&quot;}]},&quot;saturday&quot;:{&quot;isWorkingOnDay&quot;:&quot;OFF&quot;,&quot;workHours&quot;:[{&quot;startTime&quot;:&quot;08:00&quot;,&quot;endTime&quot;:&quot;17:30&quot;}]}}},&quot;styles&quot;:{&quot;type&quot;:&quot;round&quot;,&quot;backgroundColor&quot;:&quot;#2DB742&quot;,&quot;textColor&quot;:&quot;#fff&quot;,&quot;label&quot;:&quot;Necesitas ayuda? Hablemos&quot;,&quot;width&quot;:300,&quot;height&quot;:64},&quot;avatar&quot;:&quot;https:\\\/\\\/nonamepublicidad.com\\\/wp-content\\\/uploads\\\/2021\\\/06\\\/natular_comida_crudivegana_02.jpg&quot;,&quot;options&quot;:{&quot;display&quot;:{&quot;displayCondition&quot;:&quot;showAllPage&quot;,&quot;includePages&quot;:[],&quot;excludePages&quot;:[],&quot;includePosts&quot;:[],&quot;showOnDesktop&quot;:&quot;ON&quot;,&quot;showOnMobile&quot;:&quot;ON&quot;,&quot;time_symbols&quot;:&quot;h:m&quot;},&quot;styles&quot;:{&quot;title&quot;:&quot;Start a Conversation&quot;,&quot;responseText&quot;:&quot;The team typically replies in a few minutes.&quot;,&quot;description&quot;:&quot;Hi! Click one of our member below to chat on &lt;strong&gt;WhatsApp&lt;\\\/strong&gt;&quot;,&quot;backgroundColor&quot;:&quot;#2db742&quot;,&quot;textColor&quot;:&quot;#fff&quot;,&quot;scrollHeight&quot;:500,&quot;isShowScroll&quot;:&quot;OFF&quot;,&quot;isShowResponseText&quot;:&quot;ON&quot;,&quot;isShowPoweredBy&quot;:&quot;ON&quot;,&quot;btnLabel&quot;:&quot;Need Help? &lt;strong&gt;Chat with us&lt;\\\/strong&gt;&quot;,&quot;btnLabelWidth&quot;:156,&quot;btnPosition&quot;:&quot;right&quot;,&quot;btnLeftDistance&quot;:30,&quot;btnRightDistance&quot;:30,&quot;btnBottomDistance&quot;:30,&quot;isShowBtnLabel&quot;:&quot;ON&quot;,&quot;isShowGDPR&quot;:&quot;OFF&quot;,&quot;gdprContent&quot;:&quot;Please accept our &lt;a href=\\&quot;https:\\\/\\\/ninjateam.org\\\/privacy-policy\\\/\\&quot;&gt;privacy policy&lt;\\\/a&gt; first to start a conversation.&quot;,&quot;widgetType&quot;:&quot;expandable&quot;},&quot;analytics&quot;:{&quot;enabledGoogle&quot;:&quot;OFF&quot;,&quot;enabledFacebook&quot;:&quot;OFF&quot;,&quot;enabledGoogleGA4&quot;:&quot;OFF&quot;}},&quot;gdprStatus&quot;:false,&quot;defaultAvatar&quot;:&quot;https:\\\/\\\/nonamepublicidad.com\\\/wp-content\\\/plugins\\\/whatsapp-for-wordpress\\\/assets\\\/img\\\/whatsapp_logo.svg&quot;}\"><\/div>\n<div style=\"visibility: hidden;\">alimentos, comestibles, sabor salado, sabor dulce, postres veganos, crudivegano, sin az\u00facar refinada, sin harinas refinadas, dulces saludables, vegano, veganos peru, postres saludables, gluten free, sin lactosa, cocina, dulces peruanos, comida peruana<\/div>\n","protected":false},"featured_media":8008,"comment_status":"open","ping_status":"closed","template":"","meta":[],"product_brand":[],"product_cat":[113,107],"product_tag":[953,1460,954,1198,1451,1461,1454,1458,1457,1450,1411,1410,1452,1453,1459,1455,1456],"class_list":{"0":"post-8010","1":"product","2":"type-product","3":"status-publish","4":"has-post-thumbnail","6":"product_cat-alimentos-y-bebidas","7":"product_cat-otras-categorias","8":"product_tag-alimentos","9":"product_tag-cocina","10":"product_tag-comestibles","11":"product_tag-comida-peruana","12":"product_tag-crudivegano","13":"product_tag-dulces-peruanos","14":"product_tag-dulces-saludables","15":"product_tag-gluten-free","16":"product_tag-postres-saludables","17":"product_tag-postres-veganos","18":"product_tag-sabor-dulce","19":"product_tag-sabor-salado","20":"product_tag-sin-azucar-refinada","21":"product_tag-sin-harinas-refinadas","22":"product_tag-sin-lactosa","23":"product_tag-vegano","24":"product_tag-veganos-peru","26":"first","27":"instock","28":"virtual","29":"taxable","30":"product-type-simple"},"_links":{"self":[{"href":"https:\/\/nonamepublicidad.com\/en\/wp-json\/wp\/v2\/product\/8010","targetHints":{"allow":["GET"]}}],"collection":[{"href":"https:\/\/nonamepublicidad.com\/en\/wp-json\/wp\/v2\/product"}],"about":[{"href":"https:\/\/nonamepublicidad.com\/en\/wp-json\/wp\/v2\/types\/product"}],"replies":[{"embeddable":true,"href":"https:\/\/nonamepublicidad.com\/en\/wp-json\/wp\/v2\/comments?post=8010"}],"version-history":[{"count":0,"href":"https:\/\/nonamepublicidad.com\/en\/wp-json\/wp\/v2\/product\/8010\/revisions"}],"wp:featuredmedia":[{"embeddable":true,"href":"https:\/\/nonamepublicidad.com\/en\/wp-json\/wp\/v2\/media\/8008"}],"wp:attachment":[{"href":"https:\/\/nonamepublicidad.com\/en\/wp-json\/wp\/v2\/media?parent=8010"}],"wp:term":[{"taxonomy":"product_brand","embeddable":true,"href":"https:\/\/nonamepublicidad.com\/en\/wp-json\/wp\/v2\/product_brand?post=8010"},{"taxonomy":"product_cat","embeddable":true,"href":"https:\/\/nonamepublicidad.com\/en\/wp-json\/wp\/v2\/product_cat?post=8010"},{"taxonomy":"product_tag","embeddable":true,"href":"https:\/\/nonamepublicidad.com\/en\/wp-json\/wp\/v2\/product_tag?post=8010"}],"curies":[{"name":"wp","href":"https:\/\/api.w.org\/{rel}","templated":true}]}}