{"id":8183,"date":"2021-06-24T00:26:44","date_gmt":"2021-06-24T05:26:44","guid":{"rendered":"http:\/\/nonamepublicidad.com\/?post_type=product&#038;p=8183"},"modified":"2024-12-02T08:49:22","modified_gmt":"2024-12-02T13:49:22","slug":"erika-chavez-balbuena-agente-inmobiliario","status":"publish","type":"product","link":"https:\/\/nonamepublicidad.com\/en\/product\/erika-chavez-balbuena-agente-inmobiliario\/","title":{"rendered":"Erika Chavez Balbuena Agente Inmobiliario"},"content":{"rendered":"<p>Cont\u00e1ctame, te ayudar\u00e9 con la venta, compra o alquiler de tu propiedad.<\/p>\n<p>#remaxevolution #familiaevolution #siemprecontigo #ventas #alquiler<\/p>","protected":false},"excerpt":{"rendered":"<p>Te ayudar\u00e9 a cumplir tus sue\u00f1os brind\u00e1ndote la mejor asesor\u00eda personalizada para vender, comprar o alquilar.<\/p>\n<p>Correo: <a href=\"mailto:echavez@remaxevolution.pe\">echavez@remaxevolution.pe<\/a><\/p>\n<p>Facebook: <a href=\"https:\/\/www.facebook.com\/Erika-Ch%C3%A1vez-Balbuena-Asesora-Inmobiliaria-100363842175599\/\" target=\"_blank\" rel=\"noopener\">Erika Chavez Balbuena Asesora Inmobiliaria<\/a><\/p>\n<p>Instagram: <a href=\"https:\/\/www.instagram.com\/c.b.erika2020p\/\" target=\"_blank\" rel=\"noopener\">@Erika_Chavez_Balbuena<\/a><\/p>\n<p>Web: <a href=\"https:\/\/www.remax.pe\/propiedades.php?agente=erikachavez\" target=\"_blank\" rel=\"noopener\">https:\/\/remax.pe\/agente\/erikachavez<\/a><\/p>\n<p>Consultas al: <a href=\"tel:51943754943\">(+51) 943754943<\/a><\/p>\n<div class=\"nta_wa_button\" data-id=\"14294\" data-info=\"{&quot;name&quot;:&quot;Erika Chavez Balbuena Asesora Inmobiliaria&quot;,&quot;info&quot;:{&quot;number&quot;:&quot;+51943754943&quot;,&quot;title&quot;:&quot;Erika Chavez Balbuena Asesora Inmobiliaria | Tienda&quot;,&quot;predefinedText&quot;:&quot;Hola Erika Chavez. Me gustar\\u00eda m\\u00e1s informaci\\u00f3n de [njwa_page_title] Este es el link [njwa_page_url]&quot;,&quot;willBeBackText&quot;:&quot;I will be back in [njwa_time_work]&quot;,&quot;dayOffsText&quot;:&quot;I will be back soon&quot;,&quot;isAlwaysAvailable&quot;:&quot;ON&quot;,&quot;daysOfWeekWorking&quot;:{&quot;sunday&quot;:{&quot;isWorkingOnDay&quot;:&quot;OFF&quot;,&quot;workHours&quot;:[{&quot;startTime&quot;:&quot;08:00&quot;,&quot;endTime&quot;:&quot;17:30&quot;}]},&quot;monday&quot;:{&quot;isWorkingOnDay&quot;:&quot;OFF&quot;,&quot;workHours&quot;:[{&quot;startTime&quot;:&quot;08:00&quot;,&quot;endTime&quot;:&quot;17:30&quot;}]},&quot;tuesday&quot;:{&quot;isWorkingOnDay&quot;:&quot;OFF&quot;,&quot;workHours&quot;:[{&quot;startTime&quot;:&quot;08:00&quot;,&quot;endTime&quot;:&quot;17:30&quot;}]},&quot;wednesday&quot;:{&quot;isWorkingOnDay&quot;:&quot;OFF&quot;,&quot;workHours&quot;:[{&quot;startTime&quot;:&quot;08:00&quot;,&quot;endTime&quot;:&quot;17:30&quot;}]},&quot;thursday&quot;:{&quot;isWorkingOnDay&quot;:&quot;OFF&quot;,&quot;workHours&quot;:[{&quot;startTime&quot;:&quot;08:00&quot;,&quot;endTime&quot;:&quot;17:30&quot;}]},&quot;friday&quot;:{&quot;isWorkingOnDay&quot;:&quot;OFF&quot;,&quot;workHours&quot;:[{&quot;startTime&quot;:&quot;08:00&quot;,&quot;endTime&quot;:&quot;17:30&quot;}]},&quot;saturday&quot;:{&quot;isWorkingOnDay&quot;:&quot;OFF&quot;,&quot;workHours&quot;:[{&quot;startTime&quot;:&quot;08:00&quot;,&quot;endTime&quot;:&quot;17:30&quot;}]}}},&quot;styles&quot;:{&quot;type&quot;:&quot;round&quot;,&quot;backgroundColor&quot;:&quot;#2DB742&quot;,&quot;textColor&quot;:&quot;#fff&quot;,&quot;label&quot;:&quot;Necesitas ayuda? Hablemos&quot;,&quot;width&quot;:300,&quot;height&quot;:64},&quot;avatar&quot;:&quot;https:\\\/\\\/nonamepublicidad.com\\\/wp-content\\\/uploads\\\/2021\\\/06\\\/erika_chavez_balbuena_asesora_comercial_venta_alquiler_departamentos_01.jpg&quot;,&quot;options&quot;:{&quot;display&quot;:{&quot;displayCondition&quot;:&quot;showAllPage&quot;,&quot;includePages&quot;:[],&quot;excludePages&quot;:[],&quot;includePosts&quot;:[],&quot;showOnDesktop&quot;:&quot;ON&quot;,&quot;showOnMobile&quot;:&quot;ON&quot;,&quot;time_symbols&quot;:&quot;h:m&quot;},&quot;styles&quot;:{&quot;title&quot;:&quot;Start a Conversation&quot;,&quot;responseText&quot;:&quot;The team typically replies in a few minutes.&quot;,&quot;description&quot;:&quot;Hi! Click one of our member below to chat on &lt;strong&gt;WhatsApp&lt;\\\/strong&gt;&quot;,&quot;backgroundColor&quot;:&quot;#2db742&quot;,&quot;textColor&quot;:&quot;#fff&quot;,&quot;scrollHeight&quot;:500,&quot;isShowScroll&quot;:&quot;OFF&quot;,&quot;isShowResponseText&quot;:&quot;ON&quot;,&quot;isShowPoweredBy&quot;:&quot;ON&quot;,&quot;btnLabel&quot;:&quot;Need Help? &lt;strong&gt;Chat with us&lt;\\\/strong&gt;&quot;,&quot;btnLabelWidth&quot;:156,&quot;btnPosition&quot;:&quot;right&quot;,&quot;btnLeftDistance&quot;:30,&quot;btnRightDistance&quot;:30,&quot;btnBottomDistance&quot;:30,&quot;isShowBtnLabel&quot;:&quot;ON&quot;,&quot;isShowGDPR&quot;:&quot;OFF&quot;,&quot;gdprContent&quot;:&quot;Please accept our &lt;a href=\\&quot;https:\\\/\\\/ninjateam.org\\\/privacy-policy\\\/\\&quot;&gt;privacy policy&lt;\\\/a&gt; first to start a conversation.&quot;,&quot;widgetType&quot;:&quot;expandable&quot;},&quot;analytics&quot;:{&quot;enabledGoogle&quot;:&quot;OFF&quot;,&quot;enabledFacebook&quot;:&quot;OFF&quot;,&quot;enabledGoogleGA4&quot;:&quot;OFF&quot;}},&quot;gdprStatus&quot;:false,&quot;defaultAvatar&quot;:&quot;https:\\\/\\\/nonamepublicidad.com\\\/wp-content\\\/plugins\\\/whatsapp-for-wordpress\\\/assets\\\/img\\\/whatsapp_logo.svg&quot;}\"><\/div>\n<div style=\"visibility: hidden;\">vivienda, alquiler venta, alquiler venta de departamentos, alquiler venta de casa, alquiler venta de inmuebles, alquiler de casa, alquiler de departamento, agente inmobiliario, departamentos en venta, alquiler de departamentos, bienes ra\u00edces<\/div>\n","protected":false},"featured_media":8181,"comment_status":"open","ping_status":"closed","template":"","meta":[],"product_brand":[],"product_cat":[180,179],"product_tag":[1470,1468,1469,1472,1464,1466,1465,1467,1473,1471,1463],"class_list":{"0":"post-8183","1":"product","2":"type-product","3":"status-publish","4":"has-post-thumbnail","6":"product_cat-casas","7":"product_cat-inmuebles","8":"product_tag-agente-inmobiliario","9":"product_tag-alquiler-de-casa","10":"product_tag-alquiler-de-departamento","11":"product_tag-alquiler-de-departamentos","12":"product_tag-alquiler-venta","13":"product_tag-alquiler-venta-de-casa","14":"product_tag-alquiler-venta-de-departamentos","15":"product_tag-alquiler-venta-de-inmuebles","16":"product_tag-bienes-raices","17":"product_tag-departamentos-en-venta","18":"product_tag-vivienda","20":"first","21":"instock","22":"virtual","23":"taxable","24":"product-type-simple"},"_links":{"self":[{"href":"https:\/\/nonamepublicidad.com\/en\/wp-json\/wp\/v2\/product\/8183","targetHints":{"allow":["GET"]}}],"collection":[{"href":"https:\/\/nonamepublicidad.com\/en\/wp-json\/wp\/v2\/product"}],"about":[{"href":"https:\/\/nonamepublicidad.com\/en\/wp-json\/wp\/v2\/types\/product"}],"replies":[{"embeddable":true,"href":"https:\/\/nonamepublicidad.com\/en\/wp-json\/wp\/v2\/comments?post=8183"}],"version-history":[{"count":0,"href":"https:\/\/nonamepublicidad.com\/en\/wp-json\/wp\/v2\/product\/8183\/revisions"}],"wp:featuredmedia":[{"embeddable":true,"href":"https:\/\/nonamepublicidad.com\/en\/wp-json\/wp\/v2\/media\/8181"}],"wp:attachment":[{"href":"https:\/\/nonamepublicidad.com\/en\/wp-json\/wp\/v2\/media?parent=8183"}],"wp:term":[{"taxonomy":"product_brand","embeddable":true,"href":"https:\/\/nonamepublicidad.com\/en\/wp-json\/wp\/v2\/product_brand?post=8183"},{"taxonomy":"product_cat","embeddable":true,"href":"https:\/\/nonamepublicidad.com\/en\/wp-json\/wp\/v2\/product_cat?post=8183"},{"taxonomy":"product_tag","embeddable":true,"href":"https:\/\/nonamepublicidad.com\/en\/wp-json\/wp\/v2\/product_tag?post=8183"}],"curies":[{"name":"wp","href":"https:\/\/api.w.org\/{rel}","templated":true}]}}