{"id":8213,"date":"2021-08-04T21:02:02","date_gmt":"2021-08-05T02:02:02","guid":{"rendered":"http:\/\/nonamepublicidad.com\/?post_type=product&#038;p=8213"},"modified":"2024-12-02T08:49:22","modified_gmt":"2024-12-02T13:49:22","slug":"the-mandalorian-set-incluye-9-figuras","status":"publish","type":"product","link":"https:\/\/nonamepublicidad.com\/en\/product\/the-mandalorian-set-incluye-9-figuras\/","title":{"rendered":"The Mandalorian Set Incluye 9 Figuras"},"content":{"rendered":"<p>A ra\u00edz del colapso del Imperio Gal\u00e1ctico, el viaje Mandalorian y el Ni\u00f1o a trav\u00e9s de la galaxia ayudado y obstaculizado por un elenco de personajes representados en este set de nueve figuras que incluye Cara Dune, Moff Gideon y m\u00e1s. Nueve figuras totalmente esculpidas incluyen el mandaloriano, el ni\u00f1o, Cara Dune, Kuill, IG-11, Greef Carga, Moff Gideon, el herrero y el soldado asalto incinerador Independiente Inspirado por Star Wars: The Mandalorian streaming en Disney+ Edades 3+ Figuras de pl\u00e1stico\/PVC: hasta 4 pulgadas H (aprox.) Paquete: 5.9\u00a0in de alto x 11.8\u00a0in de ancho x 8.7\u00a0in de profundidad. Advertencia de seguridad importada: peligro de asfixia. Piezas peque\u00f1as. No apto para ni\u00f1os menores de 3 a\u00f1os.<\/p>","protected":false},"excerpt":{"rendered":"<ul>\n<li>Figura de acci\u00f3n coleccionable<\/li>\n<li>100% Pl\u00e1stico<\/li>\n<li>Medidas 11.54 x 8.78 x 6.22 pulgadas<\/li>\n<li>Peso 15.5 onzas<\/li>\n<li>Apto para ni\u00f1os mayores de 4 a\u00f1os<\/li>\n<li>Disney 2021<\/li>\n<li>Boxed set<\/li>\n<li>Incluye 9 figuras<\/li>\n<li>Consultar tarifa de flete<\/li>\n<li>Imagen referencial<\/li>\n<\/ul>\n<p>Pedidos al: <a href=\"tel:51941203813\">(+51) 941203813<\/a><\/p>\n<div class=\"nta_wa_button\" data-id=\"13293\" data-info=\"{&quot;name&quot;:&quot;Orlando (Per\\u00fa)&quot;,&quot;info&quot;:{&quot;number&quot;:&quot;+51941203813&quot;,&quot;title&quot;:&quot;Orlando&quot;,&quot;predefinedText&quot;:&quot;Hola Orlando, solicito informaci\\u00f3n de [njwa_page_title] Enlace: [njwa_page_url]&quot;,&quot;willBeBackText&quot;:&quot;I will be back in [njwa_time_work]&quot;,&quot;dayOffsText&quot;:&quot;I will be back soon&quot;,&quot;isAlwaysAvailable&quot;:&quot;ON&quot;,&quot;daysOfWeekWorking&quot;:{&quot;sunday&quot;:{&quot;isWorkingOnDay&quot;:&quot;OFF&quot;,&quot;workHours&quot;:[{&quot;startTime&quot;:&quot;08:00&quot;,&quot;endTime&quot;:&quot;17:30&quot;}]},&quot;monday&quot;:{&quot;isWorkingOnDay&quot;:&quot;OFF&quot;,&quot;workHours&quot;:[{&quot;startTime&quot;:&quot;08:00&quot;,&quot;endTime&quot;:&quot;17:30&quot;}]},&quot;tuesday&quot;:{&quot;isWorkingOnDay&quot;:&quot;OFF&quot;,&quot;workHours&quot;:[{&quot;startTime&quot;:&quot;08:00&quot;,&quot;endTime&quot;:&quot;17:30&quot;}]},&quot;wednesday&quot;:{&quot;isWorkingOnDay&quot;:&quot;OFF&quot;,&quot;workHours&quot;:[{&quot;startTime&quot;:&quot;08:00&quot;,&quot;endTime&quot;:&quot;17:30&quot;}]},&quot;thursday&quot;:{&quot;isWorkingOnDay&quot;:&quot;OFF&quot;,&quot;workHours&quot;:[{&quot;startTime&quot;:&quot;08:00&quot;,&quot;endTime&quot;:&quot;17:30&quot;}]},&quot;friday&quot;:{&quot;isWorkingOnDay&quot;:&quot;OFF&quot;,&quot;workHours&quot;:[{&quot;startTime&quot;:&quot;08:00&quot;,&quot;endTime&quot;:&quot;17:30&quot;}]},&quot;saturday&quot;:{&quot;isWorkingOnDay&quot;:&quot;OFF&quot;,&quot;workHours&quot;:[{&quot;startTime&quot;:&quot;08:00&quot;,&quot;endTime&quot;:&quot;17:30&quot;}]}}},&quot;styles&quot;:{&quot;type&quot;:&quot;round&quot;,&quot;backgroundColor&quot;:&quot;#2DB742&quot;,&quot;textColor&quot;:&quot;#fff&quot;,&quot;label&quot;:&quot;Necesitas ayuda? Hablemos \\\/ Do you need help? Let&#039;s talk&quot;,&quot;width&quot;:300,&quot;height&quot;:64},&quot;avatar&quot;:&quot;https:\\\/\\\/nonamepublicidad.com\\\/wp-content\\\/uploads\\\/2020\\\/07\\\/noname-icon_152x152.png&quot;,&quot;options&quot;:{&quot;display&quot;:{&quot;displayCondition&quot;:&quot;showAllPage&quot;,&quot;includePages&quot;:[],&quot;excludePages&quot;:[],&quot;includePosts&quot;:[],&quot;showOnDesktop&quot;:&quot;ON&quot;,&quot;showOnMobile&quot;:&quot;ON&quot;,&quot;time_symbols&quot;:&quot;h:m&quot;},&quot;styles&quot;:{&quot;title&quot;:&quot;Start a Conversation&quot;,&quot;responseText&quot;:&quot;The team typically replies in a few minutes.&quot;,&quot;description&quot;:&quot;Hi! Click one of our member below to chat on &lt;strong&gt;WhatsApp&lt;\\\/strong&gt;&quot;,&quot;backgroundColor&quot;:&quot;#2db742&quot;,&quot;textColor&quot;:&quot;#fff&quot;,&quot;scrollHeight&quot;:500,&quot;isShowScroll&quot;:&quot;OFF&quot;,&quot;isShowResponseText&quot;:&quot;ON&quot;,&quot;isShowPoweredBy&quot;:&quot;ON&quot;,&quot;btnLabel&quot;:&quot;Need Help? &lt;strong&gt;Chat with us&lt;\\\/strong&gt;&quot;,&quot;btnLabelWidth&quot;:156,&quot;btnPosition&quot;:&quot;right&quot;,&quot;btnLeftDistance&quot;:30,&quot;btnRightDistance&quot;:30,&quot;btnBottomDistance&quot;:30,&quot;isShowBtnLabel&quot;:&quot;ON&quot;,&quot;isShowGDPR&quot;:&quot;OFF&quot;,&quot;gdprContent&quot;:&quot;Please accept our &lt;a href=\\&quot;https:\\\/\\\/ninjateam.org\\\/privacy-policy\\\/\\&quot;&gt;privacy policy&lt;\\\/a&gt; first to start a conversation.&quot;,&quot;widgetType&quot;:&quot;expandable&quot;},&quot;analytics&quot;:{&quot;enabledGoogle&quot;:&quot;OFF&quot;,&quot;enabledFacebook&quot;:&quot;OFF&quot;,&quot;enabledGoogleGA4&quot;:&quot;OFF&quot;}},&quot;gdprStatus&quot;:false,&quot;defaultAvatar&quot;:&quot;https:\\\/\\\/nonamepublicidad.com\\\/wp-content\\\/plugins\\\/whatsapp-for-wordpress\\\/assets\\\/img\\\/whatsapp_logo.svg&quot;}\"><\/div>\n<div style=\"visibility: hidden;\">Juegos De Star Wars, Personajes De Star Wars, Personajes Star Wars, Juguetes, Juguete, Mu\u00f1eco, Mu\u00f1ecos, Figura De Acci\u00f3n, Figuras De Acci\u00f3n, Star Wars, Mandaloriano, El Ni\u00f1o, Cara Dune, Kuill, IG-11, Greef Carga, Moff Gideon, El Herrero, El Soldado Asalto Incinerador, Baby Yoda, Grogu, Disney<\/div>\n","protected":false},"featured_media":8211,"comment_status":"open","ping_status":"closed","template":"","meta":[],"product_brand":[],"product_cat":[1224,439],"product_tag":[1485,1478,1487,1483,1477,1484,1044,1045,1481,1486,1480,1037,1041,1040,1479,1476,1482,1042,1043,1038,1039,1046],"class_list":{"0":"post-8213","1":"product","2":"type-product","3":"status-publish","4":"has-post-thumbnail","6":"product_cat-articulos-coleccionables","7":"product_cat-juegos-y-juguetes","8":"product_tag-baby-yoda","9":"product_tag-cara-dune","10":"product_tag-disney","11":"product_tag-el-herrero","12":"product_tag-el-nino","13":"product_tag-el-soldado-asalto-incinerador","14":"product_tag-figura-de-accion","15":"product_tag-figuras-de-accion","16":"product_tag-greef-carga","17":"product_tag-grogu","18":"product_tag-ig-11","19":"product_tag-juegos-de-star-wars","20":"product_tag-juguete","21":"product_tag-juguetes","22":"product_tag-kuill","23":"product_tag-mandaloriano","24":"product_tag-moff-gideon","25":"product_tag-muneco","26":"product_tag-munecos","27":"product_tag-personajes-de-star-wars","28":"product_tag-personajes-star-wars","29":"product_tag-star-wars","31":"first","32":"outofstock","33":"sale","34":"taxable","35":"shipping-taxable","36":"purchasable","37":"product-type-simple"},"_links":{"self":[{"href":"https:\/\/nonamepublicidad.com\/en\/wp-json\/wp\/v2\/product\/8213","targetHints":{"allow":["GET"]}}],"collection":[{"href":"https:\/\/nonamepublicidad.com\/en\/wp-json\/wp\/v2\/product"}],"about":[{"href":"https:\/\/nonamepublicidad.com\/en\/wp-json\/wp\/v2\/types\/product"}],"replies":[{"embeddable":true,"href":"https:\/\/nonamepublicidad.com\/en\/wp-json\/wp\/v2\/comments?post=8213"}],"version-history":[{"count":0,"href":"https:\/\/nonamepublicidad.com\/en\/wp-json\/wp\/v2\/product\/8213\/revisions"}],"wp:featuredmedia":[{"embeddable":true,"href":"https:\/\/nonamepublicidad.com\/en\/wp-json\/wp\/v2\/media\/8211"}],"wp:attachment":[{"href":"https:\/\/nonamepublicidad.com\/en\/wp-json\/wp\/v2\/media?parent=8213"}],"wp:term":[{"taxonomy":"product_brand","embeddable":true,"href":"https:\/\/nonamepublicidad.com\/en\/wp-json\/wp\/v2\/product_brand?post=8213"},{"taxonomy":"product_cat","embeddable":true,"href":"https:\/\/nonamepublicidad.com\/en\/wp-json\/wp\/v2\/product_cat?post=8213"},{"taxonomy":"product_tag","embeddable":true,"href":"https:\/\/nonamepublicidad.com\/en\/wp-json\/wp\/v2\/product_tag?post=8213"}],"curies":[{"name":"wp","href":"https:\/\/api.w.org\/{rel}","templated":true}]}}