{"id":8284,"date":"2021-08-07T23:00:10","date_gmt":"2021-08-08T04:00:10","guid":{"rendered":"http:\/\/nonamepublicidad.com\/?post_type=product&#038;p=8284"},"modified":"2024-12-02T08:49:22","modified_gmt":"2024-12-02T13:49:22","slug":"gorra-skull-volt-industries","status":"publish","type":"product","link":"https:\/\/nonamepublicidad.com\/en\/product\/gorra-skull-volt-industries\/","title":{"rendered":"Gorra Skull Volt Industries"},"content":{"rendered":"","protected":false},"excerpt":{"rendered":"<p>Los gorros Volt Industries vienen con la copa tama\u00f1o adulto y con regulador posterior, son de cuero 100% autentico y sus acabados A1 en costura y detalles, tiene bordado frontal y lateral, que hace la gran diferencia del resto. Hechas en cuero y drill de algod\u00f3n, vienen en 4 modelos y 3 colores.<\/p>\n<ul>\n<li>Precio por unidad<\/li>\n<li>Marca: Volt Industries<\/li>\n<li>Modelo: SkullBite<\/li>\n<li>Calidad: cuero &amp; drill algod\u00f3n<\/li>\n<li>Logotipo: bordado frontal y lateral<\/li>\n<li>Talla \u00fanica<\/li>\n<li>Consultar tarifa de flete<\/li>\n<li>Imagen referencial<\/li>\n<\/ul>\n<p>Pedidos al: <a href=\"tel:51946215525\">(+51) 946215525<\/a><\/p>\n<div class=\"nta_wa_button\" data-id=\"13330\" data-info=\"{&quot;name&quot;:&quot;Volt Industries&quot;,&quot;info&quot;:{&quot;number&quot;:&quot;+51946215525&quot;,&quot;title&quot;:&quot;Volt Industries | Tienda Online&quot;,&quot;predefinedText&quot;:&quot;Hola Volt Industries. Me gustar\\u00eda m\\u00e1s informaci\\u00f3n de [njwa_page_title] Este es el link [njwa_page_url]&quot;,&quot;willBeBackText&quot;:&quot;I will be back in [njwa_time_work]&quot;,&quot;dayOffsText&quot;:&quot;I will be back soon&quot;,&quot;isAlwaysAvailable&quot;:&quot;ON&quot;,&quot;daysOfWeekWorking&quot;:{&quot;sunday&quot;:{&quot;isWorkingOnDay&quot;:&quot;OFF&quot;,&quot;workHours&quot;:[{&quot;startTime&quot;:&quot;08:00&quot;,&quot;endTime&quot;:&quot;17:30&quot;}]},&quot;monday&quot;:{&quot;isWorkingOnDay&quot;:&quot;OFF&quot;,&quot;workHours&quot;:[{&quot;startTime&quot;:&quot;08:00&quot;,&quot;endTime&quot;:&quot;17:30&quot;}]},&quot;tuesday&quot;:{&quot;isWorkingOnDay&quot;:&quot;OFF&quot;,&quot;workHours&quot;:[{&quot;startTime&quot;:&quot;08:00&quot;,&quot;endTime&quot;:&quot;17:30&quot;}]},&quot;wednesday&quot;:{&quot;isWorkingOnDay&quot;:&quot;OFF&quot;,&quot;workHours&quot;:[{&quot;startTime&quot;:&quot;08:00&quot;,&quot;endTime&quot;:&quot;17:30&quot;}]},&quot;thursday&quot;:{&quot;isWorkingOnDay&quot;:&quot;OFF&quot;,&quot;workHours&quot;:[{&quot;startTime&quot;:&quot;08:00&quot;,&quot;endTime&quot;:&quot;17:30&quot;}]},&quot;friday&quot;:{&quot;isWorkingOnDay&quot;:&quot;OFF&quot;,&quot;workHours&quot;:[{&quot;startTime&quot;:&quot;08:00&quot;,&quot;endTime&quot;:&quot;17:30&quot;}]},&quot;saturday&quot;:{&quot;isWorkingOnDay&quot;:&quot;OFF&quot;,&quot;workHours&quot;:[{&quot;startTime&quot;:&quot;08:00&quot;,&quot;endTime&quot;:&quot;17:30&quot;}]}}},&quot;styles&quot;:{&quot;type&quot;:&quot;round&quot;,&quot;backgroundColor&quot;:&quot;#2DB742&quot;,&quot;textColor&quot;:&quot;#fff&quot;,&quot;label&quot;:&quot;Escr\\u00edbeme.&quot;,&quot;width&quot;:300,&quot;height&quot;:64},&quot;avatar&quot;:&quot;https:\\\/\\\/nonamepublicidad.com\\\/wp-content\\\/uploads\\\/2022\\\/09\\\/volt_industries_logo_625x300.webp&quot;,&quot;options&quot;:{&quot;display&quot;:{&quot;displayCondition&quot;:&quot;showAllPage&quot;,&quot;includePages&quot;:[],&quot;excludePages&quot;:[],&quot;includePosts&quot;:[],&quot;showOnDesktop&quot;:&quot;ON&quot;,&quot;showOnMobile&quot;:&quot;ON&quot;,&quot;time_symbols&quot;:&quot;h:m&quot;},&quot;styles&quot;:{&quot;title&quot;:&quot;Start a Conversation&quot;,&quot;responseText&quot;:&quot;The team typically replies in a few minutes.&quot;,&quot;description&quot;:&quot;Hi! Click one of our member below to chat on &lt;strong&gt;WhatsApp&lt;\\\/strong&gt;&quot;,&quot;backgroundColor&quot;:&quot;#2db742&quot;,&quot;textColor&quot;:&quot;#fff&quot;,&quot;scrollHeight&quot;:500,&quot;isShowScroll&quot;:&quot;OFF&quot;,&quot;isShowResponseText&quot;:&quot;ON&quot;,&quot;isShowPoweredBy&quot;:&quot;ON&quot;,&quot;btnLabel&quot;:&quot;Need Help? &lt;strong&gt;Chat with us&lt;\\\/strong&gt;&quot;,&quot;btnLabelWidth&quot;:156,&quot;btnPosition&quot;:&quot;right&quot;,&quot;btnLeftDistance&quot;:30,&quot;btnRightDistance&quot;:30,&quot;btnBottomDistance&quot;:30,&quot;isShowBtnLabel&quot;:&quot;ON&quot;,&quot;isShowGDPR&quot;:&quot;OFF&quot;,&quot;gdprContent&quot;:&quot;Please accept our &lt;a href=\\&quot;https:\\\/\\\/ninjateam.org\\\/privacy-policy\\\/\\&quot;&gt;privacy policy&lt;\\\/a&gt; first to start a conversation.&quot;,&quot;widgetType&quot;:&quot;expandable&quot;},&quot;analytics&quot;:{&quot;enabledGoogle&quot;:&quot;OFF&quot;,&quot;enabledFacebook&quot;:&quot;OFF&quot;,&quot;enabledGoogleGA4&quot;:&quot;OFF&quot;}},&quot;gdprStatus&quot;:false,&quot;defaultAvatar&quot;:&quot;https:\\\/\\\/nonamepublicidad.com\\\/wp-content\\\/plugins\\\/whatsapp-for-wordpress\\\/assets\\\/img\\\/whatsapp_logo.svg&quot;}\"><\/div>\n<div style=\"visibility: hidden;\">accesorios de moda, deportes y fitness, ropa deportiva, ropa y accesorios, accesorios de vestir, art\u00edculo de verano, dise\u00f1os de gorras, gorra, gorra de b\u00e9isbol, gorras de drill, gorras de moda, gorro, modelo de gorra, modelo de gorras, outfit, sombrero, textil, tipos de gorras, gorras de cuero<\/div>\n","protected":false},"featured_media":8278,"comment_status":"open","ping_status":"closed","template":"","meta":[],"product_brand":[],"product_cat":[1008,128],"product_tag":[900,833,836,1494,841,831,832,1540,840,829,834,838,842,825,1497,1498,835,580,830],"class_list":{"0":"post-8284","1":"product","2":"type-product","3":"status-publish","4":"has-post-thumbnail","6":"product_cat-gorras","7":"product_cat-ropa-y-accesorios","8":"product_tag-accesorios-de-moda","9":"product_tag-accesorios-de-vestir","10":"product_tag-articulo-de-verano","11":"product_tag-deportes-y-fitness","12":"product_tag-disenos-de-gorras","13":"product_tag-gorra","14":"product_tag-gorra-de-beisbol","15":"product_tag-gorras-de-cuero","16":"product_tag-gorras-de-drill","17":"product_tag-gorras-de-moda","18":"product_tag-gorro","19":"product_tag-modelo-de-gorra","20":"product_tag-modelo-de-gorras","21":"product_tag-outfit","22":"product_tag-ropa-deportiva","23":"product_tag-ropa-y-accesorios","24":"product_tag-sombrero","25":"product_tag-textil","26":"product_tag-tipos-de-gorras","28":"first","29":"instock","30":"sale","31":"taxable","32":"shipping-taxable","33":"purchasable","34":"product-type-simple"},"_links":{"self":[{"href":"https:\/\/nonamepublicidad.com\/en\/wp-json\/wp\/v2\/product\/8284","targetHints":{"allow":["GET"]}}],"collection":[{"href":"https:\/\/nonamepublicidad.com\/en\/wp-json\/wp\/v2\/product"}],"about":[{"href":"https:\/\/nonamepublicidad.com\/en\/wp-json\/wp\/v2\/types\/product"}],"replies":[{"embeddable":true,"href":"https:\/\/nonamepublicidad.com\/en\/wp-json\/wp\/v2\/comments?post=8284"}],"version-history":[{"count":0,"href":"https:\/\/nonamepublicidad.com\/en\/wp-json\/wp\/v2\/product\/8284\/revisions"}],"wp:featuredmedia":[{"embeddable":true,"href":"https:\/\/nonamepublicidad.com\/en\/wp-json\/wp\/v2\/media\/8278"}],"wp:attachment":[{"href":"https:\/\/nonamepublicidad.com\/en\/wp-json\/wp\/v2\/media?parent=8284"}],"wp:term":[{"taxonomy":"product_brand","embeddable":true,"href":"https:\/\/nonamepublicidad.com\/en\/wp-json\/wp\/v2\/product_brand?post=8284"},{"taxonomy":"product_cat","embeddable":true,"href":"https:\/\/nonamepublicidad.com\/en\/wp-json\/wp\/v2\/product_cat?post=8284"},{"taxonomy":"product_tag","embeddable":true,"href":"https:\/\/nonamepublicidad.com\/en\/wp-json\/wp\/v2\/product_tag?post=8284"}],"curies":[{"name":"wp","href":"https:\/\/api.w.org\/{rel}","templated":true}]}}