{"id":8376,"date":"2021-08-12T01:53:10","date_gmt":"2021-08-12T06:53:10","guid":{"rendered":"http:\/\/nonamepublicidad.com\/?post_type=product&#038;p=8376"},"modified":"2024-12-02T08:49:22","modified_gmt":"2024-12-02T13:49:22","slug":"moto-electrica-scooter-bot","status":"publish","type":"product","link":"https:\/\/nonamepublicidad.com\/en\/product\/moto-electrica-scooter-bot\/","title":{"rendered":"Moto El\u00e9ctrica Scooter Bot"},"content":{"rendered":"","protected":false},"excerpt":{"rendered":"<p>Una nueva opci\u00f3n de transporte para tus desplazamientos urbanos diarios debido a sus m\u00faltiples ventajas. No hay necesidad de aprender a manejar para poder salir a la carretera. El coste de combustible para el motor el\u00e9ctrico es aproximadamente el 10% de lo que cuesta el motor de gasolina: es decir, puedes llegar a ahorrar hasta un 90% en tu factura energ\u00e9tica cada mes.<\/p>\n<ul>\n<li>Precio por unidad<\/li>\n<li>Motor 400 w<\/li>\n<li>Velocidad 40 km\/h<\/li>\n<li>Bater\u00eda de litio extra\u00edble de 48v 11ah<\/li>\n<li>Tiempo de carga 4 a 5 hrs<\/li>\n<li>Autonom\u00eda 35 a 45 km<\/li>\n<li>Ranura para un bater\u00eda secundaria<\/li>\n<li>Frenos delante en disco \/ atr\u00e1s en tambor<\/li>\n<li>Carga m\u00e1xima 200kg<\/li>\n<li>Pantalla led<\/li>\n<li>Imagen referencial<\/li>\n<\/ul>\n<p>Web: <a href=\"https:\/\/bicimotosperu.com\/\" target=\"_blank\" rel=\"noopener\">bicimotosperu.com<\/a><\/p>\n<div style=\"visibility: hidden;\">moto carga, moto ciudad, motos el\u00e9ctricas, moto, motos, scooter, paseo, para ciudad, bicicleta el\u00e9ctrica de ciudad<\/div>","protected":false},"featured_media":8364,"comment_status":"open","ping_status":"closed","template":"","meta":[],"product_brand":[],"product_cat":[251,257],"product_tag":[1564,1559,1556,1557,1560,1558,1563,1562,1561],"class_list":{"0":"post-8376","1":"product","2":"type-product","3":"status-publish","4":"has-post-thumbnail","6":"product_cat-autos-motos-y-otros","7":"product_cat-motos","8":"product_tag-bicicleta-electrica-de-ciudad","9":"product_tag-moto","10":"product_tag-moto-carga","11":"product_tag-moto-ciudad","12":"product_tag-motos","13":"product_tag-motos-electricas","14":"product_tag-para-ciudad","15":"product_tag-paseo","16":"product_tag-scooter","18":"first","19":"instock","20":"taxable","21":"shipping-taxable","22":"purchasable","23":"product-type-simple"},"_links":{"self":[{"href":"https:\/\/nonamepublicidad.com\/en\/wp-json\/wp\/v2\/product\/8376","targetHints":{"allow":["GET"]}}],"collection":[{"href":"https:\/\/nonamepublicidad.com\/en\/wp-json\/wp\/v2\/product"}],"about":[{"href":"https:\/\/nonamepublicidad.com\/en\/wp-json\/wp\/v2\/types\/product"}],"replies":[{"embeddable":true,"href":"https:\/\/nonamepublicidad.com\/en\/wp-json\/wp\/v2\/comments?post=8376"}],"version-history":[{"count":0,"href":"https:\/\/nonamepublicidad.com\/en\/wp-json\/wp\/v2\/product\/8376\/revisions"}],"wp:featuredmedia":[{"embeddable":true,"href":"https:\/\/nonamepublicidad.com\/en\/wp-json\/wp\/v2\/media\/8364"}],"wp:attachment":[{"href":"https:\/\/nonamepublicidad.com\/en\/wp-json\/wp\/v2\/media?parent=8376"}],"wp:term":[{"taxonomy":"product_brand","embeddable":true,"href":"https:\/\/nonamepublicidad.com\/en\/wp-json\/wp\/v2\/product_brand?post=8376"},{"taxonomy":"product_cat","embeddable":true,"href":"https:\/\/nonamepublicidad.com\/en\/wp-json\/wp\/v2\/product_cat?post=8376"},{"taxonomy":"product_tag","embeddable":true,"href":"https:\/\/nonamepublicidad.com\/en\/wp-json\/wp\/v2\/product_tag?post=8376"}],"curies":[{"name":"wp","href":"https:\/\/api.w.org\/{rel}","templated":true}]}}